{"id":6656,"date":"2021-07-14T10:47:31","date_gmt":"2021-07-14T08:47:31","guid":{"rendered":"https:\/\/bpsiedlce.pl\/bibliografie-osobowe\/"},"modified":"2024-02-20T16:25:35","modified_gmt":"2024-02-20T15:25:35","slug":"personal-bibliographies","status":"publish","type":"page","link":"https:\/\/bpsiedlce.pl\/en\/personal-bibliographies\/","title":{"rendered":"Personal bibliographies"},"content":{"rendered":"\n<p><a href=\"\/lingren-astrid-zestawienie-bibliograficzne-w-wyborze-za-lata-2003-2020\/\"><strong>Astrid Lingren<\/strong><\/a><strong>&#8211; NOWO\u015a\u0106 05.02.2021<\/strong><\/p>\n\n\n\n<p><a href=\"\/krzysztof-kamil-baczynski-zestawienie-bibliograficzne-w-wyborze-za-lata-1967-2018\/\"><strong>Baczy\u0144ski Krzysztof Kamil<\/strong><\/a>&nbsp;<strong>&#8211; NOWO\u015a\u0106 15.01.2021<\/strong><\/p>\n\n\n\n<p><a href=\"\/wladyslaw-bartoszewski-zestawienie-bibliograficzne-w-wyborze-za-lata-1966-2019\/\">Bartoszewski W\u0142adys\u0142aw<\/a><\/p>\n\n\n\n<p><a href=\"\/adam-chmielowski-brat-albert-bibliografia-w-wyborze-za-lata-1888-2017\/\">Chmielowski Adam<\/a><\/p>\n\n\n\n<p><a href=\"\/wanda-chotomska-zestawienie-bibliograficzne-w-wyborze-za-lata-1957-2015\/\">Chotomska Wanda<\/a><\/p>\n\n\n\n<p><a href=\"\/umberto-eco-zestawienie-bibliograficzne-w-wyborze-za-lata-1972-2015\/\">Eco Umberto<\/a><\/p>\n\n\n\n<p><a href=\"\/aleksander-fredro-zestawienie-bibliograficzne-w-wyborze-za-lata-1926-2013\/\">Fredro Aleksander<\/a><\/p>\n\n\n\n<p><a href=\"\/zbigniew-herbert-zestawienie-bibliograficzne-w-wyborze-za-lata-1976-2017\/\">Herbert Zbigniew<\/a><\/p>\n\n\n\n<p><a href=\"\/gustaw-herling-grudzinski-zestawienie-bibliograficzne-w-wyborze-za-lata-1991-2017\/\">Herling-Grudzi\u0144ski Gustaw<\/a><\/p>\n\n\n\n<p><a href=\"\/oskar-kolberg-zestawienie-bibliograficzne-za-lata-1962-2011\/\">Kolberg Oskar<\/a><\/p>\n\n\n\n<p><a href=\"\/janusz-korczak-zestawienie-bibliograficzne-w-wyborze-za-lata-1962-2011\/\">Korczak Janusz<\/a><\/p>\n\n\n\n<p><a href=\"\/joseph-conrad-korzeniowski-bibliografia-w-wyborze-za-lata-1957-2015\/\">Korzeniowski Joseph Conrad<\/a><\/p>\n\n\n\n<p><a href=\"\/tadeusz-kosciuszko-zestawienie-bibliograficzne-w-wyborze-za-lata-1945-2013\/\">Ko\u015bciuszko Tadeusz<\/a><\/p>\n\n\n\n<p><a href=\"\/jozef-ignacy-kraszewski-zestawienie-bibliograficzne-w-wyborze-za-lata-1929-2013\/\">Kraszewski J\u00f3zef Ignacy<\/a><\/p>\n\n\n\n<p><a href=\"\/stanislaw-lem-zestawienie-bibliograficzne-w-wyborze-za-lata-1921-2006\/\">Lem Stanis\u0142aw<\/a><\/p>\n\n\n\n<p><a href=\"\/lem-stanislaw-zestawienie-bibliograficzne-w-wyborze-za-lata-1956-2020\/\"><strong>Lem Stanis\u0142aw<\/strong>&nbsp;<\/a><strong>&#8211; AKTUALIZACJA 22.12.2020<\/strong><\/p>\n\n\n\n<p><a href=\"\/boleslaw-lesmian-zestawienie-bibliograficzne-w-wyborze-za-lata-1964-2016\/\">Le\u015bmian Boles\u0142aw<\/a><\/p>\n\n\n\n<p><a href=\"\/cyprian-kamil-norwid-zestawienie-bibliograficzne-w-wyborze-za-lata-1951-2019\/\"><strong>Norwid Cyprian Kamil<\/strong>&nbsp;<\/a><strong>&#8211; NOWO\u015a\u0106 07.01.2021<\/strong><\/p>\n\n\n\n<p><a href=\"\/jerzy-pilch-zestawienie-bibliograficzne-w-wyborze-za-lata-1996-2020\/\/\">Pilch Jerzy<\/a><\/p>\n\n\n\n<p><a href=\"\/jozef-pilsudski-zestawienie-bibliograficzne-w-wyborze-za-lata-1935-2014\/\">Pi\u0142sudski J\u00f3zef<\/a><\/p>\n\n\n\n<p><a href=\"\/wladyslaw-stanislaw-reymont-zestawienie-bibliograficzne-w-wyborze-za-lata-1953-2012\/\">Reymont W\u0142adys\u0142aw Stanis\u0142aw<\/a><\/p>\n\n\n\n<p><strong><a href=\"\/rozewicz-tadeusz-zestawienie-bibliograficzne-w-wyborze-za-lata-1950-2020\/\">R\u00f3\u017cewicz Tadeusz<\/a>&nbsp;&#8211; NOWO\u015a\u0106 09.02.2021<\/strong><\/p>\n\n\n\n<p><strong><a href=\"\/sapkowski-andrzej-zestawienie-bibliograficzne-w-wyborze-za-lata-1993-2020\/\">Sapkowski Andrzej<\/a>&nbsp;&#8211; AKTUALIZACJA 16.03.2021<\/strong><\/p>\n\n\n\n<p><a href=\"\/henryk-sienkiewicz-bibliografia-w-wyborze-za-lata-1911-2015\/\">Sienkiewicz Henryk<\/a><\/p>\n\n\n\n<p><a href=\"\/piotr-skarga-zestawienie-bibliograficzne-w-wyborze-za-lata-1793-2012\/\">Skarga Piotr<\/a><\/p>\n\n\n\n<p><a href=\"\/maria-sklodowska-curie-zestawienie-bibliograficzne-w-wyborze-za-lata-1954-2012\/\">Sk\u0142odowska-Curie Maria<\/a><\/p>\n\n\n\n<p><a href=\"\/tokarczuk-ignacy-zestawienie-bibliograficzne-w-wyborze-za-lata-1985-2017\/\">Tokarczuk Ignacy<\/a><\/p>\n\n\n\n<p><strong><a href=\"\/tokarczuk-olga-zestawienie-bibliograficzne-w-wyborze-za-lata-1993-2020\/\">Tokarczuk Olga<\/a>&nbsp;&#8211; AKTUALIZACJA 15.03.2021<\/strong><\/p>\n\n\n\n<p><a href=\"\/ks-jan-twardowski-zestawienie-bibliograficzne-w-wyborze-za-lata-1930-2012\/\">Twardowski Jan<\/a><\/p>\n","protected":false},"excerpt":{"rendered":"<p>Astrid Lingren&#8211; NOWO\u015a\u0106 05.02.2021 Baczy\u0144ski Krzysztof Kamil&nbsp;&#8211; NOWO\u015a\u0106 15.01.2021 Bartoszewski W\u0142adys\u0142aw Chmielowski Adam Chotomska Wanda Eco Umberto Fredro Aleksander Herbert [&hellip;]<\/p>\n","protected":false},"author":10,"featured_media":0,"parent":0,"menu_order":0,"comment_status":"closed","ping_status":"closed","template":"","meta":{"_acf_changed":false,"_oasis_is_in_workflow":0,"_oasis_original":0,"inline_featured_image":false,"site-sidebar-layout":"default","site-content-layout":"default","ast-site-content-layout":"default","site-content-style":"default","site-sidebar-style":"default","ast-global-header-display":"","ast-banner-title-visibility":"","ast-main-header-display":"","ast-hfb-above-header-display":"","ast-hfb-below-header-display":"","ast-hfb-mobile-header-display":"","site-post-title":"","ast-breadcrumbs-content":"","ast-featured-img":"","footer-sml-layout":"","ast-disable-related-posts":"","theme-transparent-header-meta":"default","adv-header-id-meta":"","stick-header-meta":"","header-above-stick-meta":"","header-main-stick-meta":"","header-below-stick-meta":"","astra-migrate-meta-layouts":"set","ast-page-background-enabled":"default","ast-page-background-meta":{"desktop":{"background-color":"","background-image":"","background-repeat":"repeat","background-position":"center center","background-size":"auto","background-attachment":"scroll","background-type":"","background-media":"","overlay-type":"","overlay-color":"","overlay-opacity":"","overlay-gradient":""},"tablet":{"background-color":"","background-image":"","background-repeat":"repeat","background-position":"center center","background-size":"auto","background-attachment":"scroll","background-type":"","background-media":"","overlay-type":"","overlay-color":"","overlay-opacity":"","overlay-gradient":""},"mobile":{"background-color":"","background-image":"","background-repeat":"repeat","background-position":"center center","background-size":"auto","background-attachment":"scroll","background-type":"","background-media":"","overlay-type":"","overlay-color":"","overlay-opacity":"","overlay-gradient":""}},"ast-content-background-meta":{"desktop":{"background-color":"var(--ast-global-color-5)","background-image":"","background-repeat":"repeat","background-position":"center center","background-size":"auto","background-attachment":"scroll","background-type":"","background-media":"","overlay-type":"","overlay-color":"","overlay-opacity":"","overlay-gradient":""},"tablet":{"background-color":"var(--ast-global-color-5)","background-image":"","background-repeat":"repeat","background-position":"center center","background-size":"auto","background-attachment":"scroll","background-type":"","background-media":"","overlay-type":"","overlay-color":"","overlay-opacity":"","overlay-gradient":""},"mobile":{"background-color":"var(--ast-global-color-5)","background-image":"","background-repeat":"repeat","background-position":"center center","background-size":"auto","background-attachment":"scroll","background-type":"","background-media":"","overlay-type":"","overlay-color":"","overlay-opacity":"","overlay-gradient":""}},"_themeisle_gutenberg_block_has_review":false,"footnotes":""},"class_list":["post-6656","page","type-page","status-publish","hentry"],"acf":[],"featured_image_urls_v2":{"full":"","thumbnail":"","medium":"","medium_large":"","large":"","1536x1536":"","2048x2048":"","menu-24x24":"","menu-36x36":"","menu-48x48":"","mailpoet_newsletter_max":""},"post_excerpt_stackable_v2":"<p>Astrid Lingren&#8211; NOWO\u015a\u0106 05.02.2021 Baczy\u0144ski Krzysztof Kamil&nbsp;&#8211; NOWO\u015a\u0106 15.01.2021 Bartoszewski W\u0142adys\u0142aw Chmielowski Adam Chotomska Wanda Eco Umberto Fredro Aleksander Herbert Zbigniew Herling-Grudzi\u0144ski Gustaw Kolberg Oskar Korczak Janusz Korzeniowski Joseph Conrad Ko\u015bciuszko Tadeusz Kraszewski J\u00f3zef Ignacy Lem Stanis\u0142aw Lem Stanis\u0142aw&nbsp;&#8211; AKTUALIZACJA 22.12.2020 Le\u015bmian Boles\u0142aw Norwid Cyprian Kamil&nbsp;&#8211; NOWO\u015a\u0106 07.01.2021 Pilch Jerzy Pi\u0142sudski J\u00f3zef Reymont W\u0142adys\u0142aw Stanis\u0142aw R\u00f3\u017cewicz Tadeusz&nbsp;&#8211; NOWO\u015a\u0106 09.02.2021 Sapkowski Andrzej&nbsp;&#8211; AKTUALIZACJA 16.03.2021 Sienkiewicz Henryk Skarga Piotr Sk\u0142odowska-Curie Maria Tokarczuk Ignacy Tokarczuk Olga&nbsp;&#8211; AKTUALIZACJA 15.03.2021 Twardowski Jan<\/p>\n","category_list_v2":"","author_info_v2":{"name":"bWdyemVnb3Jjenlr","url":"https:\/\/bpsiedlce.pl\/en\/author\/bwdyemvnb3jjenlr\/"},"comments_num_v2":"0 comments","_links":{"self":[{"href":"https:\/\/bpsiedlce.pl\/en\/wp-json\/wp\/v2\/pages\/6656","targetHints":{"allow":["GET"]}}],"collection":[{"href":"https:\/\/bpsiedlce.pl\/en\/wp-json\/wp\/v2\/pages"}],"about":[{"href":"https:\/\/bpsiedlce.pl\/en\/wp-json\/wp\/v2\/types\/page"}],"author":[{"embeddable":true,"href":"https:\/\/bpsiedlce.pl\/en\/wp-json\/wp\/v2\/users\/10"}],"replies":[{"embeddable":true,"href":"https:\/\/bpsiedlce.pl\/en\/wp-json\/wp\/v2\/comments?post=6656"}],"version-history":[{"count":2,"href":"https:\/\/bpsiedlce.pl\/en\/wp-json\/wp\/v2\/pages\/6656\/revisions"}],"predecessor-version":[{"id":324415,"href":"https:\/\/bpsiedlce.pl\/en\/wp-json\/wp\/v2\/pages\/6656\/revisions\/324415"}],"wp:attachment":[{"href":"https:\/\/bpsiedlce.pl\/en\/wp-json\/wp\/v2\/media?parent=6656"}],"curies":[{"name":"wp","href":"https:\/\/api.w.org\/{rel}","templated":true}]}}