{"id":6630,"date":"2021-07-07T11:16:57","date_gmt":"2021-07-07T09:16:57","guid":{"rendered":"https:\/\/bpsiedlce.pl\/czasopisma\/"},"modified":"2022-06-02T13:25:13","modified_gmt":"2022-06-02T11:25:13","slug":"czasopisma","status":"publish","type":"page","link":"https:\/\/bpsiedlce.pl\/en\/czasopisma\/","title":{"rendered":"Magazines"},"content":{"rendered":"\n<ol class=\"wp-block-list\"><li><a href=\"https:\/\/katalog.bpsiedlce.pl\/842000397554\/dokumenty-ciagle\/biblioteka-w-szkole\" rel=\"noreferrer noopener\">Biblioteka w Szkole<\/a><\/li><li><a href=\"https:\/\/katalog.bpsiedlce.pl\/842000398075\/dokumenty-ciagle\/bibliotekarz\" rel=\"noreferrer noopener\">Bibliotekarz<\/a><\/li><li><a rel=\"noreferrer noopener\" href=\"https:\/\/katalog.bpsiedlce.pl\/842000398301\/dokumenty-ciagle\/biblioterapeuta\">Biblioterapeuta<\/a><\/li><li><a rel=\"noreferrer noopener\" href=\"https:\/\/katalog.bpsiedlce.pl\/842000398354\/dokumenty-ciagle\/biologia-w-szkole\">Biologia w Szkole<\/a><\/li><li><a rel=\"noreferrer noopener\" href=\"https:\/\/katalog.bpsiedlce.pl\/842000398575\/dokumenty-ciagle\/biuletyn-instytutu-pamieci-narodowej\">Biuletyn Instytutu Pami\u0119ci Narodowej<\/a><\/li><li><a rel=\"noreferrer noopener\" href=\"https:\/\/katalog.bpsiedlce.pl\/842300681023\/dokumenty-ciagle\/blizej-przedszkola\">Bli\u017cej Przedszkola<\/a>&nbsp;: wychowanie i edukacja<\/li><li><a rel=\"noreferrer noopener\" href=\"https:\/\/katalog.bpsiedlce.pl\/842000398583\/dokumenty-ciagle\/charaktery\">Charaktery<\/a><\/li><li><a rel=\"noreferrer noopener\" href=\"https:\/\/katalog.bpsiedlce.pl\/842000399148\/dokumenty-ciagle\/chemia-w-szkole\">Chemia w Szkole<\/a><\/li><li><a rel=\"noreferrer noopener\" href=\"https:\/\/katalog.bpsiedlce.pl\/842000399325\/dokumenty-ciagle\/chowanna\">Chowanna<\/a><\/li><li><a rel=\"noreferrer noopener\" href=\"https:\/\/katalog.bpsiedlce.pl\/842000399606\/dokumenty-ciagle\/dyrektor-szkoly\">Dyrektor Szko\u0142y<\/a><\/li><li><a rel=\"noreferrer noopener\" href=\"https:\/\/katalog.bpsiedlce.pl\/842500817746\/dokumenty-ciagle\/echo-katolickie\">Echo Katolickie<\/a><\/li><li><a rel=\"noreferrer noopener\" href=\"https:\/\/katalog.bpsiedlce.pl\/842000400169\/dokumenty-ciagle\/edukacja\">Edukacja &#8211; Studia Badania Innowacje<\/a><\/li><li><a rel=\"noreferrer noopener\" href=\"https:\/\/katalog.bpsiedlce.pl\/842000400686\/dokumenty-ciagle\/edukacja-i-dialog\">Edukacja i Dialog<\/a><\/li><li><a rel=\"noreferrer noopener\" href=\"https:\/\/katalog.bpsiedlce.pl\/842000401209\/dokumenty-ciagle\/edukacja-ustawiczna-doroslych\">Edukacja Ustawiczna Doros\u0142ych<\/a><\/li><li><a rel=\"noreferrer noopener\" href=\"https:\/\/katalog.bpsiedlce.pl\/842801145722\/dokumenty-ciagle\/edukacja-wczesnoszkolna\">Edukacja Wczesnoszkolna<\/a><\/li><li><a rel=\"noreferrer noopener\" href=\"https:\/\/katalog.bpsiedlce.pl\/842000401686\/dokumenty-ciagle\/fizyka-w-szkole\">Fizyka w Szkole<\/a><\/li><li><a rel=\"noreferrer noopener\" href=\"https:\/\/katalog.bpsiedlce.pl\/842600918010\/dokumenty-ciagle\/forum-logopedy\">Forum Logopedy<\/a><\/li><li>Gazeta Wyborcza &#8211; wersja elektroniczna<\/li><li><a rel=\"noreferrer noopener\" href=\"https:\/\/katalog.bpsiedlce.pl\/842000401951\/dokumenty-ciagle\/geografia-w-szkole\">Geografia w Szkole<\/a><\/li><li><a rel=\"noreferrer noopener\" href=\"https:\/\/katalog.bpsiedlce.pl\/842000402194\/dokumenty-ciagle\/glos-nauczycielski\">G\u0142os Nauczycielski<\/a><\/li><li><a rel=\"noreferrer noopener\" href=\"https:\/\/katalog.bpsiedlce.pl\/842000402845\/dokumenty-ciagle\/glos-pedagogiczny\">G\u0142os Pedagogiczny<\/a><\/li><li><a rel=\"noreferrer noopener\" href=\"https:\/\/katalog.bpsiedlce.pl\/842000402899\/dokumenty-ciagle\/guliwer\">Guliwer<\/a>&nbsp;&#8211; Czasopismo O Ksi\u0105\u017ckach Dla Dziecka<\/li><li><a rel=\"noreferrer noopener\" href=\"https:\/\/katalog.bpsiedlce.pl\/842000403091\/dokumenty-ciagle\/integracja\">Integracja<\/a>&nbsp;*<\/li><li><a rel=\"noreferrer noopener\" href=\"https:\/\/katalog.bpsiedlce.pl\/site\/recorddetail\/843201754395\">Integracja Sensoryczna<\/a><\/li><li><a rel=\"noreferrer noopener\" href=\"https:\/\/katalog.bpsiedlce.pl\/843101557149\/dokumenty-ciagle\/it-professional\">IT Profesional<\/a><\/li><li><a rel=\"noreferrer noopener\" href=\"https:\/\/katalog.bpsiedlce.pl\/842000403680\/dokumenty-ciagle\/jezyki-obce-w-szkole\">J\u0119zyki Obce w Szkole<\/a>&nbsp;*<\/li><li><a rel=\"noreferrer noopener\" href=\"https:\/\/katalog.bpsiedlce.pl\/842801145602\/dokumenty-ciagle\/jezyk-polski-w-szkole-ponadpodstawowej\">J\u0119zyk Polski w Szkole Ponadpodstawowej<\/a><\/li><li><a rel=\"noreferrer noopener\" href=\"https:\/\/katalog.bpsiedlce.pl\/842801145713\/dokumenty-ciagle\/jezyk-polski-w-szkole-podstawowej\">J\u0119zyk Polski w Szkole Podstawowej<\/a><\/li><li><a rel=\"noreferrer noopener\" href=\"https:\/\/katalog.bpsiedlce.pl\/842000404694\/dokumenty-ciagle\/kronika-sejmowa\">Kronika Sejmowa<\/a>&nbsp;*<\/li><li><a rel=\"noreferrer noopener\" href=\"https:\/\/katalog.bpsiedlce.pl\/842000404839\/dokumenty-ciagle\/kultura-i-edukacja\">Kultura i Edukacja<\/a><\/li><li><a rel=\"noreferrer noopener\" href=\"https:\/\/katalog.bpsiedlce.pl\/842000404979\/dokumenty-ciagle\/kwartalnik-edukacyjny\">Kwartalnik Edukacyjny<\/a><\/li><li><a rel=\"noreferrer noopener\" href=\"https:\/\/katalog.bpsiedlce.pl\/842000405103\/dokumenty-ciagle\/kwartalnik-pedagogiczny\">Kwartalnik Pedagogiczny<\/a><\/li><li><a rel=\"noreferrer noopener\" href=\"https:\/\/katalog.bpsiedlce.pl\/842601002783\/dokumenty-ciagle\/matematyka-pogladowa\">Matematyka<\/a><\/li><li><a rel=\"noreferrer noopener\" href=\"https:\/\/katalog.bpsiedlce.pl\/842100478225\/dokumenty-ciagle\/mazowsze\">Mazowsze<\/a>&nbsp;: studia regionalne*<\/li><li><a rel=\"noreferrer noopener\" href=\"https:\/\/katalog.bpsiedlce.pl\/842901244623\/dokumenty-ciagle\/mazowsze\">Mazowsze<\/a>&nbsp;: serce Polski*<\/li><li><a rel=\"noreferrer noopener\" href=\"https:\/\/katalog.bpsiedlce.pl\/842000406431\/dokumenty-ciagle\/meritum\">Meritum<\/a>&nbsp;*<\/li><li><a rel=\"noreferrer noopener\" href=\"https:\/\/katalog.bpsiedlce.pl\/842600867050\/dokumenty-ciagle\/monitor-dyrektora-przedszkola\">Monitor Dyrektora Przedszkola<\/a><\/li><li><a rel=\"noreferrer noopener\" href=\"https:\/\/katalog.bpsiedlce.pl\/842600873620\/dokumenty-ciagle\/monitor-dyrektora-szkoly\">Monitor Dyrektora Szko\u0142y<\/a><\/li><li><a rel=\"noreferrer noopener\" href=\"https:\/\/katalog.bpsiedlce.pl\/842000406887\/dokumenty-ciagle\/nauczyciel-i-szkola\">Nauczyciel i Szko\u0142a<\/a><\/li><li><a rel=\"noreferrer noopener\" href=\"https:\/\/katalog.bpsiedlce.pl\/site\/recorddetail\/843201713889\">Newsweek Polska<\/a><\/li><li><a rel=\"noreferrer noopener\" href=\"https:\/\/katalog.bpsiedlce.pl\/842000407062\/dokumenty-ciagle\/niebieska-linia\">Niebieska Linia<\/a><\/li><li><a rel=\"noreferrer noopener\" href=\"https:\/\/katalog.bpsiedlce.pl\/842600977951\/dokumenty-ciagle\/niepelnosprawnosc-i-rehabilitacja\">Niepe\u0142nosprawno\u015b\u0107 i Rehabilitacja<\/a><\/li><li><a rel=\"noreferrer noopener\" href=\"https:\/\/katalog.bpsiedlce.pl\/842000407906\/dokumenty-ciagle\/polityka-spoleczna\">Polityka Spo\u0142eczna<\/a><\/li><li><a rel=\"noreferrer noopener\" href=\"https:\/\/katalog.bpsiedlce.pl\/842000407983\/dokumenty-ciagle\/polonistyka\">Polonistyka<\/a><\/li><li><a rel=\"noreferrer noopener\" href=\"https:\/\/katalog.bpsiedlce.pl\/842000408389\/dokumenty-ciagle\/poradnik-bibliotekarza\">Poradnik Bibliotekarza<\/a><\/li><li><a rel=\"noreferrer noopener\" href=\"https:\/\/katalog.bpsiedlce.pl\/842000409305\/dokumenty-ciagle\/problemy-opiekunczo-wychowawcze\">Problemy Opieku\u0144czo-Wychowawcze<\/a><\/li><li><a rel=\"noreferrer noopener\" href=\"https:\/\/katalog.bpsiedlce.pl\/842000409756\/dokumenty-ciagle\/przeglad-biblioteczny\">Przegl\u0105d Biblioteczny<\/a><\/li><li><a rel=\"noreferrer noopener\" href=\"https:\/\/katalog.bpsiedlce.pl\/842000410021\/dokumenty-ciagle\/przyroda-polska\">Przyroda Polska<\/a><\/li><li><a rel=\"noreferrer noopener\" href=\"https:\/\/katalog.bpsiedlce.pl\/843201728940\/dokumenty-ciagle\/psychologia-w-praktyce\">Psychologia w Praktyce<\/a><\/li><li><a rel=\"noreferrer noopener\" href=\"https:\/\/katalog.bpsiedlce.pl\/842000410581\/dokumenty-ciagle\/remedium\">Remedium<\/a><\/li><li><a rel=\"noreferrer noopener\" href=\"https:\/\/katalog.bpsiedlce.pl\/842000411106\/dokumenty-ciagle\/rocznik-pedagogiczny\">Rocznik Pedagogiczny<\/a><\/li><li><a rel=\"noreferrer noopener\" href=\"https:\/\/katalog.bpsiedlce.pl\/842801129172\/dokumenty-ciagle\/serwis-informacyjny-uzaleznienia\">Serwis Informacyjny. Uzale\u017cnienia<\/a>&nbsp;*<\/li><li><a rel=\"noreferrer noopener\" href=\"https:\/\/katalog.bpsiedlce.pl\/842000411440\/dokumenty-ciagle\/szkola-specjalna\">Szko\u0142a Specjalna<\/a><\/li><li><a rel=\"noreferrer noopener\" href=\"https:\/\/katalog.bpsiedlce.pl\/842000411928\/dokumenty-ciagle\/swiat-problemow\">\u015awiat Problem\u00f3w<\/a>&nbsp;*<\/li><li><a rel=\"noreferrer noopener\" href=\"https:\/\/katalog.bpsiedlce.pl\/842000412128\/dokumenty-ciagle\/swietlica-w-szkole\">\u015awietlica w Szkole<\/a><\/li><li><a rel=\"noreferrer noopener\" href=\"https:\/\/katalog.bpsiedlce.pl\/843201745626\/dokumenty-ciagle\/terapia-specjalna-dzieci-i-doroslych\">Terapia specjalna dzieci i m\u0142odzie\u017cy<\/a><\/li><li><a href=\"https:\/\/katalog.bpsiedlce.pl\/842000412342\/dokumenty-ciagle\/tygodnik-siedlecki\">Tygodnik Siedlecki<\/a><\/li><li><a href=\"https:\/\/katalog.bpsiedlce.pl\/842901335404\/dokumenty-ciagle\/w-cyfrowej-szkole\">W cyfrowej Szkole<\/a>&nbsp;*<\/li><li><a href=\"https:\/\/katalog.bpsiedlce.pl\/842000412348\/dokumenty-ciagle\/wiadomosci-historyczne\">Wiadomo\u015bci Historyczne<\/a><\/li><li><a href=\"https:\/\/katalog.bpsiedlce.pl\/842000413015\/dokumenty-ciagle\/wychowanie-fizyczne-i-zdrowotne\">Wychowanie Fizyczne i Zdrowotne<\/a><\/li><li><a href=\"https:\/\/katalog.bpsiedlce.pl\/843101603384\/dokumenty-ciagle\/wychowanie-muzyczne\">Wychowanie Muzyczne<\/a><\/li><li><a href=\"https:\/\/katalog.bpsiedlce.pl\/842000413655\/dokumenty-ciagle\/wychowanie-na-co-dzien\">Wychowanie na co Dzie\u0144<\/a><\/li><li><a href=\"https:\/\/katalog.bpsiedlce.pl\/842000414118\/dokumenty-ciagle\/wychowanie-w-przedszkolu\">Wychowanie w Przedszkolu<\/a><\/li><li><a href=\"https:\/\/katalog.bpsiedlce.pl\/842000414572\/dokumenty-ciagle\/wychowawca\">Wychowawca<\/a><\/li><li><a href=\"https:\/\/katalog.bpsiedlce.pl\/842000415070\/dokumenty-ciagle\/zagadnienia-informacji-naukowej\">Zagadnienie Informacji Naukowej<\/a><\/li><li><a href=\"https:\/\/katalog.bpsiedlce.pl\/842300681054\/dokumenty-ciagle\/zycie-siedleckie\">\u017bycie Siedleckie<\/a><\/li><li><a href=\"https:\/\/katalog.bpsiedlce.pl\/842000415164\/dokumenty-ciagle\/zycie-szkoly\">\u017bycie Szko\u0142y<\/a><\/li><\/ol>\n\n\n\n<p>* czasopisma gratisowe<\/p>\n\n\n\n<p>Aby sprawdzi\u0107 zasoby czasopism w bibliotece i filach, nale\u017cy wej\u015b\u0107 do&nbsp; katalogu, wpisa\u0107 tytu\u0142 czasopisma, zaw\u0119zi\u0107 wyszukiwanie do Wydawnictw ci\u0105g\u0142ych. Nast\u0119pnie otworzy\u0107 Szczeg\u00f3\u0142y. Po rozwini\u0119ciu ekranu pojawi\u0105 si\u0119 zasoby danego czasopisma w poszczeg\u00f3lnych plac\u00f3wkach.<\/p>\n\n\n\n<p class=\"has-text-align-right\">Oprac. Katarzyna Czarnocka-Pasztor<\/p>\n","protected":false},"excerpt":{"rendered":"<p>Biblioteka w Szkole Bibliotekarz Biblioterapeuta Biologia w Szkole Biuletyn Instytutu Pami\u0119ci Narodowej Bli\u017cej Przedszkola&nbsp;: wychowanie i edukacja Charaktery Chemia w [&hellip;]<\/p>\n","protected":false},"author":10,"featured_media":0,"parent":0,"menu_order":0,"comment_status":"closed","ping_status":"closed","template":"","meta":{"_acf_changed":false,"_oasis_is_in_workflow":0,"_oasis_original":0,"inline_featured_image":false,"site-sidebar-layout":"default","site-content-layout":"default","ast-site-content-layout":"default","site-content-style":"default","site-sidebar-style":"default","ast-global-header-display":"","ast-banner-title-visibility":"","ast-main-header-display":"","ast-hfb-above-header-display":"","ast-hfb-below-header-display":"","ast-hfb-mobile-header-display":"","site-post-title":"","ast-breadcrumbs-content":"","ast-featured-img":"","footer-sml-layout":"","ast-disable-related-posts":"","theme-transparent-header-meta":"default","adv-header-id-meta":"","stick-header-meta":"","header-above-stick-meta":"","header-main-stick-meta":"","header-below-stick-meta":"","astra-migrate-meta-layouts":"default","ast-page-background-enabled":"default","ast-page-background-meta":{"desktop":{"background-color":"","background-image":"","background-repeat":"repeat","background-position":"center center","background-size":"auto","background-attachment":"scroll","background-type":"","background-media":"","overlay-type":"","overlay-color":"","overlay-opacity":"","overlay-gradient":""},"tablet":{"background-color":"","background-image":"","background-repeat":"repeat","background-position":"center center","background-size":"auto","background-attachment":"scroll","background-type":"","background-media":"","overlay-type":"","overlay-color":"","overlay-opacity":"","overlay-gradient":""},"mobile":{"background-color":"","background-image":"","background-repeat":"repeat","background-position":"center center","background-size":"auto","background-attachment":"scroll","background-type":"","background-media":"","overlay-type":"","overlay-color":"","overlay-opacity":"","overlay-gradient":""}},"ast-content-background-meta":{"desktop":{"background-color":"var(--ast-global-color-5)","background-image":"","background-repeat":"repeat","background-position":"center center","background-size":"auto","background-attachment":"scroll","background-type":"","background-media":"","overlay-type":"","overlay-color":"","overlay-opacity":"","overlay-gradient":""},"tablet":{"background-color":"var(--ast-global-color-5)","background-image":"","background-repeat":"repeat","background-position":"center center","background-size":"auto","background-attachment":"scroll","background-type":"","background-media":"","overlay-type":"","overlay-color":"","overlay-opacity":"","overlay-gradient":""},"mobile":{"background-color":"var(--ast-global-color-5)","background-image":"","background-repeat":"repeat","background-position":"center center","background-size":"auto","background-attachment":"scroll","background-type":"","background-media":"","overlay-type":"","overlay-color":"","overlay-opacity":"","overlay-gradient":""}},"_themeisle_gutenberg_block_has_review":false,"footnotes":""},"class_list":["post-6630","page","type-page","status-publish","hentry"],"acf":[],"featured_image_urls_v2":{"full":"","thumbnail":"","medium":"","medium_large":"","large":"","1536x1536":"","2048x2048":"","menu-24x24":"","menu-36x36":"","menu-48x48":"","mailpoet_newsletter_max":""},"post_excerpt_stackable_v2":"<p>Biblioteka w SzkoleBibliotekarzBiblioterapeutaBiologia w SzkoleBiuletyn Instytutu Pami\u0119ci NarodowejBli\u017cej Przedszkola&nbsp;: wychowanie i edukacjaCharakteryChemia w SzkoleChowannaDyrektor Szko\u0142yEcho KatolickieEdukacja &#8211; Studia Badania InnowacjeEdukacja i DialogEdukacja Ustawiczna Doros\u0142ychEdukacja WczesnoszkolnaFizyka w SzkoleForum LogopedyGazeta Wyborcza &#8211; wersja elektronicznaGeografia w SzkoleG\u0142os NauczycielskiG\u0142os PedagogicznyGuliwer&nbsp;&#8211; Czasopismo O Ksi\u0105\u017ckach Dla DzieckaIntegracja&nbsp;*Integracja SensorycznaIT ProfesionalJ\u0119zyki Obce w Szkole&nbsp;*J\u0119zyk Polski w Szkole PonadpodstawowejJ\u0119zyk Polski w Szkole PodstawowejKronika Sejmowa&nbsp;*Kultura i EdukacjaKwartalnik EdukacyjnyKwartalnik PedagogicznyMatematykaMazowsze&nbsp;: studia regionalne*Mazowsze&nbsp;: serce Polski*Meritum&nbsp;*Monitor Dyrektora PrzedszkolaMonitor Dyrektora Szko\u0142yNauczyciel i Szko\u0142aNewsweek PolskaNiebieska LiniaNiepe\u0142nosprawno\u015b\u0107 i RehabilitacjaPolityka Spo\u0142ecznaPolonistykaPoradnik BibliotekarzaProblemy Opieku\u0144czo-WychowawczePrzegl\u0105d BibliotecznyPrzyroda PolskaPsychologia w PraktyceRemediumRocznik PedagogicznySerwis Informacyjny. Uzale\u017cnienia&nbsp;*Szko\u0142a Specjalna\u015awiat Problem\u00f3w&nbsp;*\u015awietlica w SzkoleTerapia specjalna dzieci i m\u0142odzie\u017cyTygodnik SiedleckiW cyfrowej Szkole&nbsp;*Wiadomo\u015bci HistoryczneWychowanie Fizyczne i ZdrowotneWychowanie MuzyczneWychowanie na&hellip;<\/p>\n","category_list_v2":"","author_info_v2":{"name":"bWdyemVnb3Jjenlr","url":"https:\/\/bpsiedlce.pl\/en\/author\/bwdyemvnb3jjenlr\/"},"comments_num_v2":"0 comments","_links":{"self":[{"href":"https:\/\/bpsiedlce.pl\/en\/wp-json\/wp\/v2\/pages\/6630","targetHints":{"allow":["GET"]}}],"collection":[{"href":"https:\/\/bpsiedlce.pl\/en\/wp-json\/wp\/v2\/pages"}],"about":[{"href":"https:\/\/bpsiedlce.pl\/en\/wp-json\/wp\/v2\/types\/page"}],"author":[{"embeddable":true,"href":"https:\/\/bpsiedlce.pl\/en\/wp-json\/wp\/v2\/users\/10"}],"replies":[{"embeddable":true,"href":"https:\/\/bpsiedlce.pl\/en\/wp-json\/wp\/v2\/comments?post=6630"}],"version-history":[{"count":1,"href":"https:\/\/bpsiedlce.pl\/en\/wp-json\/wp\/v2\/pages\/6630\/revisions"}],"predecessor-version":[{"id":324451,"href":"https:\/\/bpsiedlce.pl\/en\/wp-json\/wp\/v2\/pages\/6630\/revisions\/324451"}],"wp:attachment":[{"href":"https:\/\/bpsiedlce.pl\/en\/wp-json\/wp\/v2\/media?parent=6630"}],"curies":[{"name":"wp","href":"https:\/\/api.w.org\/{rel}","templated":true}]}}