{"id":327595,"date":"2021-07-22T08:54:28","date_gmt":"2021-07-22T06:54:28","guid":{"rendered":"https:\/\/bpsiedlce.pl\/czasopisma-metodyczne-dla-nauczycieli-przyrody-i-biologii\/"},"modified":"2024-02-21T17:45:18","modified_gmt":"2024-02-21T16:45:18","slug":"czasopisma-metodyczne-dla-nauczycieli-przyrody-i-biologii","status":"publish","type":"page","link":"https:\/\/bpsiedlce.pl\/en\/czasopisma-metodyczne-dla-nauczycieli-przyrody-i-biologii\/","title":{"rendered":"Methodical journals for nature and biology teachers"},"content":{"rendered":"\n<div class=\"wp-block-columns is-layout-flex wp-container-core-columns-is-layout-28f84493 wp-block-columns-is-layout-flex\"><\/div>\n\n\n\n<div class=\"wp-block-columns are-vertically-aligned-center is-layout-flex wp-container-core-columns-is-layout-28f84493 wp-block-columns-is-layout-flex\">\n<div class=\"wp-block-column is-vertically-aligned-center is-layout-flow wp-block-column-is-layout-flow\" style=\"flex-basis:25%\">\n<figure class=\"wp-block-image size-large\"><img decoding=\"async\" src=\"https:\/\/bpsiedlce.pl\/wp-content\/uploads\/sites\/5\/2021\/07\/Biologia-w-Szkole-4-2021.jpg\" alt=\"\" class=\"wp-image-2862\"\/><\/figure>\n<\/div>\n\n\n\n<div class=\"wp-block-column is-vertically-aligned-center is-layout-flow wp-block-column-is-layout-flow\" style=\"flex-basis:75%\">\n<p><a rel=\"noreferrer noopener\" href=\"https:\/\/katalog.bpsiedlce.pl\/842000398354\/dokumenty-ciagle\/biologia-w-szkole\" target=\"_blank\"><strong>Biologia w Szkole : czasopismo dla nauczycieli \/ [red. nacz. Helena Sikorska]. &#8211; Warszawa : Pa\u0144stwowe Zak\u0142ady Wydawnictw Szkolnych, 1955-<\/strong><\/a><\/p>\n\n\n\n<p><strong>W ostatnim numerze 4\/2021 lipiec\/sierpie\u0144<br><\/strong>TEMAT NUMERU<br>&#8211; Dzikie \u017cycie w mie\u015bcie<br>MIKROBIOLOGIA<br>&#8211; \u017bycie w towarzystwie mieszanym, czyli o relacjach mi\u0119dzy wrotkami, mikroorganizmami i makromoleku\u0142ami<br>EKOLOGIA<br>&#8211; Nie tylko mi\u00f3d<br>CO NOWEGO W BIOLOGII<br>&#8211; Zewsz\u0105d nadp\u0142ywaj\u0105 delfiny<br>ZE \u015aWIATA ZOOLOGII<br>&#8211; Kozica &#8211; symbol g\u00f3rskich szczyt\u00f3w<br>PRACOWNIA PEDAGOGICZNA<br>&#8211; Chroniczny stres a funkcjonowanie m\u00f3zgu<br>AKADEMIA ROZWOJU<br>&#8211; Realny optymizm &#8211; \u0107wiczenia z pozytywnego my\u015blenia<br>EDUKACJA<br>&#8211; Gry planszowe &#8211; zabawa i edukacja nie tylko w czasie wakacji<br>POMYS\u0141 NA LEKCJ\u0118<br>&#8211; Sztuka jako narz\u0119dzie do poznawania praw biologii &#8211; mi\u0119dzynarodowy projekt STEAM realizowany za pomoc\u0105 platformy eTwinning<br>&#8211; Fotosynteza jako proces dwuetapowy &#8211; faza jasna<br>LABORATORIUM<br>&#8211; \u017bywa latarnia. O iskrzyku<br>Z KSI\u0118GARSKICH P\u00d3\u0141EK<br>&#8211; Wieloryby &#8211; historia nie z tej ziemi<\/p>\n<\/div>\n<\/div>\n\n\n\n<div class=\"wp-block-columns are-vertically-aligned-center is-layout-flex wp-container-core-columns-is-layout-28f84493 wp-block-columns-is-layout-flex\">\n<div class=\"wp-block-column is-vertically-aligned-center is-layout-flow wp-block-column-is-layout-flow\" style=\"flex-basis:25%\">\n<figure class=\"wp-block-image size-large\"><img decoding=\"async\" src=\"https:\/\/bpsiedlce.pl\/wp-content\/uploads\/sites\/5\/2021\/07\/Przyroda-Polska-7-2021.jpg\" alt=\"\" class=\"wp-image-2865\"\/><\/figure>\n<\/div>\n\n\n\n<div class=\"wp-block-column is-vertically-aligned-center is-layout-flow wp-block-column-is-layout-flow\" style=\"flex-basis:75%\">\n<p><strong><a rel=\"noreferrer noopener\" href=\"https:\/\/katalog.bpsiedlce.pl\/842000410021\/dokumenty-ciagle\/przyroda-polska\" target=\"_blank\">Przyroda Polska \/ red. nacz. Stanis\u0142aw Drewniak. &#8211; Warszawa : Zarz\u0105d G\u0142\u00f3wny Ligi Ochrony Przyrody, 1993<\/a>&nbsp;<a rel=\"noreferrer noopener\" href=\"http:\/\/opac.bpsiedlce.pl\/cgi-bin\/wspd_cgi.sh\/wo_ropis.p?IDRek=0842000410021%20%\" target=\"_blank\">&#8211;<\/a><\/strong><\/p>\n\n\n\n<p><strong>W ostatnim numerze 7\/2021 lipiec<\/strong><br>&#8211; Woda &#8211; problem naszych czas\u00f3w<br>&#8211; Per\u0142owiec adype &#8211; kto ma fio\u0142a na punkcie fio\u0142ka?<br>&#8211; \u017bycie na pniu i konarach drzew &#8211; cz\u0119\u015b\u0107 3<br>&#8211; Derkaj\u0105ce \u0142\u0105ki<br>&#8211; Rak marmurkowy<br>&#8211; Sowa &#8211; ptasi predator, czyli o swoim menu i o tym, co maj\u0105 w nim wsp\u00f3lnego wypluwki<br>&#8211; Zadrzewienia \u015br\u00f3dpolne<br>&#8211; Unijna strategia na rzecz bior\u00f3\u017cnorodno\u015bci 2030<br>&#8211; Jaszczurki &#8211; ciep\u0142olubne gady<br>&#8211; Niepozorne skoczogonki<br>&#8211; Nowy rezerwat &#8220;G\u00f3ra Sto\u0142owa im. Ryszarda Malika&#8221;<br>&#8211; Odwiedziny na kwiatach<br>&#8211; Rezerwat &#8220;Torfy&#8221;<br>&#8211; Storczykowa polana<br>&#8211; Wszystkie odcienie i wcielenia brod\u017ac\u00f3w \u015bniadych<br>&#8211; Zachodnia cz\u0119\u015b\u0107 G\u00f3r \u015awi\u0119tokrzyskich<br>&#8211; Ekoinformaje<br>&#8211; Krzy\u017c\u00f3wka<\/p>\n\n\n\n<p><strong>Dodatek Biuletyn EKO-edukacyjny<br><\/strong>&#8211; Kt\u00f3re gatunki drzew powinni umie\u0107 rozpozna\u0107 uczniowie?<br>&#8211; Czytanka dla dzieci &#8211; Herbaciana r\u00f3\u017ca<br>&#8211; Komiks: Czubatka europejska<br>&#8211; Czytanka dla dzieci &#8211; Przegra\u0142am z klimatem<br>&#8211; Jaki b\u0119dziemy mie\u0107 klimat?&#8230; czyli pierwszy Polski Multimedialny Raport Klimatyczny<\/p>\n\n\n\n<p><strong>Dodatek Natura i Zdrowie<\/strong><br>&#8211; Od k\u0142osa do bochenka<br>&#8211; Koenzym Q10 &#8211; witamina energii<br>&#8211; Zapach potu<br>&#8211; Koniczyna \u0142\u0105kowa \u0142agodzi objawy klimakterium<br>&#8211; Malina pogromc\u0105 wirus\u00f3w<br>&#8211; P\u0142atki r\u00f3\u017cy w leczeniu i w kuchni<br>&#8211; \u0141\u0105ki, stepy i ogrody na obrazach Jana Stanis\u0142awskiego (1)<br>&#8211; Ryby g\u0142osu nie maj\u0105, ale maj\u0105&#8230; b\u00f3l<br>&#8211; Wp\u0142yw ps\u00f3w na psychik\u0119 i rozw\u00f3j dzieci<\/p>\n<\/div>\n<\/div>\n","protected":false},"excerpt":{"rendered":"<p>Biologia w Szkole : czasopismo dla nauczycieli \/ [red. nacz. Helena Sikorska]. &#8211; Warszawa : Pa\u0144stwowe Zak\u0142ady Wydawnictw Szkolnych, 1955- [&hellip;]<\/p>\n","protected":false},"author":10,"featured_media":0,"parent":0,"menu_order":0,"comment_status":"closed","ping_status":"closed","template":"","meta":{"_acf_changed":false,"_oasis_is_in_workflow":0,"_oasis_original":0,"inline_featured_image":false,"site-sidebar-layout":"default","site-content-layout":"default","ast-site-content-layout":"default","site-content-style":"default","site-sidebar-style":"default","ast-global-header-display":"","ast-banner-title-visibility":"","ast-main-header-display":"","ast-hfb-above-header-display":"","ast-hfb-below-header-display":"","ast-hfb-mobile-header-display":"","site-post-title":"","ast-breadcrumbs-content":"","ast-featured-img":"","footer-sml-layout":"","ast-disable-related-posts":"","theme-transparent-header-meta":"default","adv-header-id-meta":"","stick-header-meta":"","header-above-stick-meta":"","header-main-stick-meta":"","header-below-stick-meta":"","astra-migrate-meta-layouts":"set","ast-page-background-enabled":"default","ast-page-background-meta":{"desktop":{"background-color":"","background-image":"","background-repeat":"repeat","background-position":"center center","background-size":"auto","background-attachment":"scroll","background-type":"","background-media":"","overlay-type":"","overlay-color":"","overlay-opacity":"","overlay-gradient":""},"tablet":{"background-color":"","background-image":"","background-repeat":"repeat","background-position":"center center","background-size":"auto","background-attachment":"scroll","background-type":"","background-media":"","overlay-type":"","overlay-color":"","overlay-opacity":"","overlay-gradient":""},"mobile":{"background-color":"","background-image":"","background-repeat":"repeat","background-position":"center center","background-size":"auto","background-attachment":"scroll","background-type":"","background-media":"","overlay-type":"","overlay-color":"","overlay-opacity":"","overlay-gradient":""}},"ast-content-background-meta":{"desktop":{"background-color":"var(--ast-global-color-5)","background-image":"","background-repeat":"repeat","background-position":"center center","background-size":"auto","background-attachment":"scroll","background-type":"","background-media":"","overlay-type":"","overlay-color":"","overlay-opacity":"","overlay-gradient":""},"tablet":{"background-color":"var(--ast-global-color-5)","background-image":"","background-repeat":"repeat","background-position":"center center","background-size":"auto","background-attachment":"scroll","background-type":"","background-media":"","overlay-type":"","overlay-color":"","overlay-opacity":"","overlay-gradient":""},"mobile":{"background-color":"var(--ast-global-color-5)","background-image":"","background-repeat":"repeat","background-position":"center center","background-size":"auto","background-attachment":"scroll","background-type":"","background-media":"","overlay-type":"","overlay-color":"","overlay-opacity":"","overlay-gradient":""}},"_themeisle_gutenberg_block_has_review":false,"footnotes":""},"class_list":["post-327595","page","type-page","status-publish","hentry"],"acf":[],"featured_image_urls_v2":{"full":"","thumbnail":"","medium":"","medium_large":"","large":"","1536x1536":"","2048x2048":"","menu-24x24":"","menu-36x36":"","menu-48x48":"","mailpoet_newsletter_max":""},"post_excerpt_stackable_v2":"<p>Biologia w Szkole : czasopismo dla nauczycieli \/ [red. nacz. Helena Sikorska]. &#8211; Warszawa : Pa\u0144stwowe Zak\u0142ady Wydawnictw Szkolnych, 1955- W ostatnim numerze 4\/2021 lipiec\/sierpie\u0144TEMAT NUMERU&#8211; Dzikie \u017cycie w mie\u015bcieMIKROBIOLOGIA&#8211; \u017bycie w towarzystwie mieszanym, czyli o relacjach mi\u0119dzy wrotkami, mikroorganizmami i makromoleku\u0142amiEKOLOGIA&#8211; Nie tylko mi\u00f3dCO NOWEGO W BIOLOGII&#8211; Zewsz\u0105d nadp\u0142ywaj\u0105 delfinyZE \u015aWIATA ZOOLOGII&#8211; Kozica &#8211; symbol g\u00f3rskich szczyt\u00f3wPRACOWNIA PEDAGOGICZNA&#8211; Chroniczny stres a funkcjonowanie m\u00f3zguAKADEMIA ROZWOJU&#8211; Realny optymizm &#8211; \u0107wiczenia z pozytywnego my\u015bleniaEDUKACJA&#8211; Gry planszowe &#8211; zabawa i edukacja nie tylko w czasie wakacjiPOMYS\u0141 NA LEKCJ\u0118&#8211; Sztuka jako narz\u0119dzie do poznawania praw biologii &#8211; mi\u0119dzynarodowy projekt STEAM realizowany za pomoc\u0105 platformy&hellip;<\/p>\n","category_list_v2":"","author_info_v2":{"name":"bWdyemVnb3Jjenlr","url":"https:\/\/bpsiedlce.pl\/en\/author\/bwdyemvnb3jjenlr\/"},"comments_num_v2":"0 comments","_links":{"self":[{"href":"https:\/\/bpsiedlce.pl\/en\/wp-json\/wp\/v2\/pages\/327595","targetHints":{"allow":["GET"]}}],"collection":[{"href":"https:\/\/bpsiedlce.pl\/en\/wp-json\/wp\/v2\/pages"}],"about":[{"href":"https:\/\/bpsiedlce.pl\/en\/wp-json\/wp\/v2\/types\/page"}],"author":[{"embeddable":true,"href":"https:\/\/bpsiedlce.pl\/en\/wp-json\/wp\/v2\/users\/10"}],"replies":[{"embeddable":true,"href":"https:\/\/bpsiedlce.pl\/en\/wp-json\/wp\/v2\/comments?post=327595"}],"version-history":[{"count":2,"href":"https:\/\/bpsiedlce.pl\/en\/wp-json\/wp\/v2\/pages\/327595\/revisions"}],"predecessor-version":[{"id":327607,"href":"https:\/\/bpsiedlce.pl\/en\/wp-json\/wp\/v2\/pages\/327595\/revisions\/327607"}],"wp:attachment":[{"href":"https:\/\/bpsiedlce.pl\/en\/wp-json\/wp\/v2\/media?parent=327595"}],"curies":[{"name":"wp","href":"https:\/\/api.w.org\/{rel}","templated":true}]}}