{"id":327532,"date":"2021-07-22T12:09:45","date_gmt":"2021-07-22T10:09:45","guid":{"rendered":"https:\/\/bpsiedlce.pl\/czasopisma-metodyczne-z-wychowania-przedszkolnego-i-edukacji-wczesnoszkolnej-dostepne-w-czytelni\/"},"modified":"2024-02-21T17:38:45","modified_gmt":"2024-02-21T16:38:45","slug":"czasopisma-metodyczne-z-wychowania-przedszkolnego-i-edukacji-wczesnoszkolnej-dostepne-w-czytelni","status":"publish","type":"page","link":"https:\/\/bpsiedlce.pl\/en\/czasopisma-metodyczne-z-wychowania-przedszkolnego-i-edukacji-wczesnoszkolnej-dostepne-w-czytelni\/","title":{"rendered":"Methodical journals in preschool education and early childhood education available in the reading room"},"content":{"rendered":"\n<div class=\"wp-block-columns are-vertically-aligned-center is-layout-flex wp-container-core-columns-is-layout-28f84493 wp-block-columns-is-layout-flex\">\n<div class=\"wp-block-column is-vertically-aligned-center is-layout-flow wp-block-column-is-layout-flow\" style=\"flex-basis:25%\">\n<figure class=\"wp-block-image size-large\"><img decoding=\"async\" src=\"https:\/\/bpsiedlce.pl\/wp-content\/uploads\/sites\/5\/2021\/07\/Blizej-Przedszkola-6-2021.jpg\" alt=\"\" class=\"wp-image-2904\" \/><\/figure>\n<\/div>\n\n\n\n<div class=\"wp-block-column is-vertically-aligned-center is-layout-flow wp-block-column-is-layout-flow\" style=\"flex-basis:75%\">\n<p><strong><strong><a rel=\"noreferrer noopener\" href=\"https:\/\/katalog.bpsiedlce.pl\/842300681023\/dokumenty-ciagle\/blizej-przedszkola\" target=\"_blank\"><strong>Bli\u017cej Przedszkola : magazyn o wychowaniu i edukacji dzieci \/ [red. nacz. Robert Halik]. &#8211; Krak\u00f3w : Centrum Edukacyjne Bli\u017cej Przedszkola, 2012-<\/strong><\/a><\/strong><\/strong><\/p>\n\n\n\n<p><strong>W ostatnim numerze 6.237\/2021<\/strong><br>K\u0104CIK EKSPERTA<br>&#8211; W \u015bwietle prawa. Ty pytasz, my odpowiadamy<br>BLI\u017bEJ NAUCZYCIELA<br>&#8211; Pomys\u0142owa paka na dzie\u0144 Przedszkolaka<br>&#8211; Matematyczny Kacik Pani Zuzi. Pomiar ci\u0119\u017caru<br>&#8211; K\u0105cik zabaw integracyjnych<br>&#8211; Samo zdrowie<br>&#8211; W naszym kochanym przedszkolu<br>&#8211; Natasza lubi jab\u0142uszka<br>&#8211; Niechciani mieszka\u0144cy<br>&#8211; Welcome, Welcome Everyone! It Is Time to Have Some Fun!<br>&#8211; Muzyczny K\u0105cik Pana Mi\u0142osza<br>&#8211; Z torby nauczycieli. Zabawy z kolorami<br>BLI\u017bEJ DZIECKA<br>&#8211; Etyka w zawodzie nauczyciela<br>&#8211; czy potrafisz wypoczywa\u0107? 6 regu\u0142 dobrego i zdrowego wypoczynku<br>PRZEWODNIK BLI\u017bEJ PRZEDSZKOLA &#8211; MATERIA\u0141Y NA WRZESIE\u0143<br>Na wsi jesieni\u0105 &#8211; propozycje aktywno\u015bci dla dzieci m\u0142odszych<br>&#8211; Na warzywnym straganie<br>&#8211; Na wsi jesieni\u0105<br>&#8211; W piekarni<br>&#8211; Warzywne cudaki<br>&#8211; Zdrowe warzywa i owoce<br>To my, przedszkolaki! &#8211; propozycje aktywno\u015bci dla dzieci starszych<br>&#8211; Nasze przedszkole<br>&#8211; Jak dobrze si\u0119 znamy?<br>&#8211; Tak wiele potrafimy<br>&#8211; Kodeks przedszkolaka<br>&#8211; Jeste\u015bmy coraz starsi<br>projekt ekologiczny <br>EKOKULTURALNE PRZEDSZKOLE<br>&#8211; Pora na dzia\u0142anie, podejmij ekowyzwanie!<br>&#8211; Cementowa os\u0142onka na doniczk\u0119<br>K\u0104CIK LOGOPEDYCZNY<br>&#8211; K\u0105cik logopedyczny. Zabawy na powitanie<br>&#8211; Pod patronatem<br>&#8211; Ksi\u0105\u017cka miesi\u0105ca<\/p>\n<\/div>\n<\/div>\n\n\n\n<div class=\"wp-block-columns are-vertically-aligned-center is-layout-flex wp-container-core-columns-is-layout-28f84493 wp-block-columns-is-layout-flex\">\n<div class=\"wp-block-column is-vertically-aligned-center is-layout-flow wp-block-column-is-layout-flow\" style=\"flex-basis:25%\">\n<figure class=\"wp-block-image size-large\"><img decoding=\"async\" src=\"https:\/\/bpsiedlce.pl\/wp-content\/uploads\/sites\/5\/2021\/07\/Nauczyciela-1-2021.jpg\" alt=\"\" class=\"wp-image-2913\" \/><\/figure>\n<\/div>\n\n\n\n<div class=\"wp-block-column is-vertically-aligned-center is-layout-flow wp-block-column-is-layout-flow\" style=\"flex-basis:75%\">\n<p><strong><strong><strong><strong><a rel=\"noreferrer noopener\" href=\"https:\/\/katalog.bpsiedlce.pl\/site\/recorddetail\/843101545070\" target=\"_blank\"><strong><strong><a rel=\"noreferrer noopener\" href=\"https:\/\/katalog.bpsiedlce.pl\/site\/recorddetail\/843101545070\" target=\"_blank\">Nauczycielka Szko\u0142y Podstawowej : klasy I-III. &#8211; Warszawa\u00a0 : Wydawnictwo Ediba Polska, 2011-<\/a><\/strong><\/strong><\/a><\/strong><\/strong><\/strong><\/strong><\/p>\n\n\n\n<p><strong><strong>W ostatnim numerze 104\/2021 stycze\u0144<\/strong><br><\/strong>&#8211; Kalendarz miesi\u0119czny<br>&#8211; Cykl produkcji herbaty<br>&#8211; Dbam o pi\u0119kno j\u0119zyka ojczystego<br>&#8211; Przez Polsk\u0119 na ludowo<br>&#8211; Sk\u0105d si\u0119 bierze pr\u00f3chnica?<br>&#8211; Filatelistyka<br>&#8211; Pa\u015bniki<br>&#8211; Woda w naszym \u017cyciu<\/p>\n<\/div>\n<\/div>\n\n\n\n<div class=\"wp-block-columns are-vertically-aligned-center is-layout-flex wp-container-core-columns-is-layout-28f84493 wp-block-columns-is-layout-flex\">\n<div class=\"wp-block-column is-vertically-aligned-center is-layout-flow wp-block-column-is-layout-flow\" style=\"flex-basis:25%\">\n<figure class=\"wp-block-image size-large\"><img decoding=\"async\" src=\"https:\/\/bpsiedlce.pl\/wp-content\/uploads\/sites\/5\/2021\/07\/Wychowanie-w-przedszkolu-6-2021.jpg\" alt=\"\" class=\"wp-image-2916\" \/><\/figure>\n<\/div>\n\n\n\n<div class=\"wp-block-column is-vertically-aligned-center is-layout-flow wp-block-column-is-layout-flow\" style=\"flex-basis:75%\">\n<p><strong><strong><a rel=\"noreferrer noopener\" href=\"https:\/\/katalog.bpsiedlce.pl\/842000414118\/dokumenty-ciagle\/wychowanie-w-przedszkolu\" target=\"_blank\"><strong>Wychowanie w Przedszkolu : miesi\u0119cznik po\u015bwi\u0119cony sprawom wychowania przedszkolnego \/ [Ministerstwo O\u015bwiaty ; red. nacz. Janina Dobrowolska]. &#8211; Warszawa : Pa\u0144stwowe Zak\u0142ady Wydawnictw Szkolnych, 1960-<\/strong><\/a><\/strong><\/strong><\/p>\n\n\n\n<p><strong><strong><strong>W ostatnim numerze 6\/2021 czerwiec<\/strong><br><\/strong><\/strong>TEMAT NUMERU<br>&#8211; Czytamy, rozwijamy j\u0119zyk. Metoda dynamicznych obraz\u00f3w systemu Edukacji przez ruch<br>ZAJ\u0118CIA NA CZASIE<br>&#8211; Wirtualne wycieczki w przedszkolu<br>&#8211; Konspekt zaj\u0119\u0107 ze zwiedzaniem Muzeum Etnograficznego w Toruniu<br>&#8211; Konspekt zaj\u0119\u0107. Ksi\u0119\u017cniczk\u0105\/ksi\u0119ciem by\u0107 to&#8230;<br>&#8211; Morskie opowie\u015bci, czyli w rejs szlakiem legend Ba\u0142tyku<br>&#8211; Ca\u0142odzienny scenariusz zaj\u0119\u0107 &#8211; poszukiwanie zaginionego Misia<br>&#8211;&nbsp;<em>Franklin zaprasza misia.<\/em>&nbsp;Czy umiemy zaprasza\u0107 przyjaci\u00f3\u0142?<br>ZDROWE NAWYKI \u017bYWIENIOWE<br>&#8211; Zapraszamy do sto\u0142u &#8211; zosta\u0144 mistrzem dobrych manier<br>OKIEM SPECJALISTY<br>&#8211; Dziecko z zaburzeniami integracji sensorycznej w grupie przedszkolnej<br>OBCHODY DNI SZCZEG\u00d3LNYCH<br>&#8211; Konspekt zaj\u0119\u0107. \u015awiatowy dzie\u0144 dogoterapii<br>W RYTMIE KROK\u00d3W I PODSKOK\u00d3W<br>&#8211; Jak przewietrzy\u0107 muzyk\u0119?<br>NAUCZYCIEL A PRAWO<br>&#8211; Pomoc psychologiczno-pedagogiczna a RODO<br>POZNAWANIE POLSKI<br>&#8211; Poznaj Polsk\u0119, przedszkolaku! Wojew\u00f3dztwa warmi\u0144sko-mazurskie i podlaskie<br>DO\u015aWIADCZENIA DLA PRZEDSZKOLAKA<br>&#8211; Ma\u0142y naukowiec projekt badawczy dla dzieci 5-6-letnich<\/p>\n<\/div>\n<\/div>\n\n\n\n<div class=\"wp-block-columns are-vertically-aligned-center is-layout-flex wp-container-core-columns-is-layout-28f84493 wp-block-columns-is-layout-flex\">\n<div class=\"wp-block-column is-vertically-aligned-center is-layout-flow wp-block-column-is-layout-flow\" style=\"flex-basis:25%\">\n<figure class=\"wp-block-image size-large\"><img decoding=\"async\" src=\"https:\/\/bpsiedlce.pl\/wp-content\/uploads\/sites\/5\/2021\/07\/Monitor-Dyrektora-Przedszkola-4-2021.jpg\" alt=\"\" class=\"wp-image-2910\" \/><\/figure>\n<\/div>\n\n\n\n<div class=\"wp-block-column is-vertically-aligned-center is-layout-flow wp-block-column-is-layout-flow\" style=\"flex-basis:75%\">\n<p><a rel=\"noreferrer noopener\" href=\"https:\/\/katalog.bpsiedlce.pl\/842600867050\/dokumenty-ciagle\/monitor-dyrektora-przedszkola\" target=\"_blank\"><strong>Monitor Dyrektora Przedszkola : aktualno\u015bci, nadz\u00f3r, prawo pedagogiczne \/ [red. nacz. Rados\u0142aw Lewandowski]. &#8211; Pozna\u0144 : Forum Media Polska Sp\u00f3\u0142ka z o.o. 2014 &#8211;<\/strong><\/a><\/p>\n\n\n\n<p><strong><strong><strong><strong>W ostatnim numerze 4\/2021 kwiecie\u0144<br><\/strong><\/strong><\/strong><\/strong>TEMAT MIESI\u0104CA<br>&#8211; Arkusz organizacyjny przedszkola w warunkach roku 2021<br>DYREKTOR KONTRA PRAWO<br>&#8211; Odroczenie obowi\u0105zku szkolnego<br>&#8211; RODO w praktyce przedszkolnej, cz. 1 &#8211; obowi\u0105zek informacyjny<br>&#8211; Zmiana warunk\u00f3w pracy<br>&#8211; Polecenie organu nadzoru pedagogicznego<br>&#8211; Sta\u017c pracy w gospodarstwie rolnym. Jak prawid\u0142owo wliczy\u0107 go do sta\u017cu pracy<br>NARZ\u0118DZIOWNIK<br>&#8211; Karta oceny pracy nauczyciela<br>&#8211; Wniosek o dokonanie oceny pracy nauczyciela<br>&#8211; Powiadomienie o rozpocz\u0119ciu dokonywania oceny pracy<br>&#8211; Zawiadomienie o dokonywanej ocenie pracy nauczyciela &#8211; rada rodzic\u00f3w<br>&#8211; Wniosek o zasi\u0119gni\u0119ciu opinii doradcy metodycznego w sprawie oceny pracy nauczyciela<br>&#8211; Informacja o mo\u017cliwo\u015bci zapoznania si\u0119 z projektem oceny pracy nauczyciela<br>&#8211; Odwo\u0142anie od dokonanej oceny pracy nauczyciela<br>&#8211; Wz\u00f3r opinii wydanej przez przedszkole<br>&#8211; Wz\u00f3r wniosku rodzica o wydanie odroczenia od obowi\u0105zku szkolnego<br>&#8211; Wz\u00f3r decyzji dyrektora szko\u0142y w sprawie odroczenia od obowi\u0105zku szkolnego &#8211; wariant 1<br>&#8211; Wz\u00f3r decyzji dyrektora szko\u0142y w sprawie odroczenia od obowi\u0105zku szkolnego &#8211; wariant 2<br>&#8211; Przyk\u0142ad testu dojrza\u0142o\u015bci dziecka do podj\u0119cia nauki w szkole<br>DYREKTOR WE WSP\u00d3\u0141PRACY<br>&#8211; Pomoc psychologiczno-pedagogiczna a RODO<br>&#8211; Ocena pracy nauczyciela i dyrektora przedszkola<br>&#8211; sytuacje konfliktowe &#8211; czy da si\u0119 je rozwi\u0105za\u0107?<br>ORZECZNICTWO<br>&#8211; Odmowa nadania stopnia awansu<\/p>\n<\/div>\n<\/div>\n\n\n\n<div class=\"wp-block-columns are-vertically-aligned-center is-layout-flex wp-container-core-columns-is-layout-28f84493 wp-block-columns-is-layout-flex\">\n<div class=\"wp-block-column is-vertically-aligned-center is-layout-flow wp-block-column-is-layout-flow\" style=\"flex-basis:25%\">\n<figure class=\"wp-block-image size-large\"><img decoding=\"async\" src=\"https:\/\/bpsiedlce.pl\/wp-content\/uploads\/sites\/5\/2021\/07\/Edukacja-Wczesnoszkolna-nr-2-z-2020-2021.jpg\" alt=\"\" class=\"wp-image-2907\" \/><\/figure>\n<\/div>\n\n\n\n<div class=\"wp-block-column is-vertically-aligned-center is-layout-flow wp-block-column-is-layout-flow\" style=\"flex-basis:75%\">\n<p><strong><a rel=\"noreferrer noopener\" href=\"https:\/\/katalog.bpsiedlce.pl\/842801145722\/dokumenty-ciagle\/edukacja-wczesnoszkolna\" target=\"_blank\"><strong><strong><a rel=\"noreferrer noopener\" href=\"https:\/\/katalog.bpsiedlce.pl\/842801145722\/dokumenty-ciagle\/edukacja-wczesnoszkolna\" target=\"_blank\"><strong>Edukacja Wczesnoszkolna \/ red. nacz. Joanna Piasta-Siechowicz. &#8211; Kielce : Wydawnictwo Pedagogiczne ZNP, 2017-<\/strong><\/a><\/strong><\/strong><\/a><\/strong><\/p>\n\n\n\n<p><strong><strong><strong><strong><strong>W ostatnim numerze 2\/2020\/2021<\/strong><\/strong><\/strong><\/strong><\/strong><br>&#8211; Obraz ucznia w&nbsp;<em>Podstawie programowej<\/em>&nbsp;dla wczesnoszkolnej edukacji polonistycznej<br>&#8211; J\u0119zyk drog\u0105 do \u015bwiata kolor\u00f3w i emocji<br>&#8211; Arteterapia w edukacji wczesnoszkolnej<br>&#8211; Miejsce audiodeskrypcji w edukacji polonistycznej<br>&#8211; Partie opisowe w lekturach szkolnych a audiodeskrpcja<br>&#8211; Rola audiodeskrypcji w edukacji teatralnej<br>&#8211; Audiodeskrypcja jako kszta\u0142cenie kompetencji czytania i kreatywnego redagowana tekst\u00f3w opisowych<br>&#8211; Audiodeskrypcja nie tylko dla niewidomych, nie tylko dla doros\u0142ych<\/p>\n<\/div>\n<\/div>\n","protected":false},"excerpt":{"rendered":"<p>Bli\u017cej Przedszkola : magazyn o wychowaniu i edukacji dzieci \/ [red. nacz. Robert Halik]. &#8211; Krak\u00f3w : Centrum Edukacyjne Bli\u017cej [&hellip;]<\/p>\n","protected":false},"author":10,"featured_media":0,"parent":0,"menu_order":0,"comment_status":"closed","ping_status":"closed","template":"","meta":{"_acf_changed":false,"_oasis_is_in_workflow":0,"_oasis_original":0,"inline_featured_image":false,"site-sidebar-layout":"default","site-content-layout":"default","ast-site-content-layout":"default","site-content-style":"default","site-sidebar-style":"default","ast-global-header-display":"","ast-banner-title-visibility":"","ast-main-header-display":"","ast-hfb-above-header-display":"","ast-hfb-below-header-display":"","ast-hfb-mobile-header-display":"","site-post-title":"","ast-breadcrumbs-content":"","ast-featured-img":"","footer-sml-layout":"","ast-disable-related-posts":"","theme-transparent-header-meta":"default","adv-header-id-meta":"","stick-header-meta":"","header-above-stick-meta":"","header-main-stick-meta":"","header-below-stick-meta":"","astra-migrate-meta-layouts":"set","ast-page-background-enabled":"default","ast-page-background-meta":{"desktop":{"background-color":"","background-image":"","background-repeat":"repeat","background-position":"center center","background-size":"auto","background-attachment":"scroll","background-type":"","background-media":"","overlay-type":"","overlay-color":"","overlay-opacity":"","overlay-gradient":""},"tablet":{"background-color":"","background-image":"","background-repeat":"repeat","background-position":"center center","background-size":"auto","background-attachment":"scroll","background-type":"","background-media":"","overlay-type":"","overlay-color":"","overlay-opacity":"","overlay-gradient":""},"mobile":{"background-color":"","background-image":"","background-repeat":"repeat","background-position":"center center","background-size":"auto","background-attachment":"scroll","background-type":"","background-media":"","overlay-type":"","overlay-color":"","overlay-opacity":"","overlay-gradient":""}},"ast-content-background-meta":{"desktop":{"background-color":"var(--ast-global-color-5)","background-image":"","background-repeat":"repeat","background-position":"center center","background-size":"auto","background-attachment":"scroll","background-type":"","background-media":"","overlay-type":"","overlay-color":"","overlay-opacity":"","overlay-gradient":""},"tablet":{"background-color":"var(--ast-global-color-5)","background-image":"","background-repeat":"repeat","background-position":"center center","background-size":"auto","background-attachment":"scroll","background-type":"","background-media":"","overlay-type":"","overlay-color":"","overlay-opacity":"","overlay-gradient":""},"mobile":{"background-color":"var(--ast-global-color-5)","background-image":"","background-repeat":"repeat","background-position":"center center","background-size":"auto","background-attachment":"scroll","background-type":"","background-media":"","overlay-type":"","overlay-color":"","overlay-opacity":"","overlay-gradient":""}},"_themeisle_gutenberg_block_has_review":false,"footnotes":""},"class_list":["post-327532","page","type-page","status-publish","hentry"],"acf":[],"featured_image_urls_v2":{"full":"","thumbnail":"","medium":"","medium_large":"","large":"","1536x1536":"","2048x2048":"","menu-24x24":"","menu-36x36":"","menu-48x48":"","mailpoet_newsletter_max":""},"post_excerpt_stackable_v2":"<p>Bli\u017cej Przedszkola : magazyn o wychowaniu i edukacji dzieci \/ [red. nacz. Robert Halik]. &#8211; Krak\u00f3w : Centrum Edukacyjne Bli\u017cej Przedszkola, 2012- W ostatnim numerze 6.237\/2021K\u0104CIK EKSPERTA&#8211; W \u015bwietle prawa. Ty pytasz, my odpowiadamyBLI\u017bEJ NAUCZYCIELA&#8211; Pomys\u0142owa paka na dzie\u0144 Przedszkolaka&#8211; Matematyczny Kacik Pani Zuzi. Pomiar ci\u0119\u017caru&#8211; K\u0105cik zabaw integracyjnych&#8211; Samo zdrowie&#8211; W naszym kochanym przedszkolu&#8211; Natasza lubi jab\u0142uszka&#8211; Niechciani mieszka\u0144cy&#8211; Welcome, Welcome Everyone! It Is Time to Have Some Fun!&#8211; Muzyczny K\u0105cik Pana Mi\u0142osza&#8211; Z torby nauczycieli. Zabawy z koloramiBLI\u017bEJ DZIECKA&#8211; Etyka w zawodzie nauczyciela&#8211; czy potrafisz wypoczywa\u0107? 6 regu\u0142 dobrego i zdrowego wypoczynkuPRZEWODNIK BLI\u017bEJ PRZEDSZKOLA &#8211; MATERIA\u0141Y NA WRZESIE\u0143Na&hellip;<\/p>\n","category_list_v2":"","author_info_v2":{"name":"bWdyemVnb3Jjenlr","url":"https:\/\/bpsiedlce.pl\/en\/author\/bwdyemvnb3jjenlr\/"},"comments_num_v2":"0 comments","_links":{"self":[{"href":"https:\/\/bpsiedlce.pl\/en\/wp-json\/wp\/v2\/pages\/327532","targetHints":{"allow":["GET"]}}],"collection":[{"href":"https:\/\/bpsiedlce.pl\/en\/wp-json\/wp\/v2\/pages"}],"about":[{"href":"https:\/\/bpsiedlce.pl\/en\/wp-json\/wp\/v2\/types\/page"}],"author":[{"embeddable":true,"href":"https:\/\/bpsiedlce.pl\/en\/wp-json\/wp\/v2\/users\/10"}],"replies":[{"embeddable":true,"href":"https:\/\/bpsiedlce.pl\/en\/wp-json\/wp\/v2\/comments?post=327532"}],"version-history":[{"count":2,"href":"https:\/\/bpsiedlce.pl\/en\/wp-json\/wp\/v2\/pages\/327532\/revisions"}],"predecessor-version":[{"id":327544,"href":"https:\/\/bpsiedlce.pl\/en\/wp-json\/wp\/v2\/pages\/327532\/revisions\/327544"}],"wp:attachment":[{"href":"https:\/\/bpsiedlce.pl\/en\/wp-json\/wp\/v2\/media?parent=327532"}],"curies":[{"name":"wp","href":"https:\/\/api.w.org\/{rel}","templated":true}]}}