{"id":327496,"date":"2021-07-22T11:50:11","date_gmt":"2021-07-22T09:50:11","guid":{"rendered":"https:\/\/bpsiedlce.pl\/czasopisma-z-jezyka-polskiego-dostepne-w-czytelni\/"},"modified":"2024-02-21T17:35:37","modified_gmt":"2024-02-21T16:35:37","slug":"czasopisma-z-jezyka-polskiego-dostepne-w-czytelni","status":"publish","type":"page","link":"https:\/\/bpsiedlce.pl\/en\/czasopisma-z-jezyka-polskiego-dostepne-w-czytelni\/","title":{"rendered":"Polish language journals available in the reading room"},"content":{"rendered":"\n<div class=\"wp-block-columns are-vertically-aligned-center is-layout-flex wp-container-core-columns-is-layout-28f84493 wp-block-columns-is-layout-flex\">\n<div class=\"wp-block-column is-vertically-aligned-center is-layout-flow wp-block-column-is-layout-flow\" style=\"flex-basis:25%\">\n<figure class=\"wp-block-image size-large\"><img decoding=\"async\" src=\"https:\/\/bpsiedlce.pl\/wp-content\/uploads\/sites\/5\/2021\/07\/Jezyk-Polski-w-Szkole-Podstawowej-nr-2-z-2020-2021-okladka.jpg\" alt=\"\" class=\"wp-image-2893\" \/><\/figure>\n<\/div>\n\n\n\n<div class=\"wp-block-column is-vertically-aligned-center is-layout-flow wp-block-column-is-layout-flow\" style=\"flex-basis:75%\">\n<p><strong><strong><a rel=\"noreferrer noopener\" href=\"https:\/\/katalog.bpsiedlce.pl\/842801145713\/dokumenty-ciagle\/jezyk-polski-w-szkole-podstawowej\" target=\"_blank\">J\u0119zyk Polski w Szkole Podstawowej \/ red. nacz. Joanna Piasta-Siechowicz. &#8211; Kielce : Wydawnictwo Pedagogiczne ZNP, 2017-<\/a><\/strong><\/strong><\/p>\n\n\n\n<p><strong>W ostatnim numerze 2\/2020\/2021<\/strong><br>&#8211; Ods\u0142anianie sens\u00f3w &#8211; o po\u017cytkach czterokrotnej lektury jednego wiersza. Interpretacja&nbsp;<em>B-moll<\/em>&nbsp;Jana Lechonia<br>&#8211;&nbsp;<em>Kamienie na szaniec<\/em>&nbsp;Aleksandra Kami\u0144skiego &#8211; cykl scenariuszy lekcji po\u015bwi\u0119cony lekturze<br>&#8211; Niewykorzystany potencja\u0142. Kilka uwag o szkolnych praktykach omawiania lektury obowi\u0105zkowej&nbsp;<em>Ziele na kraterze<\/em>&nbsp;Melchior Wa\u0144kowicza<br>&#8211;&nbsp;<em>Wsp\u00f3lnie tworzymy du\u017cy ruch m\u0142odych humanist\u00f3w&#8230;<\/em>&nbsp;O prawnych i praktycznych aspektach Olimpiady Literatury i J\u0119zyka Polskiego dla Szk\u00f3\u0142 Podstawowych<br>&#8211; Przy lekturach bez my\u015blenia krytycznego ani rus!<br>&#8211; Moja skrzynia z narz\u0119dziami, czyli o narz\u0119dziach TIK w metodyce uczenia j\u0119zyka polskiego<br>&#8211; Wyj\u015b\u0107 z \u0142awek na spotkania z&#8230; lekturami<br>&#8211; A tak &#8220;Na marginesie&#8221;&#8230;<\/p>\n<\/div>\n<\/div>\n\n\n\n<div class=\"wp-block-columns are-vertically-aligned-center is-layout-flex wp-container-core-columns-is-layout-28f84493 wp-block-columns-is-layout-flex\">\n<div class=\"wp-block-column is-vertically-aligned-center is-layout-flow wp-block-column-is-layout-flow\" style=\"flex-basis:25%\">\n<figure class=\"wp-block-image size-large\"><img decoding=\"async\" src=\"https:\/\/bpsiedlce.pl\/wp-content\/uploads\/sites\/5\/2021\/07\/Jezyk-Polski-w-Szkole-Ponadpodstawowej-nr-2-z-2020-2021-okldka.jpg.jpg\" alt=\"\" class=\"wp-image-2896\" \/><\/figure>\n<\/div>\n\n\n\n<div class=\"wp-block-column is-vertically-aligned-center is-layout-flow wp-block-column-is-layout-flow\" style=\"flex-basis:75%\">\n<p><strong><strong><a rel=\"noreferrer noopener\" href=\"https:\/\/katalog.bpsiedlce.pl\/842801145602\/dokumenty-ciagle\/jezyk-polski-w-szkole-ponadpodstawowej\" target=\"_blank\">J\u0119zyk Polski w Szkole Ponadpodstawowej \/ red. nacz. Joanna Piasta-Siechowicz. &#8211; Kielce : Wydawnictwo Pedagogiczne ZNP, 2017-<\/a><\/strong><\/strong><\/p>\n\n\n\n<p><strong><strong>W ostatnim numerze 2\/2020\/2021<\/strong><br><\/strong>&#8211; Padlet &#8211; tablice wirtualne<br>&#8211; LearningApps &#8211; interaktywne materia\u0142y dydaktyczne<br>&#8211; Graficzna wizualizacja wyraz\u00f3w &#8211; chmury wyrazowe<br>&#8211; Easel.ly &#8211; infografika &#8211; aktywizuj\u0105ce \u015brodowisko edukacyjne<br>&#8211; Wizer.Me<br>&#8211; Audiodeskrypcja w nauczaniu &#8211; platforma ClipFlair<\/p>\n<\/div>\n<\/div>\n\n\n\n<div class=\"wp-block-columns are-vertically-aligned-center is-layout-flex wp-container-core-columns-is-layout-28f84493 wp-block-columns-is-layout-flex\">\n<div class=\"wp-block-column is-vertically-aligned-center is-layout-flow wp-block-column-is-layout-flow\" style=\"flex-basis:25%\">\n<figure class=\"wp-block-image size-large\"><img decoding=\"async\" src=\"https:\/\/bpsiedlce.pl\/wp-content\/uploads\/sites\/5\/2021\/07\/Polonistyka-4-2021.jpg\" alt=\"\" class=\"wp-image-2899\" \/><\/figure>\n<\/div>\n\n\n\n<div class=\"wp-block-column is-vertically-aligned-center is-layout-flow wp-block-column-is-layout-flow\" style=\"flex-basis:75%\">\n<p><strong><strong><a href=\"http:\/\/opac.bpsiedlce.pl\/cgi-bin\/wspd_cgi.sh\/WService=wsbroker1\/wo_ropis.p?IDRek=0842000407983%20%25\">Polonistyka : czasopismo dla nauczycieli : organ Ministerstwa O\u015bwiaty. &#8211; Warszawa : Pa\u0144stwowe Zak\u0142ady Wydawnictw Szkolnych, 1955<\/a>&#8211;<\/strong><\/strong><\/p>\n\n\n\n<p><strong>W ostatnim numerze 4\/2021 lipiec\/sierpie\u0144<\/strong><br>KSI\u0104\u017bKA NA ZAKR\u0118CIE<br>&#8211; Zielona wyspa<br>HORYZONTY POLONISTYKI<br>&#8211; Dialog mi\u0119dzypokoleniowy na lekcjach j\u0119zyka polskiego &#8211; utopia czy pragmatyzm?<br>PRAKTYCZNY PRZEWODNIK NAUCZYCIELA<br>&#8211; Gramatyka relacji, czyli o dialogu mi\u0119dzypokoleniowym w szkole<br>&#8211; Mediacja na j\u0119zyku polskim, czyli jak pogodzi\u0107 sk\u0142\u00f3conych bohater\u00f3w literackich<br>&#8211; Dialog mi\u0119dzypokoleniowy w lekturach szkolnych<br>&#8211; Pok\u00f3j jako metaforma. Konspekt lekcji po projekcji filmy &#8220;Pok\u00f3j&#8221; w re\u017cyserii Lenn&#8217;ego Abrahamsona<br><em>&#8211;&nbsp;<\/em>Metoda projekt\u00f3w &#8211; korzy\u015bci dla nauczycieli i uczni\u00f3w<br>&#8211; Wspieranie ucznia z dysleksj\u0105 w codziennej pracy<br>POLSKI W PRAKTYCE<br>&#8211; Mi\u0119dzy pokoleniami, czyli o tym, co \u0142\u0105czy, a co dzieli generacje. Scenariusz lekcji j\u0119zyka polskiego dla klasy VIII<br>&#8211; Pierwsza lekcja<br>&#8211; Dialog grozi zrozumieniem<br>&#8211; Scenariusz lekcji j\u0119zyka polskiego dotycz\u0105cej &#8220;Legendy o pannie Piotrowskiej&#8221; z wykorzystaniem element\u00f3w edukacji medialnej<\/p>\n<\/div>\n<\/div>\n","protected":false},"excerpt":{"rendered":"<p>J\u0119zyk Polski w Szkole Podstawowej \/ red. nacz. Joanna Piasta-Siechowicz. &#8211; Kielce : Wydawnictwo Pedagogiczne ZNP, 2017- W ostatnim numerze [&hellip;]<\/p>\n","protected":false},"author":10,"featured_media":0,"parent":0,"menu_order":0,"comment_status":"closed","ping_status":"closed","template":"","meta":{"_acf_changed":false,"_oasis_is_in_workflow":0,"_oasis_original":0,"inline_featured_image":false,"site-sidebar-layout":"default","site-content-layout":"default","ast-site-content-layout":"default","site-content-style":"default","site-sidebar-style":"default","ast-global-header-display":"","ast-banner-title-visibility":"","ast-main-header-display":"","ast-hfb-above-header-display":"","ast-hfb-below-header-display":"","ast-hfb-mobile-header-display":"","site-post-title":"","ast-breadcrumbs-content":"","ast-featured-img":"","footer-sml-layout":"","ast-disable-related-posts":"","theme-transparent-header-meta":"default","adv-header-id-meta":"","stick-header-meta":"","header-above-stick-meta":"","header-main-stick-meta":"","header-below-stick-meta":"","astra-migrate-meta-layouts":"set","ast-page-background-enabled":"default","ast-page-background-meta":{"desktop":{"background-color":"","background-image":"","background-repeat":"repeat","background-position":"center center","background-size":"auto","background-attachment":"scroll","background-type":"","background-media":"","overlay-type":"","overlay-color":"","overlay-opacity":"","overlay-gradient":""},"tablet":{"background-color":"","background-image":"","background-repeat":"repeat","background-position":"center center","background-size":"auto","background-attachment":"scroll","background-type":"","background-media":"","overlay-type":"","overlay-color":"","overlay-opacity":"","overlay-gradient":""},"mobile":{"background-color":"","background-image":"","background-repeat":"repeat","background-position":"center center","background-size":"auto","background-attachment":"scroll","background-type":"","background-media":"","overlay-type":"","overlay-color":"","overlay-opacity":"","overlay-gradient":""}},"ast-content-background-meta":{"desktop":{"background-color":"var(--ast-global-color-5)","background-image":"","background-repeat":"repeat","background-position":"center center","background-size":"auto","background-attachment":"scroll","background-type":"","background-media":"","overlay-type":"","overlay-color":"","overlay-opacity":"","overlay-gradient":""},"tablet":{"background-color":"var(--ast-global-color-5)","background-image":"","background-repeat":"repeat","background-position":"center center","background-size":"auto","background-attachment":"scroll","background-type":"","background-media":"","overlay-type":"","overlay-color":"","overlay-opacity":"","overlay-gradient":""},"mobile":{"background-color":"var(--ast-global-color-5)","background-image":"","background-repeat":"repeat","background-position":"center center","background-size":"auto","background-attachment":"scroll","background-type":"","background-media":"","overlay-type":"","overlay-color":"","overlay-opacity":"","overlay-gradient":""}},"_themeisle_gutenberg_block_has_review":false,"footnotes":""},"class_list":["post-327496","page","type-page","status-publish","hentry"],"acf":[],"featured_image_urls_v2":{"full":"","thumbnail":"","medium":"","medium_large":"","large":"","1536x1536":"","2048x2048":"","menu-24x24":"","menu-36x36":"","menu-48x48":"","mailpoet_newsletter_max":""},"post_excerpt_stackable_v2":"<p>J\u0119zyk Polski w Szkole Podstawowej \/ red. nacz. Joanna Piasta-Siechowicz. &#8211; Kielce : Wydawnictwo Pedagogiczne ZNP, 2017- W ostatnim numerze 2\/2020\/2021&#8211; Ods\u0142anianie sens\u00f3w &#8211; o po\u017cytkach czterokrotnej lektury jednego wiersza. Interpretacja&nbsp;B-moll&nbsp;Jana Lechonia&#8211;&nbsp;Kamienie na szaniec&nbsp;Aleksandra Kami\u0144skiego &#8211; cykl scenariuszy lekcji po\u015bwi\u0119cony lekturze&#8211; Niewykorzystany potencja\u0142. Kilka uwag o szkolnych praktykach omawiania lektury obowi\u0105zkowej&nbsp;Ziele na kraterze&nbsp;Melchior Wa\u0144kowicza&#8211;&nbsp;Wsp\u00f3lnie tworzymy du\u017cy ruch m\u0142odych humanist\u00f3w&#8230;&nbsp;O prawnych i praktycznych aspektach Olimpiady Literatury i J\u0119zyka Polskiego dla Szk\u00f3\u0142 Podstawowych&#8211; Przy lekturach bez my\u015blenia krytycznego ani rus!&#8211; Moja skrzynia z narz\u0119dziami, czyli o narz\u0119dziach TIK w metodyce uczenia j\u0119zyka polskiego&#8211; Wyj\u015b\u0107 z \u0142awek na spotkania z&#8230; lekturami&#8211; A tak&hellip;<\/p>\n","category_list_v2":"","author_info_v2":{"name":"bWdyemVnb3Jjenlr","url":"https:\/\/bpsiedlce.pl\/en\/author\/bwdyemvnb3jjenlr\/"},"comments_num_v2":"0 comments","_links":{"self":[{"href":"https:\/\/bpsiedlce.pl\/en\/wp-json\/wp\/v2\/pages\/327496","targetHints":{"allow":["GET"]}}],"collection":[{"href":"https:\/\/bpsiedlce.pl\/en\/wp-json\/wp\/v2\/pages"}],"about":[{"href":"https:\/\/bpsiedlce.pl\/en\/wp-json\/wp\/v2\/types\/page"}],"author":[{"embeddable":true,"href":"https:\/\/bpsiedlce.pl\/en\/wp-json\/wp\/v2\/users\/10"}],"replies":[{"embeddable":true,"href":"https:\/\/bpsiedlce.pl\/en\/wp-json\/wp\/v2\/comments?post=327496"}],"version-history":[{"count":2,"href":"https:\/\/bpsiedlce.pl\/en\/wp-json\/wp\/v2\/pages\/327496\/revisions"}],"predecessor-version":[{"id":327508,"href":"https:\/\/bpsiedlce.pl\/en\/wp-json\/wp\/v2\/pages\/327496\/revisions\/327508"}],"wp:attachment":[{"href":"https:\/\/bpsiedlce.pl\/en\/wp-json\/wp\/v2\/media?parent=327496"}],"curies":[{"name":"wp","href":"https:\/\/api.w.org\/{rel}","templated":true}]}}