{"id":327301,"date":"2021-07-07T15:50:55","date_gmt":"2021-07-07T13:50:55","guid":{"rendered":"https:\/\/bpsiedlce.pl\/dydaktyka\/"},"modified":"2024-02-21T17:18:33","modified_gmt":"2024-02-21T16:18:33","slug":"dydaktyka","status":"publish","type":"page","link":"https:\/\/bpsiedlce.pl\/en\/dydaktyka\/","title":{"rendered":"Didactics"},"content":{"rendered":"\n<h2 class=\"wp-block-heading\"><strong>BIBLIOTEKA SZKOLNA, CZYTELNICTWO<\/strong><\/h2>\n\n\n\n<p><a href=\"\/bajkoterapia-zestawienie-bibliograficzne-w-wyborze-za-lata-2015-2021\/\" data-type=\"URL\"><strong>Bajkoterapia<\/strong><\/a><strong>&nbsp;&#8211; AKTUALIZACJA 20.04.2021<\/strong><\/p>\n\n\n\n<p><a href=\"\/biblioterapia-zestawienie-bibliograficzne-w-wyborze-za-lata-2008-2015\/\" data-type=\"page\">Biblioterapia<\/a><\/p>\n\n\n\n<p><a href=\"\/promocja-czytelnictwa-w-epoce-cyfrowej-zestawienie-bibliograficzne-w-wyborze-za-lata-2000-2016\/\">Czytelnictwo w epoce cyfrowej &#8211; promocja<\/a><\/p>\n\n\n\n<p><strong><a href=\"\/promocja-czytelnictwa-w-epoce-cyfrowej-zestawienie-bibliograficzne-w-wyborze-za-lata-2016-2021\/\">Czytelnictwo w epoce cyfrowej &#8211; promocja &#8211; Cz. 2<\/a><\/strong> <strong>&#8211; AKTUALIZACJA 11.03.2021<\/strong><\/p>\n\n\n\n<p><a href=\"\/dydaktyka\/dziennikarstwo-zestawienie-bibliograficzne-w-wyborze-za-lata-2010-2018\/\">Dziennikarstwo<\/a><\/p>\n\n\n\n<p><strong><a href=\"\/glosne-czytanie-zestawienie-bibliograficzne-w-wyborze-za-lata-2005-2019\/\">G\u0142o\u015bne czytanie&nbsp;<\/a>&#8211;&nbsp;NOWO\u015a\u0106 29.09.2020<\/strong><\/p>\n\n\n\n<h2 class=\"wp-block-heading\"><strong>BIOLOGIA, PRZYRODY<\/strong><\/h2>\n\n\n\n<p><a href=\"https:\/\/bpsiedlce.pl\/en\/zbiory-audiowizualne\/\">Zbiory audiowizualne<\/a> \/ <a href=\"\/zbiory-audiowizualne\/biologia-przyroda\/\">Filmy edukacyjne<\/a><\/p>\n\n\n\n<p><a href=\"\/matura-biologia-zestawienie-bibliogarficzne-w-wyborze-za-lata-2010-2018\/\">Matura<\/a><\/p>\n\n\n\n<h2 class=\"wp-block-heading\"><strong>CHEMIA<\/strong><\/h2>\n\n\n\n<p><a href=\"\/matura-chemia-zestawienie-bibliogarficzne-w-wyborze-za-lata-2010-2018\/\">Matura<\/a><\/p>\n\n\n\n<h2 class=\"wp-block-heading\"><strong>FIZYKA<\/strong><\/h2>\n\n\n\n<p><a href=\"https:\/\/bpsiedlce.pl\/en\/zbiory-audiowizualne\/\">Zbiory audiowizualne<\/a> \/ <a href=\"\/zbiory-audiowizualne\/fizyka\/\">Filmy edukacyjne<\/a><\/p>\n\n\n\n<p><a href=\"\/matura-fizyka-zestawienie-bibliogarficzne-w-wyborze-za-lata-2010-2018\/\">Matura<\/a><\/p>\n\n\n\n<h2 class=\"wp-block-heading\"><strong>GEOGRAFIA<\/strong><\/h2>\n\n\n\n<p><a href=\"https:\/\/bpsiedlce.pl\/en\/zbiory-audiowizualne\/\">Zbiory audiowizualne<\/a> \/ <a href=\"\/zbiory-audiowizualne\/geografia\/\">Filmy edukacyjne<\/a><\/p>\n\n\n\n<p><a href=\"\/matura-geografia-zestawienie-bibliogarficzne-w-wyborze-za-lata-2010-2018\/\">Matura<\/a><\/p>\n\n\n\n<h2 class=\"wp-block-heading\"><strong>HISTORIA<\/strong><\/h2>\n\n\n\n<p><a href=\"https:\/\/bpsiedlce.pl\/en\/zbiory-audiowizualne\/\">Zbiory audiowizualne<\/a> \/ <a href=\"\/zbiory-audiowizualne\/historia\/\">Filmy edukacyjne<\/a><\/p>\n\n\n\n<p><a href=\"\/matura-historia-zestawienie-bibliogarficzne-w-wyborze-za-lata-2010-2018\/\">Matura<\/a><\/p>\n\n\n\n<h2 class=\"wp-block-heading\"><strong>J\u0118ZYK ANGIELSKI<\/strong><\/h2>\n\n\n\n<p><a href=\"\/egzamin-osmoklasisty-jezyk-angielski-zestawienie-bibliograficzne-w-wyborze-z-roku-2018\/\">Egzamin \u00f3smoklasisty<\/a><\/p>\n\n\n\n<p><a href=\"\/matura-jezyk-angielski-zestawienie-bibliogarficzne-w-wyborze-za-lata-2010-2018\/\">Matura<\/a><\/p>\n\n\n\n<p><a href=\"http:\/\/www.bpsiedlce.pl\/1\/strona\/81_zestawienia-bibliograficzne\/293_zbiory-audiowizualne\/226_jezyk-angielski\/\">Programy do nauki j\u0119zyka<\/a>  &#8211; USTALI\u0106 CO Z NIMI &#8211; MAJ\u0104 ODNO\u015aNIK DO NIEPASUJ\u0104CEJ ZAK\u0141ADKI (ZBIORY AUDIOWIZUALNE), ZOSTAWI\u0106 PUSTE\/USUN\u0104\u0106?<\/p>\n\n\n\n<h2 class=\"wp-block-heading\"><strong>J\u0118ZYK FRANCUSKI<\/strong><\/h2>\n\n\n\n<p><a href=\"\/matura-jezyk-francuski-zestawienie-bibliogarficzne-w-wyborze-za-lata-2010-2018\/\">Matura<\/a><\/p>\n\n\n\n<h2 class=\"wp-block-heading\"><strong>J\u0118ZYK NIEMIECKI<\/strong><\/h2>\n\n\n\n<p><a href=\"\/matura-jezyk-niemiecki-zestawienie-bibliogarficzne-w-wyborze-za-lata-2010-2018\/\">Matura<\/a><\/p>\n\n\n\n<h2 class=\"wp-block-heading\"><strong>J\u0118ZYK POLSKI<\/strong><\/h2>\n\n\n\n<p><a href=\"\/dysleksja-zestawienie-bibliograficzne-w-wyborze-za-lata-2003-2015\/\">Dysleksja<\/a><\/p>\n\n\n\n<p><a href=\"\/dysleksja-cz-2-zestawienie-bibliograficzne-w-wyborze-za-lata-2015-2021\/\"><strong>Dysleksja &#8211; Cz. 2<\/strong><\/a>&nbsp;<strong>&#8211; AKTUALIZACJA 18.03.2021<\/strong><\/p>\n\n\n\n<p><a href=\"\/egzamin-osmoklasisty-jezyk-polski-zestawienie-bibliograficzne-w-wyborze-z-roku-2018\/\">Egzamin \u00f3smoklasisty<\/a><\/p>\n\n\n\n<p><a href=\"https:\/\/bpsiedlce.pl\/en\/zbiory-audiowizualne\/\"><\/a><a href=\"https:\/\/bpsiedlce.pl\/en\/zbiory-audiowizualne\/\">Zbiory audiowizualne<\/a> \/ <a href=\"\/zbiory-audiowizualne\/ekranizacja-lektur\/\">Ekranizacje lektur<\/a><\/p>\n\n\n\n<p><a href=\"https:\/\/bpsiedlce.pl\/en\/zbiory-audiowizualne\/\">Zbiory audiowizualne<\/a> \/ <a href=\"\/zbiory-audiowizualne\/jezyk-polski\/\">Filmy edukacyjne i audiobooki<\/a><\/p>\n\n\n\n<p><a href=\"\/matura-jezyk-polski-zestawienie-bibliogarficzne-w-wyborze-za-lata-2010-2018\/\">Matura<\/a><\/p>\n\n\n\n<p><a href=\"\/multimedia-w-edukacji-polonistycznej-zestawienie-bibliograficzne-w-wyborze-za-lata-2005-2013\/\">Multimedia w edukacji polonistycznej<\/a><\/p>\n\n\n\n<p><a href=\"https:\/\/bpsiedlce.pl\/en\/zbiory-audiowizualne\/\">Zbiory audiowizualne<\/a> \/ <a href=\"\/teatr-telewizji\/\">Teatr telewizji &#8211; DVD<\/a><\/p>\n\n\n\n<p><a href=\"\/teksty-ikoniczne-na-lekcjach-jezyka-polskiego-zestawienie-bibliograficzne-w-wyborze-za-lata-1994-2016\/\">Teksty ikoniczne na lekcjach j\u0119zyka polskiego<\/a><\/p>\n\n\n\n<p><a href=\"https:\/\/bpsiedlce.pl\/en\/wychowanie-pedagogika\/\">Wychowanie. Pedagogika<\/a> \/ <a href=\"\/uczen-cudzoziemiec-w-polskiej-szkole-zestawienie-bibliograficzne-w-wyborze-za-lata-2006-2019\/\">Ucze\u0144-cudzoziemiec w polskiej szkole<\/a><\/p>\n\n\n\n<h2 class=\"wp-block-heading\"><strong>J\u0118ZYK ROSYJSKI<\/strong><\/h2>\n\n\n\n<p><a href=\"\/matura-jezyk-rosyjski-zestawienie-bibliogarficzne-w-wyborze-za-lata-2010-2018\/\">Matura<\/a><\/p>\n\n\n\n<h2 class=\"wp-block-heading\"><strong>MATEMATYKA<\/strong><\/h2>\n\n\n\n<p><a href=\"\/dyskalkulia-zestawienie-bibliograficzne-w-wyborze-za-lata-2004-2017\/\">Dyskalkulia<\/a><\/p>\n\n\n\n<p><a href=\"\/edukacja-matematyczna-w-przedszkolu-zestawienie-bibliograficzne-w-wyborze-2009-2020\/\">Edukacja matematyczna w przedszkolu<\/a><\/p>\n\n\n\n<p><a href=\"\/egzamin-osmoklasisty-matematyka-zestawienie-bibliograficzne-w-wyborze-z-roku-2018\/\">Egzamin \u00f3smoklasisty<\/a><\/p>\n\n\n\n<p><a href=\"\/gry-dydaktyczne-sposobem-na-indywidualizacje-procesu-nauczania-matematyki-zestawienie-bibliograficzne-w-wyborze-za-lata-2010-2021\/\"><strong>Gry dydaktyczne w nauczaniu matematyki<\/strong><\/a><strong>&nbsp;&#8211; AKTUALIZACJA 24.06.2021<\/strong><\/p>\n\n\n\n<p><a href=\"http:\/\/www.bpsiedlce.pl\/1\/strona\/81_zestawienia-bibliograficzne\/293_zbiory-audiowizualne\/233_matematyka\/\">Materia\u0142y audiowizualne<\/a> &#8212; NIELOGICZNY LINK &#8211; DO ZAK\u0141ADKI ZBIORY AUDIOWIZUALNE<\/p>\n\n\n\n<p><a href=\"\/matura-matematyka-zestawienie-bibliogarficzne-w-wyborze-za-lata-2010-2018\/\">Matura<\/a><\/p>\n\n\n\n<h2 class=\"wp-block-heading\"><strong>MUZYKA<\/strong><\/h2>\n\n\n\n<p><a href=\"\/aktywne-sluchanie-muzyki-wg-batii-strauss-zestawienie-bibliograficzne-w-wyborze-za-lata-2001-2012\/\">Aktywne s\u0142uchanie muzyki wg. Batii Strauss<\/a><\/p>\n\n\n\n<p><a href=\"\/edukacja-muzyczna-carla-orffa-zestawienia-bibliograficzne-w-wyborze-za-lata-1986-2012\/\">Edukacja muzyczna Carla Orffa<\/a><\/p>\n\n\n\n<p><a href=\"\/muzyka-i-ruch-dla-smyka-zestawienie-bibliograficzne-wyborze-za-lata-2003-2014\/\">Muzyka i ruch dla smyka<\/a><\/p>\n\n\n\n<h2 class=\"wp-block-heading\"><strong>NAUCZANIE POCZ\u0104TKOWE<\/strong><\/h2>\n\n\n\n<p><a href=\"https:\/\/bpsiedlce.pl\/en\/wychowanie-pedagogika\/\">Wychowanie. Pedagogika<\/a> \/ <a href=\"\/badam-i-doswiadczam-dziecko-w-swiecie-eksperymentow-przyrodniczych-zestawienie-bibliograficzne-w-wyborze-za-lata-2001-2019\/\">Eksperymenty przyrodnicze dla dzieci<\/a><\/p>\n\n\n\n<p><a href=\"https:\/\/bpsiedlce.pl\/en\/zbiory-audiowizualne\/\">Zbiory audiowizualne<\/a> \/ <a href=\"\/zbiory-audiowizualne\/nauczanie-poczatkowe\/\">Filmy edukacyjne i audiobooki<\/a><\/p>\n\n\n\n<p><a href=\"\/kompetencje-matematyczno-przyrodnicze-w-edukacji-wczesnoszkolnej-zestawienie-bibliograficzne-w-wyborze-za-lata-2012-2018\/\/\">Kompetencje matematyczno-przyrodnicze w edukacji wczesnoszkolnej<\/a><\/p>\n\n\n\n<p><a href=\"\/metody-aktywizujace-w-nauczaniu-poczatkowym-zestawienie-bibliograficzne-w-wyborze-za-lata-2014-2020\/\"><strong>Metody aktywizuj\u0105ce w nauczaniu pocz\u0105tkowym<\/strong><\/a><strong>&nbsp;&#8211; AKTUALIZACJA 29.03.2021<\/strong><\/p>\n\n\n\n<p><a href=\"\/stymulowanie-rozwoju-dziecka-zdolnego-w-kl-i-iii-zestawienie-bibliograficzne-w-wyborze-za-lata-2010-2016\/\">Stymulowanie rozwoju dziecka zdolnego w kl. I-III<\/a><\/p>\n\n\n\n<p><a href=\"http:\/\/www.bpsiedlce.pl\/1\/strona\/81_zestawienia-bibliograficzne\/286_pedagogika-wychowanie\/786_swietlica-szkolna-przyjazna-dziecku\/\"><strong>\u015awietlica szkolna przyjazna dziecku<\/strong><\/a><strong>&nbsp;&#8211; AKTUALIZACJA 20.04.2021<\/strong><\/p>\n\n\n\n<p><strong><a href=\"\/terapia-reki-w-pracy-z-uczniem-ze-specjalnymi-potrzebami-edukacyjnymi-zestawienie-bibliograficzne-w-wyborze-za-lata-2010-2020\/\/\">Terapia r\u0119ki<\/a>&nbsp;&#8211; AKTUALIZACJA 24.06.2021<\/strong><\/p>\n\n\n\n<p><strong><a href=\"\/zastosowanie-multimediow-i-internetu-w-edukacji-wczesnoszkolnej-zestawienie-bibliograficzne-w-wyborze-za-lata-2001-2021\">Zastosowanie multimedi\u00f3w i internetu w edukacji wczesnoszkolnej<\/a>&nbsp;&#8211; AKTUALIZACJA 11.05.2021<\/strong><\/p>\n\n\n\n<h2 class=\"wp-block-heading\"><strong>PRZEDSZKOLE<\/strong><\/h2>\n\n\n\n<p><a href=\"\/edukacja-matematyczna-w-przedszkolu-zestawienie-bibliograficzne-w-wyborze-2009-2020\/\"><strong>Edukacja matematyczna w przedszkolu&nbsp;<\/strong><\/a><strong>&#8211; AKTUALIZACJA 31.03.2021<\/strong><\/p>\n\n\n\n<p><a href=\"https:\/\/bpsiedlce.pl\/en\/zbiory-audiowizualne\/\">Zbiory audiowizualne<\/a> \/ <a href=\"\/zbiory-audiowizualne\/wychowanie-przedszkolne\/\">Filmy edukacyjne, audiobooki, dokumenty d\u017awi\u0119kowe<\/a><\/p>\n\n\n\n<p><a href=\"\/materialy-pomocnicze-do-zajec-muzycznych-w-przedszkolu-zestawienie-bibliograficzne-w-wyborze-za-lata-2015-2018\/\">Zaj\u0119cia muzyczne<\/a><\/p>\n\n\n\n<h2 class=\"wp-block-heading\"><strong>RELIGIA<\/strong><\/h2>\n\n\n\n<p><a href=\"https:\/\/bpsiedlce.pl\/en\/zbiory-audiowizualne\/\">Zbiory audiowizualne<\/a> \/ <a href=\"\/zbiory-audiowizualne\/religia\/\">Filmy edukacyjne<\/a><\/p>\n\n\n\n<h2 class=\"wp-block-heading\"><strong>WIEDZA O KULTURZE<\/strong><\/h2>\n\n\n\n<p><a href=\"\/wiedza-o-kulturze-zestawienie-bibliograficzne-w-wyborze-za-lata-2002-2018\/\">Wiedza o kulturze<\/a><\/p>\n\n\n\n<h2 class=\"wp-block-heading\"><strong>WIEDZA O SPO\u0141ECZE\u0143STWIE<\/strong><\/h2>\n\n\n\n<p><a href=\"\/matura-wiedza-o-spoleczenstwie-zestawienie-bibliogarficzne-w-wyborze-za-lata-2010-2018\/\">Matura<\/a><\/p>\n\n\n\n<h2 class=\"wp-block-heading\"><strong>WYCHOWANIE DO \u017bYCIA W RODZINIE<\/strong><\/h2>\n\n\n\n<p><a href=\"https:\/\/bpsiedlce.pl\/en\/zbiory-audiowizualne\/\">Zbiory audiowizualne<\/a> \/ <a href=\"\/zbiory-audiowizualne\/wychowanie-do-zycia-w-rodzinie\/\">Filmy edukacyjne<\/a><\/p>\n","protected":false},"excerpt":{"rendered":"<p>BIBLIOTEKA SZKOLNA, CZYTELNICTWO Bajkoterapia&nbsp;&#8211; AKTUALIZACJA 20.04.2021 Biblioterapia Czytelnictwo w epoce cyfrowej &#8211; promocja Czytelnictwo w epoce cyfrowej &#8211; promocja &#8211; [&hellip;]<\/p>\n","protected":false},"author":10,"featured_media":0,"parent":0,"menu_order":0,"comment_status":"closed","ping_status":"closed","template":"","meta":{"_acf_changed":false,"_oasis_is_in_workflow":0,"_oasis_original":0,"inline_featured_image":false,"site-sidebar-layout":"default","site-content-layout":"default","ast-site-content-layout":"default","site-content-style":"default","site-sidebar-style":"default","ast-global-header-display":"","ast-banner-title-visibility":"","ast-main-header-display":"","ast-hfb-above-header-display":"","ast-hfb-below-header-display":"","ast-hfb-mobile-header-display":"","site-post-title":"","ast-breadcrumbs-content":"","ast-featured-img":"","footer-sml-layout":"","ast-disable-related-posts":"","theme-transparent-header-meta":"default","adv-header-id-meta":"","stick-header-meta":"","header-above-stick-meta":"","header-main-stick-meta":"","header-below-stick-meta":"","astra-migrate-meta-layouts":"set","ast-page-background-enabled":"default","ast-page-background-meta":{"desktop":{"background-color":"","background-image":"","background-repeat":"repeat","background-position":"center center","background-size":"auto","background-attachment":"scroll","background-type":"","background-media":"","overlay-type":"","overlay-color":"","overlay-opacity":"","overlay-gradient":""},"tablet":{"background-color":"","background-image":"","background-repeat":"repeat","background-position":"center center","background-size":"auto","background-attachment":"scroll","background-type":"","background-media":"","overlay-type":"","overlay-color":"","overlay-opacity":"","overlay-gradient":""},"mobile":{"background-color":"","background-image":"","background-repeat":"repeat","background-position":"center center","background-size":"auto","background-attachment":"scroll","background-type":"","background-media":"","overlay-type":"","overlay-color":"","overlay-opacity":"","overlay-gradient":""}},"ast-content-background-meta":{"desktop":{"background-color":"var(--ast-global-color-5)","background-image":"","background-repeat":"repeat","background-position":"center center","background-size":"auto","background-attachment":"scroll","background-type":"","background-media":"","overlay-type":"","overlay-color":"","overlay-opacity":"","overlay-gradient":""},"tablet":{"background-color":"var(--ast-global-color-5)","background-image":"","background-repeat":"repeat","background-position":"center center","background-size":"auto","background-attachment":"scroll","background-type":"","background-media":"","overlay-type":"","overlay-color":"","overlay-opacity":"","overlay-gradient":""},"mobile":{"background-color":"var(--ast-global-color-5)","background-image":"","background-repeat":"repeat","background-position":"center center","background-size":"auto","background-attachment":"scroll","background-type":"","background-media":"","overlay-type":"","overlay-color":"","overlay-opacity":"","overlay-gradient":""}},"_themeisle_gutenberg_block_has_review":false,"footnotes":""},"class_list":["post-327301","page","type-page","status-publish","hentry"],"acf":[],"featured_image_urls_v2":{"full":"","thumbnail":"","medium":"","medium_large":"","large":"","1536x1536":"","2048x2048":"","menu-24x24":"","menu-36x36":"","menu-48x48":"","mailpoet_newsletter_max":""},"post_excerpt_stackable_v2":"<p>BIBLIOTEKA SZKOLNA, CZYTELNICTWO Bajkoterapia&nbsp;&#8211; AKTUALIZACJA 20.04.2021 Biblioterapia Czytelnictwo w epoce cyfrowej &#8211; promocja Czytelnictwo w epoce cyfrowej &#8211; promocja &#8211; Cz. 2 &#8211; AKTUALIZACJA 11.03.2021 Dziennikarstwo G\u0142o\u015bne czytanie&nbsp;&#8211;&nbsp;NOWO\u015a\u0106 29.09.2020 BIOLOGIA, PRZYRODY Zbiory audiowizualne \/ Filmy edukacyjne Matura CHEMIA Matura FIZYKA Zbiory audiowizualne \/ Filmy edukacyjne Matura GEOGRAFIA Zbiory audiowizualne \/ Filmy edukacyjne Matura HISTORIA Zbiory audiowizualne \/ Filmy edukacyjne Matura J\u0118ZYK ANGIELSKI Egzamin \u00f3smoklasisty Matura Programy do nauki j\u0119zyka &#8211; USTALI\u0106 CO Z NIMI &#8211; MAJ\u0104 ODNO\u015aNIK DO NIEPASUJ\u0104CEJ ZAK\u0141ADKI (ZBIORY AUDIOWIZUALNE), ZOSTAWI\u0106 PUSTE\/USUN\u0104\u0106? J\u0118ZYK FRANCUSKI Matura J\u0118ZYK NIEMIECKI Matura J\u0118ZYK POLSKI Dysleksja Dysleksja &#8211; Cz. 2&nbsp;&#8211; AKTUALIZACJA 18.03.2021 Egzamin&hellip;<\/p>\n","category_list_v2":"","author_info_v2":{"name":"bWdyemVnb3Jjenlr","url":"https:\/\/bpsiedlce.pl\/en\/author\/bwdyemvnb3jjenlr\/"},"comments_num_v2":"0 comments","_links":{"self":[{"href":"https:\/\/bpsiedlce.pl\/en\/wp-json\/wp\/v2\/pages\/327301","targetHints":{"allow":["GET"]}}],"collection":[{"href":"https:\/\/bpsiedlce.pl\/en\/wp-json\/wp\/v2\/pages"}],"about":[{"href":"https:\/\/bpsiedlce.pl\/en\/wp-json\/wp\/v2\/types\/page"}],"author":[{"embeddable":true,"href":"https:\/\/bpsiedlce.pl\/en\/wp-json\/wp\/v2\/users\/10"}],"replies":[{"embeddable":true,"href":"https:\/\/bpsiedlce.pl\/en\/wp-json\/wp\/v2\/comments?post=327301"}],"version-history":[{"count":10,"href":"https:\/\/bpsiedlce.pl\/en\/wp-json\/wp\/v2\/pages\/327301\/revisions"}],"predecessor-version":[{"id":327367,"href":"https:\/\/bpsiedlce.pl\/en\/wp-json\/wp\/v2\/pages\/327301\/revisions\/327367"}],"wp:attachment":[{"href":"https:\/\/bpsiedlce.pl\/en\/wp-json\/wp\/v2\/media?parent=327301"}],"curies":[{"name":"wp","href":"https:\/\/api.w.org\/{rel}","templated":true}]}}