{"id":327262,"date":"2021-07-07T11:33:14","date_gmt":"2021-07-07T09:33:14","guid":{"rendered":"https:\/\/bpsiedlce.pl\/filmy\/"},"modified":"2024-02-21T17:10:32","modified_gmt":"2024-02-21T16:10:32","slug":"filmy","status":"publish","type":"page","link":"https:\/\/bpsiedlce.pl\/en\/filmy\/","title":{"rendered":"Movies"},"content":{"rendered":"\n<p>W zbiorach naszej biblioteki dost\u0119pna jest poka\u017ana kolekcja film\u00f3w na no\u015bniku DVD. Obejmuje ona, w du\u017cej mierze,&nbsp;<strong>filmy fabularne dla doros\u0142ych, m\u0142odzie\u017cy i dzieci.<\/strong>&nbsp;S\u0105 w\u015br\u00f3d nich r\u00f3\u017cne gatunki filmowe: dramaty, komedie, thrillery, filmy przygodowe, familijne, fantastyczne, dokumentalne, biograficzne, muzyczne, seriale telewizyjne oraz inne.<\/p>\n\n\n\n<p>W\u015br\u00f3d tytu\u0142\u00f3w proponowanych doros\u0142emu odbiorcy s\u0105 nie tylko produkcje najnowsze, ale r\u00f3wnie\u017c klasyczne te, kt\u00f3re stanowi\u0105 kanon polskiej i \u015bwiatowej kinematografii. Najm\u0142odszych u\u017cytkownik\u00f3w mo\u017ce zainteresowa\u0107 szeroka oferta film\u00f3w animowanych oraz fabularnych dla dzieci i m\u0142odzie\u017cy. Uczniowie mog\u0105 skorzysta\u0107 z zekranizowanych lektur szkolnych.<\/p>\n\n\n\n<p>Spor\u0105 cz\u0119\u015b\u0107 zbior\u00f3w audiowizualnych stanowi\u0105&nbsp;<strong>filmy edukacyjne,<\/strong>&nbsp;kt\u00f3re mog\u0105 pom\u00f3c nauczycielom, wychowawcom i pedagogom w ciekawszym prowadzeniu zaj\u0119\u0107 edukacyjnych i wychowawczych. Mog\u0105 one by\u0107 wykorzystywane tak\u017ce przez uczni\u00f3w i u\u0142atwi\u0107 im zrozumienie trudniejszych partii materia\u0142u. R\u00f3wnie\u017c problemy wychowawcze mog\u0105 by\u0107 omawiane przez nauczycieli lub rodzic\u00f3w w oparciu o te filmy b\u0105d\u017a ich fragmenty np. na godzinie wychowawczej czy wychowaniu do \u017cycia w rodzinie.<\/p>\n\n\n\n<p>Dzi\u0119ki takiej r\u00f3\u017cnorodno\u015bci ka\u017cdy u\u017cytkownik znajdzie w naszych zbiorach co\u015b dla siebie.<\/p>\n\n\n\n<p>Kolekcja liczy ponad\u00a0<strong>4200 tytu\u0142\u00f3w film\u00f3w DVD<\/strong>, kt\u00f3re wypo\u017cyczane s\u0105\u00a0<strong>BEZP\u0141ATNIE na okres 7 dni.<\/strong><\/p>\n\n\n\n<p class=\"has-text-align-right\">Oprac. Ma\u0142gorzata Perci\u0144ska<\/p>\n\n\n\n<figure class=\"wp-block-gallery has-nested-images columns-default is-cropped wp-block-gallery-1 is-layout-flex wp-block-gallery-is-layout-flex\">\n<figure class=\"wp-block-image size-large\"><img decoding=\"async\" data-id=\"1554\" src=\"https:\/\/bpsiedlce.pl\/wp-content\/uploads\/sites\/5\/2021\/07\/film-do-zbiorow-1.jpg\" alt=\"\" class=\"wp-image-1554\" \/><\/figure>\n<\/figure>\n","protected":false},"excerpt":{"rendered":"<p>W zbiorach naszej biblioteki dost\u0119pna jest poka\u017ana kolekcja film\u00f3w na no\u015bniku DVD. Obejmuje ona, w du\u017cej mierze,&nbsp;filmy fabularne dla doros\u0142ych, [&hellip;]<\/p>\n","protected":false},"author":10,"featured_media":0,"parent":0,"menu_order":0,"comment_status":"closed","ping_status":"closed","template":"","meta":{"_acf_changed":false,"_oasis_is_in_workflow":0,"_oasis_original":0,"inline_featured_image":false,"site-sidebar-layout":"default","site-content-layout":"default","ast-site-content-layout":"default","site-content-style":"default","site-sidebar-style":"default","ast-global-header-display":"","ast-banner-title-visibility":"","ast-main-header-display":"","ast-hfb-above-header-display":"","ast-hfb-below-header-display":"","ast-hfb-mobile-header-display":"","site-post-title":"","ast-breadcrumbs-content":"","ast-featured-img":"","footer-sml-layout":"","ast-disable-related-posts":"","theme-transparent-header-meta":"default","adv-header-id-meta":"","stick-header-meta":"","header-above-stick-meta":"","header-main-stick-meta":"","header-below-stick-meta":"","astra-migrate-meta-layouts":"set","ast-page-background-enabled":"default","ast-page-background-meta":{"desktop":{"background-color":"","background-image":"","background-repeat":"repeat","background-position":"center center","background-size":"auto","background-attachment":"scroll","background-type":"","background-media":"","overlay-type":"","overlay-color":"","overlay-opacity":"","overlay-gradient":""},"tablet":{"background-color":"","background-image":"","background-repeat":"repeat","background-position":"center center","background-size":"auto","background-attachment":"scroll","background-type":"","background-media":"","overlay-type":"","overlay-color":"","overlay-opacity":"","overlay-gradient":""},"mobile":{"background-color":"","background-image":"","background-repeat":"repeat","background-position":"center center","background-size":"auto","background-attachment":"scroll","background-type":"","background-media":"","overlay-type":"","overlay-color":"","overlay-opacity":"","overlay-gradient":""}},"ast-content-background-meta":{"desktop":{"background-color":"var(--ast-global-color-5)","background-image":"","background-repeat":"repeat","background-position":"center center","background-size":"auto","background-attachment":"scroll","background-type":"","background-media":"","overlay-type":"","overlay-color":"","overlay-opacity":"","overlay-gradient":""},"tablet":{"background-color":"var(--ast-global-color-5)","background-image":"","background-repeat":"repeat","background-position":"center center","background-size":"auto","background-attachment":"scroll","background-type":"","background-media":"","overlay-type":"","overlay-color":"","overlay-opacity":"","overlay-gradient":""},"mobile":{"background-color":"var(--ast-global-color-5)","background-image":"","background-repeat":"repeat","background-position":"center center","background-size":"auto","background-attachment":"scroll","background-type":"","background-media":"","overlay-type":"","overlay-color":"","overlay-opacity":"","overlay-gradient":""}},"_themeisle_gutenberg_block_has_review":false,"footnotes":""},"class_list":["post-327262","page","type-page","status-publish","hentry"],"acf":[],"featured_image_urls_v2":{"full":"","thumbnail":"","medium":"","medium_large":"","large":"","1536x1536":"","2048x2048":"","menu-24x24":"","menu-36x36":"","menu-48x48":"","mailpoet_newsletter_max":""},"post_excerpt_stackable_v2":"<p>W zbiorach naszej biblioteki dost\u0119pna jest poka\u017ana kolekcja film\u00f3w na no\u015bniku DVD. Obejmuje ona, w du\u017cej mierze,&nbsp;filmy fabularne dla doros\u0142ych, m\u0142odzie\u017cy i dzieci.&nbsp;S\u0105 w\u015br\u00f3d nich r\u00f3\u017cne gatunki filmowe: dramaty, komedie, thrillery, filmy przygodowe, familijne, fantastyczne, dokumentalne, biograficzne, muzyczne, seriale telewizyjne oraz inne. W\u015br\u00f3d tytu\u0142\u00f3w proponowanych doros\u0142emu odbiorcy s\u0105 nie tylko produkcje najnowsze, ale r\u00f3wnie\u017c klasyczne te, kt\u00f3re stanowi\u0105 kanon polskiej i \u015bwiatowej kinematografii. Najm\u0142odszych u\u017cytkownik\u00f3w mo\u017ce zainteresowa\u0107 szeroka oferta film\u00f3w animowanych oraz fabularnych dla dzieci i m\u0142odzie\u017cy. Uczniowie mog\u0105 skorzysta\u0107 z zekranizowanych lektur szkolnych. Spor\u0105 cz\u0119\u015b\u0107 zbior\u00f3w audiowizualnych stanowi\u0105&nbsp;filmy edukacyjne,&nbsp;kt\u00f3re mog\u0105 pom\u00f3c nauczycielom, wychowawcom i pedagogom w ciekawszym prowadzeniu zaj\u0119\u0107&hellip;<\/p>\n","category_list_v2":"","author_info_v2":{"name":"bWdyemVnb3Jjenlr","url":"https:\/\/bpsiedlce.pl\/en\/author\/bwdyemvnb3jjenlr\/"},"comments_num_v2":"0 comments","_links":{"self":[{"href":"https:\/\/bpsiedlce.pl\/en\/wp-json\/wp\/v2\/pages\/327262","targetHints":{"allow":["GET"]}}],"collection":[{"href":"https:\/\/bpsiedlce.pl\/en\/wp-json\/wp\/v2\/pages"}],"about":[{"href":"https:\/\/bpsiedlce.pl\/en\/wp-json\/wp\/v2\/types\/page"}],"author":[{"embeddable":true,"href":"https:\/\/bpsiedlce.pl\/en\/wp-json\/wp\/v2\/users\/10"}],"replies":[{"embeddable":true,"href":"https:\/\/bpsiedlce.pl\/en\/wp-json\/wp\/v2\/comments?post=327262"}],"version-history":[{"count":2,"href":"https:\/\/bpsiedlce.pl\/en\/wp-json\/wp\/v2\/pages\/327262\/revisions"}],"predecessor-version":[{"id":327274,"href":"https:\/\/bpsiedlce.pl\/en\/wp-json\/wp\/v2\/pages\/327262\/revisions\/327274"}],"wp:attachment":[{"href":"https:\/\/bpsiedlce.pl\/en\/wp-json\/wp\/v2\/media?parent=327262"}],"curies":[{"name":"wp","href":"https:\/\/api.w.org\/{rel}","templated":true}]}}