{"id":327187,"date":"2021-07-07T11:38:33","date_gmt":"2021-07-07T09:38:33","guid":{"rendered":"https:\/\/bpsiedlce.pl\/gry-dydaktyczne\/"},"modified":"2024-02-21T17:04:12","modified_gmt":"2024-02-21T16:04:12","slug":"gry-dydaktyczne","status":"publish","type":"page","link":"https:\/\/bpsiedlce.pl\/en\/gry-dydaktyczne\/","title":{"rendered":"Didactic games"},"content":{"rendered":"\n<p>Od marca 2021 roku rozszerzamy ofert\u0119 dla wszystkich, kt\u00f3rzy pragn\u0105 ciekawej, ale i m\u0105drej rozrywki dla ca\u0142ej rodziny. W bibliotece mo\u017cna wypo\u017cyczy\u0107&nbsp;<strong>gry dydaktyczne<\/strong>, kt\u00f3re \u015bwietnie wpisuj\u0105 si\u0119 w trendy edukacyjne dzieci i m\u0142odzie\u017cy. Oferujemy tak\u017ce plansz\u00f3wki dla m\u0142odzie\u017cy i doros\u0142ych. S\u0105 w\u015br\u00f3d nich gry klasyczne, jak chi\u0144czyk, szachy czy warcaby oraz hity, takie jak Scrabble i Monopoly, ale tak\u017ce nowe, modne, kt\u00f3re zyska\u0142y szeroki rozg\u0142os i zosta\u0142y nagrodzone jak Azul czy Wsi\u0105\u015b\u0107 do poci\u0105gu.<\/p>\n\n\n\n<p>Gry dydaktyczne znakomicie uzupe\u0142niaj\u0105 zaj\u0119cia w przedszkolu, szkole, a przede wszystkim samokszta\u0142cenie. W niebanalny spos\u00f3b poszerzaj\u0105 wiedz\u0119 dzieci, m\u0142odzie\u017cy i doros\u0142ych.<\/p>\n\n\n\n<p>Gry logiczne, przygodowe, strategiczne stanowi\u0105 \u015bwietn\u0105 rozrywk\u0119 intelektualn\u0105, rozwijaj\u0105 spostrzegawczo\u015b\u0107, zdolno\u015bci przewidywania, ucz\u0105 wsp\u00f3\u0142pracy, umilaj\u0105 spotkania z rodzin\u0105 i przyjaci\u00f3\u0142mi. Wiele spo\u015br\u00f3d nich mo\u017ce by\u0107 znakomit\u0105 zabaw\u0105 mi\u0119dzypokoleniow\u0105.<\/p>\n\n\n\n<p>Lista gier obejmuje blisko sto tytu\u0142\u00f3w, wybranych w oparciu o rankingi popularno\u015bci, zdobyte nagrody, walory edukacyjne i estetyczne. Ka\u017cdy mi\u0142o\u015bnik &#8220;gier bez pr\u0105du&#8221; znajdzie tu co\u015b dla siebie.<\/p>\n\n\n\n<p>Jednorazowo mo\u017cna wypo\u017cyczy\u0107 2 gry na 14 dni. Opisy gier znajduj\u0105 si\u0119 w katalogu, opatrzone s\u0105 ikonk\u0105 \u201eGra dydaktyczna&#8221;. Zapraszamy do korzystania.<\/p>\n\n\n\n<p class=\"has-text-align-right\">Oprac. Hanna Krasuska-Terka<\/p>\n","protected":false},"excerpt":{"rendered":"<p>Od marca 2021 roku rozszerzamy ofert\u0119 dla wszystkich, kt\u00f3rzy pragn\u0105 ciekawej, ale i m\u0105drej rozrywki dla ca\u0142ej rodziny. W bibliotece [&hellip;]<\/p>\n","protected":false},"author":10,"featured_media":0,"parent":0,"menu_order":0,"comment_status":"closed","ping_status":"closed","template":"","meta":{"_acf_changed":false,"_oasis_is_in_workflow":0,"_oasis_original":0,"inline_featured_image":false,"site-sidebar-layout":"default","site-content-layout":"default","ast-site-content-layout":"default","site-content-style":"default","site-sidebar-style":"default","ast-global-header-display":"","ast-banner-title-visibility":"","ast-main-header-display":"","ast-hfb-above-header-display":"","ast-hfb-below-header-display":"","ast-hfb-mobile-header-display":"","site-post-title":"","ast-breadcrumbs-content":"","ast-featured-img":"","footer-sml-layout":"","ast-disable-related-posts":"","theme-transparent-header-meta":"default","adv-header-id-meta":"","stick-header-meta":"","header-above-stick-meta":"","header-main-stick-meta":"","header-below-stick-meta":"","astra-migrate-meta-layouts":"set","ast-page-background-enabled":"default","ast-page-background-meta":{"desktop":{"background-color":"","background-image":"","background-repeat":"repeat","background-position":"center center","background-size":"auto","background-attachment":"scroll","background-type":"","background-media":"","overlay-type":"","overlay-color":"","overlay-opacity":"","overlay-gradient":""},"tablet":{"background-color":"","background-image":"","background-repeat":"repeat","background-position":"center center","background-size":"auto","background-attachment":"scroll","background-type":"","background-media":"","overlay-type":"","overlay-color":"","overlay-opacity":"","overlay-gradient":""},"mobile":{"background-color":"","background-image":"","background-repeat":"repeat","background-position":"center center","background-size":"auto","background-attachment":"scroll","background-type":"","background-media":"","overlay-type":"","overlay-color":"","overlay-opacity":"","overlay-gradient":""}},"ast-content-background-meta":{"desktop":{"background-color":"var(--ast-global-color-5)","background-image":"","background-repeat":"repeat","background-position":"center center","background-size":"auto","background-attachment":"scroll","background-type":"","background-media":"","overlay-type":"","overlay-color":"","overlay-opacity":"","overlay-gradient":""},"tablet":{"background-color":"var(--ast-global-color-5)","background-image":"","background-repeat":"repeat","background-position":"center center","background-size":"auto","background-attachment":"scroll","background-type":"","background-media":"","overlay-type":"","overlay-color":"","overlay-opacity":"","overlay-gradient":""},"mobile":{"background-color":"var(--ast-global-color-5)","background-image":"","background-repeat":"repeat","background-position":"center center","background-size":"auto","background-attachment":"scroll","background-type":"","background-media":"","overlay-type":"","overlay-color":"","overlay-opacity":"","overlay-gradient":""}},"_themeisle_gutenberg_block_has_review":false,"footnotes":""},"class_list":["post-327187","page","type-page","status-publish","hentry"],"acf":[],"featured_image_urls_v2":{"full":"","thumbnail":"","medium":"","medium_large":"","large":"","1536x1536":"","2048x2048":"","menu-24x24":"","menu-36x36":"","menu-48x48":"","mailpoet_newsletter_max":""},"post_excerpt_stackable_v2":"<p>Od marca 2021 roku rozszerzamy ofert\u0119 dla wszystkich, kt\u00f3rzy pragn\u0105 ciekawej, ale i m\u0105drej rozrywki dla ca\u0142ej rodziny. W bibliotece mo\u017cna wypo\u017cyczy\u0107&nbsp;gry dydaktyczne, kt\u00f3re \u015bwietnie wpisuj\u0105 si\u0119 w trendy edukacyjne dzieci i m\u0142odzie\u017cy. Oferujemy tak\u017ce plansz\u00f3wki dla m\u0142odzie\u017cy i doros\u0142ych. S\u0105 w\u015br\u00f3d nich gry klasyczne, jak chi\u0144czyk, szachy czy warcaby oraz hity, takie jak Scrabble i Monopoly, ale tak\u017ce nowe, modne, kt\u00f3re zyska\u0142y szeroki rozg\u0142os i zosta\u0142y nagrodzone jak Azul czy Wsi\u0105\u015b\u0107 do poci\u0105gu. Gry dydaktyczne znakomicie uzupe\u0142niaj\u0105 zaj\u0119cia w przedszkolu, szkole, a przede wszystkim samokszta\u0142cenie. W niebanalny spos\u00f3b poszerzaj\u0105 wiedz\u0119 dzieci, m\u0142odzie\u017cy i doros\u0142ych. Gry logiczne, przygodowe, strategiczne stanowi\u0105&hellip;<\/p>\n","category_list_v2":"","author_info_v2":{"name":"bWdyemVnb3Jjenlr","url":"https:\/\/bpsiedlce.pl\/en\/author\/bwdyemvnb3jjenlr\/"},"comments_num_v2":"0 comments","_links":{"self":[{"href":"https:\/\/bpsiedlce.pl\/en\/wp-json\/wp\/v2\/pages\/327187","targetHints":{"allow":["GET"]}}],"collection":[{"href":"https:\/\/bpsiedlce.pl\/en\/wp-json\/wp\/v2\/pages"}],"about":[{"href":"https:\/\/bpsiedlce.pl\/en\/wp-json\/wp\/v2\/types\/page"}],"author":[{"embeddable":true,"href":"https:\/\/bpsiedlce.pl\/en\/wp-json\/wp\/v2\/users\/10"}],"replies":[{"embeddable":true,"href":"https:\/\/bpsiedlce.pl\/en\/wp-json\/wp\/v2\/comments?post=327187"}],"version-history":[{"count":2,"href":"https:\/\/bpsiedlce.pl\/en\/wp-json\/wp\/v2\/pages\/327187\/revisions"}],"predecessor-version":[{"id":327199,"href":"https:\/\/bpsiedlce.pl\/en\/wp-json\/wp\/v2\/pages\/327187\/revisions\/327199"}],"wp:attachment":[{"href":"https:\/\/bpsiedlce.pl\/en\/wp-json\/wp\/v2\/media?parent=327187"}],"curies":[{"name":"wp","href":"https:\/\/api.w.org\/{rel}","templated":true}]}}