{"id":327154,"date":"2021-07-16T11:22:55","date_gmt":"2021-07-16T09:22:55","guid":{"rendered":"https:\/\/bpsiedlce.pl\/historia\/"},"modified":"2024-02-21T17:00:53","modified_gmt":"2024-02-21T16:00:53","slug":"historia","status":"publish","type":"page","link":"https:\/\/bpsiedlce.pl\/en\/historia\/","title":{"rendered":"History"},"content":{"rendered":"\n<p><a href=\"\/100-lecie-odzyskania-przez-polske-niepodleglosci-zestawienie-bibliograficzne-w-wyborze-za-lata-1958-2017\/\">100-lecie odzyskania przez Polsk\u0119 Niepodleg\u0142o\u015bci<\/a><\/p>\n\n\n\n<p><a href=\"\/bitwa-warszawska-1920-zestawienie-bibliograficzne-w-wyborze-za-lata-1990-2020\/\">Bitwa Warszawska 1920<\/a><\/p>\n\n\n\n<p><a href=\"\/holocaust-zestawienie-bibliograficzne-w-wyborze-za-lata-1953-2015\/\">Holocaust<\/a><\/p>\n\n\n\n<p><strong><a href=\"\/holokaust-zestawienie-bibliogarficzne-w-wyborze-za-lata-2016-2020\/\">Holocaus<\/a><a href=\"http:\/\/www.bpsiedlce.pl\/1\/strona\/81_zestawienia-bibliograficzne\/664_historia\/1171_holokaust\/\">t<\/a><\/strong>&nbsp;<strong>&#8211; AKTUALIZACJA 26.01.2021<\/strong><\/p>\n\n\n\n<p><a href=\"\/katyn-zestawienie-bibliograficzne-w-wyborze-za-lata-1945-2014\/\">Katy\u0144<\/a><\/p>\n\n\n\n<p><a href=\"\/konfederacja-barska-zestawienie-bibliograficzne-w-wyborze-za-lata-1872-2017\/\">Konfederacja Barska<\/a><\/p>\n\n\n\n<p><strong><a href=\"\/konstytucja-3-maja-zestawienie-bibliograficzne-w-wyborze-za-lata-1966-2018\/\">Konstytucja 3 maja<\/a><\/strong>&nbsp;<strong>&#8211; NOWO\u015a\u0106 22.12.2020<\/strong><\/p>\n\n\n\n<p><a href=\"\/powstanie-slaskie-zestawienie-bibliograficzne-w-wyborze-za-lata-1966-2011\/\">Powstania \u015al\u0105skie<\/a><\/p>\n\n\n\n<p><a href=\"http:\/\/www.bpsiedlce.pl\/1\/strona\/81_zestawienia-bibliograficzne\/664_historia\/1145_sybiracy\/\">Stan wojenny w Polsce 1981-1983<\/a> &#8211; Brak odno\u015bnika<\/p>\n\n\n\n<p><a href=\"\/sybiracy-zestawienie-bibliograficzne-w-wyborze-za-lata-1928-2020\/\"><strong>Sybiracy\u00a0<\/strong><\/a><strong>&#8211; NOWO\u015a\u0106 10.09.2020<\/strong><\/p>\n\n\n\n<p><a href=\"\/unia-lubelska-zestawienie-bibliograficzne-w-wyborze-za-lata-1869-2018\/\">Unia Lubelska<\/a><\/p>\n\n\n\n<p><a href=\"\/zolnierze-wykleci-zestawienie-bibliograficzne-w-wyborze-za-lata-1992-2013\/\">\u017bo\u0142nierze wykl\u0119ci<\/a><\/p>\n\n\n\n<p><a href=\"\/zydzi-historia-religia-kultura-zestawienie-bibliograficzne-w-wyborze-za-lata-2005-2017\/\">\u017bydzi &#8211; historia, religia, kultura<\/a><\/p>\n","protected":false},"excerpt":{"rendered":"<p>100-lecie odzyskania przez Polsk\u0119 Niepodleg\u0142o\u015bci Bitwa Warszawska 1920 Holocaust Holocaust&nbsp;&#8211; AKTUALIZACJA 26.01.2021 Katy\u0144 Konfederacja Barska Konstytucja 3 maja&nbsp;&#8211; NOWO\u015a\u0106 22.12.2020 [&hellip;]<\/p>\n","protected":false},"author":10,"featured_media":0,"parent":0,"menu_order":0,"comment_status":"closed","ping_status":"closed","template":"","meta":{"_acf_changed":false,"_oasis_is_in_workflow":0,"_oasis_original":0,"inline_featured_image":false,"site-sidebar-layout":"default","site-content-layout":"default","ast-site-content-layout":"default","site-content-style":"default","site-sidebar-style":"default","ast-global-header-display":"","ast-banner-title-visibility":"","ast-main-header-display":"","ast-hfb-above-header-display":"","ast-hfb-below-header-display":"","ast-hfb-mobile-header-display":"","site-post-title":"","ast-breadcrumbs-content":"","ast-featured-img":"","footer-sml-layout":"","ast-disable-related-posts":"","theme-transparent-header-meta":"default","adv-header-id-meta":"","stick-header-meta":"","header-above-stick-meta":"","header-main-stick-meta":"","header-below-stick-meta":"","astra-migrate-meta-layouts":"set","ast-page-background-enabled":"default","ast-page-background-meta":{"desktop":{"background-color":"","background-image":"","background-repeat":"repeat","background-position":"center center","background-size":"auto","background-attachment":"scroll","background-type":"","background-media":"","overlay-type":"","overlay-color":"","overlay-opacity":"","overlay-gradient":""},"tablet":{"background-color":"","background-image":"","background-repeat":"repeat","background-position":"center center","background-size":"auto","background-attachment":"scroll","background-type":"","background-media":"","overlay-type":"","overlay-color":"","overlay-opacity":"","overlay-gradient":""},"mobile":{"background-color":"","background-image":"","background-repeat":"repeat","background-position":"center center","background-size":"auto","background-attachment":"scroll","background-type":"","background-media":"","overlay-type":"","overlay-color":"","overlay-opacity":"","overlay-gradient":""}},"ast-content-background-meta":{"desktop":{"background-color":"var(--ast-global-color-5)","background-image":"","background-repeat":"repeat","background-position":"center center","background-size":"auto","background-attachment":"scroll","background-type":"","background-media":"","overlay-type":"","overlay-color":"","overlay-opacity":"","overlay-gradient":""},"tablet":{"background-color":"var(--ast-global-color-5)","background-image":"","background-repeat":"repeat","background-position":"center center","background-size":"auto","background-attachment":"scroll","background-type":"","background-media":"","overlay-type":"","overlay-color":"","overlay-opacity":"","overlay-gradient":""},"mobile":{"background-color":"var(--ast-global-color-5)","background-image":"","background-repeat":"repeat","background-position":"center center","background-size":"auto","background-attachment":"scroll","background-type":"","background-media":"","overlay-type":"","overlay-color":"","overlay-opacity":"","overlay-gradient":""}},"_themeisle_gutenberg_block_has_review":false,"footnotes":""},"class_list":["post-327154","page","type-page","status-publish","hentry"],"acf":[],"featured_image_urls_v2":{"full":"","thumbnail":"","medium":"","medium_large":"","large":"","1536x1536":"","2048x2048":"","menu-24x24":"","menu-36x36":"","menu-48x48":"","mailpoet_newsletter_max":""},"post_excerpt_stackable_v2":"<p>100-lecie odzyskania przez Polsk\u0119 Niepodleg\u0142o\u015bci Bitwa Warszawska 1920 Holocaust Holocaust&nbsp;&#8211; AKTUALIZACJA 26.01.2021 Katy\u0144 Konfederacja Barska Konstytucja 3 maja&nbsp;&#8211; NOWO\u015a\u0106 22.12.2020 Powstania \u015al\u0105skie Stan wojenny w Polsce 1981-1983 &#8211; Brak odno\u015bnika Sybiracy\u00a0&#8211; NOWO\u015a\u0106 10.09.2020 Unia Lubelska \u017bo\u0142nierze wykl\u0119ci \u017bydzi &#8211; historia, religia, kultura<\/p>\n","category_list_v2":"","author_info_v2":{"name":"bWdyemVnb3Jjenlr","url":"https:\/\/bpsiedlce.pl\/en\/author\/bwdyemvnb3jjenlr\/"},"comments_num_v2":"0 comments","_links":{"self":[{"href":"https:\/\/bpsiedlce.pl\/en\/wp-json\/wp\/v2\/pages\/327154","targetHints":{"allow":["GET"]}}],"collection":[{"href":"https:\/\/bpsiedlce.pl\/en\/wp-json\/wp\/v2\/pages"}],"about":[{"href":"https:\/\/bpsiedlce.pl\/en\/wp-json\/wp\/v2\/types\/page"}],"author":[{"embeddable":true,"href":"https:\/\/bpsiedlce.pl\/en\/wp-json\/wp\/v2\/users\/10"}],"replies":[{"embeddable":true,"href":"https:\/\/bpsiedlce.pl\/en\/wp-json\/wp\/v2\/comments?post=327154"}],"version-history":[{"count":2,"href":"https:\/\/bpsiedlce.pl\/en\/wp-json\/wp\/v2\/pages\/327154\/revisions"}],"predecessor-version":[{"id":327166,"href":"https:\/\/bpsiedlce.pl\/en\/wp-json\/wp\/v2\/pages\/327154\/revisions\/327166"}],"wp:attachment":[{"href":"https:\/\/bpsiedlce.pl\/en\/wp-json\/wp\/v2\/media?parent=327154"}],"curies":[{"name":"wp","href":"https:\/\/api.w.org\/{rel}","templated":true}]}}