{"id":327115,"date":"2021-07-22T14:56:56","date_gmt":"2021-07-22T12:56:56","guid":{"rendered":"https:\/\/bpsiedlce.pl\/historia-biblioteki\/"},"modified":"2024-02-21T16:54:15","modified_gmt":"2024-02-21T15:54:15","slug":"historia-biblioteki","status":"publish","type":"page","link":"https:\/\/bpsiedlce.pl\/en\/historia-biblioteki\/","title":{"rendered":"Calendar of the Pedagogical Library. Helena Radli\u0144ska in Siedlce"},"content":{"rendered":"\n<p><strong>1952&nbsp;<\/strong>&#8211; powstaje Powiatowa Biblioteka Pedagogiczna przy Inspektoracie O\u015bwiaty Prezydium Powiatowej Rady Narodowej w Siedlcach<\/p>\n\n\n\n<p>&#8211; pierwszym rycza\u0142towym kierownikiem Pedagogicznej Biblioteki Powiatowej zostaje podinspektor szkolny &#8211; Antoni Sikorski<\/p>\n\n\n\n<p>&#8211; ksi\u0119gozbi\u00f3r liczy\u0142 256 ksi\u0105\u017cek, przewa\u017cnie o tematyce \u015bwiatopogl\u0105dowej<\/p>\n\n\n\n<p><strong>1957<\/strong>&nbsp;&#8211; pierwszym kierownikiem pracuj\u0105cym na pe\u0142nym etacie zostaje W\u0142odzimierz Mierzwa. Biblioteka przenosi si\u0119 do samodzielnego lokalu przy mieszcz\u0105cego si\u0119 w&nbsp;budynku Kina Podlasie przy ul. Dzier\u017cy\u0144skiego<\/p>\n\n\n\n<p>&nbsp;&#8211; ksi\u0119gozbi\u00f3r powi\u0119ksza si\u0119 o ksi\u0105\u017cki w charakterze depozytu przez ZNP w ilo\u015bci 1400 egzemplarzy<\/p>\n\n\n\n<p><strong>1958&nbsp;<\/strong>&#8211; kierownikiem biblioteki zostaje Wies\u0142awa Konopczy\u0144ska<\/p>\n\n\n\n<p><strong>1959<\/strong>&nbsp;&#8211; biblioteka z ko\u0144cem roku zostaje przeniesiona do budynku komitetu PZPR przy ul.&nbsp;\u015awierczewskiego 57<\/p>\n\n\n\n<p><strong>1960<\/strong>&nbsp;&#8211; bibliotekarze odwiedzaj\u0105 szko\u0142y odleg\u0142e od Siedlec, wypo\u017cyczaj\u0105c ksi\u0105\u017cki kole\u017cankom i kolegom<\/p>\n\n\n\n<p><strong>1961<\/strong> &#8211; ksi\u0119gozbioru przybywa, magazyn robi si\u0119 coraz cia\u015bniejszy<\/p>\n\n\n\n<p><strong>1969&nbsp;<\/strong>&#8211; biblioteka zarejestrowa\u0142a 757 czytelnik\u00f3w<\/p>\n\n\n\n<p><strong>1971<\/strong>&nbsp;&#8211; kierownikiem zostaje Zofia Brzostek<\/p>\n\n\n\n<p><strong>1973&nbsp;<\/strong>&#8211; biblioteka otrzymuje nowe lokum w adoptowanych pomieszczeniach przy Szkole Podstawowej nr 5 przy ul. Partyzant\u00f3w 1<\/p>\n\n\n\n<p><strong>1975<\/strong>&nbsp;&#8211; na podstawie Orzeczenia z dnia 9 sierpnia 1975 Urz\u0105d Wojew\u00f3dzki w Siedlcach &#8211; Kuratorium O\u015bwiaty i Wychowania, powo\u0142ano Pedagogiczn\u0105 Bibliotek\u0119 Wojew\u00f3dzk\u0105 w&nbsp;Siedlcach wraz z 5 bibliotekami powiatowymi w Garwolinie, \u0141ukowie (terytorialnie podlega\u0142 wojew\u00f3dztwu lubelskiemu), Mi\u0144sku Mazowieckim, Soko\u0142owie Podlaskim i&nbsp;W\u0119growie<\/p>\n\n\n\n<p><strong>1984<\/strong>&nbsp;&#8211; po 11 latach kolejna zmiana, przeprowadzka do siedziby budynku Internatu Zespo\u0142u Szk\u00f3\u0142 Zawodowych nr 2, przy ul. Oskara Lange 6<\/p>\n\n\n\n<p><strong>1985<\/strong>&nbsp;&#8211; dyrektorem biblioteki zostaje Lucyna Kiryluk<\/p>\n\n\n\n<p><strong>1987<\/strong>&nbsp;&#8211; dyrektorem biblioteki zostaje Ewa Chyb-Konopczy\u0144ska<\/p>\n\n\n\n<p><strong>1992<\/strong>&nbsp;&#8211; dyrektorem biblioteki zostaje Marzena Kowalczuk<\/p>\n\n\n\n<p><strong>1993\u00a0<\/strong>&#8211; pojawiaj\u0105 si\u0119 pierwsze komputery w Dziale Gromadzenia i Opracowania Zbior\u00f3w, w\u00a0specjalnym programie przygotowywane s\u0105 karty katalogowe<\/p>\n\n\n\n<p><strong>1994<\/strong>&nbsp;&#8211; zmiana nazwy z Pedagogicznej Biblioteki Wojew\u00f3dzkiej w Siedlcach na Bibliotek\u0119 Pedagogiczn\u0105 w Siedlcach wraz filiami, kt\u00f3re zmieni\u0142y nazw\u0119 na Biblioteka Pedagogiczna w&nbsp;Siedlcach Filia w Garwolinie, \u0141ukowie, Mi\u0144sku Mazowieckim, Soko\u0142owie Podlaskim i&nbsp;W\u0119growie<\/p>\n\n\n\n<p><strong>1999&nbsp;<\/strong>&#8211; w zwi\u0105zku z reform\u0105 administracyjn\u0105 organem prowadz\u0105cym dla Biblioteki Pedagogicznej w Siedlcach jest Zarz\u0105d Marsza\u0142ka Sejmiku Wojew\u00f3dztwa Mazowieckiego, a&nbsp;w&nbsp;wyniku zmian administracyjnych biblioteka utraci\u0142a fili\u0119 w \u0141ukowie na jej konto przy\u0142\u0105czono bibliotek\u0119 w \u0141osicach<\/p>\n\n\n\n<p><strong>2001<\/strong>\u00a0&#8211; w wypo\u017cyczalni uruchomiono dwa stanowiska komputerowe dla czytelnik\u00f3w<\/p>\n\n\n\n<p>&#8211; biblioteka posiada swoj\u0105 stron\u0119 internetow\u0105 prowadzon\u0105 przez pracownik\u00f3w<\/p>\n\n\n\n<p>&#8211; zmiana systemu komputerowego MAK na Prolib<\/p>\n\n\n\n<p>&#8211; obchody 50-lecia istnienia i nadania imienia Heleny Radli\u0144skiej<\/p>\n\n\n\n<p><strong>2004<\/strong>&nbsp;&#8211; biblioteka otrzymuje dodatkowe pomieszczenia po zlikwidowanym internacie i odbywa si\u0119 remont generalny tych pomieszcze\u0144<\/p>\n\n\n\n<p><strong>2006&nbsp;<\/strong>&#8211; w ksi\u0119gozbiorze pojawiaj\u0105 si\u0119 pierwsze audiobooki<\/p>\n\n\n\n<p><strong>2007<\/strong>\u00a0&#8211; w bibliotece zwi\u0119kszaj\u0105 si\u0119 zbiory audiowizualne &#8211; 1450 egzemplarzy DVD, 320 audiobook\u00f3w<\/p>\n\n\n\n<p><strong>2008&nbsp;<\/strong>&#8211; w bibliotece powstaje Internetowe Centrum Informacji Multimedialnej z bezp\u0142atnym dost\u0119pem do internetu<\/p>\n\n\n\n<p>&#8211; biblioteka do\u0142\u0105cza do og\u00f3lnopolskiej akcji &#8211; Uwolnij ksi\u0105\u017ck\u0119 od zapomnienia czyli Bookcrossing<\/p>\n\n\n\n<p>&#8211; promocja ksi\u0105\u017cki &#8211; &#8220;Biblioteki Publiczne na Podlasiu w XVIII-XX wieku&#8221; po\u0142\u0105czona ze spotkaniem autorskim Marzeny Kowalczuk<\/p>\n\n\n\n<p><strong>2009<\/strong>\u00a0&#8211; ukazuje si\u0119 ksi\u0105\u017cka &#8220;Film w edukacji dzieci i\u00a0m\u0142odzie\u017cy&#8221; napisana przez pracownik\u00f3w biblioteki, dedykowana nauczycielom i wychowawcom<\/p>\n\n\n\n<p><strong>2012<\/strong>\u00a0&#8211; biblioteka obchodzi 60 lat istnienia, z tej okazji zorganizowano wystaw\u0119 upami\u0119tniaj\u0105c\u0105 dzia\u0142alno\u015b\u0107 plac\u00f3wki<\/p>\n\n\n\n<p><strong>2014<\/strong>\u00a0&#8211; w pa\u017adzierniku otworzyli\u015bmy bibliotek\u0119 w nowym miejscu, czyli przy ul.\u00a0Mieczys\u0142awa\u00a0As\u0142anowicza 2<\/p>\n\n\n\n<p><strong>2017&nbsp;<\/strong>&#8211; zorganizowano uroczyste obchody 65-lecia istnienia biblioteki<\/p>\n\n\n\n<p><strong>2021<\/strong>\u00a0&#8211; powo\u0142ano Dorot\u0119 Salamon na p.o. dyrektora biblioteki<\/p>\n\n\n\n<p><strong>2022&nbsp;<\/strong>&#8211; Dorota Salamon zostaje dyrektorem biblioteki<\/p>\n\n\n\n<p><strong>2022&nbsp;<\/strong>&#8211; biblioteka siedlecka liczy na chwil\u0119 obecn\u0105 &#8211; 11289 czytelnik\u00f3w<\/p>\n\n\n\n<p><strong>2022 <\/strong>&#8211; obchodzimy uroczysto\u015b\u0107 70-lecia Biblioteki Pedagogicznej w Siedlcach. W dniu 9 listopada uroczy\u015bcie \u015bwi\u0119towano rocznic\u0119 z zaproszonymi go\u015b\u0107mi<\/p>\n\n\n\n<p><strong>2023<\/strong> &#8211; w styczniu zosta\u0142a udost\u0119pniona wrzutnia s\u0142u\u017c\u0105ca czytelnikom do zwrotu wypo\u017cyczonych ksi\u0105\u017cek<\/p>\n\n\n\n<p><strong>2023<\/strong> &#8211; w lutym uroczy\u015bcie po\u017cegnali\u015bmy Pani\u0105 Marzen\u0119 Kowalczuk wieloletniego dyrektora biblioteki<\/p>\n\n\n\n<p><strong>2023 <\/strong>&#8211; w czerwcu otrzymali\u015bmy \u0142aweczk\u0119 w kszta\u0142cie otwartej ksi\u0105\u017cki z Fundacji Zaczytani<\/p>\n\n\n\n<p><strong>2023<\/strong> &#8211; od wrze\u015bnia biblioteka posiada nowe logo <\/p>\n\n\n\n<p class=\"has-text-align-right\">oprac. Anna Miro\u0144ska<\/p>\n","protected":false},"excerpt":{"rendered":"<p>1952&nbsp;&#8211; powstaje Powiatowa Biblioteka Pedagogiczna przy Inspektoracie O\u015bwiaty Prezydium Powiatowej Rady Narodowej w Siedlcach &#8211; pierwszym rycza\u0142towym kierownikiem Pedagogicznej Biblioteki [&hellip;]<\/p>\n","protected":false},"author":10,"featured_media":0,"parent":0,"menu_order":0,"comment_status":"closed","ping_status":"closed","template":"","meta":{"_acf_changed":false,"_oasis_is_in_workflow":0,"_oasis_original":0,"inline_featured_image":false,"site-sidebar-layout":"default","site-content-layout":"default","ast-site-content-layout":"default","site-content-style":"default","site-sidebar-style":"default","ast-global-header-display":"","ast-banner-title-visibility":"","ast-main-header-display":"","ast-hfb-above-header-display":"","ast-hfb-below-header-display":"","ast-hfb-mobile-header-display":"","site-post-title":"","ast-breadcrumbs-content":"","ast-featured-img":"","footer-sml-layout":"","ast-disable-related-posts":"","theme-transparent-header-meta":"default","adv-header-id-meta":"","stick-header-meta":"","header-above-stick-meta":"","header-main-stick-meta":"","header-below-stick-meta":"","astra-migrate-meta-layouts":"set","ast-page-background-enabled":"default","ast-page-background-meta":{"desktop":{"background-color":"","background-image":"","background-repeat":"repeat","background-position":"center center","background-size":"auto","background-attachment":"scroll","background-type":"","background-media":"","overlay-type":"","overlay-color":"","overlay-opacity":"","overlay-gradient":""},"tablet":{"background-color":"","background-image":"","background-repeat":"repeat","background-position":"center center","background-size":"auto","background-attachment":"scroll","background-type":"","background-media":"","overlay-type":"","overlay-color":"","overlay-opacity":"","overlay-gradient":""},"mobile":{"background-color":"","background-image":"","background-repeat":"repeat","background-position":"center center","background-size":"auto","background-attachment":"scroll","background-type":"","background-media":"","overlay-type":"","overlay-color":"","overlay-opacity":"","overlay-gradient":""}},"ast-content-background-meta":{"desktop":{"background-color":"var(--ast-global-color-5)","background-image":"","background-repeat":"repeat","background-position":"center center","background-size":"auto","background-attachment":"scroll","background-type":"","background-media":"","overlay-type":"","overlay-color":"","overlay-opacity":"","overlay-gradient":""},"tablet":{"background-color":"var(--ast-global-color-5)","background-image":"","background-repeat":"repeat","background-position":"center center","background-size":"auto","background-attachment":"scroll","background-type":"","background-media":"","overlay-type":"","overlay-color":"","overlay-opacity":"","overlay-gradient":""},"mobile":{"background-color":"var(--ast-global-color-5)","background-image":"","background-repeat":"repeat","background-position":"center center","background-size":"auto","background-attachment":"scroll","background-type":"","background-media":"","overlay-type":"","overlay-color":"","overlay-opacity":"","overlay-gradient":""}},"_themeisle_gutenberg_block_has_review":false,"footnotes":""},"class_list":["post-327115","page","type-page","status-publish","hentry"],"acf":[],"featured_image_urls_v2":{"full":"","thumbnail":"","medium":"","medium_large":"","large":"","1536x1536":"","2048x2048":"","menu-24x24":"","menu-36x36":"","menu-48x48":"","mailpoet_newsletter_max":""},"post_excerpt_stackable_v2":"<p>1952&nbsp;&#8211; powstaje Powiatowa Biblioteka Pedagogiczna przy Inspektoracie O\u015bwiaty Prezydium Powiatowej Rady Narodowej w Siedlcach &#8211; pierwszym rycza\u0142towym kierownikiem Pedagogicznej Biblioteki Powiatowej zostaje podinspektor szkolny &#8211; Antoni Sikorski &#8211; ksi\u0119gozbi\u00f3r liczy\u0142 256 ksi\u0105\u017cek, przewa\u017cnie o tematyce \u015bwiatopogl\u0105dowej 1957&nbsp;&#8211; pierwszym kierownikiem pracuj\u0105cym na pe\u0142nym etacie zostaje W\u0142odzimierz Mierzwa. Biblioteka przenosi si\u0119 do samodzielnego lokalu przy mieszcz\u0105cego si\u0119 w&nbsp;budynku Kina Podlasie przy ul. Dzier\u017cy\u0144skiego &nbsp;&#8211; ksi\u0119gozbi\u00f3r powi\u0119ksza si\u0119 o ksi\u0105\u017cki w charakterze depozytu przez ZNP w ilo\u015bci 1400 egzemplarzy 1958&nbsp;&#8211; kierownikiem biblioteki zostaje Wies\u0142awa Konopczy\u0144ska 1959&nbsp;&#8211; biblioteka z ko\u0144cem roku zostaje przeniesiona do budynku komitetu PZPR przy ul.&nbsp;\u015awierczewskiego 57 1960&nbsp;&#8211; bibliotekarze odwiedzaj\u0105 szko\u0142y&hellip;<\/p>\n","category_list_v2":"","author_info_v2":{"name":"bWdyemVnb3Jjenlr","url":"https:\/\/bpsiedlce.pl\/en\/author\/bwdyemvnb3jjenlr\/"},"comments_num_v2":"0 comments","_links":{"self":[{"href":"https:\/\/bpsiedlce.pl\/en\/wp-json\/wp\/v2\/pages\/327115","targetHints":{"allow":["GET"]}}],"collection":[{"href":"https:\/\/bpsiedlce.pl\/en\/wp-json\/wp\/v2\/pages"}],"about":[{"href":"https:\/\/bpsiedlce.pl\/en\/wp-json\/wp\/v2\/types\/page"}],"author":[{"embeddable":true,"href":"https:\/\/bpsiedlce.pl\/en\/wp-json\/wp\/v2\/users\/10"}],"replies":[{"embeddable":true,"href":"https:\/\/bpsiedlce.pl\/en\/wp-json\/wp\/v2\/comments?post=327115"}],"version-history":[{"count":2,"href":"https:\/\/bpsiedlce.pl\/en\/wp-json\/wp\/v2\/pages\/327115\/revisions"}],"predecessor-version":[{"id":327127,"href":"https:\/\/bpsiedlce.pl\/en\/wp-json\/wp\/v2\/pages\/327115\/revisions\/327127"}],"wp:attachment":[{"href":"https:\/\/bpsiedlce.pl\/en\/wp-json\/wp\/v2\/media?parent=327115"}],"curies":[{"name":"wp","href":"https:\/\/api.w.org\/{rel}","templated":true}]}}