{"id":327040,"date":"2021-07-21T15:25:28","date_gmt":"2021-07-21T13:25:28","guid":{"rendered":"https:\/\/bpsiedlce.pl\/kierunki-realizacji-polityki-oswiatowej-panstwa\/"},"modified":"2024-02-21T16:42:37","modified_gmt":"2024-02-21T15:42:37","slug":"kierunki-realizacji-polityki-oswiatowej-panstwa","status":"publish","type":"page","link":"https:\/\/bpsiedlce.pl\/en\/kierunki-realizacji-polityki-oswiatowej-panstwa\/","title":{"rendered":"Directions for the implementation of state educational policy"},"content":{"rendered":"\n<p>Na podstawie art. 60 ust. 3 pkt 1 ustawy z dnia 14 grudnia 2016 r. \u2013 Prawo o\u015bwiatowe (Dz.U. z 2023 r. poz. 900)&nbsp;ustalam nast\u0119puj\u0105ce&nbsp;<strong>kierunki realizacji polityki o\u015bwiatowej pa\u0144stwa w roku szkolnym 2023\/2024:<br><\/strong><\/p>\n\n\n\n<p>1.\u00a0Kontynuacja dzia\u0142a\u0144 na rzecz szerszego udost\u0119pnienia kanonu i za\u0142o\u017ce\u0144 edukacji klasycznej oraz si\u0119gania do dziedzictwa cywilizacyjnego Europy, w tym wsparcie powrotu do szk\u00f3\u0142 j\u0119zyka \u0142aci\u0144skiego jako drugiego j\u0119zyka obcego.<br>2.\u00a0Wspomaganie wychowawczej roli rodziny poprzez pomoc w kszta\u0142towaniu u wychowank\u00f3w i uczni\u00f3w sta\u0142ych sprawno\u015bci w czynieniu dobra, rzeteln\u0105 diagnoz\u0119 potrzeb rozwojowych dzieci i m\u0142odzie\u017cy, realizacj\u0119 adekwatnego programu wychowawczo-profilaktycznego oraz zaj\u0119\u0107 wychowania do \u017cycia w rodzinie.<br>4.\u00a0Doskonalenie kompetencji nauczycieli w pracy z uczniem z do\u015bwiadczeniem migracyjnym, w tym w zakresie nauczania j\u0119zyka polskiego jako j\u0119zyka obcego.<br>5.\u00a0<a href=\"https:\/\/katalog.bpsiedlce.pl\/collection\/records\/109\" target=\"_blank\" rel=\"noreferrer noopener\">Rozw\u00f3j kszta\u0142cenia zawodowego i uczenia si\u0119 w miejscu pracy w partnerstwie z przedstawicielami bran\u017c.<\/a><br>6.\u00a0Podnoszenie jako\u015bci wsparcia dla dzieci, uczni\u00f3w i rodzin udzielanego w systemie o\u015bwiaty poprzez rozwijanie wsp\u00f3\u0142pracy wewn\u0105trz- i mi\u0119dzyszkolnej, a tak\u017ce z podmiotami dzia\u0142aj\u0105cymi w innych sektorach, w tym w zakresie wczesnego wspomagania rozwoju dzieci i wsparcia rodziny.<br>7.\u00a0<a href=\"https:\/\/katalog.bpsiedlce.pl\/collection\/records\/110\" target=\"_blank\" rel=\"noreferrer noopener\">Wspieranie nauczycieli w podejmowaniu inicjatyw\/dzia\u0142a\u0144 w zakresie zach\u0119cania i wspierania uczni\u00f3w do rozwijania ich aktywno\u015bci fizycznej.<\/a><br>8.\u00a0Wspieranie rozwoju umiej\u0119tno\u015bci cyfrowych uczni\u00f3w i nauczycieli, ze szczeg\u00f3lnym uwzgl\u0119dnieniem bezpiecznego poruszania si\u0119 w sieci oraz krytycznej analizy informacji dost\u0119pnych w Internecie. Poprawne metodycznie wykorzystywanie przez nauczycieli narz\u0119dzi i materia\u0142\u00f3w dost\u0119pnych w sieci, w szczeg\u00f3lno\u015bci opartych na sztucznej inteligencji.<br>9.\u00a0Rozwijanie umiej\u0119tno\u015bci uczni\u00f3w i nauczycieli z wykorzystaniem sprz\u0119tu zakupionego w ramach programu &#8220;Laboratoria przysz\u0142o\u015bci&#8221;.<br>10.\u00a0Wspieranie rozwoju nauki j\u0119zyka polskiego i o\u015bwiaty polskiej za granic\u0105 oraz tworzenie stabilnych warunk\u00f3w do nauczania j\u0119zyka polskiego za granic\u0105 przez Instytut Rozwoju J\u0119zyka Polskiego im. \u015bwi\u0119tego Maksymiliana Marii Kolbego, O\u015brodek Rozwoju Polskiej Edukacji za Granic\u0105 oraz beneficjent\u00f3w przedsi\u0119wzi\u0119\u0107 i program\u00f3w ustanowionych przez ministra w\u0142a\u015bciwego do spraw o\u015bwiaty i wychowania.<\/p>\n\n\n\n<p><a href=\"https:\/\/bpsiedlce.pl\/wp-content\/uploads\/sites\/5\/2024\/01\/Podstawowe_kierunki_realizacji_polityki_oswiatowej_panstwa_w_roku_szkolnym_2023-2024.pdf\">Podstawowe kierunki realizacji polityki o\u015bwiatowej pa\u0144stwa w roku szkolnym 2023\/2024<br><\/a><br>\u017ar\u00f3d\u0142o:\u00a0<a href=\"https:\/\/cutt.ly\/kLxAEQ7\" target=\"_blank\" rel=\"noreferrer noopener\">https:\/\/tiny.pl\/c9v27<\/a><\/p>\n","protected":false},"excerpt":{"rendered":"<p>Na podstawie art. 60 ust. 3 pkt 1 ustawy z dnia 14 grudnia 2016 r. \u2013 Prawo o\u015bwiatowe (Dz.U. z [&hellip;]<\/p>\n","protected":false},"author":10,"featured_media":0,"parent":0,"menu_order":0,"comment_status":"closed","ping_status":"closed","template":"","meta":{"_acf_changed":false,"_oasis_is_in_workflow":0,"_oasis_original":0,"inline_featured_image":false,"site-sidebar-layout":"default","site-content-layout":"default","ast-site-content-layout":"default","site-content-style":"default","site-sidebar-style":"default","ast-global-header-display":"","ast-banner-title-visibility":"","ast-main-header-display":"","ast-hfb-above-header-display":"","ast-hfb-below-header-display":"","ast-hfb-mobile-header-display":"","site-post-title":"","ast-breadcrumbs-content":"","ast-featured-img":"","footer-sml-layout":"","ast-disable-related-posts":"","theme-transparent-header-meta":"default","adv-header-id-meta":"","stick-header-meta":"","header-above-stick-meta":"","header-main-stick-meta":"","header-below-stick-meta":"","astra-migrate-meta-layouts":"set","ast-page-background-enabled":"default","ast-page-background-meta":{"desktop":{"background-color":"","background-image":"","background-repeat":"repeat","background-position":"center center","background-size":"auto","background-attachment":"scroll","background-type":"","background-media":"","overlay-type":"","overlay-color":"","overlay-opacity":"","overlay-gradient":""},"tablet":{"background-color":"","background-image":"","background-repeat":"repeat","background-position":"center center","background-size":"auto","background-attachment":"scroll","background-type":"","background-media":"","overlay-type":"","overlay-color":"","overlay-opacity":"","overlay-gradient":""},"mobile":{"background-color":"","background-image":"","background-repeat":"repeat","background-position":"center center","background-size":"auto","background-attachment":"scroll","background-type":"","background-media":"","overlay-type":"","overlay-color":"","overlay-opacity":"","overlay-gradient":""}},"ast-content-background-meta":{"desktop":{"background-color":"var(--ast-global-color-5)","background-image":"","background-repeat":"repeat","background-position":"center center","background-size":"auto","background-attachment":"scroll","background-type":"","background-media":"","overlay-type":"","overlay-color":"","overlay-opacity":"","overlay-gradient":""},"tablet":{"background-color":"var(--ast-global-color-5)","background-image":"","background-repeat":"repeat","background-position":"center center","background-size":"auto","background-attachment":"scroll","background-type":"","background-media":"","overlay-type":"","overlay-color":"","overlay-opacity":"","overlay-gradient":""},"mobile":{"background-color":"var(--ast-global-color-5)","background-image":"","background-repeat":"repeat","background-position":"center center","background-size":"auto","background-attachment":"scroll","background-type":"","background-media":"","overlay-type":"","overlay-color":"","overlay-opacity":"","overlay-gradient":""}},"_themeisle_gutenberg_block_has_review":false,"footnotes":""},"class_list":["post-327040","page","type-page","status-publish","hentry"],"acf":[],"featured_image_urls_v2":{"full":"","thumbnail":"","medium":"","medium_large":"","large":"","1536x1536":"","2048x2048":"","menu-24x24":"","menu-36x36":"","menu-48x48":"","mailpoet_newsletter_max":""},"post_excerpt_stackable_v2":"<p>Na podstawie art. 60 ust. 3 pkt 1 ustawy z dnia 14 grudnia 2016 r. \u2013 Prawo o\u015bwiatowe (Dz.U. z 2023 r. poz. 900)&nbsp;ustalam nast\u0119puj\u0105ce&nbsp;kierunki realizacji polityki o\u015bwiatowej pa\u0144stwa w roku szkolnym 2023\/2024: 1.\u00a0Kontynuacja dzia\u0142a\u0144 na rzecz szerszego udost\u0119pnienia kanonu i za\u0142o\u017ce\u0144 edukacji klasycznej oraz si\u0119gania do dziedzictwa cywilizacyjnego Europy, w tym wsparcie powrotu do szk\u00f3\u0142 j\u0119zyka \u0142aci\u0144skiego jako drugiego j\u0119zyka obcego.2.\u00a0Wspomaganie wychowawczej roli rodziny poprzez pomoc w kszta\u0142towaniu u wychowank\u00f3w i uczni\u00f3w sta\u0142ych sprawno\u015bci w czynieniu dobra, rzeteln\u0105 diagnoz\u0119 potrzeb rozwojowych dzieci i m\u0142odzie\u017cy, realizacj\u0119 adekwatnego programu wychowawczo-profilaktycznego oraz zaj\u0119\u0107 wychowania do \u017cycia w rodzinie.4.\u00a0Doskonalenie kompetencji nauczycieli w pracy&hellip;<\/p>\n","category_list_v2":"","author_info_v2":{"name":"bWdyemVnb3Jjenlr","url":"https:\/\/bpsiedlce.pl\/en\/author\/bwdyemvnb3jjenlr\/"},"comments_num_v2":"0 comments","_links":{"self":[{"href":"https:\/\/bpsiedlce.pl\/en\/wp-json\/wp\/v2\/pages\/327040","targetHints":{"allow":["GET"]}}],"collection":[{"href":"https:\/\/bpsiedlce.pl\/en\/wp-json\/wp\/v2\/pages"}],"about":[{"href":"https:\/\/bpsiedlce.pl\/en\/wp-json\/wp\/v2\/types\/page"}],"author":[{"embeddable":true,"href":"https:\/\/bpsiedlce.pl\/en\/wp-json\/wp\/v2\/users\/10"}],"replies":[{"embeddable":true,"href":"https:\/\/bpsiedlce.pl\/en\/wp-json\/wp\/v2\/comments?post=327040"}],"version-history":[{"count":2,"href":"https:\/\/bpsiedlce.pl\/en\/wp-json\/wp\/v2\/pages\/327040\/revisions"}],"predecessor-version":[{"id":327052,"href":"https:\/\/bpsiedlce.pl\/en\/wp-json\/wp\/v2\/pages\/327040\/revisions\/327052"}],"wp:attachment":[{"href":"https:\/\/bpsiedlce.pl\/en\/wp-json\/wp\/v2\/media?parent=327040"}],"curies":[{"name":"wp","href":"https:\/\/api.w.org\/{rel}","templated":true}]}}