{"id":327007,"date":"2021-07-22T14:55:48","date_gmt":"2021-07-22T12:55:48","guid":{"rendered":"https:\/\/bpsiedlce.pl\/koncepcja-pracy-biblioteki\/"},"modified":"2024-02-21T16:36:19","modified_gmt":"2024-02-21T15:36:19","slug":"koncepcja-pracy-biblioteki","status":"publish","type":"page","link":"https:\/\/bpsiedlce.pl\/en\/koncepcja-pracy-biblioteki\/","title":{"rendered":"The concept of library work"},"content":{"rendered":"\n<ol class=\"wp-block-list\">\n<li><\/li>\n<\/ol>\n\n\n\n<p class=\"has-text-align-center\"><strong>Koncepcja pracy Biblioteki Pedagogicznej im. Heleny Radli\u0144skiej w Siedlcach<\/strong><\/p>\n\n\n\n<p><strong>Nasze cele:<\/strong><\/p>\n\n\n\n<p>Biblioteka Pedagogiczna w Siedlcach jest plac\u00f3wk\u0105 o\u015bwiatow\u0105, kt\u00f3ra s\u0142u\u017cy wspieraniu procesu kszta\u0142cenia i doskonalenia nauczycieli oraz innych os\u00f3b ucz\u0105cych si\u0119 i doskonal\u0105cych.<br>Biblioteka wspiera dzia\u0142alno\u015b\u0107 szk\u00f3\u0142, w tym bibliotek szkolnych oraz wszystkich plac\u00f3wek dzia\u0142aj\u0105cych na rzecz edukacji.<br>Biblioteka realizuje kierunki polityki o\u015bwiatowej pa\u0144stwa.<br>Pracownicy Biblioteki tworz\u0105 sprawny i skuteczny zesp\u00f3\u0142 oparty na otwarto\u015bci i dobrej komunikacji.<\/p>\n\n\n\n<p><strong>Nasze zadania:<\/strong><\/p>\n\n\n\n<ol class=\"wp-block-list\">\n<li>Biblioteka gromadzi, opracowuje, przechowuje i udost\u0119pnia zbiory s\u0142u\u017c\u0105ce szeroko rozumianemu procesowi edukacji spo\u0142ecze\u0144stwa.<\/li>\n\n\n\n<li>Biblioteka zapewnia bezp\u0142atny dost\u0119p do \u017ar\u00f3de\u0142 wiedzy i informacji edukacyjnej niezb\u0119dnej do osi\u0105gni\u0119cia sukcesu uczni\u00f3w i student\u00f3w, promuje nowe kierunki i obszary dzia\u0142alno\u015bci o\u015bwiatowej.<\/li>\n\n\n\n<li>Biblioteka prowadzi dzia\u0142alno\u015b\u0107 promuj\u0105c\u0105 edukacj\u0119 permanentn\u0105, zapobiegaj\u0105c\u0105 wykluczeniu cyfrowemu, wsp\u00f3\u0142dzia\u0142a w tworzeniu spo\u0142ecze\u0144stwa informacyjnego.<\/li>\n\n\n\n<li>U\u017cytkownicy biblioteki maj\u0105 wp\u0142yw na tworzenie ksi\u0119gozbioru poprzez mo\u017cliwo\u015b\u0107 zg\u0142aszania propozycji zakupu bezpo\u015brednio lub elektronicznie.<\/li>\n\n\n\n<li>Biblioteka wspiera uczestnik\u00f3w proces\u00f3w dydaktycznych, wychowawczych i opieku\u0144czych, w szczeg\u00f3lno\u015bci nauczycieli w realizacji zaj\u0119\u0107 i w doskonaleniu zawodowym poprzez:\n<ul class=\"wp-block-list\">\n<li>organizacj\u0119 konferencji, warsztat\u00f3w, szkole\u0144 dla nauczycieli w tym dla nauczycieli bibliotekarzy,<\/li>\n\n\n\n<li>organizacj\u0119 zaj\u0119\u0107 dydaktycznych dla dzieci i m\u0142odzie\u017cy,<\/li>\n\n\n\n<li>konkursy, wystawy, prelekcje, spotkania autorskie.<\/li>\n<\/ul>\n<\/li>\n\n\n\n<li>Biblioteka inspiruje i promuje czytelnictwo, wspiera rozw\u00f3j kreatywno\u015bci i potencja\u0142u tw\u00f3rczego u\u017cytkownik\u00f3w.<\/li>\n\n\n\n<li>Biblioteka zapewnia kompetentn\u0105, systematycznie podnosz\u0105c\u0105 swoje kwalifikacje zawodowe i \u017cyczliw\u0105 kadr\u0119 pedagogiczn\u0105.<\/li>\n\n\n\n<li>Biblioteka systematycznie podnosi jako\u015b\u0107 i standard \u015bwiadczonych us\u0142ug bibliotecznych poprzez aktualizacj\u0119 zbior\u00f3w, dost\u0119p do elektronicznych i cyfrowych \u017ar\u00f3de\u0142 informacji (IBUK Libra i Academica).<\/li>\n\n\n\n<li>Biblioteka stosuje r\u00f3\u017cnorodne formy pracy i wdra\u017ca nowoczesne metody komunikacji z czytelnikiem.<\/li>\n\n\n\n<li>Biblioteka d\u0105\u017cy do kompleksowej automatyzacji i informatyzacji proces\u00f3w bibliotecznych.<\/li>\n\n\n\n<li>Pracownicy Biblioteki dbaj\u0105 o kszta\u0142towanie pozytywnego wizerunku Biblioteki w \u015brodowisku.<\/li>\n\n\n\n<li>Biblioteka upowszechnia informacje o swojej dzia\u0142alno\u015bci.<\/li>\n\n\n\n<li>Biblioteka rozpoznaje potrzeby i oczekiwania u\u017cytkownik\u00f3w i stosownie do nich kszta\u0142tuje ofert\u0119 swoich us\u0142ug.<\/li>\n\n\n\n<li>Biblioteka pozyskuje sojusznik\u00f3w wspieraj\u0105cych jej dzia\u0142alno\u015b\u0107.<\/li>\n\n\n\n<li>Biblioteka wsp\u00f3\u0142pracuje ze szko\u0142ami, plac\u00f3wkami o\u015bwiatowymi, stowarzyszeniami i wszelkimi instytucjami dzia\u0142aj\u0105cymi na rzecz o\u015bwiaty i kultury.<\/li>\n<\/ol>\n","protected":false},"excerpt":{"rendered":"<p>Koncepcja pracy Biblioteki Pedagogicznej im. Heleny Radli\u0144skiej w Siedlcach Nasze cele: Biblioteka Pedagogiczna w Siedlcach jest plac\u00f3wk\u0105 o\u015bwiatow\u0105, kt\u00f3ra s\u0142u\u017cy [&hellip;]<\/p>\n","protected":false},"author":10,"featured_media":0,"parent":0,"menu_order":0,"comment_status":"closed","ping_status":"closed","template":"","meta":{"_acf_changed":false,"_oasis_is_in_workflow":0,"_oasis_original":0,"inline_featured_image":false,"site-sidebar-layout":"default","site-content-layout":"default","ast-site-content-layout":"default","site-content-style":"default","site-sidebar-style":"default","ast-global-header-display":"","ast-banner-title-visibility":"","ast-main-header-display":"","ast-hfb-above-header-display":"","ast-hfb-below-header-display":"","ast-hfb-mobile-header-display":"","site-post-title":"","ast-breadcrumbs-content":"","ast-featured-img":"","footer-sml-layout":"","ast-disable-related-posts":"","theme-transparent-header-meta":"default","adv-header-id-meta":"","stick-header-meta":"","header-above-stick-meta":"","header-main-stick-meta":"","header-below-stick-meta":"","astra-migrate-meta-layouts":"set","ast-page-background-enabled":"default","ast-page-background-meta":{"desktop":{"background-color":"","background-image":"","background-repeat":"repeat","background-position":"center center","background-size":"auto","background-attachment":"scroll","background-type":"","background-media":"","overlay-type":"","overlay-color":"","overlay-opacity":"","overlay-gradient":""},"tablet":{"background-color":"","background-image":"","background-repeat":"repeat","background-position":"center center","background-size":"auto","background-attachment":"scroll","background-type":"","background-media":"","overlay-type":"","overlay-color":"","overlay-opacity":"","overlay-gradient":""},"mobile":{"background-color":"","background-image":"","background-repeat":"repeat","background-position":"center center","background-size":"auto","background-attachment":"scroll","background-type":"","background-media":"","overlay-type":"","overlay-color":"","overlay-opacity":"","overlay-gradient":""}},"ast-content-background-meta":{"desktop":{"background-color":"var(--ast-global-color-5)","background-image":"","background-repeat":"repeat","background-position":"center center","background-size":"auto","background-attachment":"scroll","background-type":"","background-media":"","overlay-type":"","overlay-color":"","overlay-opacity":"","overlay-gradient":""},"tablet":{"background-color":"var(--ast-global-color-5)","background-image":"","background-repeat":"repeat","background-position":"center center","background-size":"auto","background-attachment":"scroll","background-type":"","background-media":"","overlay-type":"","overlay-color":"","overlay-opacity":"","overlay-gradient":""},"mobile":{"background-color":"var(--ast-global-color-5)","background-image":"","background-repeat":"repeat","background-position":"center center","background-size":"auto","background-attachment":"scroll","background-type":"","background-media":"","overlay-type":"","overlay-color":"","overlay-opacity":"","overlay-gradient":""}},"_themeisle_gutenberg_block_has_review":false,"footnotes":""},"class_list":["post-327007","page","type-page","status-publish","hentry"],"acf":[],"featured_image_urls_v2":{"full":"","thumbnail":"","medium":"","medium_large":"","large":"","1536x1536":"","2048x2048":"","menu-24x24":"","menu-36x36":"","menu-48x48":"","mailpoet_newsletter_max":""},"post_excerpt_stackable_v2":"<p>Koncepcja pracy Biblioteki Pedagogicznej im. Heleny Radli\u0144skiej w Siedlcach Nasze cele: Biblioteka Pedagogiczna w Siedlcach jest plac\u00f3wk\u0105 o\u015bwiatow\u0105, kt\u00f3ra s\u0142u\u017cy wspieraniu procesu kszta\u0142cenia i doskonalenia nauczycieli oraz innych os\u00f3b ucz\u0105cych si\u0119 i doskonal\u0105cych.Biblioteka wspiera dzia\u0142alno\u015b\u0107 szk\u00f3\u0142, w tym bibliotek szkolnych oraz wszystkich plac\u00f3wek dzia\u0142aj\u0105cych na rzecz edukacji.Biblioteka realizuje kierunki polityki o\u015bwiatowej pa\u0144stwa.Pracownicy Biblioteki tworz\u0105 sprawny i skuteczny zesp\u00f3\u0142 oparty na otwarto\u015bci i dobrej komunikacji. Nasze zadania: Biblioteka gromadzi, opracowuje, przechowuje i udost\u0119pnia zbiory s\u0142u\u017c\u0105ce szeroko rozumianemu procesowi edukacji spo\u0142ecze\u0144stwa. Biblioteka zapewnia bezp\u0142atny dost\u0119p do \u017ar\u00f3de\u0142 wiedzy i informacji edukacyjnej niezb\u0119dnej do osi\u0105gni\u0119cia sukcesu uczni\u00f3w i student\u00f3w, promuje nowe kierunki i&hellip;<\/p>\n","category_list_v2":"","author_info_v2":{"name":"bWdyemVnb3Jjenlr","url":"https:\/\/bpsiedlce.pl\/en\/author\/bwdyemvnb3jjenlr\/"},"comments_num_v2":"0 comments","_links":{"self":[{"href":"https:\/\/bpsiedlce.pl\/en\/wp-json\/wp\/v2\/pages\/327007","targetHints":{"allow":["GET"]}}],"collection":[{"href":"https:\/\/bpsiedlce.pl\/en\/wp-json\/wp\/v2\/pages"}],"about":[{"href":"https:\/\/bpsiedlce.pl\/en\/wp-json\/wp\/v2\/types\/page"}],"author":[{"embeddable":true,"href":"https:\/\/bpsiedlce.pl\/en\/wp-json\/wp\/v2\/users\/10"}],"replies":[{"embeddable":true,"href":"https:\/\/bpsiedlce.pl\/en\/wp-json\/wp\/v2\/comments?post=327007"}],"version-history":[{"count":2,"href":"https:\/\/bpsiedlce.pl\/en\/wp-json\/wp\/v2\/pages\/327007\/revisions"}],"predecessor-version":[{"id":327019,"href":"https:\/\/bpsiedlce.pl\/en\/wp-json\/wp\/v2\/pages\/327007\/revisions\/327019"}],"wp:attachment":[{"href":"https:\/\/bpsiedlce.pl\/en\/wp-json\/wp\/v2\/media?parent=327007"}],"curies":[{"name":"wp","href":"https:\/\/api.w.org\/{rel}","templated":true}]}}