{"id":326983,"date":"2021-07-22T14:11:46","date_gmt":"2021-07-22T12:11:46","guid":{"rendered":"https:\/\/bpsiedlce.pl\/konsultacje-indywidualne-dla-bibliotekarzy\/"},"modified":"2024-09-10T08:59:10","modified_gmt":"2024-09-10T06:59:10","slug":"konsultacje-indywidualne-dla-bibliotekarzy","status":"publish","type":"page","link":"https:\/\/bpsiedlce.pl\/en\/konsultacje-indywidualne-dla-bibliotekarzy\/","title":{"rendered":"Konsultacje indywidualne dla bibliotekarzy"},"content":{"rendered":"\n<p>Zakres udzielanych konsultacji dla nauczycieli bibliotekarzy szkolnych przez pracownik\u00f3w Biblioteki Pedagogicznej w Siedlcach. Konsultacji udzielamy osobi\u015bcie, telefonicznie lub poprzez poczt\u0119 elektroniczn\u0105.<\/p>\n\n\n\n<p><strong>Krasuska-Terka Hanna<\/strong><br>e-mail: <a href=\"mailto:h.krasuska@bpsiedlce.pl\">h.krasuska@bpsiedlce.pl<\/a>&nbsp;<br>tel. bezp.: 25 644 61 66<br>&#8211; stosowanie&nbsp;norm&nbsp;dotycz\u0105cych opisu bibliograficznego i has\u0142a<br>&#8211; tworzenie charakterystyk wyszukiwawczych wydawnictw zwartych przy zastosowaniu JHP BN i UKD<br>&#8211; tworzenie zestawie\u0144 bibliograficznych<br>&#8211; informacja katalogowa<\/p>\n\n\n\n<p><strong>Sucho\u017cebrska Ma\u0142gorzata<\/strong>&nbsp;<br>e-mail: <a href=\"mailto:m.suchozebrska@bpsiedlce.pl\">m.suchozebrska@bpsiedlce.pl<\/a>&nbsp;<br>tel. bezp.: 25 644 21 65<br>&#8211; opis formalny zbior\u00f3w zwartych<br>&#8211; informacja katalogowa<\/p>\n\n\n\n<p><strong>Perci\u0144ska Ma\u0142gorzata<\/strong><br>e-mail: <a href=\"mailto:m.percinska@bpsiedlce.pl\">m.percinska@bpsiedlce.pl<\/a>&nbsp;<br>tel. bezp.: 25 644 21 65<br>&#8211; stosowanie programu komputerowego MOL<br>&#8211; gromadzenie zbior\u00f3w audiowizualnych<br>&#8211;&nbsp;opracowanie formalne zbior\u00f3w audiowizualnych: dokumenty elektroniczne, filmy, dokumenty d\u017awi\u0119kowe<br>&#8211; opracowanie formalne zbior\u00f3w zwartych<br>&#8211; informacja katalogowa<\/p>\n\n\n\n<p><strong>Miro\u0144ska Anna<\/strong><br>e-mail: <a href=\"mailto:a.mironska@bpsiedlce.pl\">a.mironska@bpsiedlce.pl<\/a>&nbsp;<br>tel. bezp.: 25 644 61 68<br>&#8211; informacja katalogowa<br>&#8211; zestawienia bibliograficzne<br>&#8211; praca pedagogiczna z czytelnikiem niepe\u0142nosprawnym i pocz\u0105tkuj\u0105cym<br>&#8211; organizowanie spotka\u0144 autorskich<br>&#8211; wyszukiwanie informacji na okre\u015blony temat w zasobach internetu<\/p>\n\n\n\n<p><strong>Stefaniak Anna<\/strong><br>tel. bezp.: 25 644 61 67<br>&#8211; opis bibliograficzny artyku\u0142\u00f3w z czasopism<br>&#8211; tworzenie zestawie\u0144 bibliograficznych<br>&#8211; informacja katalogowa<\/p>\n\n\n\n<p><strong>Wo\u017anica Antoni<\/strong><br>e-mail: <a href=\"mailto:a.woznica@bpsiedlce.pl\">a.woznica@bpsiedlce.pl<\/a><br>tel. bezp.: 25 644 61 67<br>&#8211; tworzenie zestawie\u0144 bibliograficznych<br>&#8211; opis bibliograficzny artyku\u0142\u00f3w z czasopism<\/p>\n\n\n\n<p><strong>Stempie\u0144 Jolanta<\/strong><br>e-mail: <a href=\"mailto:wuz@bpsiedlce.pl\">wuz@bpsiedlce.pl<\/a><br>tel. bezp.: 25 644 61 68<br>&#8211; informacja katalogowa<br>&#8211; prowadzenie statystki pracy Wypo\u017cyczalni<br>&#8211; selekcja zbior\u00f3w<br>&#8211; skontrum w bibliotece<br>&#8211; praca pedagogiczna z czytelnikiem niepe\u0142nosprawnym i pocz\u0105tkuj\u0105cym<br>&#8211; prowadzenie zeszytu dezyderat\u00f3w<br>&#8211; wyszukiwanie informacji na okre\u015blony temat w zasobach internetu<br>&#8211; organizacja wystaw bibliotecznych<br>&#8211; prowadzenie wypo\u017cyczalni mi\u0119dzybibliotecznej<\/p>\n\n\n\n<p><strong>Wodzy\u0144ska Maria<\/strong><br>e-mail: <a href=\"mailto:wuz@bpsiedlce.pl\">wuz@bpsiedlce.pl<\/a><br>tel. bezp.: 25 644 61 68<br>&#8211; organizowanie wystaw bibliotecznych<br>&#8211; procedura odzyskiwania zaleg\u0142ego ksi\u0119gozbioru<br>&#8211; informacja katalogowa<br>&#8211; wyszukiwanie informacji w zasobach Internetu<br>&#8211; praca pedagogiczna z czytelnikiem niepe\u0142nosprawnym i pocz\u0105tkuj\u0105cym<\/p>\n\n\n\n<p><strong>Salamon Dorota<\/strong><br>e-mail: <a href=\"mailto:wuz@bpsiedlce.pl\">wuz@bpsiedlce.pl<\/a><br>tel. bezp.: 25 644 61 68<br>&#8211; informacja katalogowa<br>&#8211; organizowanie wystaw bibliotecznych<br>&#8211; organizowanie spotka\u0144 autorskich<br>&#8211; wyszukiwanie informacji w zasobach Internetu<br>&#8211; praca pedagogiczna z czytelnikiem niepe\u0142nosprawnym i pocz\u0105tkuj\u0105cym<\/p>\n","protected":false},"excerpt":{"rendered":"<p>Zakres udzielanych konsultacji dla nauczycieli bibliotekarzy szkolnych przez pracownik\u00f3w Biblioteki Pedagogicznej w Siedlcach. Konsultacji udzielamy osobi\u015bcie, telefonicznie lub poprzez poczt\u0119 [&hellip;]<\/p>\n","protected":false},"author":10,"featured_media":0,"parent":0,"menu_order":0,"comment_status":"closed","ping_status":"closed","template":"","meta":{"_acf_changed":false,"_oasis_is_in_workflow":0,"_oasis_original":0,"inline_featured_image":false,"site-sidebar-layout":"default","site-content-layout":"default","ast-site-content-layout":"default","site-content-style":"default","site-sidebar-style":"default","ast-global-header-display":"","ast-banner-title-visibility":"","ast-main-header-display":"","ast-hfb-above-header-display":"","ast-hfb-below-header-display":"","ast-hfb-mobile-header-display":"","site-post-title":"","ast-breadcrumbs-content":"","ast-featured-img":"","footer-sml-layout":"","ast-disable-related-posts":"","theme-transparent-header-meta":"default","adv-header-id-meta":"","stick-header-meta":"","header-above-stick-meta":"","header-main-stick-meta":"","header-below-stick-meta":"","astra-migrate-meta-layouts":"default","ast-page-background-enabled":"default","ast-page-background-meta":{"desktop":{"background-color":"","background-image":"","background-repeat":"repeat","background-position":"center center","background-size":"auto","background-attachment":"scroll","background-type":"","background-media":"","overlay-type":"","overlay-color":"","overlay-opacity":"","overlay-gradient":""},"tablet":{"background-color":"","background-image":"","background-repeat":"repeat","background-position":"center center","background-size":"auto","background-attachment":"scroll","background-type":"","background-media":"","overlay-type":"","overlay-color":"","overlay-opacity":"","overlay-gradient":""},"mobile":{"background-color":"","background-image":"","background-repeat":"repeat","background-position":"center center","background-size":"auto","background-attachment":"scroll","background-type":"","background-media":"","overlay-type":"","overlay-color":"","overlay-opacity":"","overlay-gradient":""}},"ast-content-background-meta":{"desktop":{"background-color":"var(--ast-global-color-5)","background-image":"","background-repeat":"repeat","background-position":"center center","background-size":"auto","background-attachment":"scroll","background-type":"","background-media":"","overlay-type":"","overlay-color":"","overlay-opacity":"","overlay-gradient":""},"tablet":{"background-color":"var(--ast-global-color-5)","background-image":"","background-repeat":"repeat","background-position":"center center","background-size":"auto","background-attachment":"scroll","background-type":"","background-media":"","overlay-type":"","overlay-color":"","overlay-opacity":"","overlay-gradient":""},"mobile":{"background-color":"var(--ast-global-color-5)","background-image":"","background-repeat":"repeat","background-position":"center center","background-size":"auto","background-attachment":"scroll","background-type":"","background-media":"","overlay-type":"","overlay-color":"","overlay-opacity":"","overlay-gradient":""}},"_themeisle_gutenberg_block_has_review":false,"footnotes":""},"class_list":["post-326983","page","type-page","status-publish","hentry"],"acf":[],"featured_image_urls_v2":{"full":"","thumbnail":"","medium":"","medium_large":"","large":"","1536x1536":"","2048x2048":"","menu-24x24":"","menu-36x36":"","menu-48x48":"","mailpoet_newsletter_max":""},"post_excerpt_stackable_v2":"<p>Zakres udzielanych konsultacji dla nauczycieli bibliotekarzy szkolnych przez pracownik\u00f3w Biblioteki Pedagogicznej w Siedlcach. Konsultacji udzielamy osobi\u015bcie, telefonicznie lub poprzez poczt\u0119 elektroniczn\u0105. Krasuska-Terka Hannae-mail: h.krasuska@bpsiedlce.pl&nbsp;tel. bezp.: 25 644 61 66&#8211; stosowanie&nbsp;norm&nbsp;dotycz\u0105cych opisu bibliograficznego i has\u0142a&#8211; tworzenie charakterystyk wyszukiwawczych wydawnictw zwartych przy zastosowaniu JHP BN i UKD&#8211; tworzenie zestawie\u0144 bibliograficznych&#8211; informacja katalogowa Sucho\u017cebrska Ma\u0142gorzata&nbsp;e-mail: m.suchozebrska@bpsiedlce.pl&nbsp;tel. bezp.: 25 644 21 65&#8211; opis formalny zbior\u00f3w zwartych&#8211; informacja katalogowa Perci\u0144ska Ma\u0142gorzatae-mail: m.percinska@bpsiedlce.pl&nbsp;tel. bezp.: 25 644 21 65&#8211; stosowanie programu komputerowego MOL&#8211; gromadzenie zbior\u00f3w audiowizualnych&#8211;&nbsp;opracowanie formalne zbior\u00f3w audiowizualnych: dokumenty elektroniczne, filmy, dokumenty d\u017awi\u0119kowe&#8211; opracowanie formalne zbior\u00f3w zwartych&#8211; informacja katalogowa Miro\u0144ska Annae-mail: a.mironska@bpsiedlce.pl&nbsp;tel. bezp.: 25 644 61&hellip;<\/p>\n","category_list_v2":"","author_info_v2":{"name":"bWdyemVnb3Jjenlr","url":"https:\/\/bpsiedlce.pl\/en\/author\/bwdyemvnb3jjenlr\/"},"comments_num_v2":"0 comments","_links":{"self":[{"href":"https:\/\/bpsiedlce.pl\/en\/wp-json\/wp\/v2\/pages\/326983","targetHints":{"allow":["GET"]}}],"collection":[{"href":"https:\/\/bpsiedlce.pl\/en\/wp-json\/wp\/v2\/pages"}],"about":[{"href":"https:\/\/bpsiedlce.pl\/en\/wp-json\/wp\/v2\/types\/page"}],"author":[{"embeddable":true,"href":"https:\/\/bpsiedlce.pl\/en\/wp-json\/wp\/v2\/users\/10"}],"replies":[{"embeddable":true,"href":"https:\/\/bpsiedlce.pl\/en\/wp-json\/wp\/v2\/comments?post=326983"}],"version-history":[{"count":1,"href":"https:\/\/bpsiedlce.pl\/en\/wp-json\/wp\/v2\/pages\/326983\/revisions"}],"predecessor-version":[{"id":362899,"href":"https:\/\/bpsiedlce.pl\/en\/wp-json\/wp\/v2\/pages\/326983\/revisions\/362899"}],"wp:attachment":[{"href":"https:\/\/bpsiedlce.pl\/en\/wp-json\/wp\/v2\/media?parent=326983"}],"curies":[{"name":"wp","href":"https:\/\/api.w.org\/{rel}","templated":true}]}}