{"id":326950,"date":"2021-07-07T11:21:35","date_gmt":"2021-07-07T09:21:35","guid":{"rendered":"https:\/\/bpsiedlce.pl\/ksiazka-mowiona\/"},"modified":"2024-02-21T14:22:37","modified_gmt":"2024-02-21T13:22:37","slug":"ksiazka-mowiona","status":"publish","type":"page","link":"https:\/\/bpsiedlce.pl\/en\/ksiazka-mowiona\/","title":{"rendered":"Talking book"},"content":{"rendered":"\n<p>W naszej bibliotece dost\u0119pna jest du\u017ca kolekcja audiobook\u00f3w skierowana do czytelnik\u00f3w w r\u00f3\u017cnym wieku i o r\u00f3\u017cnych zainteresowaniach. Obejmuje ona szerok\u0105 gam\u0119 gatunk\u00f3w, dzi\u0119ki czemu ka\u017cdy znajdzie co\u015b odpowiedniego dla siebie.<\/p>\n\n\n\n<p>Mi\u0142o\u015bnicy literatury maj\u0105 dobr\u0105 okazj\u0119, aby odkry\u0107 lub ponownie prze\u017cy\u0107 literackie arcydzie\u0142a wykorzystuj\u0105c d\u017awi\u0119k.<br>Najm\u0142odsi czytelnicy z pewno\u015bci\u0105 uciesz\u0105 si\u0119 z bogatej oferty audiobook\u00f3w dedykowanych dzieciom. Opowie\u015bci i bajki stanowi\u0105 doskona\u0142y spos\u00f3b na rozwijanie wyobra\u017ani i zdobywanie wiedzy w przyjemniej formie.<\/p>\n\n\n\n<p>Kolekcja audiobook\u00f3w liczy ponad <strong>1800 tytu\u0142\u00f3w<\/strong>, dost\u0119pnych do wypo\u017cyczenia <strong>BEZP\u0141ATNIE na okres 30 dni.<\/strong><\/p>\n\n\n\n<p>Zach\u0119camy do korzystania z naszej bogatej oferty ksi\u0105\u017cek m\u00f3wionych, kt\u00f3ra dost\u0119pna jest dla ka\u017cdego mi\u0142o\u015bnika literatury d\u017awi\u0119kowej.<\/p>\n\n\n\n<p class=\"has-text-align-right\">Oprac. Ma\u0142gorzata Perci\u0144ska<\/p>\n\n\n\n<figure class=\"wp-block-image size-large\"><img loading=\"lazy\" decoding=\"async\" width=\"1024\" height=\"726\" src=\"https:\/\/bpsiedlce.pl\/wp-content\/uploads\/sites\/5\/2024\/02\/ksiazka_mowiona-1024x726.png\" alt=\"\" class=\"wp-image-58549\" srcset=\"https:\/\/bpsiedlce.pl\/wp-content\/uploads\/sites\/5\/2024\/02\/ksiazka_mowiona-1024x726.png 1024w, https:\/\/bpsiedlce.pl\/wp-content\/uploads\/sites\/5\/2024\/02\/ksiazka_mowiona-300x213.png 300w, https:\/\/bpsiedlce.pl\/wp-content\/uploads\/sites\/5\/2024\/02\/ksiazka_mowiona-768x545.png 768w, https:\/\/bpsiedlce.pl\/wp-content\/uploads\/sites\/5\/2024\/02\/ksiazka_mowiona-1536x1090.png 1536w, https:\/\/bpsiedlce.pl\/wp-content\/uploads\/sites\/5\/2024\/02\/ksiazka_mowiona-1320x936.png 1320w, https:\/\/bpsiedlce.pl\/wp-content\/uploads\/sites\/5\/2024\/02\/ksiazka_mowiona-24x17.png 24w, https:\/\/bpsiedlce.pl\/wp-content\/uploads\/sites\/5\/2024\/02\/ksiazka_mowiona-36x26.png 36w, https:\/\/bpsiedlce.pl\/wp-content\/uploads\/sites\/5\/2024\/02\/ksiazka_mowiona-48x34.png 48w, https:\/\/bpsiedlce.pl\/wp-content\/uploads\/sites\/5\/2024\/02\/ksiazka_mowiona.png 1748w\" sizes=\"auto, (max-width: 1024px) 100vw, 1024px\" \/><\/figure>\n","protected":false},"excerpt":{"rendered":"<p>W naszej bibliotece dost\u0119pna jest du\u017ca kolekcja audiobook\u00f3w skierowana do czytelnik\u00f3w w r\u00f3\u017cnym wieku i o r\u00f3\u017cnych zainteresowaniach. Obejmuje ona [&hellip;]<\/p>\n","protected":false},"author":10,"featured_media":0,"parent":0,"menu_order":0,"comment_status":"closed","ping_status":"closed","template":"","meta":{"_acf_changed":false,"_oasis_is_in_workflow":0,"_oasis_original":0,"inline_featured_image":false,"site-sidebar-layout":"default","site-content-layout":"default","ast-site-content-layout":"default","site-content-style":"default","site-sidebar-style":"default","ast-global-header-display":"","ast-banner-title-visibility":"","ast-main-header-display":"","ast-hfb-above-header-display":"","ast-hfb-below-header-display":"","ast-hfb-mobile-header-display":"","site-post-title":"","ast-breadcrumbs-content":"","ast-featured-img":"","footer-sml-layout":"","ast-disable-related-posts":"","theme-transparent-header-meta":"default","adv-header-id-meta":"","stick-header-meta":"","header-above-stick-meta":"","header-main-stick-meta":"","header-below-stick-meta":"","astra-migrate-meta-layouts":"set","ast-page-background-enabled":"default","ast-page-background-meta":{"desktop":{"background-color":"","background-image":"","background-repeat":"repeat","background-position":"center center","background-size":"auto","background-attachment":"scroll","background-type":"","background-media":"","overlay-type":"","overlay-color":"","overlay-opacity":"","overlay-gradient":""},"tablet":{"background-color":"","background-image":"","background-repeat":"repeat","background-position":"center center","background-size":"auto","background-attachment":"scroll","background-type":"","background-media":"","overlay-type":"","overlay-color":"","overlay-opacity":"","overlay-gradient":""},"mobile":{"background-color":"","background-image":"","background-repeat":"repeat","background-position":"center center","background-size":"auto","background-attachment":"scroll","background-type":"","background-media":"","overlay-type":"","overlay-color":"","overlay-opacity":"","overlay-gradient":""}},"ast-content-background-meta":{"desktop":{"background-color":"var(--ast-global-color-5)","background-image":"","background-repeat":"repeat","background-position":"center center","background-size":"auto","background-attachment":"scroll","background-type":"","background-media":"","overlay-type":"","overlay-color":"","overlay-opacity":"","overlay-gradient":""},"tablet":{"background-color":"var(--ast-global-color-5)","background-image":"","background-repeat":"repeat","background-position":"center center","background-size":"auto","background-attachment":"scroll","background-type":"","background-media":"","overlay-type":"","overlay-color":"","overlay-opacity":"","overlay-gradient":""},"mobile":{"background-color":"var(--ast-global-color-5)","background-image":"","background-repeat":"repeat","background-position":"center center","background-size":"auto","background-attachment":"scroll","background-type":"","background-media":"","overlay-type":"","overlay-color":"","overlay-opacity":"","overlay-gradient":""}},"_themeisle_gutenberg_block_has_review":false,"footnotes":""},"class_list":["post-326950","page","type-page","status-publish","hentry"],"acf":[],"featured_image_urls_v2":{"full":"","thumbnail":"","medium":"","medium_large":"","large":"","1536x1536":"","2048x2048":"","menu-24x24":"","menu-36x36":"","menu-48x48":"","mailpoet_newsletter_max":""},"post_excerpt_stackable_v2":"<p>W naszej bibliotece dost\u0119pna jest du\u017ca kolekcja audiobook\u00f3w skierowana do czytelnik\u00f3w w r\u00f3\u017cnym wieku i o r\u00f3\u017cnych zainteresowaniach. Obejmuje ona szerok\u0105 gam\u0119 gatunk\u00f3w, dzi\u0119ki czemu ka\u017cdy znajdzie co\u015b odpowiedniego dla siebie. Mi\u0142o\u015bnicy literatury maj\u0105 dobr\u0105 okazj\u0119, aby odkry\u0107 lub ponownie prze\u017cy\u0107 literackie arcydzie\u0142a wykorzystuj\u0105c d\u017awi\u0119k.Najm\u0142odsi czytelnicy z pewno\u015bci\u0105 uciesz\u0105 si\u0119 z bogatej oferty audiobook\u00f3w dedykowanych dzieciom. Opowie\u015bci i bajki stanowi\u0105 doskona\u0142y spos\u00f3b na rozwijanie wyobra\u017ani i zdobywanie wiedzy w przyjemniej formie. Kolekcja audiobook\u00f3w liczy ponad 1800 tytu\u0142\u00f3w, dost\u0119pnych do wypo\u017cyczenia BEZP\u0141ATNIE na okres 30 dni. Zach\u0119camy do korzystania z naszej bogatej oferty ksi\u0105\u017cek m\u00f3wionych, kt\u00f3ra dost\u0119pna jest dla ka\u017cdego mi\u0142o\u015bnika&hellip;<\/p>\n","category_list_v2":"","author_info_v2":{"name":"bWdyemVnb3Jjenlr","url":"https:\/\/bpsiedlce.pl\/en\/author\/bwdyemvnb3jjenlr\/"},"comments_num_v2":"0 comments","_links":{"self":[{"href":"https:\/\/bpsiedlce.pl\/en\/wp-json\/wp\/v2\/pages\/326950","targetHints":{"allow":["GET"]}}],"collection":[{"href":"https:\/\/bpsiedlce.pl\/en\/wp-json\/wp\/v2\/pages"}],"about":[{"href":"https:\/\/bpsiedlce.pl\/en\/wp-json\/wp\/v2\/types\/page"}],"author":[{"embeddable":true,"href":"https:\/\/bpsiedlce.pl\/en\/wp-json\/wp\/v2\/users\/10"}],"replies":[{"embeddable":true,"href":"https:\/\/bpsiedlce.pl\/en\/wp-json\/wp\/v2\/comments?post=326950"}],"version-history":[{"count":2,"href":"https:\/\/bpsiedlce.pl\/en\/wp-json\/wp\/v2\/pages\/326950\/revisions"}],"predecessor-version":[{"id":326962,"href":"https:\/\/bpsiedlce.pl\/en\/wp-json\/wp\/v2\/pages\/326950\/revisions\/326962"}],"wp:attachment":[{"href":"https:\/\/bpsiedlce.pl\/en\/wp-json\/wp\/v2\/media?parent=326950"}],"curies":[{"name":"wp","href":"https:\/\/api.w.org\/{rel}","templated":true}]}}