{"id":326884,"date":"2021-07-19T12:31:56","date_gmt":"2021-07-19T10:31:56","guid":{"rendered":"https:\/\/bpsiedlce.pl\/kurierek-nowosci\/"},"modified":"2024-02-21T14:12:58","modified_gmt":"2024-02-21T13:12:58","slug":"kurierek-nowosci","status":"publish","type":"page","link":"https:\/\/bpsiedlce.pl\/en\/kurierek-nowosci\/","title":{"rendered":"Courier News"},"content":{"rendered":"<nav class=\"is-responsive items-justified-left wp-block-navigation is-content-justification-left is-layout-flex wp-container-core-navigation-is-layout-fc4fd283 wp-block-navigation-is-layout-flex\" aria-label=\"Menu kurierka\" \n\t\t data-wp-interactive=\"core\/navigation\" data-wp-context='{\"overlayOpenedBy\":{\"click\":false,\"hover\":false,\"focus\":false},\"type\":\"overlay\",\"roleAttribute\":\"\",\"ariaLabel\":\"Menu\"}'><button aria-haspopup=\"dialog\" aria-label=\"Open menu\" class=\"wp-block-navigation__responsive-container-open\" \n\t\t\t\tdata-wp-on--click=\"actions.openMenuOnClick\"\n\t\t\t\tdata-wp-on--keydown=\"actions.handleMenuKeydown\"\n\t\t\t><svg width=\"24\" height=\"24\" xmlns=\"http:\/\/www.w3.org\/2000\/svg\" viewBox=\"0 0 24 24\" aria-hidden=\"true\" focusable=\"false\"><path d=\"M4 7.5h16v1.5H4z\"><\/path><path d=\"M4 15h16v1.5H4z\"><\/path><\/svg><\/button>\n\t\t\t\t<div class=\"wp-block-navigation__responsive-container\"  id=\"modal-1\" \n\t\t\t\tdata-wp-class--has-modal-open=\"state.isMenuOpen\"\n\t\t\t\tdata-wp-class--is-menu-open=\"state.isMenuOpen\"\n\t\t\t\tdata-wp-watch=\"callbacks.initMenu\"\n\t\t\t\tdata-wp-on--keydown=\"actions.handleMenuKeydown\"\n\t\t\t\tdata-wp-on--focusout=\"actions.handleMenuFocusout\"\n\t\t\t\ttabindex=\"-1\"\n\t\t\t>\n\t\t\t\t\t<div class=\"wp-block-navigation__responsive-close\" tabindex=\"-1\">\n\t\t\t\t\t\t<div class=\"wp-block-navigation__responsive-dialog\" \n\t\t\t\tdata-wp-bind--aria-modal=\"state.ariaModal\"\n\t\t\t\tdata-wp-bind--aria-label=\"state.ariaLabel\"\n\t\t\t\tdata-wp-bind--role=\"state.roleAttribute\"\n\t\t\t>\n\t\t\t\t\t\t\t<button aria-label=\"Close menu\" class=\"wp-block-navigation__responsive-container-close\" \n\t\t\t\tdata-wp-on--click=\"actions.closeMenuOnClick\"\n\t\t\t><svg xmlns=\"http:\/\/www.w3.org\/2000\/svg\" viewBox=\"0 0 24 24\" width=\"24\" height=\"24\" aria-hidden=\"true\" focusable=\"false\"><path d=\"m13.06 12 6.47-6.47-1.06-1.06L12 10.94 5.53 4.47 4.47 5.53 10.94 12l-6.47 6.47 1.06 1.06L12 13.06l6.47 6.47 1.06-1.06L13.06 12Z\"><\/path><\/svg><\/button>\n\t\t\t\t\t\t\t<div class=\"wp-block-navigation__responsive-container-content\" \n\t\t\t\tdata-wp-watch=\"callbacks.focusFirstElement\"\n\t\t\t id=\"modal-1-content\">\n\t\t\t\t\t\t\t\t<ul class=\"wp-block-navigation__container is-responsive items-justified-left wp-block-navigation\"><li data-wp-context=\"{ &quot;submenuOpenedBy&quot;: { &quot;click&quot;: false, &quot;hover&quot;: false, &quot;focus&quot;: false }, &quot;type&quot;: &quot;submenu&quot;, &quot;modal&quot;: null, &quot;previousFocus&quot;: null }\" data-wp-interactive=\"core\/navigation\" data-wp-on--focusout=\"actions.handleMenuFocusout\" data-wp-on--keydown=\"actions.handleMenuKeydown\" data-wp-on--mouseenter=\"actions.openMenuOnHover\" data-wp-on--mouseleave=\"actions.closeMenuOnHover\" data-wp-watch=\"callbacks.initMenu\" tabindex=\"-1\" class=\"wp-block-navigation-item has-child open-on-hover-click wp-block-navigation-submenu\"><a class=\"wp-block-navigation-item__content\" href=\"http:\/\/2026\"><span class=\"wp-block-navigation-item__label\">2026<\/span><\/a><button data-wp-bind--aria-expanded=\"state.isMenuOpen\" data-wp-on--click=\"actions.toggleMenuOnClick\" aria-label=\"2026 submenu\" class=\"wp-block-navigation__submenu-icon wp-block-navigation-submenu__toggle\" ><svg xmlns=\"http:\/\/www.w3.org\/2000\/svg\" width=\"12\" height=\"12\" viewBox=\"0 0 12 12\" fill=\"none\" aria-hidden=\"true\" focusable=\"false\"><path d=\"M1.50002 4L6.00002 8L10.5 4\" stroke-width=\"1.5\"><\/path><\/svg><\/button><ul data-wp-on--focus=\"actions.openMenuOnFocus\" class=\"wp-block-navigation__submenu-container wp-block-navigation-submenu\"><li class=\" wp-block-navigation-item wp-block-navigation-link\"><a class=\"wp-block-navigation-item__content\"  href=\"https:\/\/bpsiedlce.pl\/kurierek-nowosci-nr-3-292-jakosc-zycia\/\"><span class=\"wp-block-navigation-item__label\">Kurierek Nowo\u015bci Nr 3 (292) \u2013\u00a0Jako\u015b\u0107 \u017cycia<\/span><\/a><\/li><li class=\" wp-block-navigation-item wp-block-navigation-link\"><a class=\"wp-block-navigation-item__content\"  href=\"https:\/\/bpsiedlce.pl\/kurierek-nowosci\/kurierek-nowosci-nr-2-291-matura\/\"><span class=\"wp-block-navigation-item__label\">Kurierek Nowo\u015bci Nr 2 (291) \u2013\u00a0Matura<\/span><\/a><\/li><li class=\" wp-block-navigation-item wp-block-navigation-link\"><a class=\"wp-block-navigation-item__content\"  href=\"https:\/\/bpsiedlce.pl\/kurierek-nowosci-nr-1-290-mozg\/\"><span class=\"wp-block-navigation-item__label\">Kurierek Nowo\u015bci Nr 1 (290) \u2013\u00a0M\u00f3zg<\/span><\/a><\/li><\/ul><\/li><li data-wp-context=\"{ &quot;submenuOpenedBy&quot;: { &quot;click&quot;: false, &quot;hover&quot;: false, &quot;focus&quot;: false }, &quot;type&quot;: &quot;submenu&quot;, &quot;modal&quot;: null, &quot;previousFocus&quot;: null }\" data-wp-interactive=\"core\/navigation\" data-wp-on--focusout=\"actions.handleMenuFocusout\" data-wp-on--keydown=\"actions.handleMenuKeydown\" data-wp-on--mouseenter=\"actions.openMenuOnHover\" data-wp-on--mouseleave=\"actions.closeMenuOnHover\" data-wp-watch=\"callbacks.initMenu\" tabindex=\"-1\" class=\"wp-block-navigation-item has-child open-on-hover-click wp-block-navigation-submenu\"><a class=\"wp-block-navigation-item__content\" href=\"http:\/\/2025\"><span class=\"wp-block-navigation-item__label\">2025<\/span><\/a><button data-wp-bind--aria-expanded=\"state.isMenuOpen\" data-wp-on--click=\"actions.toggleMenuOnClick\" aria-label=\"2025 submenu\" class=\"wp-block-navigation__submenu-icon wp-block-navigation-submenu__toggle\" ><svg xmlns=\"http:\/\/www.w3.org\/2000\/svg\" width=\"12\" height=\"12\" viewBox=\"0 0 12 12\" fill=\"none\" aria-hidden=\"true\" focusable=\"false\"><path d=\"M1.50002 4L6.00002 8L10.5 4\" stroke-width=\"1.5\"><\/path><\/svg><\/button><ul data-wp-on--focus=\"actions.openMenuOnFocus\" class=\"wp-block-navigation__submenu-container wp-block-navigation-submenu\"><li class=\" wp-block-navigation-item wp-block-navigation-link\"><a class=\"wp-block-navigation-item__content\"  href=\"https:\/\/bpsiedlce.pl\/kurierek-nowosci-nr-12-289-do-poczytania-w-wolnej-chwili\/\"><span class=\"wp-block-navigation-item__label\">Kurierek Nowo\u015bci Nr 12 (289) \u2013\u00a0Do poczytania w wolnej chwili<\/span><\/a><\/li><li class=\" wp-block-navigation-item wp-block-navigation-link\"><a class=\"wp-block-navigation-item__content\"  href=\"https:\/\/bpsiedlce.pl\/kurierek-nowosci\/kurierek-nowosci-nr-11-288-prawdziwe-historie-nowosci-reportazowe\/\"><span class=\"wp-block-navigation-item__label\">Kurierek Nowo\u015bci Nr 11 (288) \u2013\u00a0Prawdziwe historie \u2013 nowo\u015bci reporta\u017cowe<\/span><\/a><\/li><li class=\" wp-block-navigation-item wp-block-navigation-link\"><a class=\"wp-block-navigation-item__content\"  href=\"https:\/\/bpsiedlce.pl\/kurierek-nowosci\/kurierek-nowosci-nr-9-287-29-edycja-nagrody-literackiej-nike\/\"><span class=\"wp-block-navigation-item__label\">Kurierek Nowo\u015bci Nr 10 (287) \u2013 29. edycja Nagrody Literackiej NIKE<\/span><\/a><\/li><li class=\" wp-block-navigation-item wp-block-navigation-link\"><a class=\"wp-block-navigation-item__content\"  href=\"https:\/\/bpsiedlce.pl\/kurierek-nowosci\/kurierek-nowosci-nr-9-286-promocja-zdrowego-trybu-zycia-w-szkole\/\"><span class=\"wp-block-navigation-item__label\">Kurierek Nowo\u015bci Nr 9 (286) \u2013 Promocja zdrowego trybu \u017cycia w szkole<\/span><\/a><\/li><li class=\" wp-block-navigation-item wp-block-navigation-link\"><a class=\"wp-block-navigation-item__content\"  href=\"https:\/\/bpsiedlce.pl\/kurierek-nowosci\/kurierek-nowosci-nr-8-285-w-spektrum-autyzmu\/\"><span class=\"wp-block-navigation-item__label\">Kurierek Nowo\u015bci Nr 8 (285) \u2013\u00a0W spektrum autyzmu<\/span><\/a><\/li><li class=\" wp-block-navigation-item wp-block-navigation-link\"><a class=\"wp-block-navigation-item__content\"  href=\"https:\/\/bpsiedlce.pl\/kurierek-nowosci-nr-7-284-czas-z-rodzina-i-znajomymi-czas-wypoczynku\/\"><span class=\"wp-block-navigation-item__label\">Kurierek Nowo\u015bci Nr 7 (284) \u2013 Czas z rodzin\u0105 i znajomymi. Czas wypoczynku.<\/span><\/a><\/li><li class=\" wp-block-navigation-item wp-block-navigation-link\"><a class=\"wp-block-navigation-item__content\"  href=\"https:\/\/bpsiedlce.pl\/kurierek-nowosci\/kurierek-nowosci-nr-6-283-literatura-na-wakacje\/\"><span class=\"wp-block-navigation-item__label\">Kurierek Nowo\u015bci Nr 6 (283) \u2013 Literatura na wakacje<\/span><\/a><\/li><li class=\" wp-block-navigation-item wp-block-navigation-link\"><a class=\"wp-block-navigation-item__content\"  href=\"https:\/\/bpsiedlce.pl\/kurierek-nowosci\/kurierek-nowosci-nr-5-282-media-i-komunikacja-spoleczna\/\"><span class=\"wp-block-navigation-item__label\">Kurierek Nowo\u015bci Nr 5 (282) \u2013 Media i komunikacja spo\u0142eczna<\/span><\/a><\/li><li class=\" wp-block-navigation-item wp-block-navigation-link\"><a class=\"wp-block-navigation-item__content\"  href=\"https:\/\/bpsiedlce.pl\/kurierek-nowosci\/kurierek-nowosci-nr-4-281-w-trosce-o-zdrowie\/\"><span class=\"wp-block-navigation-item__label\">Kurierek Nowo\u015bci Nr 4 (281) \u2013 W trosce o zdrowie<\/span><\/a><\/li><li class=\" wp-block-navigation-item wp-block-navigation-link\"><a class=\"wp-block-navigation-item__content\"  href=\"https:\/\/bpsiedlce.pl\/kurierek-nowosci\/kurierek-nowosci-nr-3-280-edukacyjne-karty-pracy\/\"><span class=\"wp-block-navigation-item__label\">Kurierek Nowo\u015bci Nr 3 (280) \u2013 Edukacyjne karty pracy<\/span><\/a><\/li><li class=\" wp-block-navigation-item wp-block-navigation-link\"><a class=\"wp-block-navigation-item__content\"  href=\"https:\/\/bpsiedlce.pl\/kurierek-nowosci\/kurierek-nowosci-nr-2-279-zdrowie-psychiczne-dzieci\/\"><span class=\"wp-block-navigation-item__label\">Kurierek Nowo\u015bci Nr 2 (279) \u2013 Zdrowie psychiczne dzieci<\/span><\/a><\/li><li class=\" wp-block-navigation-item wp-block-navigation-link\"><a class=\"wp-block-navigation-item__content\"  href=\"https:\/\/bpsiedlce.pl\/kurierek-nowosci\/kurierek-nowosci-nr-1-278-sztuka\/\"><span class=\"wp-block-navigation-item__label\">Kurierek Nowo\u015bci Nr 1 (278) \u2013 Sztuka<\/span><\/a><\/li><\/ul><\/li><li data-wp-context=\"{ &quot;submenuOpenedBy&quot;: { &quot;click&quot;: false, &quot;hover&quot;: false, &quot;focus&quot;: false }, &quot;type&quot;: &quot;submenu&quot;, &quot;modal&quot;: null, &quot;previousFocus&quot;: null }\" data-wp-interactive=\"core\/navigation\" data-wp-on--focusout=\"actions.handleMenuFocusout\" data-wp-on--keydown=\"actions.handleMenuKeydown\" data-wp-on--mouseenter=\"actions.openMenuOnHover\" data-wp-on--mouseleave=\"actions.closeMenuOnHover\" data-wp-watch=\"callbacks.initMenu\" tabindex=\"-1\" class=\"wp-block-navigation-item has-child open-on-hover-click wp-block-navigation-submenu\"><a class=\"wp-block-navigation-item__content\" href=\"#\"><span class=\"wp-block-navigation-item__label\">2024<\/span><\/a><button data-wp-bind--aria-expanded=\"state.isMenuOpen\" data-wp-on--click=\"actions.toggleMenuOnClick\" aria-label=\"2024 submenu\" class=\"wp-block-navigation__submenu-icon wp-block-navigation-submenu__toggle\" ><svg xmlns=\"http:\/\/www.w3.org\/2000\/svg\" width=\"12\" height=\"12\" viewBox=\"0 0 12 12\" fill=\"none\" aria-hidden=\"true\" focusable=\"false\"><path d=\"M1.50002 4L6.00002 8L10.5 4\" stroke-width=\"1.5\"><\/path><\/svg><\/button><ul data-wp-on--focus=\"actions.openMenuOnFocus\" class=\"wp-block-navigation__submenu-container wp-block-navigation-submenu\"><li class=\" wp-block-navigation-item wp-block-navigation-link\"><a class=\"wp-block-navigation-item__content\"  href=\"https:\/\/bpsiedlce.pl\/kurierek-nowosci\/kurierek-nowosci-nr-12-277-biografie\/\"><span class=\"wp-block-navigation-item__label\">Kurierek Nowo\u015bci Nr 12 (277) \u2013 Biografie<\/span><\/a><\/li><li class=\" wp-block-navigation-item wp-block-navigation-link\"><a class=\"wp-block-navigation-item__content\"  href=\"https:\/\/bpsiedlce.pl\/kurierek-nowosci\/kurierek-nowosci-nr-11-276-dziecko-autystyczne\/\"><span class=\"wp-block-navigation-item__label\">Kurierek Nowo\u015bci Nr 11 (276) \u2013 Dziecko autystyczne<\/span><\/a><\/li><li class=\" wp-block-navigation-item wp-block-navigation-link\"><a class=\"wp-block-navigation-item__content\"  href=\"https:\/\/bpsiedlce.pl\/kurierek-nowosci\/kurierek-nowosci-nr-10-275-28-edycja-nagrody-literackiej-nike\/\"><span class=\"wp-block-navigation-item__label\">Kurierek Nowo\u015bci Nr 10 (275) \u2013 28. edycja Nagrody Literackiej NIKE<\/span><\/a><\/li><li class=\" wp-block-navigation-item wp-block-navigation-link\"><a class=\"wp-block-navigation-item__content\"  href=\"https:\/\/bpsiedlce.pl\/kurierek-nowosci\/kurierek-nowosci-nr-9-274-godziny-wychowawcze\/\"><span class=\"wp-block-navigation-item__label\">Kurierek Nowo\u015bci Nr 9 (274) \u2013 Godziny wychowawcze<\/span><\/a><\/li><li class=\" wp-block-navigation-item wp-block-navigation-link\"><a class=\"wp-block-navigation-item__content\"  href=\"https:\/\/bpsiedlce.pl\/kurierek-nowosci\/kurierek-nowosci-nr-8-273-edukacja-nauczanie-pedagogika\/\"><span class=\"wp-block-navigation-item__label\">Kurierek Nowo\u015bci Nr 8 (273) \u2013 Edukacja\/nauczanie\/pedagogika<\/span><\/a><\/li><li class=\" wp-block-navigation-item wp-block-navigation-link\"><a class=\"wp-block-navigation-item__content\"  href=\"https:\/\/bpsiedlce.pl\/kurierek-nowosci-nr-7-272-kuchnie-swiata\/\"><span class=\"wp-block-navigation-item__label\">Kurierek Nowo\u015bci Nr 7 (272) \u2013 Kuchnie \u015bwiata<\/span><\/a><\/li><li class=\" wp-block-navigation-item wp-block-navigation-link\"><a class=\"wp-block-navigation-item__content\"  href=\"https:\/\/bpsiedlce.pl\/kurierek-nowosci-nr-6-271-lektury-na-wakacje\/\"><span class=\"wp-block-navigation-item__label\">Kurierek Nowo\u015bci Nr 6 (271) \u2013 Lektury na wakacje<\/span><\/a><\/li><li class=\" wp-block-navigation-item wp-block-navigation-link\"><a class=\"wp-block-navigation-item__content\"  href=\"https:\/\/bpsiedlce.pl\/kurierek-nowosci\/kurierek-nowosci-nr-5-270-wybory-zyciowe\/\"><span class=\"wp-block-navigation-item__label\">Kurierek Nowo\u015bci Nr 5 (270) \u2013 Wybory \u017cyciowe<\/span><\/a><\/li><li class=\" wp-block-navigation-item wp-block-navigation-link\"><a class=\"wp-block-navigation-item__content\"  href=\"https:\/\/bpsiedlce.pl\/kurierek-nowosci\/kurierek-nowosci-nr-4-269-podroze-po-polsce-przewodniki\/\"><span class=\"wp-block-navigation-item__label\">Kurierek Nowo\u015bci Nr 4 (269) \u2013 Podr\u00f3\u017ce po Polsce \u2013 przewodniki<\/span><\/a><\/li><li class=\" wp-block-navigation-item wp-block-navigation-link\"><a class=\"wp-block-navigation-item__content\"  href=\"https:\/\/bpsiedlce.pl\/kurierek-nowosci-nr-3-268-psychologia\/\"><span class=\"wp-block-navigation-item__label\">Kurierek Nowo\u015bci Nr 3 (268) \u2013 Psychologia<\/span><\/a><\/li><li class=\" wp-block-navigation-item wp-block-navigation-link\"><a class=\"wp-block-navigation-item__content\"  href=\"https:\/\/bpsiedlce.pl\/kurierek-nowosci\/kurierek-nowosci-nr-2-267-autorytaryzm\/\"><span class=\"wp-block-navigation-item__label\">Kurierek Nowo\u015bci Nr 2 (267) \u2013 Autorytaryzm<\/span><\/a><\/li><li class=\" wp-block-navigation-item wp-block-navigation-link\"><a class=\"wp-block-navigation-item__content\"  href=\"https:\/\/bpsiedlce.pl\/kurierek-nowosci\/kurierek-nowosci-nr-1-266-kultura-sztuka\/\"><span class=\"wp-block-navigation-item__label\">Kurierek Nowo\u015bci Nr 1 (266) \u2013 Kultura, sztuka<\/span><\/a><\/li><\/ul><\/li><li data-wp-context=\"{ &quot;submenuOpenedBy&quot;: { &quot;click&quot;: false, &quot;hover&quot;: false, &quot;focus&quot;: false }, &quot;type&quot;: &quot;submenu&quot;, &quot;modal&quot;: null, &quot;previousFocus&quot;: null }\" data-wp-interactive=\"core\/navigation\" data-wp-on--focusout=\"actions.handleMenuFocusout\" data-wp-on--keydown=\"actions.handleMenuKeydown\" data-wp-on--mouseenter=\"actions.openMenuOnHover\" data-wp-on--mouseleave=\"actions.closeMenuOnHover\" data-wp-watch=\"callbacks.initMenu\" tabindex=\"-1\" class=\"wp-block-navigation-item has-child open-on-hover-click wp-block-navigation-submenu\"><a class=\"wp-block-navigation-item__content\" href=\"#\"><span class=\"wp-block-navigation-item__label\">2023<\/span><\/a><button data-wp-bind--aria-expanded=\"state.isMenuOpen\" data-wp-on--click=\"actions.toggleMenuOnClick\" aria-label=\"2023 submenu\" class=\"wp-block-navigation__submenu-icon wp-block-navigation-submenu__toggle\" ><svg xmlns=\"http:\/\/www.w3.org\/2000\/svg\" width=\"12\" height=\"12\" viewBox=\"0 0 12 12\" fill=\"none\" aria-hidden=\"true\" focusable=\"false\"><path d=\"M1.50002 4L6.00002 8L10.5 4\" stroke-width=\"1.5\"><\/path><\/svg><\/button><ul data-wp-on--focus=\"actions.openMenuOnFocus\" class=\"wp-block-navigation__submenu-container wp-block-navigation-submenu\"><li class=\" wp-block-navigation-item wp-block-navigation-link\"><a class=\"wp-block-navigation-item__content\"  href=\"https:\/\/bpsiedlce.pl\/kurierek-nowosci\/kurierek-nowosci-nr-12-265-kodowanie-na-dywanie\/\"><span class=\"wp-block-navigation-item__label\">Kurierek Nowo\u015bci Nr 12 (265) \u2013 Kodowanie na dywanie<\/span><\/a><\/li><li class=\" wp-block-navigation-item wp-block-navigation-link\"><a class=\"wp-block-navigation-item__content\"  href=\"https:\/\/bpsiedlce.pl\/kurierek-nowosci\/kurierek-nowosci-nr-11-264-zdrowe-odzywianie\/\"><span class=\"wp-block-navigation-item__label\">Kurierek Nowo\u015bci Nr 11 (264) \u2013 Zdrowe od\u017cywianie<\/span><\/a><\/li><li class=\" wp-block-navigation-item wp-block-navigation-link\"><a class=\"wp-block-navigation-item__content\"  href=\"https:\/\/bpsiedlce.pl\/kurierek-nowosci\/kurierek-nowosci-nr-10-263-27-edycja-nagrody-literackiej-nike\/\"><span class=\"wp-block-navigation-item__label\">Kurierek Nowo\u015bci Nr 10 (263) \u2013 27 edycja Nagrody Literackiej NIKE<\/span><\/a><\/li><li class=\" wp-block-navigation-item wp-block-navigation-link\"><a class=\"wp-block-navigation-item__content\"  href=\"https:\/\/bpsiedlce.pl\/kurierek-nowosci\/kurierek-nowosci-nr-9-262-godziny-wychowawcze\/\"><span class=\"wp-block-navigation-item__label\">Kurierek Nowo\u015bci Nr 9 (262) \u2013 Godziny wychowawcze<\/span><\/a><\/li><li class=\" wp-block-navigation-item wp-block-navigation-link\"><a class=\"wp-block-navigation-item__content\"  href=\"https:\/\/bpsiedlce.pl\/kurierek-nowosci\/kurierek-nowosci-nr-8-261-literatura-faktu\/\"><span class=\"wp-block-navigation-item__label\">Kurierek Nowo\u015bci Nr 8 (261) \u2013 Literatura faktu<\/span><\/a><\/li><li class=\" wp-block-navigation-item wp-block-navigation-link\"><a class=\"wp-block-navigation-item__content\"  href=\"https:\/\/bpsiedlce.pl\/kurierek-nowosci\/kurierek-nowosci-nr-7-260-gry-planszowe\/\"><span class=\"wp-block-navigation-item__label\">Kurierek Nowo\u015bci Nr 7 (260) \u2013 Gry planszowe<\/span><\/a><\/li><li class=\" wp-block-navigation-item wp-block-navigation-link\"><a class=\"wp-block-navigation-item__content\"  href=\"https:\/\/bpsiedlce.pl\/kurierek-nowosci\/kurierek-nowosci-nr-6-259-historia-na-wakacje\/\"><span class=\"wp-block-navigation-item__label\">Kurierek Nowo\u015bci Nr 6 (259) \u2013 Historia na wakacje<\/span><\/a><\/li><li class=\" wp-block-navigation-item wp-block-navigation-link\"><a class=\"wp-block-navigation-item__content\"  href=\"https:\/\/bpsiedlce.pl\/kurierek-nowosci\/kurierek-nowosci-nr-5-258-dziecko\/\"><span class=\"wp-block-navigation-item__label\">Kurierek Nowo\u015bci Nr 5 (258) \u2013 Dziecko<\/span><\/a><\/li><li class=\" wp-block-navigation-item wp-block-navigation-link\"><a class=\"wp-block-navigation-item__content\"  href=\"https:\/\/bpsiedlce.pl\/kurierek-nowosci\/kurierek-nowosci-nr-4-257-reportaze\/\"><span class=\"wp-block-navigation-item__label\">Kurierek Nowo\u015bci Nr 4 (257) \u2013 Reporta\u017ce<\/span><\/a><\/li><li class=\" wp-block-navigation-item wp-block-navigation-link\"><a class=\"wp-block-navigation-item__content\"  href=\"https:\/\/bpsiedlce.pl\/kurierek-nowosci\/kurierek-nowosci-nr-3-256-wydawnictwa-edukacyjne-dla-mlodszych-czytelnikow\/\"><span class=\"wp-block-navigation-item__label\">Kurierek Nowo\u015bci Nr 3 (256) \u2013 Wydawnictwa edukacyjne dla m\u0142odszych czytelnik\u00f3w<\/span><\/a><\/li><li class=\" wp-block-navigation-item wp-block-navigation-link\"><a class=\"wp-block-navigation-item__content\"  href=\"https:\/\/bpsiedlce.pl\/kurierek-nowosci\/kurierek-nowosci-nr-2-255-ekonomia\/\"><span class=\"wp-block-navigation-item__label\">Kurierek Nowo\u015bci Nr 2 (255) \u2013 Ekonomia<\/span><\/a><\/li><li class=\" wp-block-navigation-item wp-block-navigation-link\"><a class=\"wp-block-navigation-item__content\"  href=\"https:\/\/bpsiedlce.pl\/kurierek-nowosci\/kurierek-nowosci-nr-1-254-rezyliencja-odpornosc-psychiczna\/\"><span class=\"wp-block-navigation-item__label\">Kurierek Nowo\u015bci Nr 1 (254) \u2013 Rezyliencja, odporno\u015b\u0107 psychiczna<\/span><\/a><\/li><\/ul><\/li><\/ul>\n\t\t\t\t\t\t\t<\/div>\n\t\t\t\t\t\t<\/div>\n\t\t\t\t\t<\/div>\n\t\t\t\t<\/div><\/nav>\n\n\n<p><\/p>\n\n\n\n<div class=\"wp-block-file\"><a id=\"wp-block-file--media-ff5c873c-7b3f-490f-a164-15fca53aafb4\" href=\"https:\/\/bpsiedlce.pl\/wp-content\/uploads\/sites\/5\/2024\/02\/KN.02.24.pdf\">KN.02.24<\/a><\/div>\n\n\n\n<figure class=\"wp-block-image aligncenter size-large is-resized\"><img decoding=\"async\" src=\"https:\/\/bpsiedlce.pl\/wp-content\/uploads\/sites\/5\/2024\/02\/KN.02.24-724x1024.jpg\" alt=\"\" class=\"wp-image-56548\" style=\"width:auto;height:640px\" \/><\/figure>\n","protected":false},"excerpt":{"rendered":"","protected":false},"author":10,"featured_media":0,"parent":0,"menu_order":0,"comment_status":"closed","ping_status":"closed","template":"","meta":{"_acf_changed":false,"_oasis_is_in_workflow":0,"_oasis_original":0,"inline_featured_image":false,"site-sidebar-layout":"default","site-content-layout":"default","ast-site-content-layout":"default","site-content-style":"default","site-sidebar-style":"default","ast-global-header-display":"","ast-banner-title-visibility":"","ast-main-header-display":"","ast-hfb-above-header-display":"","ast-hfb-below-header-display":"","ast-hfb-mobile-header-display":"","site-post-title":"","ast-breadcrumbs-content":"","ast-featured-img":"","footer-sml-layout":"","ast-disable-related-posts":"","theme-transparent-header-meta":"default","adv-header-id-meta":"","stick-header-meta":"","header-above-stick-meta":"","header-main-stick-meta":"","header-below-stick-meta":"","astra-migrate-meta-layouts":"set","ast-page-background-enabled":"default","ast-page-background-meta":{"desktop":{"background-color":"","background-image":"","background-repeat":"repeat","background-position":"center center","background-size":"auto","background-attachment":"scroll","background-type":"","background-media":"","overlay-type":"","overlay-color":"","overlay-opacity":"","overlay-gradient":""},"tablet":{"background-color":"","background-image":"","background-repeat":"repeat","background-position":"center center","background-size":"auto","background-attachment":"scroll","background-type":"","background-media":"","overlay-type":"","overlay-color":"","overlay-opacity":"","overlay-gradient":""},"mobile":{"background-color":"","background-image":"","background-repeat":"repeat","background-position":"center center","background-size":"auto","background-attachment":"scroll","background-type":"","background-media":"","overlay-type":"","overlay-color":"","overlay-opacity":"","overlay-gradient":""}},"ast-content-background-meta":{"desktop":{"background-color":"var(--ast-global-color-5)","background-image":"","background-repeat":"repeat","background-position":"center center","background-size":"auto","background-attachment":"scroll","background-type":"","background-media":"","overlay-type":"","overlay-color":"","overlay-opacity":"","overlay-gradient":""},"tablet":{"background-color":"var(--ast-global-color-5)","background-image":"","background-repeat":"repeat","background-position":"center center","background-size":"auto","background-attachment":"scroll","background-type":"","background-media":"","overlay-type":"","overlay-color":"","overlay-opacity":"","overlay-gradient":""},"mobile":{"background-color":"var(--ast-global-color-5)","background-image":"","background-repeat":"repeat","background-position":"center center","background-size":"auto","background-attachment":"scroll","background-type":"","background-media":"","overlay-type":"","overlay-color":"","overlay-opacity":"","overlay-gradient":""}},"_themeisle_gutenberg_block_has_review":false,"footnotes":""},"class_list":["post-326884","page","type-page","status-publish","hentry"],"acf":[],"featured_image_urls_v2":{"full":"","thumbnail":"","medium":"","medium_large":"","large":"","1536x1536":"","2048x2048":"","menu-24x24":"","menu-36x36":"","menu-48x48":"","mailpoet_newsletter_max":""},"post_excerpt_stackable_v2":"<p>2026Kurierek Nowo\u015bci Nr 3 (292) \u2013\u00a0Jako\u015b\u0107 \u017cyciaKurierek Nowo\u015bci Nr 2 (291) \u2013\u00a0MaturaKurierek Nowo\u015bci Nr 1 (290) \u2013\u00a0M\u00f3zg2025Kurierek Nowo\u015bci Nr 12 (289) \u2013\u00a0Do poczytania w wolnej chwiliKurierek Nowo\u015bci Nr 11 (288) \u2013\u00a0Prawdziwe historie \u2013 nowo\u015bci reporta\u017coweKurierek Nowo\u015bci Nr 10 (287) \u2013 29. edycja Nagrody Literackiej NIKEKurierek Nowo\u015bci Nr 9 (286) \u2013 Promocja zdrowego trybu \u017cycia w szkoleKurierek Nowo\u015bci Nr 8 (285) \u2013\u00a0W spektrum autyzmuKurierek Nowo\u015bci Nr 7 (284) \u2013 Czas z rodzin\u0105 i znajomymi. Czas wypoczynku.Kurierek Nowo\u015bci Nr 6 (283) \u2013 Literatura na wakacjeKurierek Nowo\u015bci Nr 5 (282) \u2013 Media i komunikacja spo\u0142ecznaKurierek Nowo\u015bci Nr 4 (281) \u2013 W trosce o&hellip;<\/p>\n","category_list_v2":"","author_info_v2":{"name":"bWdyemVnb3Jjenlr","url":"https:\/\/bpsiedlce.pl\/en\/author\/bwdyemvnb3jjenlr\/"},"comments_num_v2":"0 comments","_links":{"self":[{"href":"https:\/\/bpsiedlce.pl\/en\/wp-json\/wp\/v2\/pages\/326884","targetHints":{"allow":["GET"]}}],"collection":[{"href":"https:\/\/bpsiedlce.pl\/en\/wp-json\/wp\/v2\/pages"}],"about":[{"href":"https:\/\/bpsiedlce.pl\/en\/wp-json\/wp\/v2\/types\/page"}],"author":[{"embeddable":true,"href":"https:\/\/bpsiedlce.pl\/en\/wp-json\/wp\/v2\/users\/10"}],"replies":[{"embeddable":true,"href":"https:\/\/bpsiedlce.pl\/en\/wp-json\/wp\/v2\/comments?post=326884"}],"version-history":[{"count":2,"href":"https:\/\/bpsiedlce.pl\/en\/wp-json\/wp\/v2\/pages\/326884\/revisions"}],"predecessor-version":[{"id":326896,"href":"https:\/\/bpsiedlce.pl\/en\/wp-json\/wp\/v2\/pages\/326884\/revisions\/326896"}],"wp:attachment":[{"href":"https:\/\/bpsiedlce.pl\/en\/wp-json\/wp\/v2\/media?parent=326884"}],"curies":[{"name":"wp","href":"https:\/\/api.w.org\/{rel}","templated":true}]}}