{"id":326854,"date":"2021-07-07T09:56:33","date_gmt":"2021-07-07T07:56:33","guid":{"rendered":"https:\/\/bpsiedlce.pl\/magiczna-ksiazka\/"},"modified":"2024-02-21T14:08:57","modified_gmt":"2024-02-21T13:08:57","slug":"magiczna-ksiazka","status":"publish","type":"page","link":"https:\/\/bpsiedlce.pl\/en\/magiczna-ksiazka\/","title":{"rendered":"Magic book"},"content":{"rendered":"\n<p>Zbi\u00f3r&nbsp;<strong>\u201eMagicznych ksi\u0105\u017cek&#8221;<\/strong>&nbsp;to cz\u0119\u015b\u0107 ksi\u0119gozbioru znajduj\u0105cego si\u0119 w Czytelni. Sk\u0142adaj\u0105 si\u0119 na niego publikacje dla dzieci, m\u0142odzie\u017cy a tak\u017ce doros\u0142ych. Znajdziemy tutaj szeroki wachlarz ksi\u0105\u017cek &#8211; od sensorycznych, kontrastowych dla bardzo ma\u0142ych dzieci a\u017c po dzie\u0142a zaliczane do tzw. liberatury. Od innych ksi\u0105\u017cek wyr\u00f3\u017cniaj\u0105 si\u0119 tym, \u017ce s\u0105 kreatywne, zaskakuj\u0105ce, innowacyjne i niezwykle intryguj\u0105ce. Mo\u017cna je ogl\u0105da\u0107, czyta\u0107, w\u0105cha\u0107, dotyka\u0107, bawi\u0107 si\u0119 nimi. Wiele z nich to ksi\u0105\u017cki artystyczne, r\u0119cznie wykonane, kt\u00f3re dostarcz\u0105 niezwyk\u0142ych prze\u017cy\u0107 estetycznych. Nasza kolekcja liczy ju\u017c ponad 150 volumin\u00f3w i stale si\u0119 powi\u0119ksza.<\/p>\n\n\n\n<p class=\"has-text-align-right\">Oprac. Hanna Krasuska-Terka<\/p>\n\n\n\n<figure class=\"wp-block-gallery has-nested-images columns-default is-cropped wp-block-gallery-1 is-layout-flex wp-block-gallery-is-layout-flex\">\n<figure class=\"wp-block-image size-large\"><img decoding=\"async\" data-id=\"1484\" src=\"https:\/\/bpsiedlce.pl\/wp-content\/uploads\/sites\/5\/2021\/07\/1-1.jpg\" alt=\"\" class=\"wp-image-1484\" \/><\/figure>\n\n\n\n<figure class=\"wp-block-image size-large\"><img decoding=\"async\" data-id=\"1487\" src=\"https:\/\/bpsiedlce.pl\/wp-content\/uploads\/sites\/5\/2021\/07\/2.jpg\" alt=\"\" class=\"wp-image-1487\" \/><\/figure>\n\n\n\n<figure class=\"wp-block-image size-large\"><img decoding=\"async\" data-id=\"1490\" src=\"https:\/\/bpsiedlce.pl\/wp-content\/uploads\/sites\/5\/2021\/07\/32.jpg\" alt=\"\" class=\"wp-image-1490\" \/><\/figure>\n\n\n\n<figure class=\"wp-block-image size-large\"><img decoding=\"async\" data-id=\"1493\" src=\"https:\/\/bpsiedlce.pl\/wp-content\/uploads\/sites\/5\/2021\/07\/4.jpg\" alt=\"\" class=\"wp-image-1493\" \/><\/figure>\n\n\n\n<figure class=\"wp-block-image size-large\"><img decoding=\"async\" data-id=\"1496\" src=\"https:\/\/bpsiedlce.pl\/wp-content\/uploads\/sites\/5\/2021\/07\/51.jpg\" alt=\"\" class=\"wp-image-1496\" \/><\/figure>\n\n\n\n<figure class=\"wp-block-image size-large\"><img decoding=\"async\" data-id=\"1499\" src=\"https:\/\/bpsiedlce.pl\/wp-content\/uploads\/sites\/5\/2021\/07\/6.jpg\" alt=\"\" class=\"wp-image-1499\" \/><\/figure>\n\n\n\n<figure class=\"wp-block-image size-large\"><img decoding=\"async\" data-id=\"1502\" src=\"https:\/\/bpsiedlce.pl\/wp-content\/uploads\/sites\/5\/2021\/07\/7.jpg\" alt=\"\" class=\"wp-image-1502\" \/><\/figure>\n\n\n\n<figure class=\"wp-block-image size-large\"><img decoding=\"async\" data-id=\"1505\" src=\"https:\/\/bpsiedlce.pl\/wp-content\/uploads\/sites\/5\/2021\/07\/81.jpg\" alt=\"\" class=\"wp-image-1505\" \/><\/figure>\n<\/figure>\n","protected":false},"excerpt":{"rendered":"<p>Zbi\u00f3r&nbsp;\u201eMagicznych ksi\u0105\u017cek&#8221;&nbsp;to cz\u0119\u015b\u0107 ksi\u0119gozbioru znajduj\u0105cego si\u0119 w Czytelni. Sk\u0142adaj\u0105 si\u0119 na niego publikacje dla dzieci, m\u0142odzie\u017cy a tak\u017ce doros\u0142ych. Znajdziemy [&hellip;]<\/p>\n","protected":false},"author":10,"featured_media":0,"parent":0,"menu_order":0,"comment_status":"closed","ping_status":"closed","template":"","meta":{"_acf_changed":false,"_oasis_is_in_workflow":0,"_oasis_original":0,"inline_featured_image":false,"site-sidebar-layout":"default","site-content-layout":"default","ast-site-content-layout":"default","site-content-style":"default","site-sidebar-style":"default","ast-global-header-display":"","ast-banner-title-visibility":"","ast-main-header-display":"","ast-hfb-above-header-display":"","ast-hfb-below-header-display":"","ast-hfb-mobile-header-display":"","site-post-title":"","ast-breadcrumbs-content":"","ast-featured-img":"","footer-sml-layout":"","ast-disable-related-posts":"","theme-transparent-header-meta":"default","adv-header-id-meta":"","stick-header-meta":"","header-above-stick-meta":"","header-main-stick-meta":"","header-below-stick-meta":"","astra-migrate-meta-layouts":"set","ast-page-background-enabled":"default","ast-page-background-meta":{"desktop":{"background-color":"","background-image":"","background-repeat":"repeat","background-position":"center center","background-size":"auto","background-attachment":"scroll","background-type":"","background-media":"","overlay-type":"","overlay-color":"","overlay-opacity":"","overlay-gradient":""},"tablet":{"background-color":"","background-image":"","background-repeat":"repeat","background-position":"center center","background-size":"auto","background-attachment":"scroll","background-type":"","background-media":"","overlay-type":"","overlay-color":"","overlay-opacity":"","overlay-gradient":""},"mobile":{"background-color":"","background-image":"","background-repeat":"repeat","background-position":"center center","background-size":"auto","background-attachment":"scroll","background-type":"","background-media":"","overlay-type":"","overlay-color":"","overlay-opacity":"","overlay-gradient":""}},"ast-content-background-meta":{"desktop":{"background-color":"var(--ast-global-color-5)","background-image":"","background-repeat":"repeat","background-position":"center center","background-size":"auto","background-attachment":"scroll","background-type":"","background-media":"","overlay-type":"","overlay-color":"","overlay-opacity":"","overlay-gradient":""},"tablet":{"background-color":"var(--ast-global-color-5)","background-image":"","background-repeat":"repeat","background-position":"center center","background-size":"auto","background-attachment":"scroll","background-type":"","background-media":"","overlay-type":"","overlay-color":"","overlay-opacity":"","overlay-gradient":""},"mobile":{"background-color":"var(--ast-global-color-5)","background-image":"","background-repeat":"repeat","background-position":"center center","background-size":"auto","background-attachment":"scroll","background-type":"","background-media":"","overlay-type":"","overlay-color":"","overlay-opacity":"","overlay-gradient":""}},"_themeisle_gutenberg_block_has_review":false,"footnotes":""},"class_list":["post-326854","page","type-page","status-publish","hentry"],"acf":[],"featured_image_urls_v2":{"full":"","thumbnail":"","medium":"","medium_large":"","large":"","1536x1536":"","2048x2048":"","menu-24x24":"","menu-36x36":"","menu-48x48":"","mailpoet_newsletter_max":""},"post_excerpt_stackable_v2":"<p>Zbi\u00f3r&nbsp;\u201eMagicznych ksi\u0105\u017cek&#8221;&nbsp;to cz\u0119\u015b\u0107 ksi\u0119gozbioru znajduj\u0105cego si\u0119 w Czytelni. Sk\u0142adaj\u0105 si\u0119 na niego publikacje dla dzieci, m\u0142odzie\u017cy a tak\u017ce doros\u0142ych. Znajdziemy tutaj szeroki wachlarz ksi\u0105\u017cek &#8211; od sensorycznych, kontrastowych dla bardzo ma\u0142ych dzieci a\u017c po dzie\u0142a zaliczane do tzw. liberatury. Od innych ksi\u0105\u017cek wyr\u00f3\u017cniaj\u0105 si\u0119 tym, \u017ce s\u0105 kreatywne, zaskakuj\u0105ce, innowacyjne i niezwykle intryguj\u0105ce. Mo\u017cna je ogl\u0105da\u0107, czyta\u0107, w\u0105cha\u0107, dotyka\u0107, bawi\u0107 si\u0119 nimi. Wiele z nich to ksi\u0105\u017cki artystyczne, r\u0119cznie wykonane, kt\u00f3re dostarcz\u0105 niezwyk\u0142ych prze\u017cy\u0107 estetycznych. Nasza kolekcja liczy ju\u017c ponad 150 volumin\u00f3w i stale si\u0119 powi\u0119ksza. Oprac. Hanna Krasuska-Terka<\/p>\n","category_list_v2":"","author_info_v2":{"name":"bWdyemVnb3Jjenlr","url":"https:\/\/bpsiedlce.pl\/en\/author\/bwdyemvnb3jjenlr\/"},"comments_num_v2":"0 comments","_links":{"self":[{"href":"https:\/\/bpsiedlce.pl\/en\/wp-json\/wp\/v2\/pages\/326854","targetHints":{"allow":["GET"]}}],"collection":[{"href":"https:\/\/bpsiedlce.pl\/en\/wp-json\/wp\/v2\/pages"}],"about":[{"href":"https:\/\/bpsiedlce.pl\/en\/wp-json\/wp\/v2\/types\/page"}],"author":[{"embeddable":true,"href":"https:\/\/bpsiedlce.pl\/en\/wp-json\/wp\/v2\/users\/10"}],"replies":[{"embeddable":true,"href":"https:\/\/bpsiedlce.pl\/en\/wp-json\/wp\/v2\/comments?post=326854"}],"version-history":[{"count":2,"href":"https:\/\/bpsiedlce.pl\/en\/wp-json\/wp\/v2\/pages\/326854\/revisions"}],"predecessor-version":[{"id":326866,"href":"https:\/\/bpsiedlce.pl\/en\/wp-json\/wp\/v2\/pages\/326854\/revisions\/326866"}],"wp:attachment":[{"href":"https:\/\/bpsiedlce.pl\/en\/wp-json\/wp\/v2\/media?parent=326854"}],"curies":[{"name":"wp","href":"https:\/\/api.w.org\/{rel}","templated":true}]}}