{"id":326779,"date":"2021-07-22T16:06:32","date_gmt":"2021-07-22T14:06:32","guid":{"rendered":"https:\/\/bpsiedlce.pl\/materialy-do-pobrania\/"},"modified":"2024-02-21T14:00:16","modified_gmt":"2024-02-21T13:00:16","slug":"materialy-do-pobrania","status":"publish","type":"page","link":"https:\/\/bpsiedlce.pl\/en\/materialy-do-pobrania\/","title":{"rendered":"Downloadable materials"},"content":{"rendered":"\n<p><strong>Logo biblioteki<\/strong><\/p>\n\n\n\n<div class=\"wp-block-columns is-layout-flex wp-container-core-columns-is-layout-28f84493 wp-block-columns-is-layout-flex\">\n<div class=\"wp-block-column is-layout-flow wp-block-column-is-layout-flow\">\n<p class=\"has-text-align-center\">Wersja na jasne t\u0142a<\/p>\n\n\n\n<figure class=\"wp-block-image size-full\"><img loading=\"lazy\" decoding=\"async\" width=\"976\" height=\"361\" src=\"https:\/\/bpsiedlce.pl\/wp-content\/uploads\/sites\/5\/2023\/12\/logo.png\" alt=\"\" class=\"wp-image-22393\" srcset=\"https:\/\/bpsiedlce.pl\/wp-content\/uploads\/sites\/5\/2023\/12\/logo.png 976w, https:\/\/bpsiedlce.pl\/wp-content\/uploads\/sites\/5\/2023\/12\/logo-300x111.png 300w, https:\/\/bpsiedlce.pl\/wp-content\/uploads\/sites\/5\/2023\/12\/logo-768x284.png 768w, https:\/\/bpsiedlce.pl\/wp-content\/uploads\/sites\/5\/2023\/12\/logo-24x9.png 24w, https:\/\/bpsiedlce.pl\/wp-content\/uploads\/sites\/5\/2023\/12\/logo-36x13.png 36w, https:\/\/bpsiedlce.pl\/wp-content\/uploads\/sites\/5\/2023\/12\/logo-48x18.png 48w, https:\/\/bpsiedlce.pl\/wp-content\/uploads\/sites\/5\/2023\/12\/logo-225x83.png 225w\" sizes=\"auto, (max-width: 976px) 100vw, 976px\" \/><\/figure>\n<\/div>\n\n\n\n<div class=\"wp-block-column is-layout-flow wp-block-column-is-layout-flow\">\n<p class=\"has-text-align-center\">Wersja (bia\u0142a) na ciemne t\u0142a<\/p>\n\n\n\n<figure class=\"wp-block-image size-full wp-duotone-dark-grayscale\"><img loading=\"lazy\" decoding=\"async\" width=\"976\" height=\"361\" src=\"https:\/\/bpsiedlce.pl\/wp-content\/uploads\/sites\/5\/2023\/12\/logo_biale.png\" alt=\"\" class=\"wp-image-23080\" srcset=\"https:\/\/bpsiedlce.pl\/wp-content\/uploads\/sites\/5\/2023\/12\/logo_biale.png 976w, https:\/\/bpsiedlce.pl\/wp-content\/uploads\/sites\/5\/2023\/12\/logo_biale-300x111.png 300w, https:\/\/bpsiedlce.pl\/wp-content\/uploads\/sites\/5\/2023\/12\/logo_biale-768x284.png 768w, https:\/\/bpsiedlce.pl\/wp-content\/uploads\/sites\/5\/2023\/12\/logo_biale-24x9.png 24w, https:\/\/bpsiedlce.pl\/wp-content\/uploads\/sites\/5\/2023\/12\/logo_biale-36x13.png 36w, https:\/\/bpsiedlce.pl\/wp-content\/uploads\/sites\/5\/2023\/12\/logo_biale-48x18.png 48w\" sizes=\"auto, (max-width: 976px) 100vw, 976px\" \/><\/figure>\n<\/div>\n<\/div>\n\n\n\n<p><\/p>\n\n\n\n<hr class=\"wp-block-separator has-alpha-channel-opacity\" \/>\n\n\n\n<p class=\"has-text-align-center\">Je\u015bli zajdzie potrzeba innych format\u00f3w to prosimy o kontakt.<\/p>\n\n\n\n<p class=\"has-text-align-center\"><strong><span style=\"color: #ff0000\" class=\"stk-highlight\">Jednocze\u015bnie informujemy, i\u017c powy\u017csze loga s\u0105 niezmienne. Zabrania si\u0119 ich dzielenia, zmiany kolor\u00f3w, zniekszta\u0142cania, itp.<\/span><\/strong><\/p>\n","protected":false},"excerpt":{"rendered":"<p>Logo biblioteki Wersja na jasne t\u0142a Wersja (bia\u0142a) na ciemne t\u0142a Je\u015bli zajdzie potrzeba innych format\u00f3w to prosimy o kontakt. [&hellip;]<\/p>\n","protected":false},"author":10,"featured_media":0,"parent":0,"menu_order":0,"comment_status":"closed","ping_status":"closed","template":"","meta":{"_acf_changed":false,"_oasis_is_in_workflow":0,"_oasis_original":0,"inline_featured_image":false,"site-sidebar-layout":"default","site-content-layout":"default","ast-site-content-layout":"default","site-content-style":"default","site-sidebar-style":"default","ast-global-header-display":"","ast-banner-title-visibility":"","ast-main-header-display":"","ast-hfb-above-header-display":"","ast-hfb-below-header-display":"","ast-hfb-mobile-header-display":"","site-post-title":"","ast-breadcrumbs-content":"","ast-featured-img":"","footer-sml-layout":"","ast-disable-related-posts":"","theme-transparent-header-meta":"default","adv-header-id-meta":"","stick-header-meta":"","header-above-stick-meta":"","header-main-stick-meta":"","header-below-stick-meta":"","astra-migrate-meta-layouts":"set","ast-page-background-enabled":"default","ast-page-background-meta":{"desktop":{"background-color":"","background-image":"","background-repeat":"repeat","background-position":"center center","background-size":"auto","background-attachment":"scroll","background-type":"","background-media":"","overlay-type":"","overlay-color":"","overlay-opacity":"","overlay-gradient":""},"tablet":{"background-color":"","background-image":"","background-repeat":"repeat","background-position":"center center","background-size":"auto","background-attachment":"scroll","background-type":"","background-media":"","overlay-type":"","overlay-color":"","overlay-opacity":"","overlay-gradient":""},"mobile":{"background-color":"","background-image":"","background-repeat":"repeat","background-position":"center center","background-size":"auto","background-attachment":"scroll","background-type":"","background-media":"","overlay-type":"","overlay-color":"","overlay-opacity":"","overlay-gradient":""}},"ast-content-background-meta":{"desktop":{"background-color":"var(--ast-global-color-5)","background-image":"","background-repeat":"repeat","background-position":"center center","background-size":"auto","background-attachment":"scroll","background-type":"","background-media":"","overlay-type":"","overlay-color":"","overlay-opacity":"","overlay-gradient":""},"tablet":{"background-color":"var(--ast-global-color-5)","background-image":"","background-repeat":"repeat","background-position":"center center","background-size":"auto","background-attachment":"scroll","background-type":"","background-media":"","overlay-type":"","overlay-color":"","overlay-opacity":"","overlay-gradient":""},"mobile":{"background-color":"var(--ast-global-color-5)","background-image":"","background-repeat":"repeat","background-position":"center center","background-size":"auto","background-attachment":"scroll","background-type":"","background-media":"","overlay-type":"","overlay-color":"","overlay-opacity":"","overlay-gradient":""}},"_themeisle_gutenberg_block_has_review":false,"footnotes":""},"class_list":["post-326779","page","type-page","status-publish","hentry"],"acf":[],"featured_image_urls_v2":{"full":"","thumbnail":"","medium":"","medium_large":"","large":"","1536x1536":"","2048x2048":"","menu-24x24":"","menu-36x36":"","menu-48x48":"","mailpoet_newsletter_max":""},"post_excerpt_stackable_v2":"<p>Logo biblioteki Wersja na jasne t\u0142a Wersja (bia\u0142a) na ciemne t\u0142a Je\u015bli zajdzie potrzeba innych format\u00f3w to prosimy o kontakt. Jednocze\u015bnie informujemy, i\u017c powy\u017csze loga s\u0105 niezmienne. Zabrania si\u0119 ich dzielenia, zmiany kolor\u00f3w, zniekszta\u0142cania, itp.<\/p>\n","category_list_v2":"","author_info_v2":{"name":"bWdyemVnb3Jjenlr","url":"https:\/\/bpsiedlce.pl\/en\/author\/bwdyemvnb3jjenlr\/"},"comments_num_v2":"0 comments","_links":{"self":[{"href":"https:\/\/bpsiedlce.pl\/en\/wp-json\/wp\/v2\/pages\/326779","targetHints":{"allow":["GET"]}}],"collection":[{"href":"https:\/\/bpsiedlce.pl\/en\/wp-json\/wp\/v2\/pages"}],"about":[{"href":"https:\/\/bpsiedlce.pl\/en\/wp-json\/wp\/v2\/types\/page"}],"author":[{"embeddable":true,"href":"https:\/\/bpsiedlce.pl\/en\/wp-json\/wp\/v2\/users\/10"}],"replies":[{"embeddable":true,"href":"https:\/\/bpsiedlce.pl\/en\/wp-json\/wp\/v2\/comments?post=326779"}],"version-history":[{"count":2,"href":"https:\/\/bpsiedlce.pl\/en\/wp-json\/wp\/v2\/pages\/326779\/revisions"}],"predecessor-version":[{"id":326806,"href":"https:\/\/bpsiedlce.pl\/en\/wp-json\/wp\/v2\/pages\/326779\/revisions\/326806"}],"wp:attachment":[{"href":"https:\/\/bpsiedlce.pl\/en\/wp-json\/wp\/v2\/media?parent=326779"}],"curies":[{"name":"wp","href":"https:\/\/api.w.org\/{rel}","templated":true}]}}