{"id":326743,"date":"2021-07-13T17:54:08","date_gmt":"2021-07-13T15:54:08","guid":{"rendered":"https:\/\/bpsiedlce.pl\/materialy-repertuarowe\/"},"modified":"2024-02-21T13:57:24","modified_gmt":"2024-02-21T12:57:24","slug":"materialy-repertuarowe","status":"publish","type":"page","link":"https:\/\/bpsiedlce.pl\/en\/materialy-repertuarowe\/","title":{"rendered":"Repertoire materials"},"content":{"rendered":"\n<p><a href=\"\/andrzejki-zestawienie-bibliograficzne-w-wyborze-za-lata-1997-2012\/\">Andrzejki<\/a><\/p>\n\n\n\n<p><a href=\"\/dzien-edukacji-narodowej-zestawienie-bibliograficzne-w-wyborze-za-lata-2005-2014\/\">Dzie\u0144 Edukacji Narodowej<\/a><\/p>\n\n\n\n<p><a href=\"\/dzien-babci-i-dziadka-zestawienie-bibliograficzne-w-wyborze-za-lata-2000-2013\/\">Dzie\u0144 Babci i Dziadka<\/a><\/p>\n\n\n\n<p><a href=\"\/dzien-kobiet-zestawienie-bibliograficzne-w-wyborze-za-lata-1999-2013\/\">Dzie\u0144 Kobiet<\/a><\/p>\n\n\n\n<p><a href=\"\/dzien-matki-zestawienie-bibliograficzne-w-wyborze-za-lata-2000-2013\/\">Dzie\u0144 Matki<\/a><\/p>\n\n\n\n<p><a href=\"\/dzien-ojca-zastawienie-bibliograficzne-w-wyborze-za-lata-2001-2015\/\">Dzie\u0144 Ojca<\/a><\/p>\n\n\n\n<p><a href=\"\/dzien-ziemi-zestawienie-bibliograficzne-w-wyborze-za-lata-2001-2013\/\">Dzie\u0144 Ziemi<\/a><\/p>\n\n\n\n<p><a href=\"\/dzien-swietego-walentego-zestawienie-bibliograficzne-w-wyborze-za-lata-2003-2013\/\">Dzie\u0144 \u015awi\u0119tego Walentego<\/a><\/p>\n\n\n\n<p><a href=\"\/konstytucja-3-maja-zestawienie-bibliograficzne-w-wyborze-za-lata-2000-2013\/\">Konstytucja 3 Maja<\/a><\/p>\n\n\n\n<p><a href=\"\/karnawal-zestawienie-bibliograficzne-w-wyborze-za-lata-2003-2013\/\">Karnawa\u0142<\/a><\/p>\n\n\n\n<p><a href=\"\/mikolajki-zestawienie-bibliograficzne-w-wyborze-za-lata-2002-2018\/\">Miko\u0142ajki<\/a><\/p>\n\n\n\n<p><a href=\"\/narodowe-swieto-niepodleglosci-zestawienie-bibliograficzne-w-wyborze-za-lata-2003-2013\/\">Narodowe \u015awi\u0119to Niepodleg\u0142o\u015bci<\/a><\/p>\n\n\n\n<p><a href=\"\/rozpoczecie-i-zakonczenie-roku-szkolnego-zestawienie-bibliograficzne-w-wyborze-za-lata-2004-2013\/\">Rozpocz\u0119cie i zako\u0144czenie roku szkolnego<\/a><\/p>\n\n\n\n<p><strong><a href=\"\/wielkanoc-zestawienie-bibliograficzne-w-wyborze-za-lata-2010-2020\/\">Wielkanoc<\/a>\u00a0&#8211;\u00a0AKTUALIZACJA 03.03.2021<\/strong><\/p>\n\n\n\n<p><a href=\"\/wigilia-i-boze-narodzenie-zestawienie-bibliograficzne-w-wyborze-za-lata-2000-2013\/\">Wigilia i Bo\u017ce Narodzenie<\/a><\/p>\n\n\n\n<p><strong><a href=\"\/wiosna-zestawienie-bibliograficzne-w-wyborze-za-lata-2010-2020\/\">Wiosna<\/a>\u00a0&#8211;\u00a0AKTUALIZACJA 04.03.2021<\/strong><\/p>\n","protected":false},"excerpt":{"rendered":"<p>Andrzejki Dzie\u0144 Edukacji Narodowej Dzie\u0144 Babci i Dziadka Dzie\u0144 Kobiet Dzie\u0144 Matki Dzie\u0144 Ojca Dzie\u0144 Ziemi Dzie\u0144 \u015awi\u0119tego Walentego Konstytucja [&hellip;]<\/p>\n","protected":false},"author":10,"featured_media":0,"parent":0,"menu_order":0,"comment_status":"closed","ping_status":"closed","template":"","meta":{"_acf_changed":false,"_oasis_is_in_workflow":0,"_oasis_original":0,"inline_featured_image":false,"site-sidebar-layout":"default","site-content-layout":"default","ast-site-content-layout":"default","site-content-style":"default","site-sidebar-style":"default","ast-global-header-display":"","ast-banner-title-visibility":"","ast-main-header-display":"","ast-hfb-above-header-display":"","ast-hfb-below-header-display":"","ast-hfb-mobile-header-display":"","site-post-title":"","ast-breadcrumbs-content":"","ast-featured-img":"","footer-sml-layout":"","ast-disable-related-posts":"","theme-transparent-header-meta":"default","adv-header-id-meta":"","stick-header-meta":"","header-above-stick-meta":"","header-main-stick-meta":"","header-below-stick-meta":"","astra-migrate-meta-layouts":"set","ast-page-background-enabled":"default","ast-page-background-meta":{"desktop":{"background-color":"","background-image":"","background-repeat":"repeat","background-position":"center center","background-size":"auto","background-attachment":"scroll","background-type":"","background-media":"","overlay-type":"","overlay-color":"","overlay-opacity":"","overlay-gradient":""},"tablet":{"background-color":"","background-image":"","background-repeat":"repeat","background-position":"center center","background-size":"auto","background-attachment":"scroll","background-type":"","background-media":"","overlay-type":"","overlay-color":"","overlay-opacity":"","overlay-gradient":""},"mobile":{"background-color":"","background-image":"","background-repeat":"repeat","background-position":"center center","background-size":"auto","background-attachment":"scroll","background-type":"","background-media":"","overlay-type":"","overlay-color":"","overlay-opacity":"","overlay-gradient":""}},"ast-content-background-meta":{"desktop":{"background-color":"var(--ast-global-color-5)","background-image":"","background-repeat":"repeat","background-position":"center center","background-size":"auto","background-attachment":"scroll","background-type":"","background-media":"","overlay-type":"","overlay-color":"","overlay-opacity":"","overlay-gradient":""},"tablet":{"background-color":"var(--ast-global-color-5)","background-image":"","background-repeat":"repeat","background-position":"center center","background-size":"auto","background-attachment":"scroll","background-type":"","background-media":"","overlay-type":"","overlay-color":"","overlay-opacity":"","overlay-gradient":""},"mobile":{"background-color":"var(--ast-global-color-5)","background-image":"","background-repeat":"repeat","background-position":"center center","background-size":"auto","background-attachment":"scroll","background-type":"","background-media":"","overlay-type":"","overlay-color":"","overlay-opacity":"","overlay-gradient":""}},"_themeisle_gutenberg_block_has_review":false,"footnotes":""},"class_list":["post-326743","page","type-page","status-publish","hentry"],"acf":[],"featured_image_urls_v2":{"full":"","thumbnail":"","medium":"","medium_large":"","large":"","1536x1536":"","2048x2048":"","menu-24x24":"","menu-36x36":"","menu-48x48":"","mailpoet_newsletter_max":""},"post_excerpt_stackable_v2":"<p>Andrzejki Dzie\u0144 Edukacji Narodowej Dzie\u0144 Babci i Dziadka Dzie\u0144 Kobiet Dzie\u0144 Matki Dzie\u0144 Ojca Dzie\u0144 Ziemi Dzie\u0144 \u015awi\u0119tego Walentego Konstytucja 3 Maja Karnawa\u0142 Miko\u0142ajki Narodowe \u015awi\u0119to Niepodleg\u0142o\u015bci Rozpocz\u0119cie i zako\u0144czenie roku szkolnego Wielkanoc\u00a0&#8211;\u00a0AKTUALIZACJA 03.03.2021 Wigilia i Bo\u017ce Narodzenie Wiosna\u00a0&#8211;\u00a0AKTUALIZACJA 04.03.2021<\/p>\n","category_list_v2":"","author_info_v2":{"name":"bWdyemVnb3Jjenlr","url":"https:\/\/bpsiedlce.pl\/en\/author\/bwdyemvnb3jjenlr\/"},"comments_num_v2":"0 comments","_links":{"self":[{"href":"https:\/\/bpsiedlce.pl\/en\/wp-json\/wp\/v2\/pages\/326743","targetHints":{"allow":["GET"]}}],"collection":[{"href":"https:\/\/bpsiedlce.pl\/en\/wp-json\/wp\/v2\/pages"}],"about":[{"href":"https:\/\/bpsiedlce.pl\/en\/wp-json\/wp\/v2\/types\/page"}],"author":[{"embeddable":true,"href":"https:\/\/bpsiedlce.pl\/en\/wp-json\/wp\/v2\/users\/10"}],"replies":[{"embeddable":true,"href":"https:\/\/bpsiedlce.pl\/en\/wp-json\/wp\/v2\/comments?post=326743"}],"version-history":[{"count":2,"href":"https:\/\/bpsiedlce.pl\/en\/wp-json\/wp\/v2\/pages\/326743\/revisions"}],"predecessor-version":[{"id":326755,"href":"https:\/\/bpsiedlce.pl\/en\/wp-json\/wp\/v2\/pages\/326743\/revisions\/326755"}],"wp:attachment":[{"href":"https:\/\/bpsiedlce.pl\/en\/wp-json\/wp\/v2\/media?parent=326743"}],"curies":[{"name":"wp","href":"https:\/\/api.w.org\/{rel}","templated":true}]}}