{"id":326533,"date":"2021-05-19T08:54:27","date_gmt":"2021-05-19T06:54:27","guid":{"rendered":"https:\/\/bpsiedlce.pl\/?page_id=326533"},"modified":"2024-02-21T13:18:04","modified_gmt":"2024-02-21T12:18:04","slug":"procedura-covid-19","status":"publish","type":"page","link":"https:\/\/bpsiedlce.pl\/en\/procedura-covid-19\/","title":{"rendered":"COVID 19 procedures"},"content":{"rendered":"\n<h4 class=\"wp-block-heading\">INFORMACJE I REKOMENDACJE DLA U\u017bYTKOWNIK\u00d3W BIBLIOTEKI PEDAGOGICZNEJ IM. HELENY RADLI\u0143SKIEJ W SIEDLCACH<\/h4>\n\n\n\n<p>W trosce o bezpiecze\u0144stwo wszystkich os\u00f3b przebywaj\u0105cych na terenie biblioteki, prosimy o<\/p>\n\n\n\n<p>przestrzeganie nast\u0119puj\u0105cych zasad:<\/p>\n\n\n\n<ol class=\"wp-block-list\"><li>Do biblioteki wchodzimy w maseczkach i r\u0119kawiczkach.<\/li><li>Nale\u017cy pami\u0119ta\u0107 o higienie r\u0105k oraz o higienie kichania i kas\u0142ania.<\/li><li>W wypo\u017cyczalni mo\u017ce znajdowa\u0107 si\u0119 tylko jedna osoba. Nast\u0119pna i kolejne prosimy o czekanie w informatorium z zachowaniem bezpiecznej odleg\u0142o\u015bci \/1,5 \u2013 2 m\/<\/li><li>Zwroty i wypo\u017cyczenia odbywaj\u0105 si\u0119 na oddzielnych stanowiskach.<\/li><li>Prosimy zamawia\u0107 ksi\u0105\u017cki przez katalog elektroniczny, tak aby czas przebywania w bibliotece by\u0142 mo\u017cliwie najkr\u00f3tszy. Osoby, kt\u00f3rym potrzebna jest pomoc przy zam\u00f3wieniach mog\u0105 kontaktowa\u0107 si\u0119 z nami telefonicznie.<\/li><li>Ka\u017cda zwracana przez pa\u0144stwa ksi\u0105\u017cka obowi\u0105zkowo b\u0119dzie przechodzi\u0107 3 dniow\u0105 kwarantann\u0119.<\/li><li>Informujemy r\u00f3wnie\u017c o czasowym braku wolnego dost\u0119pu do film\u00f3w.<\/li><li>Zach\u0119camy nadal do korzystania z oferty czytelni internetowej ibuk libra. Kody mo\u017cna odebra\u0107 w wypo\u017cyczalni lub drog\u0105 mailow\u0105.<\/li><li>W czytelni jednorazowo mog\u0105 przebywa\u0107 3 osoby.<\/li><li>Czytelnicy zajmuj\u0105 miejsce w czytelni z zachowaniem dwumetrowego dystansu.<\/li><li>Wszystkie materia\u0142y, z kt\u00f3rych korzystaj\u0105 u\u017cytkownicy czytelni obj\u0119te s\u0105 3 dniow\u0105 kwarantann\u0105.<\/li><\/ol>\n","protected":false},"excerpt":{"rendered":"<p>INFORMACJE I REKOMENDACJE DLA U\u017bYTKOWNIK\u00d3W BIBLIOTEKI PEDAGOGICZNEJ IM. HELENY RADLI\u0143SKIEJ W SIEDLCACH W trosce o bezpiecze\u0144stwo wszystkich os\u00f3b przebywaj\u0105cych na [&hellip;]<\/p>\n","protected":false},"author":1273,"featured_media":0,"parent":0,"menu_order":0,"comment_status":"closed","ping_status":"closed","template":"","meta":{"_acf_changed":false,"_oasis_is_in_workflow":0,"_oasis_original":0,"inline_featured_image":false,"site-sidebar-layout":"default","site-content-layout":"default","ast-site-content-layout":"default","site-content-style":"default","site-sidebar-style":"default","ast-global-header-display":"","ast-banner-title-visibility":"","ast-main-header-display":"","ast-hfb-above-header-display":"","ast-hfb-below-header-display":"","ast-hfb-mobile-header-display":"","site-post-title":"","ast-breadcrumbs-content":"","ast-featured-img":"","footer-sml-layout":"","ast-disable-related-posts":"","theme-transparent-header-meta":"default","adv-header-id-meta":"","stick-header-meta":"","header-above-stick-meta":"","header-main-stick-meta":"","header-below-stick-meta":"","astra-migrate-meta-layouts":"set","ast-page-background-enabled":"default","ast-page-background-meta":{"desktop":{"background-color":"","background-image":"","background-repeat":"repeat","background-position":"center center","background-size":"auto","background-attachment":"scroll","background-type":"","background-media":"","overlay-type":"","overlay-color":"","overlay-opacity":"","overlay-gradient":""},"tablet":{"background-color":"","background-image":"","background-repeat":"repeat","background-position":"center center","background-size":"auto","background-attachment":"scroll","background-type":"","background-media":"","overlay-type":"","overlay-color":"","overlay-opacity":"","overlay-gradient":""},"mobile":{"background-color":"","background-image":"","background-repeat":"repeat","background-position":"center center","background-size":"auto","background-attachment":"scroll","background-type":"","background-media":"","overlay-type":"","overlay-color":"","overlay-opacity":"","overlay-gradient":""}},"ast-content-background-meta":{"desktop":{"background-color":"var(--ast-global-color-5)","background-image":"","background-repeat":"repeat","background-position":"center center","background-size":"auto","background-attachment":"scroll","background-type":"","background-media":"","overlay-type":"","overlay-color":"","overlay-opacity":"","overlay-gradient":""},"tablet":{"background-color":"var(--ast-global-color-5)","background-image":"","background-repeat":"repeat","background-position":"center center","background-size":"auto","background-attachment":"scroll","background-type":"","background-media":"","overlay-type":"","overlay-color":"","overlay-opacity":"","overlay-gradient":""},"mobile":{"background-color":"var(--ast-global-color-5)","background-image":"","background-repeat":"repeat","background-position":"center center","background-size":"auto","background-attachment":"scroll","background-type":"","background-media":"","overlay-type":"","overlay-color":"","overlay-opacity":"","overlay-gradient":""}},"_themeisle_gutenberg_block_has_review":false,"footnotes":""},"class_list":["post-326533","page","type-page","status-publish","hentry"],"acf":[],"featured_image_urls_v2":{"full":"","thumbnail":"","medium":"","medium_large":"","large":"","1536x1536":"","2048x2048":"","menu-24x24":"","menu-36x36":"","menu-48x48":"","mailpoet_newsletter_max":""},"post_excerpt_stackable_v2":"<p>INFORMACJE I REKOMENDACJE DLA U\u017bYTKOWNIK\u00d3W BIBLIOTEKI PEDAGOGICZNEJ IM. HELENY RADLI\u0143SKIEJ W SIEDLCACH W trosce o bezpiecze\u0144stwo wszystkich os\u00f3b przebywaj\u0105cych na terenie biblioteki, prosimy o przestrzeganie nast\u0119puj\u0105cych zasad: Do biblioteki wchodzimy w maseczkach i r\u0119kawiczkach.Nale\u017cy pami\u0119ta\u0107 o higienie r\u0105k oraz o higienie kichania i kas\u0142ania.W wypo\u017cyczalni mo\u017ce znajdowa\u0107 si\u0119 tylko jedna osoba. Nast\u0119pna i kolejne prosimy o czekanie w informatorium z zachowaniem bezpiecznej odleg\u0142o\u015bci \/1,5 \u2013 2 m\/Zwroty i wypo\u017cyczenia odbywaj\u0105 si\u0119 na oddzielnych stanowiskach.Prosimy zamawia\u0107 ksi\u0105\u017cki przez katalog elektroniczny, tak aby czas przebywania w bibliotece by\u0142 mo\u017cliwie najkr\u00f3tszy. Osoby, kt\u00f3rym potrzebna jest pomoc przy zam\u00f3wieniach mog\u0105 kontaktowa\u0107 si\u0119 z nami&hellip;<\/p>\n","category_list_v2":"","author_info_v2":{"name":"uzytkownik niezalogowany","url":"https:\/\/bpsiedlce.pl\/en\/author\/1702984930rudagertruda79gmail-com\/"},"comments_num_v2":"0 comments","_links":{"self":[{"href":"https:\/\/bpsiedlce.pl\/en\/wp-json\/wp\/v2\/pages\/326533","targetHints":{"allow":["GET"]}}],"collection":[{"href":"https:\/\/bpsiedlce.pl\/en\/wp-json\/wp\/v2\/pages"}],"about":[{"href":"https:\/\/bpsiedlce.pl\/en\/wp-json\/wp\/v2\/types\/page"}],"author":[{"embeddable":true,"href":"https:\/\/bpsiedlce.pl\/en\/wp-json\/wp\/v2\/users\/1273"}],"replies":[{"embeddable":true,"href":"https:\/\/bpsiedlce.pl\/en\/wp-json\/wp\/v2\/comments?post=326533"}],"version-history":[{"count":2,"href":"https:\/\/bpsiedlce.pl\/en\/wp-json\/wp\/v2\/pages\/326533\/revisions"}],"predecessor-version":[{"id":326545,"href":"https:\/\/bpsiedlce.pl\/en\/wp-json\/wp\/v2\/pages\/326533\/revisions\/326545"}],"wp:attachment":[{"href":"https:\/\/bpsiedlce.pl\/en\/wp-json\/wp\/v2\/media?parent=326533"}],"curies":[{"name":"wp","href":"https:\/\/api.w.org\/{rel}","templated":true}]}}