{"id":325873,"date":"2021-07-12T11:18:52","date_gmt":"2021-07-12T09:18:52","guid":{"rendered":"https:\/\/bpsiedlce.pl\/psychologia\/"},"modified":"2024-02-21T12:01:36","modified_gmt":"2024-02-21T11:01:36","slug":"psychologia","status":"publish","type":"page","link":"https:\/\/bpsiedlce.pl\/en\/psychologia\/","title":{"rendered":"Psychology"},"content":{"rendered":"\n<p><a href=\"\/adhd-zespol-nadpobudliwosci-psychoruchowej-zestawienie-bibliograficzne-w-wyborze-za-lata-2010-2021\/\"><strong>ADHD<\/strong><\/a><strong>&nbsp;&#8211; AKTUALIZACJA 25.05.2021<\/strong><\/p>\n\n\n\n<p><a href=\"\/afazja-zestwienie-bibliograficzne-w-wyborze-za-lata-2003-2020\/\"><strong>Afazja&nbsp;<\/strong><\/a><strong>&#8211; AKTUALIZACJA 23.03.2021<\/strong><\/p>\n\n\n\n<p><a href=\"\/asertywnosc-bibliografia-w-wyborze-za-lata-1995-2013\/\">Asertywno\u015b\u0107<\/a><\/p>\n\n\n\n<p><a href=\"\/adaptacja-spoleczna-zestawienie-bibliograficzne-w-wyborze-za-lata-2016-2020\/\"><strong>Adaptacja spo\u0142eczna<\/strong><\/a><strong>&nbsp;&#8211; AKTUALIZACJA 04.03.2021<\/strong><\/p>\n\n\n\n<p><a href=\"\/adopcja-zestawienie-bibliograficzne-w-wyborze-za-lata-1969-2013\/\">Adopcja<\/a><\/p>\n\n\n\n<p><a href=\"\/animaloterapia-terapia-z-udzialem-zwierzat-zestawienie-bibliograficzne-w-wyborze-za-lata-2005-2020\/\">Animaloterapia &#8211; terapia z udzia\u0142em zwierz\u0105t<\/a><\/p>\n\n\n\n<p><a href=\"\/arteterapia-zestawienie-bibliograficzne-w-wyborze-za-lata-2011-2017\/\">Arteterapia<\/a><\/p>\n\n\n\n<p><a href=\"\/autyzm-u-dzieci-i-mlodziezy-zestawienia-bibliograficzne-w-wyborze-za-lata-1993-2015\/\">Autyzm u dzieci i m\u0142odzie\u017cy<\/a><\/p>\n\n\n\n<p><a href=\"\/autyzm-u-dzieci-i-mlodziezy-zestawienia-bibliograficzne-w-wyborze-za-lata-2016-2020\/\"><strong>Autyzm u dzieci i m\u0142odzie\u017cy &#8211; Cz. 2<\/strong><\/a><strong>&nbsp;&#8211; AKTUALIZACJA 22.03.2021<\/strong><\/p>\n\n\n\n<p><a href=\"\/coaching-zestawienie-bibliograficzne-w-wyborze-za-lata-2005-2013\/\/\">Coaching<\/a><\/p>\n\n\n\n<p><a href=\"\/depresja-u-dzieci-i-mlodziezy-zestawienie-bibliograficzne-w-wyborze-za-lata-2001-2018\/\">Depresja u dzieci i m\u0142odzie\u017cy<\/a><\/p>\n\n\n\n<p><a href=\"\/dorosle-dzieci-alkoholikow-zestawienie-bibliogarficzne-w-wyborze-za-lata-2000-2019\/\">Doros\u0142e Dzieci Alkoholik\u00f3w<\/a><\/p>\n\n\n\n<p><a href=\"\/dyskryminacja-wieloaspektowosc-zestawienie-bibliograficzne-w-wyborze-za-lata-2010-2019\/\">Dyskryminacja &#8211; wieloaspektowo\u015b\u0107<\/a><\/p>\n\n\n\n<p><a href=\"http:\/\/www.bpsiedlce.pl\/1\/strona\/81_zestawienia-bibliograficzne\/287_psychologia\/1018_emocje-cz-2\/\">Emocje, uczucia<\/a><\/p>\n\n\n\n<p><a href=\"\/eurosieroctwo-zestawienie-bibliograficzne-w-wyborze-za-lata-2005-2019\/\"><strong>Eurosieroctwo&nbsp;<\/strong><\/a><strong>&#8211; AKTUALIZACJA 31.03.2021<\/strong><\/p>\n\n\n\n<p><strong><a href=\"http:\/\/www.bpsiedlce.pl\/1\/strona\/81_zestawienia-bibliograficzne\/287_psychologia\/453_dziecko-z-alkoholowym-zespolem-plodowym-fas-\/\">FAS &#8211; dziecko z alkoholowym zespo\u0142em p\u0142odowym<\/a><\/strong>&nbsp;&#8211;&nbsp;<strong>AKTUALIZACJA&nbsp;09.09.2020<\/strong><\/p>\n\n\n\n<p><a href=\"\/gotowosc-szkolna-szesciolatkow-zestawienie-bibliograficzne-w-wyborze-za-lata-2008-2016\/\">Gotowo\u015b\u0107 szkolna sze\u015bciolatk\u00f3w<\/a><\/p>\n\n\n\n<p><a href=\"\/konflikty-w-relacjach-nauczyciel-uczen-zestawienie-bibliograficzne-w-wyborze-za-lata-2004-2014\/\">Konflikty w relacjach nauczyciel &#8211; ucze\u0144, ucze\u0144 &#8211; ucze\u0144, doros\u0142y &#8211; doros\u0142y<\/a><\/p>\n\n\n\n<p><a href=\"\/komunikacja-niewerbalna-zestawienie-bibliograficzne-w-wyborze-za-lata-1998-2013\/\/\">Komunikacja niewerbalna<\/a><\/p>\n\n\n\n<p><a href=\"\/kreatywnosc-zestawienie-bibliograficzne-w-wyborze-za-lata-1999-2015\/\">Kreatywno\u015b\u0107<\/a><\/p>\n\n\n\n<p><a href=\"http:\/\/www.bpsiedlce.pl\/1\/strona\/81_zestawienia-bibliograficzne\/287_psychologia\/1120_macierzynstwo\/\">Macierzy\u0144stwo<\/a><\/p>\n\n\n\n<p><a href=\"\/media-spolecznosciowe-zestawienie-bibliograficzne-w-wyborze-za-lata-2011-2017\/\">Media spo\u0142eczno\u015bciowe<\/a><\/p>\n\n\n\n<p><a href=\"\/motywacja-pracy-zestawienia-bibliograficzne-w-wyborze-za-lata-1971-2012\/\">Motywacja pracy<\/a><\/p>\n\n\n\n<p><a href=\"\/mozgowe-porazenie-dzieciece-zestawienia-bibliograficzne-w-wyborze-za-lata-1997-2019\/\">M\u00f3zgowe pora\u017cenie dzieci\u0119ce<\/a><\/p>\n\n\n\n<p><a href=\"\/mutyzm-zestawienie-bibliograficzne-w-wyborze-za-lata-2005-2020\/\"><strong>Mutyzm<\/strong><\/a><strong>&nbsp;&#8211; AKTUALIZACJA 16.03.2021<\/strong><\/p>\n\n\n\n<p><a href=\"\/niesmialosc-zestawienie-bibliograficzne-w-wyborze-za-lata-2002-2020\/\"><strong>Nie\u015bmia\u0142o\u015b\u0107<\/strong><\/a><strong>&nbsp;&#8211;&nbsp;AKTUALIZACJA 31.03.2021<\/strong><\/p>\n\n\n\n<p><a href=\"\/pewnosc-siebie-zestawienie-bibliograficzne-w-wyborze-za-lata-1993-2015\/\">Pewno\u015b\u0107 siebie<\/a><\/p>\n\n\n\n<p><a href=\"http:\/\/www.bpsiedlce.pl\/1\/strona\/81_zestawienia-bibliograficzne\/287_psychologia\/765_plec-kulturowa\/\">P\u0142e\u0107 kulturowa<\/a><\/p>\n\n\n\n<p><a href=\"\/psychoterapia-dziecko-zestawienie-bibliograficzne-w-wyborze-za-lata-1982-2012\/\">Psychoterapia<\/a><\/p>\n\n\n\n<p><a href=\"\/rewalidacja-zestawienie-bibliograficzne-w-wyborze-za-lata-1997-2015\/\">Rewalidacja<\/a><\/p>\n\n\n\n<p><a href=\"\/reklama-telewizyjna-i-jej-wplyw-na-dziecko-zestawienie-bibliograficzne-w-wyborze-za-lata-2002-2020\/\"><strong>Reklama telewizyjna i jej wp\u0142yw na dziecko\u00a0<\/strong><\/a><strong>&#8211; AKTUALIZACJA 15.04.2021<\/strong><\/p>\n\n\n\n<p><strong><a href=\"\/rola-zabawy-w-rozwoju-i-zyciu-dziecka-zestawienie-bibliograficzne-w-wyborze-za-lata-1984-2018\/\">Rola zabawy w rozwoju i \u017cyciu dziecka<\/a>\u00a0&#8211; NOWO\u015a\u0106 15.01.2021<\/strong><\/p>\n\n\n\n<p><a href=\"\/rozwod-rodzicow-a-dziecko-zestawienie-bibliograficzne-w-wyborze-za-lata-2005-2020\/\">Rozw\u00f3d rodzic\u00f3w a dziecko<\/a><\/p>\n\n\n\n<p><a href=\"\/samobojstwa-zestawienie-bibliograficzne-w-wyborze-za-lata-2002-2017\/\">Samob\u00f3jstwa<\/a><\/p>\n\n\n\n<p><a href=\"\/samorealizacja-zestawienie-bibliograficzne-w-wyborze-za-lata-2000-2017\/\">Samorealizacja<\/a><\/p>\n\n\n\n<p><a href=\"\/seksualnosc-osob-niepelnosprawnych-intelektualnie-zestawienie-bibliograficzne-w-wyborze-za-lata-2004-2017\/\">Seksualno\u015b\u0107 os\u00f3b niepe\u0142nosprawnych intelektualnie<\/a><\/p>\n\n\n\n<p><a href=\"\/tworczosc-dzieci-i-mlodziezy-zestawienie-bibliograficzne-w-wyborze-za-lata-2008-2015\/\">Tw\u00f3rczo\u015b\u0107 dzieci i m\u0142odzie\u017cy<\/a><\/p>\n\n\n\n<p><a href=\"http:\/\/www.bpsiedlce.pl\/1\/strona\/81_zestawienia-bibliograficzne\/287_psychologia\/719_wplyw-telewizji-i-gier-komputerowych-na-rozwoj-\/\">Wp\u0142yw telewizji i gier komputerowych na rozw\u00f3j dzieci&nbsp; m\u0142odzie\u017cy<\/a><\/p>\n\n\n\n<p><a href=\"http:\/\/www.bpsiedlce.pl\/1\/strona\/81_zestawienia-bibliograficzne\/287_psychologia\/1126_wypalenie-zawodowe-cz-2\/\">Wypalenie zawodowe\u00a0<\/a><\/p>\n\n\n\n<p><a href=\"\/zespol-aspergera-zestawienie-bibliograficzne-w-wyborze-za-lata-2000-2016\/\">Zesp\u00f3\u0142 Aspergera<\/a><\/p>\n\n\n\n<p><a href=\"\/zespol-aspergera-zestawienie-bibliograficzne-w-wyborze-za-lata-2015-2020\/\">Zesp\u00f3\u0142 Aspergera &#8211; Cz. 2<\/a><\/p>\n\n\n\n<p><a href=\"\/zespol-downa-zestawienie-bibliograficzne-w-wyborze-za-lata-2002-2019\/\/\">Zesp\u00f3\u0142 Downa<\/a><\/p>\n","protected":false},"excerpt":{"rendered":"<p>ADHD&nbsp;&#8211; AKTUALIZACJA 25.05.2021 Afazja&nbsp;&#8211; AKTUALIZACJA 23.03.2021 Asertywno\u015b\u0107 Adaptacja spo\u0142eczna&nbsp;&#8211; AKTUALIZACJA 04.03.2021 Adopcja Animaloterapia &#8211; terapia z udzia\u0142em zwierz\u0105t Arteterapia Autyzm [&hellip;]<\/p>\n","protected":false},"author":10,"featured_media":0,"parent":0,"menu_order":0,"comment_status":"closed","ping_status":"closed","template":"","meta":{"_acf_changed":false,"_oasis_is_in_workflow":0,"_oasis_original":0,"inline_featured_image":false,"site-sidebar-layout":"default","site-content-layout":"default","ast-site-content-layout":"default","site-content-style":"default","site-sidebar-style":"default","ast-global-header-display":"","ast-banner-title-visibility":"","ast-main-header-display":"","ast-hfb-above-header-display":"","ast-hfb-below-header-display":"","ast-hfb-mobile-header-display":"","site-post-title":"","ast-breadcrumbs-content":"","ast-featured-img":"","footer-sml-layout":"","ast-disable-related-posts":"","theme-transparent-header-meta":"default","adv-header-id-meta":"","stick-header-meta":"","header-above-stick-meta":"","header-main-stick-meta":"","header-below-stick-meta":"","astra-migrate-meta-layouts":"set","ast-page-background-enabled":"default","ast-page-background-meta":{"desktop":{"background-color":"","background-image":"","background-repeat":"repeat","background-position":"center center","background-size":"auto","background-attachment":"scroll","background-type":"","background-media":"","overlay-type":"","overlay-color":"","overlay-opacity":"","overlay-gradient":""},"tablet":{"background-color":"","background-image":"","background-repeat":"repeat","background-position":"center center","background-size":"auto","background-attachment":"scroll","background-type":"","background-media":"","overlay-type":"","overlay-color":"","overlay-opacity":"","overlay-gradient":""},"mobile":{"background-color":"","background-image":"","background-repeat":"repeat","background-position":"center center","background-size":"auto","background-attachment":"scroll","background-type":"","background-media":"","overlay-type":"","overlay-color":"","overlay-opacity":"","overlay-gradient":""}},"ast-content-background-meta":{"desktop":{"background-color":"var(--ast-global-color-5)","background-image":"","background-repeat":"repeat","background-position":"center center","background-size":"auto","background-attachment":"scroll","background-type":"","background-media":"","overlay-type":"","overlay-color":"","overlay-opacity":"","overlay-gradient":""},"tablet":{"background-color":"var(--ast-global-color-5)","background-image":"","background-repeat":"repeat","background-position":"center center","background-size":"auto","background-attachment":"scroll","background-type":"","background-media":"","overlay-type":"","overlay-color":"","overlay-opacity":"","overlay-gradient":""},"mobile":{"background-color":"var(--ast-global-color-5)","background-image":"","background-repeat":"repeat","background-position":"center center","background-size":"auto","background-attachment":"scroll","background-type":"","background-media":"","overlay-type":"","overlay-color":"","overlay-opacity":"","overlay-gradient":""}},"_themeisle_gutenberg_block_has_review":false,"footnotes":""},"class_list":["post-325873","page","type-page","status-publish","hentry"],"acf":[],"featured_image_urls_v2":{"full":"","thumbnail":"","medium":"","medium_large":"","large":"","1536x1536":"","2048x2048":"","menu-24x24":"","menu-36x36":"","menu-48x48":"","mailpoet_newsletter_max":""},"post_excerpt_stackable_v2":"<p>ADHD&nbsp;&#8211; AKTUALIZACJA 25.05.2021 Afazja&nbsp;&#8211; AKTUALIZACJA 23.03.2021 Asertywno\u015b\u0107 Adaptacja spo\u0142eczna&nbsp;&#8211; AKTUALIZACJA 04.03.2021 Adopcja Animaloterapia &#8211; terapia z udzia\u0142em zwierz\u0105t Arteterapia Autyzm u dzieci i m\u0142odzie\u017cy Autyzm u dzieci i m\u0142odzie\u017cy &#8211; Cz. 2&nbsp;&#8211; AKTUALIZACJA 22.03.2021 Coaching Depresja u dzieci i m\u0142odzie\u017cy Doros\u0142e Dzieci Alkoholik\u00f3w Dyskryminacja &#8211; wieloaspektowo\u015b\u0107 Emocje, uczucia Eurosieroctwo&nbsp;&#8211; AKTUALIZACJA 31.03.2021 FAS &#8211; dziecko z alkoholowym zespo\u0142em p\u0142odowym&nbsp;&#8211;&nbsp;AKTUALIZACJA&nbsp;09.09.2020 Gotowo\u015b\u0107 szkolna sze\u015bciolatk\u00f3w Konflikty w relacjach nauczyciel &#8211; ucze\u0144, ucze\u0144 &#8211; ucze\u0144, doros\u0142y &#8211; doros\u0142y Komunikacja niewerbalna Kreatywno\u015b\u0107 Macierzy\u0144stwo Media spo\u0142eczno\u015bciowe Motywacja pracy M\u00f3zgowe pora\u017cenie dzieci\u0119ce Mutyzm&nbsp;&#8211; AKTUALIZACJA 16.03.2021 Nie\u015bmia\u0142o\u015b\u0107&nbsp;&#8211;&nbsp;AKTUALIZACJA 31.03.2021 Pewno\u015b\u0107 siebie P\u0142e\u0107 kulturowa Psychoterapia Rewalidacja Reklama telewizyjna i jej wp\u0142yw&hellip;<\/p>\n","category_list_v2":"","author_info_v2":{"name":"bWdyemVnb3Jjenlr","url":"https:\/\/bpsiedlce.pl\/en\/author\/bwdyemvnb3jjenlr\/"},"comments_num_v2":"0 comments","_links":{"self":[{"href":"https:\/\/bpsiedlce.pl\/en\/wp-json\/wp\/v2\/pages\/325873","targetHints":{"allow":["GET"]}}],"collection":[{"href":"https:\/\/bpsiedlce.pl\/en\/wp-json\/wp\/v2\/pages"}],"about":[{"href":"https:\/\/bpsiedlce.pl\/en\/wp-json\/wp\/v2\/types\/page"}],"author":[{"embeddable":true,"href":"https:\/\/bpsiedlce.pl\/en\/wp-json\/wp\/v2\/users\/10"}],"replies":[{"embeddable":true,"href":"https:\/\/bpsiedlce.pl\/en\/wp-json\/wp\/v2\/comments?post=325873"}],"version-history":[{"count":2,"href":"https:\/\/bpsiedlce.pl\/en\/wp-json\/wp\/v2\/pages\/325873\/revisions"}],"predecessor-version":[{"id":325888,"href":"https:\/\/bpsiedlce.pl\/en\/wp-json\/wp\/v2\/pages\/325873\/revisions\/325888"}],"wp:attachment":[{"href":"https:\/\/bpsiedlce.pl\/en\/wp-json\/wp\/v2\/media?parent=325873"}],"curies":[{"name":"wp","href":"https:\/\/api.w.org\/{rel}","templated":true}]}}