{"id":325843,"date":"2021-07-07T09:32:18","date_gmt":"2021-07-07T07:32:18","guid":{"rendered":"https:\/\/bpsiedlce.pl\/regionalia\/"},"modified":"2024-02-21T11:37:07","modified_gmt":"2024-02-21T10:37:07","slug":"regionalia","status":"publish","type":"page","link":"https:\/\/bpsiedlce.pl\/en\/regionalia\/","title":{"rendered":"Regiolanies"},"content":{"rendered":"\n<p>&nbsp;&nbsp;W Bibliotece Pedagogicznej im. Heleny Radli\u0144skiej w Siedlcach gromadzone s\u0105 ju\u017c od pocz\u0105tku istnienia tej plac\u00f3wki wydawnictwa i materia\u0142y informacyjne dotycz\u0105ce Siedlec, regionu siedleckiego, Podlasia i Mazowsza. Biblioteka d\u0105\u017cy do upowszechniania informacji o&nbsp;regionie. Postawi\u0142a sobie za cel przechowywanie wiedzy o przesz\u0142o\u015bci, tradycjach historycznych i kulturowych regionu, a tak\u017ce o jego dniu dzisiejszym. Poprzez te dzia\u0142ania w\u0142\u0105cza si\u0119 w nurt edukacji regionalnej, tak popularnej i potrzebnej w dzisiejszych czasach. W&nbsp;czytelni znajduje si\u0119 ponad 1000 wydawnictw zwartych. S\u0105 to monografie, informatory i&nbsp;opracowania o Siedlcach, \u0141ukowie, Mi\u0144sku Mazowieckim, Garwolinie, Soko\u0142owie Podlaskim, W\u0119growie, \u0141osicach i innych mniejszych miejscowo\u015bciach rejonu. Du\u017c\u0105 cz\u0119\u015b\u0107 zbior\u00f3w stanowi\u0105 prace m\u00f3wi\u0105ce o szkolnictwie i o\u015bwiacie na naszym terenie. Posiadamy wydawnictwa lokalnych tw\u00f3rc\u00f3w &#8211; poet\u00f3w, pisarzy, a tak\u017ce prace nauczycieli tw\u00f3rczych regionu. Mamy du\u017cy zbi\u00f3r ksi\u0105\u017cek dotycz\u0105cych Siedlec, m\u00f3wi\u0105cych o historii, osobach i&nbsp;instytucjach zas\u0142u\u017conych dla kultury, dziejach szk\u00f3\u0142, wyznaniach religijnych mieszka\u0144c\u00f3w miasta. Najstarsz\u0105 ksi\u0105\u017ck\u0105 regionaln\u0105 w czytelni biblioteki jest publikacja \u201eKsi\u0105\u017cka i&nbsp;nauczyciel w odradzaj\u0105cej si\u0119 ziemi lubelskiej&#8221;, wydana w 1945 roku.<br>&nbsp;&nbsp;&nbsp;&nbsp; Opr\u00f3cz zbior\u00f3w ksi\u0105\u017ckowych dysponujemy tak\u017ce pras\u0105 regionaln\u0105, ukazuj\u0105c\u0105 si\u0119 na naszym terenie (m. in. \u201eTygodnik Siedlecki&#8221;, \u201e\u017bycie Siedleckie&#8221;, \u201eEcho Katolickie&#8221;, \u201eKurier Siedlecki&#8221;). Posiadamy czasopisma regionalne m\u00f3wi\u0105ce o \u017cyciu kulturalnym miasta i regionu siedleckiego (\u201eKultura Siedlecka&#8221;, \u201eSiedlecki Nieregularnik Literacki&#8221;). Gromadzimy czasopisma metodyczne dla nauczycieli, wydawane na naszym terenie (\u201eDoradca&#8221;, \u201eMeritum&#8221;, \u201eDydaktyczne Puzzle&#8221;).<br>&nbsp;&nbsp;&nbsp;&nbsp; Regionalia zgromadzone zosta\u0142y z my\u015bl\u0105 o czytelnikach zainteresowanych histori\u0105 oraz kultur\u0105 tego obszaru, o pasjonatach pr\u00f3buj\u0105cych dog\u0142\u0119bniej zbada\u0107 ten teren. Poprzez wydawnictwa i czasopisma regionalne staramy si\u0119 pog\u0142\u0119bia\u0107 wiedz\u0119 mieszka\u0144c\u00f3w regionu o&nbsp;przesz\u0142o\u015bci tego obszaru oraz podkre\u015bli\u0107 swoisty charakter \u201ema\u0142ych Ojczyzn&#8221;.<br>Chcia\u0142abym Pa\u0144stwu zaprezentowa\u0107 niniejsze zbiory znajduj\u0105ce si\u0119 w czytelni Biblioteki Pedagogicznej w Siedlcach.<\/p>\n\n\n\n<p class=\"has-text-align-right\">Oprac. Anna Stefaniak<\/p>\n\n\n\n<div class=\"wp-block-file\"><a id=\"wp-block-file--media-2bbce8d9-ce35-4a8c-b9cc-70a0edcaf143\" href=\"https:\/\/bpsiedlce.pl\/wp-content\/uploads\/sites\/5\/2021\/07\/regionalia-1.pdf\"><strong>Wykaz regionali\u00f3w znajduj\u0105cych si\u0119 w czytelni Biblioteki Peagogicznej w Siedlcach<\/strong><\/a><\/div>\n\n\n\n<div class=\"wp-block-file\"><a id=\"wp-block-file--media-49129402-06aa-4c64-baf1-651e4d8fbc22\" href=\"https:\/\/bpsiedlce.pl\/wp-content\/uploads\/sites\/5\/2021\/07\/Regionalia.-Cz.-2.pdf\"><strong>Regionalia &#8211; Cz. 2<\/strong><\/a><\/div>\n","protected":false},"excerpt":{"rendered":"<p>&nbsp;&nbsp;W Bibliotece Pedagogicznej im. Heleny Radli\u0144skiej w Siedlcach gromadzone s\u0105 ju\u017c od pocz\u0105tku istnienia tej plac\u00f3wki wydawnictwa i materia\u0142y informacyjne [&hellip;]<\/p>\n","protected":false},"author":10,"featured_media":0,"parent":0,"menu_order":0,"comment_status":"closed","ping_status":"closed","template":"","meta":{"_acf_changed":false,"_oasis_is_in_workflow":0,"_oasis_original":0,"inline_featured_image":false,"site-sidebar-layout":"default","site-content-layout":"default","ast-site-content-layout":"default","site-content-style":"default","site-sidebar-style":"default","ast-global-header-display":"","ast-banner-title-visibility":"","ast-main-header-display":"","ast-hfb-above-header-display":"","ast-hfb-below-header-display":"","ast-hfb-mobile-header-display":"","site-post-title":"","ast-breadcrumbs-content":"","ast-featured-img":"","footer-sml-layout":"","ast-disable-related-posts":"","theme-transparent-header-meta":"default","adv-header-id-meta":"","stick-header-meta":"","header-above-stick-meta":"","header-main-stick-meta":"","header-below-stick-meta":"","astra-migrate-meta-layouts":"set","ast-page-background-enabled":"default","ast-page-background-meta":{"desktop":{"background-color":"","background-image":"","background-repeat":"repeat","background-position":"center center","background-size":"auto","background-attachment":"scroll","background-type":"","background-media":"","overlay-type":"","overlay-color":"","overlay-opacity":"","overlay-gradient":""},"tablet":{"background-color":"","background-image":"","background-repeat":"repeat","background-position":"center center","background-size":"auto","background-attachment":"scroll","background-type":"","background-media":"","overlay-type":"","overlay-color":"","overlay-opacity":"","overlay-gradient":""},"mobile":{"background-color":"","background-image":"","background-repeat":"repeat","background-position":"center center","background-size":"auto","background-attachment":"scroll","background-type":"","background-media":"","overlay-type":"","overlay-color":"","overlay-opacity":"","overlay-gradient":""}},"ast-content-background-meta":{"desktop":{"background-color":"var(--ast-global-color-5)","background-image":"","background-repeat":"repeat","background-position":"center center","background-size":"auto","background-attachment":"scroll","background-type":"","background-media":"","overlay-type":"","overlay-color":"","overlay-opacity":"","overlay-gradient":""},"tablet":{"background-color":"var(--ast-global-color-5)","background-image":"","background-repeat":"repeat","background-position":"center center","background-size":"auto","background-attachment":"scroll","background-type":"","background-media":"","overlay-type":"","overlay-color":"","overlay-opacity":"","overlay-gradient":""},"mobile":{"background-color":"var(--ast-global-color-5)","background-image":"","background-repeat":"repeat","background-position":"center center","background-size":"auto","background-attachment":"scroll","background-type":"","background-media":"","overlay-type":"","overlay-color":"","overlay-opacity":"","overlay-gradient":""}},"_themeisle_gutenberg_block_has_review":false,"footnotes":""},"class_list":["post-325843","page","type-page","status-publish","hentry"],"acf":[],"featured_image_urls_v2":{"full":"","thumbnail":"","medium":"","medium_large":"","large":"","1536x1536":"","2048x2048":"","menu-24x24":"","menu-36x36":"","menu-48x48":"","mailpoet_newsletter_max":""},"post_excerpt_stackable_v2":"<p>&nbsp;&nbsp;W Bibliotece Pedagogicznej im. Heleny Radli\u0144skiej w Siedlcach gromadzone s\u0105 ju\u017c od pocz\u0105tku istnienia tej plac\u00f3wki wydawnictwa i materia\u0142y informacyjne dotycz\u0105ce Siedlec, regionu siedleckiego, Podlasia i Mazowsza. Biblioteka d\u0105\u017cy do upowszechniania informacji o&nbsp;regionie. Postawi\u0142a sobie za cel przechowywanie wiedzy o przesz\u0142o\u015bci, tradycjach historycznych i kulturowych regionu, a tak\u017ce o jego dniu dzisiejszym. Poprzez te dzia\u0142ania w\u0142\u0105cza si\u0119 w nurt edukacji regionalnej, tak popularnej i potrzebnej w dzisiejszych czasach. W&nbsp;czytelni znajduje si\u0119 ponad 1000 wydawnictw zwartych. S\u0105 to monografie, informatory i&nbsp;opracowania o Siedlcach, \u0141ukowie, Mi\u0144sku Mazowieckim, Garwolinie, Soko\u0142owie Podlaskim, W\u0119growie, \u0141osicach i innych mniejszych miejscowo\u015bciach rejonu. Du\u017c\u0105 cz\u0119\u015b\u0107 zbior\u00f3w stanowi\u0105 prace&hellip;<\/p>\n","category_list_v2":"","author_info_v2":{"name":"bWdyemVnb3Jjenlr","url":"https:\/\/bpsiedlce.pl\/en\/author\/bwdyemvnb3jjenlr\/"},"comments_num_v2":"0 comments","_links":{"self":[{"href":"https:\/\/bpsiedlce.pl\/en\/wp-json\/wp\/v2\/pages\/325843","targetHints":{"allow":["GET"]}}],"collection":[{"href":"https:\/\/bpsiedlce.pl\/en\/wp-json\/wp\/v2\/pages"}],"about":[{"href":"https:\/\/bpsiedlce.pl\/en\/wp-json\/wp\/v2\/types\/page"}],"author":[{"embeddable":true,"href":"https:\/\/bpsiedlce.pl\/en\/wp-json\/wp\/v2\/users\/10"}],"replies":[{"embeddable":true,"href":"https:\/\/bpsiedlce.pl\/en\/wp-json\/wp\/v2\/comments?post=325843"}],"version-history":[{"count":2,"href":"https:\/\/bpsiedlce.pl\/en\/wp-json\/wp\/v2\/pages\/325843\/revisions"}],"predecessor-version":[{"id":325855,"href":"https:\/\/bpsiedlce.pl\/en\/wp-json\/wp\/v2\/pages\/325843\/revisions\/325855"}],"wp:attachment":[{"href":"https:\/\/bpsiedlce.pl\/en\/wp-json\/wp\/v2\/media?parent=325843"}],"curies":[{"name":"wp","href":"https:\/\/api.w.org\/{rel}","templated":true}]}}