{"id":325804,"date":"2021-09-20T11:27:14","date_gmt":"2021-09-20T09:27:14","guid":{"rendered":"https:\/\/bpsiedlce.pl\/rodo\/"},"modified":"2024-02-21T11:25:35","modified_gmt":"2024-02-21T10:25:35","slug":"rodo","status":"publish","type":"page","link":"https:\/\/bpsiedlce.pl\/en\/rodo\/","title":{"rendered":"GDPR"},"content":{"rendered":"\n<p>Zgodnie z art. 13 Rozporz\u0105dzenia Parlamentu Europejskiego i Rady (UE) 2016\/679 z\u00a0dnia 27 kwietnia 2016 r. w sprawie ochrony os\u00f3b fizycznych w zwi\u0105zku z\u00a0przetwarzaniem danych osobowych i w sprawie swobodnego przep\u0142ywu takich danych oraz uchylenia dyrektywy 95\/46\/WE (4.5.2016 L 119\/38 Dziennik Urz\u0119dowy Unii Europejskiej PL):<\/p>\n\n\n\n<p>1. Administratorem Pani\/Pana danych osobowych jest Dyrektor Biblioteki Pedagogicznej im. Heleny Radli\u0144skiej w Siedlcach z siedzib\u0105 08-110 Siedlce, ul. As\u0142anowicza 2 tel: (25) 644 17 16, email: sekretariat@bpsiedlce.pl<\/p>\n\n\n\n<p>2. Kontakt z Inspektorem Ochrony Danych w Bibliotece Pedagogicznej im. Heleny Radli\u0144skiej\u00a0w\u00a0Siedlcach mo\u017cliwy jest pod adresem email: z.krajewski@ckziu.siedlce.pl lub poprzez Bibliotek\u0119.<\/p>\n\n\n\n<p>3. Dane osobowe b\u0119d\u0105 przetwarzane w celu:<\/p>\n\n\n\n<ul class=\"wp-block-list\"><li>zawarcia i realizacji lub rozwi\u0105zania umowy oraz wykonywania innych czynno\u015bci zwi\u0105zanych z umow\u0105, w tym czynno\u015bci poprzedzaj\u0105cych jej zawarcie \u2013 na podstawie art. 6 ust. 1 lit. b Rozporz\u0105dzenia;<\/li><li>realizacji uprawnienia lub spe\u0142nienia obowi\u0105zku prawnego wynikaj\u0105cego z przepis\u00f3w prawa, w szczeg\u00f3lno\u015bci ustawy o bibliotekach, organizowaniu i prowadzeniu dzia\u0142alno\u015bci kulturalnej, statystyce publicznej, rachunkowo\u015bci, finansach publicznych, archiwizacji i instrukcji kancelaryjnej, a tak\u017ce Kodeksu cywilnego oraz rodzinnego i opieku\u0144czego. Ponadto Biblioteka zobowi\u0105zana jest do kontroli nad procesami odbywaj\u0105cymi si\u0119 w sieci internetowej w zwi\u0105zku z przepisami dotycz\u0105cymi przeciwdzia\u0142aniu czynom zabronionym przez prawo \u2013 na podstawie art. 6 ust. 1 lit. c Rozporz\u0105dzenia;<\/li><li>realizacji prawnie uzasadnionych interes\u00f3w Biblioteki, w tym zapewnienia bezpiecze\u0144stwa urz\u0105dzeniom elektronicznym znajduj\u0105cym si\u0119 w Bibliotece \u2013 na podstawie art. 6 ust. 1 lit. f Rozporz\u0105dzenia;<\/li><li>realizacji rozszerzonych us\u0142ug w zakresie i na podstawie udzielonej zgody, w tym przesy\u0142anie informacji promocyjnych \u2013 na podstawie art. 6 ust. 1 lit a Rozporz\u0105dzenia.<\/li><\/ul>\n\n\n\n<p>4. Odbiorcami Pana\/Pani danych osobowych b\u0119d\u0105 wy\u0142\u0105cznie podmioty uprawnione do uzyskania danych osobowych na podstawie przepis\u00f3w prawa.<\/p>\n\n\n\n<p>5. Dane osobowe Pani\/Pana b\u0119d\u0105 przechowywane przez okres zgodny z obowi\u0105zuj\u0105cym prawem.<\/p>\n\n\n\n<p>6. Dane b\u0119d\u0105 przetwarzane przez okres niezb\u0119dny do realizacji wskazanych w pkt. 3 cel\u00f3w przetwarzania, tj.:<\/p>\n\n\n\n<ul class=\"wp-block-list\"><li>w zakresie realizacji zawartej umowy przez okres do czasu jej realizacji, po tym czasie przez okres oraz w zakresie wymaganym przez przepisy prawa lub dla zabezpieczenia ewentualnych roszcze\u0144;<\/li><li>w zakresie realizacji obowi\u0105zk\u00f3w prawnych ci\u0105\u017c\u0105cych na Bibliotece w zwi\u0105zku z prowadzeniem dzia\u0142alno\u015bci statutowej, przez okres do czasu wype\u0142nienia lub wyga\u015bni\u0119cia tych obowi\u0105zk\u00f3w;<\/li><li>w zakresie realizacji prawnie uzasadnionych interes\u00f3w Biblioteki, przez okres do czasu ich realizacji lub wyga\u015bni\u0119cia;<\/li><li>w zakresie danych przetwarzanych na podstawie udzielonej zgody, w tym w ramach wa\u017cno\u015bci konta u\u017cytkownika (do 7 lat), przez czas realizacji czynno\u015bci zgodnych z udzielon\u0105 zgod\u0105, w ka\u017cdym przypadku \u2013 do czasu odwo\u0142ania zgody. Usuwanie konta na \u017c\u0105danie nast\u0119puje bez zb\u0119dnej zw\u0142oki, chyba \u017ce warunki techniczne lub inne nie pozwalaj\u0105 na szybsze usuni\u0119cie konta, lub inne okoliczno\u015bci powoduj\u0105 i\u017c konto nie mo\u017ce by\u0107 usuni\u0119te (np. ci\u0105\u017c\u0105ce kary, nieprzedawnione).<\/li><\/ul>\n\n\n\n<p>7. W zwi\u0105zku z przetwarzaniem przez Bibliotek\u0119 danych osobowych osobie, kt\u00f3rej dane dotycz\u0105 przys\u0142uguje prawo dost\u0119pu do tre\u015bci swoich danych, prawo do ich sprostowania, usuni\u0119cia lub ograniczenia przetwarzania, prawo do wniesienia sprzeciwu wobec przetwarzania, a tak\u017ce prawo do przenoszenia danych (w zakresie okre\u015blonym w art. 15-18 oraz art. 20-21 Rozporz\u0105dzenia). W przypadkach, w kt\u00f3rych przetwarzanie odbywa si\u0119 na podstawie wyra\u017conej zgody osobie, kt\u00f3rej dane dotycz\u0105 przys\u0142uguje prawo do cofni\u0119cia zgody na przetwarzanie danych w dowolnym momencie bez wp\u0142ywu na zgodno\u015b\u0107 z prawem przetwarzania, kt\u00f3rego dokonano na podstawie zgody przed jej wycofaniem.<\/p>\n\n\n\n<p>8. Przys\u0142uguje Panu\/Pani prawo wniesienia skargi do organu nadzorczego, tj. Prezesa Urz\u0119du Ochrony Danych.<\/p>\n\n\n\n<p>9. Podanie danych osobowych nie jest obowi\u0105zkowe, jednak\u017ce jest niezb\u0119dne do zrealizowania cel\u00f3w wskazanych w pkt. 3 lit. a &#8211; c, w tym wype\u0142nienia obowi\u0105zk\u00f3w ci\u0105\u017c\u0105cych na Bibliotece w stosunku do jej czytelnik\u00f3w, jak r\u00f3wnie\u017c podmiot\u00f3w trzecich. W zakresie danych przetwarzanych na podstawie udzielonej zgody podanie danych jest dobrowolne, a zgoda mo\u017ce by\u0107 wycofana.<\/p>\n\n\n\n<p>10. Dane nie b\u0119d\u0105 transferowane do pa\u0144stw trzecich oraz organizacji mi\u0119dzynarodowych, nie b\u0119d\u0105 r\u00f3wnie\u017c podlega\u0107 zautomatyzowanemu podejmowaniu decyzji, w tym profilowaniu.<\/p>\n","protected":false},"excerpt":{"rendered":"<p>Zgodnie z art. 13 Rozporz\u0105dzenia Parlamentu Europejskiego i Rady (UE) 2016\/679 z\u00a0dnia 27 kwietnia 2016 r. w sprawie ochrony os\u00f3b [&hellip;]<\/p>\n","protected":false},"author":12,"featured_media":0,"parent":0,"menu_order":0,"comment_status":"closed","ping_status":"closed","template":"","meta":{"_acf_changed":false,"_oasis_is_in_workflow":0,"_oasis_original":0,"inline_featured_image":false,"site-sidebar-layout":"default","site-content-layout":"default","ast-site-content-layout":"default","site-content-style":"default","site-sidebar-style":"default","ast-global-header-display":"","ast-banner-title-visibility":"","ast-main-header-display":"","ast-hfb-above-header-display":"","ast-hfb-below-header-display":"","ast-hfb-mobile-header-display":"","site-post-title":"","ast-breadcrumbs-content":"","ast-featured-img":"","footer-sml-layout":"","ast-disable-related-posts":"","theme-transparent-header-meta":"default","adv-header-id-meta":"","stick-header-meta":"","header-above-stick-meta":"","header-main-stick-meta":"","header-below-stick-meta":"","astra-migrate-meta-layouts":"set","ast-page-background-enabled":"default","ast-page-background-meta":{"desktop":{"background-color":"","background-image":"","background-repeat":"repeat","background-position":"center center","background-size":"auto","background-attachment":"scroll","background-type":"","background-media":"","overlay-type":"","overlay-color":"","overlay-opacity":"","overlay-gradient":""},"tablet":{"background-color":"","background-image":"","background-repeat":"repeat","background-position":"center center","background-size":"auto","background-attachment":"scroll","background-type":"","background-media":"","overlay-type":"","overlay-color":"","overlay-opacity":"","overlay-gradient":""},"mobile":{"background-color":"","background-image":"","background-repeat":"repeat","background-position":"center center","background-size":"auto","background-attachment":"scroll","background-type":"","background-media":"","overlay-type":"","overlay-color":"","overlay-opacity":"","overlay-gradient":""}},"ast-content-background-meta":{"desktop":{"background-color":"var(--ast-global-color-5)","background-image":"","background-repeat":"repeat","background-position":"center center","background-size":"auto","background-attachment":"scroll","background-type":"","background-media":"","overlay-type":"","overlay-color":"","overlay-opacity":"","overlay-gradient":""},"tablet":{"background-color":"var(--ast-global-color-5)","background-image":"","background-repeat":"repeat","background-position":"center center","background-size":"auto","background-attachment":"scroll","background-type":"","background-media":"","overlay-type":"","overlay-color":"","overlay-opacity":"","overlay-gradient":""},"mobile":{"background-color":"var(--ast-global-color-5)","background-image":"","background-repeat":"repeat","background-position":"center center","background-size":"auto","background-attachment":"scroll","background-type":"","background-media":"","overlay-type":"","overlay-color":"","overlay-opacity":"","overlay-gradient":""}},"_themeisle_gutenberg_block_has_review":false,"footnotes":""},"class_list":["post-325804","page","type-page","status-publish","hentry"],"acf":[],"featured_image_urls_v2":{"full":"","thumbnail":"","medium":"","medium_large":"","large":"","1536x1536":"","2048x2048":"","menu-24x24":"","menu-36x36":"","menu-48x48":"","mailpoet_newsletter_max":""},"post_excerpt_stackable_v2":"<p>Zgodnie z art. 13 Rozporz\u0105dzenia Parlamentu Europejskiego i Rady (UE) 2016\/679 z\u00a0dnia 27 kwietnia 2016 r. w sprawie ochrony os\u00f3b fizycznych w zwi\u0105zku z\u00a0przetwarzaniem danych osobowych i w sprawie swobodnego przep\u0142ywu takich danych oraz uchylenia dyrektywy 95\/46\/WE (4.5.2016 L 119\/38 Dziennik Urz\u0119dowy Unii Europejskiej PL): 1. Administratorem Pani\/Pana danych osobowych jest Dyrektor Biblioteki Pedagogicznej im. Heleny Radli\u0144skiej w Siedlcach z siedzib\u0105 08-110 Siedlce, ul. As\u0142anowicza 2 tel: (25) 644 17 16, email: sekretariat@bpsiedlce.pl 2. Kontakt z Inspektorem Ochrony Danych w Bibliotece Pedagogicznej im. Heleny Radli\u0144skiej\u00a0w\u00a0Siedlcach mo\u017cliwy jest pod adresem email: z.krajewski@ckziu.siedlce.pl lub poprzez Bibliotek\u0119. 3. Dane osobowe b\u0119d\u0105 przetwarzane w&hellip;<\/p>\n","category_list_v2":"","author_info_v2":{"name":"ktadaszak","url":"https:\/\/bpsiedlce.pl\/en\/author\/ktadaszak\/"},"comments_num_v2":"0 comments","_links":{"self":[{"href":"https:\/\/bpsiedlce.pl\/en\/wp-json\/wp\/v2\/pages\/325804","targetHints":{"allow":["GET"]}}],"collection":[{"href":"https:\/\/bpsiedlce.pl\/en\/wp-json\/wp\/v2\/pages"}],"about":[{"href":"https:\/\/bpsiedlce.pl\/en\/wp-json\/wp\/v2\/types\/page"}],"author":[{"embeddable":true,"href":"https:\/\/bpsiedlce.pl\/en\/wp-json\/wp\/v2\/users\/12"}],"replies":[{"embeddable":true,"href":"https:\/\/bpsiedlce.pl\/en\/wp-json\/wp\/v2\/comments?post=325804"}],"version-history":[{"count":2,"href":"https:\/\/bpsiedlce.pl\/en\/wp-json\/wp\/v2\/pages\/325804\/revisions"}],"predecessor-version":[{"id":325822,"href":"https:\/\/bpsiedlce.pl\/en\/wp-json\/wp\/v2\/pages\/325804\/revisions\/325822"}],"wp:attachment":[{"href":"https:\/\/bpsiedlce.pl\/en\/wp-json\/wp\/v2\/media?parent=325804"}],"curies":[{"name":"wp","href":"https:\/\/api.w.org\/{rel}","templated":true}]}}