{"id":325765,"date":"2021-07-07T15:18:22","date_gmt":"2021-07-07T13:18:22","guid":{"rendered":"https:\/\/bpsiedlce.pl\/skanowanie-dokumentow\/"},"modified":"2024-02-21T11:22:25","modified_gmt":"2024-02-21T10:22:25","slug":"skanowanie-dokumentow","status":"publish","type":"page","link":"https:\/\/bpsiedlce.pl\/en\/skanowanie-dokumentow\/","title":{"rendered":"Document scanning"},"content":{"rendered":"\n<ol class=\"wp-block-list\">\n<li>Us\u0142uga polega na\u00a0<strong>nieodp\u0142atnym skanowaniu fragment\u00f3w materia\u0142\u00f3w<\/strong>\u00a0znajduj\u0105cych si\u0119 w zbiorach Biblioteki Pedagogicznej w Siedlcach, kt\u00f3re s\u0105 dost\u0119pne w chwili zam\u00f3wienia skanu.<\/li>\n\n\n\n<li><strong>Skierowana jest do czytelnik\u00f3w biblioteki<\/strong>,\u00a0<strong>kt\u00f3rzy s\u0105 do niej zapisani<\/strong>\u00a0oraz bibliotek krajowych w ramach Wypo\u017cyczalni Mi\u0119dzybibliotecznej.<\/li>\n\n\n\n<li>Zam\u00f3wieniu podlegaj\u0105 artyku\u0142y z czasopism i pojedyncze rozdzia\u0142y z ksi\u0105\u017cek.<strong>\u00a0Maksymalna ilo\u015b\u0107 z jednego tytu\u0142u wynosi 30 stron dla danego czytelnika<\/strong>.<strong>\u00a0Us\u0142uga nie obejmuje skanowania ca\u0142ych ksi\u0105\u017cek ani ich wi\u0119kszych fragment\u00f3w.<\/strong><\/li>\n\n\n\n<li>Us\u0142ug\u0105 nie s\u0105 obj\u0119te ksi\u0105\u017cki wydane przed 1945 r.<\/li>\n\n\n\n<li>W zale\u017cno\u015bci od stanu zachowania dokumentu bibliotekarz ma prawo odm\u00f3wi\u0107 wykonania us\u0142ugi.<\/li>\n\n\n\n<li><strong>Biblioteka Pedagogiczna zastrzega sobie prawo do odmowy wykonania skan\u00f3w, je\u017celi\u00a0jest to niezgodne z prawem ma s\u0142u\u017cy\u0107 celom komercyjnym lub przekracza mo\u017cliwo\u015bci techniczne biblioteki.<\/strong><\/li>\n<\/ol>\n\n\n\n<p>Skany mo\u017cna zamawia\u0107:<\/p>\n\n\n\n<ul class=\"wp-block-list\">\n<li>elektronicznie &#8211; <a href=\"mailto:czytelnia@bpsiedlce.pl\">czytelnia@bpsiedlce.pl<\/a><\/li>\n\n\n\n<li>telefonicznie &#8211; tel. 25 644 61 69, 25 644 17 16 wew. 224<\/li>\n\n\n\n<li>za po\u015brednictwem formularza (link poni\u017cej)<\/li>\n<\/ul>\n\n\n\n<div class=\"wp-block-buttons is-horizontal is-content-justification-left is-layout-flex wp-container-core-buttons-is-layout-a86bb09c wp-block-buttons-is-layout-flex\">\n<div class=\"wp-block-button has-custom-width wp-block-button__width-100 has-custom-font-size is-style-outline has-medium-font-size is-style-outline--1\"><a class=\"wp-block-button__link has-vivid-green-cyan-background-color has-background wp-element-button\" href=\"https:\/\/bpsiedlce.pl\/mbpeuslugiform\/zamowienia-skanow\/\" target=\"_blank\" rel=\"noreferrer noopener\"><strong>Skanowanie dokument\u00f3w<\/strong><\/a><\/div>\n<\/div>\n\n\n\n<p><\/p>\n\n\n\n<p>Zamawiaj\u0105c skan nale\u017cy poda\u0107 nast\u0119puj\u0105ce dane:<\/p>\n\n\n\n<ol class=\"wp-block-list\">\n<li><strong>Imi\u0119, nazwisko, adres e-mail, nr karty bibliotecznej;<\/strong><\/li>\n\n\n\n<li>Artyku\u0142 z czasopisma: autor, tytu\u0142 artyku\u0142u, tytu\u0142 czasopisma, rok wydania, numer wydania, numery stron;<\/li>\n\n\n\n<li>Fragment ksi\u0105\u017cki: autor, tytu\u0142 ksi\u0105\u017cki, wydanie i rok wydania, zakres stron, numer inwentarzowy;<\/li>\n\n\n\n<li>Artyku\u0142 z pracy zbiorowej:&nbsp;red.\/oprac., tytu\u0142 ksi\u0105\u017cki, wydanie, rok wydania, tytu\u0142 artyku\u0142u, zakres stron, numer inwentarzowy.<\/li>\n<\/ol>\n\n\n\n<p>Zam\u00f3wienie jest realizowane w ci\u0105gu 48 godzin (z wy\u0142\u0105czeniem dni ustawowo wolnych od pracy).<\/p>\n","protected":false},"excerpt":{"rendered":"<p>Skany mo\u017cna zamawia\u0107: Zamawiaj\u0105c skan nale\u017cy poda\u0107 nast\u0119puj\u0105ce dane: Zam\u00f3wienie jest realizowane w ci\u0105gu 48 godzin (z wy\u0142\u0105czeniem dni ustawowo [&hellip;]<\/p>\n","protected":false},"author":10,"featured_media":0,"parent":0,"menu_order":0,"comment_status":"closed","ping_status":"closed","template":"","meta":{"_acf_changed":false,"_oasis_is_in_workflow":0,"_oasis_original":0,"inline_featured_image":false,"site-sidebar-layout":"default","site-content-layout":"default","ast-site-content-layout":"default","site-content-style":"default","site-sidebar-style":"default","ast-global-header-display":"","ast-banner-title-visibility":"","ast-main-header-display":"","ast-hfb-above-header-display":"","ast-hfb-below-header-display":"","ast-hfb-mobile-header-display":"","site-post-title":"","ast-breadcrumbs-content":"","ast-featured-img":"","footer-sml-layout":"","ast-disable-related-posts":"","theme-transparent-header-meta":"default","adv-header-id-meta":"","stick-header-meta":"","header-above-stick-meta":"","header-main-stick-meta":"","header-below-stick-meta":"","astra-migrate-meta-layouts":"set","ast-page-background-enabled":"default","ast-page-background-meta":{"desktop":{"background-color":"","background-image":"","background-repeat":"repeat","background-position":"center center","background-size":"auto","background-attachment":"scroll","background-type":"","background-media":"","overlay-type":"","overlay-color":"","overlay-opacity":"","overlay-gradient":""},"tablet":{"background-color":"","background-image":"","background-repeat":"repeat","background-position":"center center","background-size":"auto","background-attachment":"scroll","background-type":"","background-media":"","overlay-type":"","overlay-color":"","overlay-opacity":"","overlay-gradient":""},"mobile":{"background-color":"","background-image":"","background-repeat":"repeat","background-position":"center center","background-size":"auto","background-attachment":"scroll","background-type":"","background-media":"","overlay-type":"","overlay-color":"","overlay-opacity":"","overlay-gradient":""}},"ast-content-background-meta":{"desktop":{"background-color":"var(--ast-global-color-5)","background-image":"","background-repeat":"repeat","background-position":"center center","background-size":"auto","background-attachment":"scroll","background-type":"","background-media":"","overlay-type":"","overlay-color":"","overlay-opacity":"","overlay-gradient":""},"tablet":{"background-color":"var(--ast-global-color-5)","background-image":"","background-repeat":"repeat","background-position":"center center","background-size":"auto","background-attachment":"scroll","background-type":"","background-media":"","overlay-type":"","overlay-color":"","overlay-opacity":"","overlay-gradient":""},"mobile":{"background-color":"var(--ast-global-color-5)","background-image":"","background-repeat":"repeat","background-position":"center center","background-size":"auto","background-attachment":"scroll","background-type":"","background-media":"","overlay-type":"","overlay-color":"","overlay-opacity":"","overlay-gradient":""}},"_themeisle_gutenberg_block_has_review":false,"footnotes":""},"class_list":["post-325765","page","type-page","status-publish","hentry"],"acf":[],"featured_image_urls_v2":{"full":"","thumbnail":"","medium":"","medium_large":"","large":"","1536x1536":"","2048x2048":"","menu-24x24":"","menu-36x36":"","menu-48x48":"","mailpoet_newsletter_max":""},"post_excerpt_stackable_v2":"<p>Us\u0142uga polega na\u00a0nieodp\u0142atnym skanowaniu fragment\u00f3w materia\u0142\u00f3w\u00a0znajduj\u0105cych si\u0119 w zbiorach Biblioteki Pedagogicznej w Siedlcach, kt\u00f3re s\u0105 dost\u0119pne w chwili zam\u00f3wienia skanu. Skierowana jest do czytelnik\u00f3w biblioteki,\u00a0kt\u00f3rzy s\u0105 do niej zapisani\u00a0oraz bibliotek krajowych w ramach Wypo\u017cyczalni Mi\u0119dzybibliotecznej. Zam\u00f3wieniu podlegaj\u0105 artyku\u0142y z czasopism i pojedyncze rozdzia\u0142y z ksi\u0105\u017cek.\u00a0Maksymalna ilo\u015b\u0107 z jednego tytu\u0142u wynosi 30 stron dla danego czytelnika.\u00a0Us\u0142uga nie obejmuje skanowania ca\u0142ych ksi\u0105\u017cek ani ich wi\u0119kszych fragment\u00f3w. Us\u0142ug\u0105 nie s\u0105 obj\u0119te ksi\u0105\u017cki wydane przed 1945 r. W zale\u017cno\u015bci od stanu zachowania dokumentu bibliotekarz ma prawo odm\u00f3wi\u0107 wykonania us\u0142ugi. Biblioteka Pedagogiczna zastrzega sobie prawo do odmowy wykonania skan\u00f3w, je\u017celi\u00a0jest to niezgodne z prawem ma&hellip;<\/p>\n","category_list_v2":"","author_info_v2":{"name":"bWdyemVnb3Jjenlr","url":"https:\/\/bpsiedlce.pl\/en\/author\/bwdyemvnb3jjenlr\/"},"comments_num_v2":"0 comments","_links":{"self":[{"href":"https:\/\/bpsiedlce.pl\/en\/wp-json\/wp\/v2\/pages\/325765","targetHints":{"allow":["GET"]}}],"collection":[{"href":"https:\/\/bpsiedlce.pl\/en\/wp-json\/wp\/v2\/pages"}],"about":[{"href":"https:\/\/bpsiedlce.pl\/en\/wp-json\/wp\/v2\/types\/page"}],"author":[{"embeddable":true,"href":"https:\/\/bpsiedlce.pl\/en\/wp-json\/wp\/v2\/users\/10"}],"replies":[{"embeddable":true,"href":"https:\/\/bpsiedlce.pl\/en\/wp-json\/wp\/v2\/comments?post=325765"}],"version-history":[{"count":2,"href":"https:\/\/bpsiedlce.pl\/en\/wp-json\/wp\/v2\/pages\/325765\/revisions"}],"predecessor-version":[{"id":325789,"href":"https:\/\/bpsiedlce.pl\/en\/wp-json\/wp\/v2\/pages\/325765\/revisions\/325789"}],"wp:attachment":[{"href":"https:\/\/bpsiedlce.pl\/en\/wp-json\/wp\/v2\/media?parent=325765"}],"curies":[{"name":"wp","href":"https:\/\/api.w.org\/{rel}","templated":true}]}}