{"id":325666,"date":"2021-07-13T17:29:10","date_gmt":"2021-07-13T15:29:10","guid":{"rendered":"https:\/\/bpsiedlce.pl\/subkultury-patologia-spoleczna-uzaleznienia-przemoc\/"},"modified":"2024-02-21T11:10:58","modified_gmt":"2024-02-21T10:10:58","slug":"subkultury-patologia-spoleczna-uzaleznienia-przemoc","status":"publish","type":"page","link":"https:\/\/bpsiedlce.pl\/en\/subkultury-patologia-spoleczna-uzaleznienia-przemoc\/","title":{"rendered":"Subcultures. Social pathology. Addictions. Violence."},"content":{"rendered":"\n<p><a href=\"\/alkoholizm-zestawienie-bibliograficzne-w-wyborze-za-lata-2012-2020\/\"><strong>Alkoholizm\u00a0<\/strong><\/a><strong>&#8211;\u00a0AKTUALIZACJA 31.03.2021<\/strong><\/p>\n\n\n\n<p><a href=\"\/cyberprzemoc-zestawienie-bibliograficzne-w-wyborze-za-lata-2015-2020\/\"><strong>Cyberprzemoc\u00a0<\/strong><\/a><strong>&#8211; AKTUALIZACJA 30.03.2021<\/strong><\/p>\n\n\n\n<p><a href=\"\/dopalacze-zestawienie-bibliograficzne-w-wyborze-za-lata-2000-2015\/\">Dopalacze<\/a><\/p>\n\n\n\n<p><a href=\"\/hejt-i-mowa-nienawisci-zestawienie-bibliograficzne-w-wyborze-za-lata-2009-2019\/\">Hejt i mowa nienawi\u015bci<\/a><\/p>\n\n\n\n<p><a href=\"\/przemoc-w-rodzinie-zestawienie-bibliograficzne-w-wyborze-za-lata-2007-2017\/\">Przemoc w rodzinie<\/a><\/p>\n\n\n\n<p><strong><a href=\"\/przemoc-wobec-kobiet-zestawienie-bibliograficzne-w-wyborze-za-lata-2010-2021\/\">Przemoc wobec kobiet<\/a> &#8211; AKTUALIZACJA 09.04.2021<\/strong><\/p>\n\n\n\n<p><a href=\"\/resocjalizacja-cz-2-zestawienie-bibliograficzne-w-wyborze-za-lata-2008-2015\/\">Resocjalizacja<\/a><\/p>\n\n\n\n<p><a href=\"\/rodzina-dysfunkcyjna-zestawienie-bibliograficzne-w-wyborze-za-lata-2003-2018\/\">Rodzina dysfunkcyjna<\/a><\/p>\n\n\n\n<p><a href=\"\/sekty-zestawienie-bibliograficzne-w-wyborze-za-lata-2000-2020\/\"><strong>Sekty\u00a0<\/strong><\/a><strong>&#8211; AKTUALIZACJA 02.06.2021<\/strong><\/p>\n\n\n\n<p><a href=\"\/socjoterapia-zestawienie-bibliograficzne-w-wyborze-za-lata-1982-2012\/\">Socjoterapia<\/a><\/p>\n\n\n\n<p><a href=\"\/subkultury-zestawienie-bibliograficzne-w-wyborze-za-lata-2000-2013\/\">Subkultury<\/a><\/p>\n\n\n\n<p><a href=\"\/uzaleznienie-od-komputera-i-telefonu-komorkowego-zestawienie-bibliograficzne-w-wyborze-za-lata-2005-2016\/\">Uzale\u017cnienie od komputera i telefonu kom\u00f3rkowego<\/a><\/p>\n\n\n\n<p><a href=\"\/zaburzenia-odzywiania-zestawienie-bibliograficzne-w-wyborze-za-lata-2005-2017\/\">Zaburzenia od\u017cywiania<\/a><\/p>\n","protected":false},"excerpt":{"rendered":"<p>Alkoholizm\u00a0&#8211;\u00a0AKTUALIZACJA 31.03.2021 Cyberprzemoc\u00a0&#8211; AKTUALIZACJA 30.03.2021 Dopalacze Hejt i mowa nienawi\u015bci Przemoc w rodzinie Przemoc wobec kobiet &#8211; AKTUALIZACJA 09.04.2021 Resocjalizacja [&hellip;]<\/p>\n","protected":false},"author":10,"featured_media":0,"parent":0,"menu_order":0,"comment_status":"closed","ping_status":"closed","template":"","meta":{"_acf_changed":false,"_oasis_is_in_workflow":0,"_oasis_original":0,"inline_featured_image":false,"site-sidebar-layout":"default","site-content-layout":"default","ast-site-content-layout":"default","site-content-style":"default","site-sidebar-style":"default","ast-global-header-display":"","ast-banner-title-visibility":"","ast-main-header-display":"","ast-hfb-above-header-display":"","ast-hfb-below-header-display":"","ast-hfb-mobile-header-display":"","site-post-title":"","ast-breadcrumbs-content":"","ast-featured-img":"","footer-sml-layout":"","ast-disable-related-posts":"","theme-transparent-header-meta":"default","adv-header-id-meta":"","stick-header-meta":"","header-above-stick-meta":"","header-main-stick-meta":"","header-below-stick-meta":"","astra-migrate-meta-layouts":"set","ast-page-background-enabled":"default","ast-page-background-meta":{"desktop":{"background-color":"","background-image":"","background-repeat":"repeat","background-position":"center center","background-size":"auto","background-attachment":"scroll","background-type":"","background-media":"","overlay-type":"","overlay-color":"","overlay-opacity":"","overlay-gradient":""},"tablet":{"background-color":"","background-image":"","background-repeat":"repeat","background-position":"center center","background-size":"auto","background-attachment":"scroll","background-type":"","background-media":"","overlay-type":"","overlay-color":"","overlay-opacity":"","overlay-gradient":""},"mobile":{"background-color":"","background-image":"","background-repeat":"repeat","background-position":"center center","background-size":"auto","background-attachment":"scroll","background-type":"","background-media":"","overlay-type":"","overlay-color":"","overlay-opacity":"","overlay-gradient":""}},"ast-content-background-meta":{"desktop":{"background-color":"var(--ast-global-color-5)","background-image":"","background-repeat":"repeat","background-position":"center center","background-size":"auto","background-attachment":"scroll","background-type":"","background-media":"","overlay-type":"","overlay-color":"","overlay-opacity":"","overlay-gradient":""},"tablet":{"background-color":"var(--ast-global-color-5)","background-image":"","background-repeat":"repeat","background-position":"center center","background-size":"auto","background-attachment":"scroll","background-type":"","background-media":"","overlay-type":"","overlay-color":"","overlay-opacity":"","overlay-gradient":""},"mobile":{"background-color":"var(--ast-global-color-5)","background-image":"","background-repeat":"repeat","background-position":"center center","background-size":"auto","background-attachment":"scroll","background-type":"","background-media":"","overlay-type":"","overlay-color":"","overlay-opacity":"","overlay-gradient":""}},"_themeisle_gutenberg_block_has_review":false,"footnotes":""},"class_list":["post-325666","page","type-page","status-publish","hentry"],"acf":[],"featured_image_urls_v2":{"full":"","thumbnail":"","medium":"","medium_large":"","large":"","1536x1536":"","2048x2048":"","menu-24x24":"","menu-36x36":"","menu-48x48":"","mailpoet_newsletter_max":""},"post_excerpt_stackable_v2":"<p>Alkoholizm\u00a0&#8211;\u00a0AKTUALIZACJA 31.03.2021 Cyberprzemoc\u00a0&#8211; AKTUALIZACJA 30.03.2021 Dopalacze Hejt i mowa nienawi\u015bci Przemoc w rodzinie Przemoc wobec kobiet &#8211; AKTUALIZACJA 09.04.2021 Resocjalizacja Rodzina dysfunkcyjna Sekty\u00a0&#8211; AKTUALIZACJA 02.06.2021 Socjoterapia Subkultury Uzale\u017cnienie od komputera i telefonu kom\u00f3rkowego Zaburzenia od\u017cywiania<\/p>\n","category_list_v2":"","author_info_v2":{"name":"bWdyemVnb3Jjenlr","url":"https:\/\/bpsiedlce.pl\/en\/author\/bwdyemvnb3jjenlr\/"},"comments_num_v2":"0 comments","_links":{"self":[{"href":"https:\/\/bpsiedlce.pl\/en\/wp-json\/wp\/v2\/pages\/325666","targetHints":{"allow":["GET"]}}],"collection":[{"href":"https:\/\/bpsiedlce.pl\/en\/wp-json\/wp\/v2\/pages"}],"about":[{"href":"https:\/\/bpsiedlce.pl\/en\/wp-json\/wp\/v2\/types\/page"}],"author":[{"embeddable":true,"href":"https:\/\/bpsiedlce.pl\/en\/wp-json\/wp\/v2\/users\/10"}],"replies":[{"embeddable":true,"href":"https:\/\/bpsiedlce.pl\/en\/wp-json\/wp\/v2\/comments?post=325666"}],"version-history":[{"count":2,"href":"https:\/\/bpsiedlce.pl\/en\/wp-json\/wp\/v2\/pages\/325666\/revisions"}],"predecessor-version":[{"id":325678,"href":"https:\/\/bpsiedlce.pl\/en\/wp-json\/wp\/v2\/pages\/325666\/revisions\/325678"}],"wp:attachment":[{"href":"https:\/\/bpsiedlce.pl\/en\/wp-json\/wp\/v2\/media?parent=325666"}],"curies":[{"name":"wp","href":"https:\/\/api.w.org\/{rel}","templated":true}]}}