{"id":325633,"date":"2021-07-14T13:40:04","date_gmt":"2021-07-14T11:40:04","guid":{"rendered":"https:\/\/bpsiedlce.pl\/szkolnictwo-i-oswiata\/"},"modified":"2024-02-21T11:07:08","modified_gmt":"2024-02-21T10:07:08","slug":"szkolnictwo-i-oswiata","status":"publish","type":"page","link":"https:\/\/bpsiedlce.pl\/en\/szkolnictwo-i-oswiata\/","title":{"rendered":"Schooling and Education"},"content":{"rendered":"\n<p><strong><a href=\"\/dyrektor-szkoly-zestawienie-bibliograficzne-w-wyborze-za-lata-2010-2021\/\">Dyrektor szko\u0142y<\/a><\/strong>&nbsp;<strong>&#8211; AKTUALIZACJA 27.05.2021<\/strong><\/p>\n\n\n\n<p><a href=\"\/etyka-zawodu-nauczyciela-zestawienie-bibliograficzne-w-wyborze-za-lata-1975-2014\/\">Etyka zawodu nauczyciela<\/a><\/p>\n\n\n\n<p><a href=\"\/nadzor-pedagogiczny-zestawienie-bibliograficzne-w-wyborze-za-lata-1987-2016\/\">Nadz\u00f3r pedagogiczny<\/a><\/p>\n\n\n\n<p><a href=\"\/nauczyciel-45-zestawienie-bibliograficzne-w-wyborze-za-lata-2008-2013\/\"><strong>Nauczyciel 45+<\/strong><\/a><strong>&#8211; AKTUALIZACJA 09.04.2021<\/strong><\/p>\n\n\n\n<p><strong><a href=\"\/ocenianie-zestawienie-bibliograficzne-w-wyborze-za-lata-2015-2020\/\">Ocenianie<\/a>&nbsp;&#8211; AKTUALIZACJA 16.03.2021<\/strong><\/p>\n\n\n\n<p><a href=\"\/ocenianie-ksztaltujace-zestawienie-bibliograficzne-w-wyborze-za-lata-2004-2020\/\">Ocenianie kszta\u0142tuj\u0105ce<\/a>\u00a0&#8211;\u00a0<strong>AKTUALIZACJA 02.11.2020<\/strong><\/p>\n\n\n\n<p><a href=\"\/ochrona-danych-osobowych-w-bibliotekach-i-szkolnictwie-zestawienie-bibliograficzne-w-wyborze-za-lata-1999-2015\/\">Ochrona danych w bibliotekach i szkolnictwie<\/a><\/p>\n\n\n\n<p><strong><a href=\"\/rozwoj-zawodowy-nauczyciela-zestawienie-bibliograficzne-w-wyborze-za-lata-2008-2020\/\">Rozw\u00f3j zawodowy nauczyciela<\/a>\u00a0&#8211; AKTUALIZACJA 12.03.2021<\/strong><\/p>\n\n\n\n<p><a href=\"\/wspolpraca-nauczycieli-w-prowadzeniu-procesow-edukacyjnych-zestawienie-bibliograficzne-w-wyborze-za-lata-2008-2013\/\">Wsp\u00f3\u0142praca nauczycieli w prowadzeniu proces\u00f3w<\/a><\/p>\n\n\n\n<p><strong><a href=\"\/wspolpraca-rodzicow-z-przedszkolem-zestawienie-bibliograficzne-w-wyborze-za-lata-2010-2020\/\">Wsp\u00f3\u0142praca przedszkola z rodzicami<\/a><\/strong>\u00a0&#8211;<strong>\u00a0AKTUALIZACJA 12.02.2021<\/strong><\/p>\n\n\n\n<p><strong><a href=\"\/wspolprca-szkoly-z-rodzicami-zestawienie-bibliograficzne-w-wyborze-za-lata-2010-2020\/\">Wsp\u00f3\u0142praca szko\u0142y z rodzicami<\/a>\u00a0<\/strong>&#8211;\u00a0<strong>AKTUALIZACJA 12.02.2021<\/strong><\/p>\n\n\n\n<p><a href=\"\/zarzadzanie-w-oswiacie-zestawienie-bibliograficzne-w-wyborze-za-lata-2000-2005\/\">Zarz\u0105dzanie w o\u015bwiacie<\/a><\/p>\n","protected":false},"excerpt":{"rendered":"<p>Dyrektor szko\u0142y&nbsp;&#8211; AKTUALIZACJA 27.05.2021 Etyka zawodu nauczyciela Nadz\u00f3r pedagogiczny Nauczyciel 45+&#8211; AKTUALIZACJA 09.04.2021 Ocenianie&nbsp;&#8211; AKTUALIZACJA 16.03.2021 Ocenianie kszta\u0142tuj\u0105ce\u00a0&#8211;\u00a0AKTUALIZACJA 02.11.2020 Ochrona [&hellip;]<\/p>\n","protected":false},"author":10,"featured_media":0,"parent":0,"menu_order":0,"comment_status":"closed","ping_status":"closed","template":"","meta":{"_acf_changed":false,"_oasis_is_in_workflow":0,"_oasis_original":0,"inline_featured_image":false,"site-sidebar-layout":"default","site-content-layout":"default","ast-site-content-layout":"default","site-content-style":"default","site-sidebar-style":"default","ast-global-header-display":"","ast-banner-title-visibility":"","ast-main-header-display":"","ast-hfb-above-header-display":"","ast-hfb-below-header-display":"","ast-hfb-mobile-header-display":"","site-post-title":"","ast-breadcrumbs-content":"","ast-featured-img":"","footer-sml-layout":"","ast-disable-related-posts":"","theme-transparent-header-meta":"default","adv-header-id-meta":"","stick-header-meta":"","header-above-stick-meta":"","header-main-stick-meta":"","header-below-stick-meta":"","astra-migrate-meta-layouts":"set","ast-page-background-enabled":"default","ast-page-background-meta":{"desktop":{"background-color":"","background-image":"","background-repeat":"repeat","background-position":"center center","background-size":"auto","background-attachment":"scroll","background-type":"","background-media":"","overlay-type":"","overlay-color":"","overlay-opacity":"","overlay-gradient":""},"tablet":{"background-color":"","background-image":"","background-repeat":"repeat","background-position":"center center","background-size":"auto","background-attachment":"scroll","background-type":"","background-media":"","overlay-type":"","overlay-color":"","overlay-opacity":"","overlay-gradient":""},"mobile":{"background-color":"","background-image":"","background-repeat":"repeat","background-position":"center center","background-size":"auto","background-attachment":"scroll","background-type":"","background-media":"","overlay-type":"","overlay-color":"","overlay-opacity":"","overlay-gradient":""}},"ast-content-background-meta":{"desktop":{"background-color":"var(--ast-global-color-5)","background-image":"","background-repeat":"repeat","background-position":"center center","background-size":"auto","background-attachment":"scroll","background-type":"","background-media":"","overlay-type":"","overlay-color":"","overlay-opacity":"","overlay-gradient":""},"tablet":{"background-color":"var(--ast-global-color-5)","background-image":"","background-repeat":"repeat","background-position":"center center","background-size":"auto","background-attachment":"scroll","background-type":"","background-media":"","overlay-type":"","overlay-color":"","overlay-opacity":"","overlay-gradient":""},"mobile":{"background-color":"var(--ast-global-color-5)","background-image":"","background-repeat":"repeat","background-position":"center center","background-size":"auto","background-attachment":"scroll","background-type":"","background-media":"","overlay-type":"","overlay-color":"","overlay-opacity":"","overlay-gradient":""}},"_themeisle_gutenberg_block_has_review":false,"footnotes":""},"class_list":["post-325633","page","type-page","status-publish","hentry"],"acf":[],"featured_image_urls_v2":{"full":"","thumbnail":"","medium":"","medium_large":"","large":"","1536x1536":"","2048x2048":"","menu-24x24":"","menu-36x36":"","menu-48x48":"","mailpoet_newsletter_max":""},"post_excerpt_stackable_v2":"<p>Dyrektor szko\u0142y&nbsp;&#8211; AKTUALIZACJA 27.05.2021 Etyka zawodu nauczyciela Nadz\u00f3r pedagogiczny Nauczyciel 45+&#8211; AKTUALIZACJA 09.04.2021 Ocenianie&nbsp;&#8211; AKTUALIZACJA 16.03.2021 Ocenianie kszta\u0142tuj\u0105ce\u00a0&#8211;\u00a0AKTUALIZACJA 02.11.2020 Ochrona danych w bibliotekach i szkolnictwie Rozw\u00f3j zawodowy nauczyciela\u00a0&#8211; AKTUALIZACJA 12.03.2021 Wsp\u00f3\u0142praca nauczycieli w prowadzeniu proces\u00f3w Wsp\u00f3\u0142praca przedszkola z rodzicami\u00a0&#8211;\u00a0AKTUALIZACJA 12.02.2021 Wsp\u00f3\u0142praca szko\u0142y z rodzicami\u00a0&#8211;\u00a0AKTUALIZACJA 12.02.2021 Zarz\u0105dzanie w o\u015bwiacie<\/p>\n","category_list_v2":"","author_info_v2":{"name":"bWdyemVnb3Jjenlr","url":"https:\/\/bpsiedlce.pl\/en\/author\/bwdyemvnb3jjenlr\/"},"comments_num_v2":"0 comments","_links":{"self":[{"href":"https:\/\/bpsiedlce.pl\/en\/wp-json\/wp\/v2\/pages\/325633","targetHints":{"allow":["GET"]}}],"collection":[{"href":"https:\/\/bpsiedlce.pl\/en\/wp-json\/wp\/v2\/pages"}],"about":[{"href":"https:\/\/bpsiedlce.pl\/en\/wp-json\/wp\/v2\/types\/page"}],"author":[{"embeddable":true,"href":"https:\/\/bpsiedlce.pl\/en\/wp-json\/wp\/v2\/users\/10"}],"replies":[{"embeddable":true,"href":"https:\/\/bpsiedlce.pl\/en\/wp-json\/wp\/v2\/comments?post=325633"}],"version-history":[{"count":2,"href":"https:\/\/bpsiedlce.pl\/en\/wp-json\/wp\/v2\/pages\/325633\/revisions"}],"predecessor-version":[{"id":325645,"href":"https:\/\/bpsiedlce.pl\/en\/wp-json\/wp\/v2\/pages\/325633\/revisions\/325645"}],"wp:attachment":[{"href":"https:\/\/bpsiedlce.pl\/en\/wp-json\/wp\/v2\/media?parent=325633"}],"curies":[{"name":"wp","href":"https:\/\/api.w.org\/{rel}","templated":true}]}}