{"id":325591,"date":"2021-07-21T15:30:45","date_gmt":"2021-07-21T13:30:45","guid":{"rendered":"https:\/\/bpsiedlce.pl\/siec-wspolpracy-i-samoksztalcenia\/"},"modified":"2024-02-21T10:57:21","modified_gmt":"2024-02-21T09:57:21","slug":"siec-wspolpracy-i-samoksztalcenia","status":"publish","type":"page","link":"https:\/\/bpsiedlce.pl\/en\/siec-wspolpracy-i-samoksztalcenia\/","title":{"rendered":"Supporting schools and educational institutions"},"content":{"rendered":"\n<p>Biblioteka Pedagogiczna chc\u0105c realizowa\u0107 swoje dzia\u0142ania statutowe,&nbsp; zgodnie z&nbsp;<a href=\"https:\/\/isap.sejm.gov.pl\/isap.nsf\/DocDetails.xsp?id=wdu20130000369\" target=\"_blank\" rel=\"noreferrer noopener\">Rozporz\u0105dzeniem Ministra Edukacji&nbsp;Narodowej z dnia 28 lutego 2013 r. w sprawie szczeg\u00f3\u0142owych zasad dzia\u0142ania publicznych bibliotek pedagogicznych,<\/a>&nbsp;rozpoczyna organizowanie i prowadzenie wspomagania szk\u00f3\u0142 i plac\u00f3wek o\u015bwiatowych.<br><br>Pracownicy biblioteki s\u0105 gotowi odwiedzi\u0107 Pa\u0144stwa plac\u00f3wki w celu zaprezentowania swoich us\u0142ug i mo\u017cliwo\u015bci wyszukiwania materia\u0142\u00f3w dydaktycznych i wychowawczych w zbiorach biblioteki. Mo\u017cemy spotyka\u0107 si\u0119 z Pa\u0144stwem na radach szkoleniowych, zespo\u0142ach samokszta\u0142ceniowych w innym dogodnym dla Pa\u0144stwa terminie.<\/p>\n\n\n\n<p>W sprawie ewentualnych pyta\u0144 prosimy o kontakt:<\/p>\n\n\n\n<figure class=\"wp-block-table\"><table style=\"border-style:none;border-width:0px\"><tbody><tr><td>Dorota Salamon<\/td><td>tel. 25 644 17 16 wew. 212, 25 644 21 62<\/td><td><a href=\"mailto:d.salamon@bpsiedlce.pl\">d.<\/a><a href=\"mailto:d.salamon@bpsiedlce.pl\" target=\"_blank\" rel=\"noreferrer noopener\">salamon<\/a><a href=\"mailto:d.salamon@bpsiedlce.pl\">@bpsiedlce.pl<\/a><\/td><\/tr><tr><td>Jolanta Osi\u0144ska-Kurek<\/td><td>tel. 25 644 17 16 wew. 217, 25 644 61 66<\/td><td><a href=\"mailto:j.kurek@bpsiedlce.pl\">j.kurek@<\/a><a href=\"mailto:j.kurek@bpsiedlce.pl\" target=\"_blank\" rel=\"noreferrer noopener\">bpsiedlce<\/a><a href=\"mailto:j.kurek@bpsiedlce.pl\">.pl<\/a><\/td><\/tr><tr><td>Ma\u0142gorzata Perci\u0144ska<\/td><td>tel. 25 644 17 16 wew. 216, 25&nbsp;644 21 65<\/td><td><a href=\"mailto:m.percinska@bpsiedlce.pl\">m.percinska@<\/a><a href=\"mailto:m.percinska@bpsiedlce.pl\" target=\"_blank\" rel=\"noreferrer noopener\">bpsiedlce<\/a><a href=\"mailto:m.percinska@bpsiedlce.pl\">.pl<\/a><\/td><\/tr><tr><td>Ma\u0142gorzata Sucho\u017cebrska<\/td><td>tel. 25 644 17 16 wew. 216, 25 644 21 65<\/td><td><a href=\"mailto:m.suchozebrska@bpsiedlce.pl\" target=\"_blank\" rel=\"noreferrer noopener\">m.suchozebrska@bpsiedlce.pl<\/a><\/td><\/tr><\/tbody><\/table><\/figure>\n\n\n\n<p>Zgodnie z Rozporz\u0105dzenie MEN z dnia 28 lutego 2013 r. w sprawie szczeg\u00f3\u0142owych zasad dzia\u0142ania publicznych bibliotek pedagogicznych biblioteki pedagogiczne s\u0105 zobowi\u0105zane (mi\u0119dzy innymi) do organizowania i prowadzenia wspomagania:<br>a) szk\u00f3\u0142 i plac\u00f3wek w realizacji zada\u0144 dydaktycznych, wychowawczych i opieku\u0144czych, w tym w wykorzystywaniu technologii informacyjno-komunikacyjnej,<br>b) bibliotek szkolnych, w tym w zakresie organizacji i zarz\u0105dzania bibliotek\u0105 szkoln\u0105.<\/p>\n\n\n\n<p><\/p>\n\n\n\n<p class=\"has-text-align-center\"><strong>Sie\u0107 wsp\u00f3\u0142pracy i samokszta\u0142cenia przy Bibliotece Pedagogicznej w Siedlcach<\/strong><\/p>\n\n\n\n<p>Wspomaganie, czy raczej wsp\u00f3\u0142dzia\u0142anie zgodnie z za\u0142o\u017ceniem zespo\u0142u, polega na zorganizowaniu sieci wsp\u00f3\u0142pracy i samokszta\u0142cenia dla nauczycieli bibliotekarzy oraz nauczycieli przedmiotowych, pozwalaj\u0105ce na wymian\u0119 informacji i wzajemne uczenie si\u0119 w&nbsp;spos\u00f3b zorganizowany i sta\u0142y.<\/p>\n\n\n\n<p>Celem dzia\u0142ania sieci jest doskonalenia pracy, wzajemne inspirowanie, omawianie dobrych praktyk, wsp\u00f3lne rozwi\u0105zywanie problem\u00f3w, a w szczeg\u00f3lno\u015bci wymiana do\u015bwiadcze\u0144.<\/p>\n\n\n\n<p>Sie\u0107 dzia\u0142a w oparciu o aktywno\u015b\u0107 cz\u0142onk\u00f3w i na bie\u017c\u0105co rozwi\u0105zuje zg\u0142aszane zadania problemowe.<\/p>\n\n\n\n<p>8 wrze\u015bnia 2016 r. w Bibliotece Pedagogicznej w Siedlcach zosta\u0142y powo\u0142ane:<br>\u2013 Sie\u0107 wsp\u00f3\u0142pracy i samokszta\u0142cenia dla mi\u0142o\u015bnik\u00f3w przyrody.<br>\u2013 Sie\u0107 wsp\u00f3\u0142pracy i samokszta\u0142cenia dla bibliotekarzy.<\/p>\n\n\n\n<p>W roku szkolnym 2023\/2024 proponujemy spotkania w ramach:<br><strong>1. Sieci wsp\u00f3\u0142pracy i samokszta\u0142cenia nauczycieli bibliotekarzy<\/strong><br>Zach\u0119camy do wsp\u00f3\u0142pracy nauczycieli bibliotekarzy, kt\u00f3rzy chcieliby nale\u017ce\u0107 do sieci, dzieli\u0107 si\u0119 swoim do\u015bwiadczeniem, poszerza\u0107 swoje kompetencje. S\u0105 to dzia\u0142ania oparte na partnerstwie i wzajemno\u015bci.<br><br><strong>2. Sieci wsp\u00f3\u0142pracy i samokszta\u0142cenia dla mi\u0142o\u015bnik\u00f3w przyrody<\/strong><br>Zach\u0119camy do wsp\u00f3\u0142pracy nie tylko nauczycieli przyrody i biologii, ale wszystkich, kt\u00f3rym sprawy przyrody s\u0105 bliskie sercu. Chcieliby\u015bmy, aby wszyscy nale\u017c\u0105cy do sieci na prawach partnerstwa i wzajemno\u015bci mogli dzieli\u0107 si\u0119 swoim do\u015bwiadczeniem, poszerza\u0107 swoje horyzonty.<\/p>\n\n\n\n<p>Zapraszamy do kontaktu:<\/p>\n\n\n\n<figure class=\"wp-block-table\"><table style=\"border-style:none;border-width:0px\"><tbody><tr><td>Ma\u0142gorzata Perci\u0144ska<\/td><td>tel. 25 644 17 16 wew. 216, 25&nbsp;644 21 65<\/td><td><a href=\"mailto:m.percinska@bpsiedlce.pl\" target=\"_blank\" rel=\"noreferrer noopener\">m.percinska@bpsiedlce.pl<\/a><\/td><\/tr><tr><td>Jolanta Osi\u0144ska-Kurek<\/td><td>tel. 25 644 17 16 wew. 217, 25 644 61 66<\/td><td><a href=\"mailto:j.kurek@bpsiedlce.pl\" target=\"_blank\" rel=\"noreferrer noopener\">j.kurek@bpsiedlce.pl<\/a><\/td><\/tr><\/tbody><\/table><\/figure>\n","protected":false},"excerpt":{"rendered":"<p>Biblioteka Pedagogiczna chc\u0105c realizowa\u0107 swoje dzia\u0142ania statutowe,&nbsp; zgodnie z&nbsp;Rozporz\u0105dzeniem Ministra Edukacji&nbsp;Narodowej z dnia 28 lutego 2013 r. w sprawie szczeg\u00f3\u0142owych [&hellip;]<\/p>\n","protected":false},"author":10,"featured_media":0,"parent":0,"menu_order":0,"comment_status":"closed","ping_status":"closed","template":"","meta":{"_acf_changed":false,"_oasis_is_in_workflow":0,"_oasis_original":0,"inline_featured_image":false,"site-sidebar-layout":"default","site-content-layout":"default","ast-site-content-layout":"default","site-content-style":"default","site-sidebar-style":"default","ast-global-header-display":"","ast-banner-title-visibility":"","ast-main-header-display":"","ast-hfb-above-header-display":"","ast-hfb-below-header-display":"","ast-hfb-mobile-header-display":"","site-post-title":"","ast-breadcrumbs-content":"","ast-featured-img":"","footer-sml-layout":"","ast-disable-related-posts":"","theme-transparent-header-meta":"default","adv-header-id-meta":"","stick-header-meta":"","header-above-stick-meta":"","header-main-stick-meta":"","header-below-stick-meta":"","astra-migrate-meta-layouts":"set","ast-page-background-enabled":"default","ast-page-background-meta":{"desktop":{"background-color":"","background-image":"","background-repeat":"repeat","background-position":"center center","background-size":"auto","background-attachment":"scroll","background-type":"","background-media":"","overlay-type":"","overlay-color":"","overlay-opacity":"","overlay-gradient":""},"tablet":{"background-color":"","background-image":"","background-repeat":"repeat","background-position":"center center","background-size":"auto","background-attachment":"scroll","background-type":"","background-media":"","overlay-type":"","overlay-color":"","overlay-opacity":"","overlay-gradient":""},"mobile":{"background-color":"","background-image":"","background-repeat":"repeat","background-position":"center center","background-size":"auto","background-attachment":"scroll","background-type":"","background-media":"","overlay-type":"","overlay-color":"","overlay-opacity":"","overlay-gradient":""}},"ast-content-background-meta":{"desktop":{"background-color":"var(--ast-global-color-5)","background-image":"","background-repeat":"repeat","background-position":"center center","background-size":"auto","background-attachment":"scroll","background-type":"","background-media":"","overlay-type":"","overlay-color":"","overlay-opacity":"","overlay-gradient":""},"tablet":{"background-color":"var(--ast-global-color-5)","background-image":"","background-repeat":"repeat","background-position":"center center","background-size":"auto","background-attachment":"scroll","background-type":"","background-media":"","overlay-type":"","overlay-color":"","overlay-opacity":"","overlay-gradient":""},"mobile":{"background-color":"var(--ast-global-color-5)","background-image":"","background-repeat":"repeat","background-position":"center center","background-size":"auto","background-attachment":"scroll","background-type":"","background-media":"","overlay-type":"","overlay-color":"","overlay-opacity":"","overlay-gradient":""}},"_themeisle_gutenberg_block_has_review":false,"footnotes":""},"class_list":["post-325591","page","type-page","status-publish","hentry"],"acf":[],"featured_image_urls_v2":{"full":"","thumbnail":"","medium":"","medium_large":"","large":"","1536x1536":"","2048x2048":"","menu-24x24":"","menu-36x36":"","menu-48x48":"","mailpoet_newsletter_max":""},"post_excerpt_stackable_v2":"<p>Biblioteka Pedagogiczna chc\u0105c realizowa\u0107 swoje dzia\u0142ania statutowe,&nbsp; zgodnie z&nbsp;Rozporz\u0105dzeniem Ministra Edukacji&nbsp;Narodowej z dnia 28 lutego 2013 r. w sprawie szczeg\u00f3\u0142owych zasad dzia\u0142ania publicznych bibliotek pedagogicznych,&nbsp;rozpoczyna organizowanie i prowadzenie wspomagania szk\u00f3\u0142 i plac\u00f3wek o\u015bwiatowych.Pracownicy biblioteki s\u0105 gotowi odwiedzi\u0107 Pa\u0144stwa plac\u00f3wki w celu zaprezentowania swoich us\u0142ug i mo\u017cliwo\u015bci wyszukiwania materia\u0142\u00f3w dydaktycznych i wychowawczych w zbiorach biblioteki. Mo\u017cemy spotyka\u0107 si\u0119 z Pa\u0144stwem na radach szkoleniowych, zespo\u0142ach samokszta\u0142ceniowych w innym dogodnym dla Pa\u0144stwa terminie. W sprawie ewentualnych pyta\u0144 prosimy o kontakt: Dorota Salamontel. 25 644 17 16 wew. 212, 25 644 21 62d.salamon@bpsiedlce.plJolanta Osi\u0144ska-Kurektel. 25 644 17 16 wew. 217, 25 644 61 66j.kurek@bpsiedlce.plMa\u0142gorzata&hellip;<\/p>\n","category_list_v2":"","author_info_v2":{"name":"bWdyemVnb3Jjenlr","url":"https:\/\/bpsiedlce.pl\/en\/author\/bwdyemvnb3jjenlr\/"},"comments_num_v2":"0 comments","_links":{"self":[{"href":"https:\/\/bpsiedlce.pl\/en\/wp-json\/wp\/v2\/pages\/325591","targetHints":{"allow":["GET"]}}],"collection":[{"href":"https:\/\/bpsiedlce.pl\/en\/wp-json\/wp\/v2\/pages"}],"about":[{"href":"https:\/\/bpsiedlce.pl\/en\/wp-json\/wp\/v2\/types\/page"}],"author":[{"embeddable":true,"href":"https:\/\/bpsiedlce.pl\/en\/wp-json\/wp\/v2\/users\/10"}],"replies":[{"embeddable":true,"href":"https:\/\/bpsiedlce.pl\/en\/wp-json\/wp\/v2\/comments?post=325591"}],"version-history":[{"count":2,"href":"https:\/\/bpsiedlce.pl\/en\/wp-json\/wp\/v2\/pages\/325591\/revisions"}],"predecessor-version":[{"id":325609,"href":"https:\/\/bpsiedlce.pl\/en\/wp-json\/wp\/v2\/pages\/325591\/revisions\/325609"}],"wp:attachment":[{"href":"https:\/\/bpsiedlce.pl\/en\/wp-json\/wp\/v2\/media?parent=325591"}],"curies":[{"name":"wp","href":"https:\/\/api.w.org\/{rel}","templated":true}]}}