{"id":325564,"date":"2021-07-22T14:35:08","date_gmt":"2021-07-22T12:35:08","guid":{"rendered":"https:\/\/bpsiedlce.pl\/zajecia-edukacyjne-szkoly-ponadpodstawowe\/"},"modified":"2024-02-21T09:16:16","modified_gmt":"2024-02-21T08:16:16","slug":"zajecia-edukacyjne-szkoly-ponadpodstawowe","status":"publish","type":"page","link":"https:\/\/bpsiedlce.pl\/en\/zajecia-edukacyjne-szkoly-ponadpodstawowe\/","title":{"rendered":"Educational activities \u2013 secondary schools"},"content":{"rendered":"\n<p>Zach\u0119camy nauczycieli do skorzystania z&nbsp;<strong>oferty zaj\u0119\u0107 czytelniczo-edukacyjnych&nbsp;<\/strong>prowadzonych przez naszych nauczycieli bibliotekarzy. Lekcje mo\u017cna zamawia\u0107 osobi\u015bcie w siedzibie biblioteki lub telefonicznie pod nr&nbsp;<strong>tel. 25 644 17 16 wew. 218<\/strong>&nbsp;lub&nbsp;<strong>25 644 61 67.<\/strong><\/p>\n\n\n\n<p>Terminy zaj\u0119\u0107 do indywidualnego ustalenia.<\/p>\n\n\n\n<ol class=\"wp-block-list\" id=\"block-e12a1f2a-ed58-48e5-b4f1-4f68e7f6c113\">\n<li><a href=\"https:\/\/bpsiedlce.pl\/zajecia-edukacyjne-szkoly-podstawowe-4-8\/poznajemy-biblioteke-pedagogiczna\/\" target=\"_blank\" rel=\"noreferrer noopener\">Poznajemy Bibliotek\u0119 Pedagogiczn\u0105<\/a>.<\/li>\n<\/ol>\n","protected":false},"excerpt":{"rendered":"<p>Zach\u0119camy nauczycieli do skorzystania z&nbsp;oferty zaj\u0119\u0107 czytelniczo-edukacyjnych&nbsp;prowadzonych przez naszych nauczycieli bibliotekarzy. Lekcje mo\u017cna zamawia\u0107 osobi\u015bcie w siedzibie biblioteki lub telefonicznie [&hellip;]<\/p>\n","protected":false},"author":10,"featured_media":0,"parent":0,"menu_order":0,"comment_status":"closed","ping_status":"closed","template":"","meta":{"_acf_changed":false,"_oasis_is_in_workflow":0,"_oasis_original":0,"inline_featured_image":false,"site-sidebar-layout":"default","site-content-layout":"default","ast-site-content-layout":"default","site-content-style":"default","site-sidebar-style":"default","ast-global-header-display":"","ast-banner-title-visibility":"","ast-main-header-display":"","ast-hfb-above-header-display":"","ast-hfb-below-header-display":"","ast-hfb-mobile-header-display":"","site-post-title":"","ast-breadcrumbs-content":"","ast-featured-img":"","footer-sml-layout":"","ast-disable-related-posts":"","theme-transparent-header-meta":"default","adv-header-id-meta":"","stick-header-meta":"","header-above-stick-meta":"","header-main-stick-meta":"","header-below-stick-meta":"","astra-migrate-meta-layouts":"set","ast-page-background-enabled":"default","ast-page-background-meta":{"desktop":{"background-color":"","background-image":"","background-repeat":"repeat","background-position":"center center","background-size":"auto","background-attachment":"scroll","background-type":"","background-media":"","overlay-type":"","overlay-color":"","overlay-opacity":"","overlay-gradient":""},"tablet":{"background-color":"","background-image":"","background-repeat":"repeat","background-position":"center center","background-size":"auto","background-attachment":"scroll","background-type":"","background-media":"","overlay-type":"","overlay-color":"","overlay-opacity":"","overlay-gradient":""},"mobile":{"background-color":"","background-image":"","background-repeat":"repeat","background-position":"center center","background-size":"auto","background-attachment":"scroll","background-type":"","background-media":"","overlay-type":"","overlay-color":"","overlay-opacity":"","overlay-gradient":""}},"ast-content-background-meta":{"desktop":{"background-color":"var(--ast-global-color-5)","background-image":"","background-repeat":"repeat","background-position":"center center","background-size":"auto","background-attachment":"scroll","background-type":"","background-media":"","overlay-type":"","overlay-color":"","overlay-opacity":"","overlay-gradient":""},"tablet":{"background-color":"var(--ast-global-color-5)","background-image":"","background-repeat":"repeat","background-position":"center center","background-size":"auto","background-attachment":"scroll","background-type":"","background-media":"","overlay-type":"","overlay-color":"","overlay-opacity":"","overlay-gradient":""},"mobile":{"background-color":"var(--ast-global-color-5)","background-image":"","background-repeat":"repeat","background-position":"center center","background-size":"auto","background-attachment":"scroll","background-type":"","background-media":"","overlay-type":"","overlay-color":"","overlay-opacity":"","overlay-gradient":""}},"_themeisle_gutenberg_block_has_review":false,"footnotes":""},"class_list":["post-325564","page","type-page","status-publish","hentry"],"acf":[],"featured_image_urls_v2":{"full":"","thumbnail":"","medium":"","medium_large":"","large":"","1536x1536":"","2048x2048":"","menu-24x24":"","menu-36x36":"","menu-48x48":"","mailpoet_newsletter_max":""},"post_excerpt_stackable_v2":"<p>Zach\u0119camy nauczycieli do skorzystania z&nbsp;oferty zaj\u0119\u0107 czytelniczo-edukacyjnych&nbsp;prowadzonych przez naszych nauczycieli bibliotekarzy. Lekcje mo\u017cna zamawia\u0107 osobi\u015bcie w siedzibie biblioteki lub telefonicznie pod nr&nbsp;tel. 25 644 17 16 wew. 218&nbsp;lub&nbsp;25 644 61 67. Terminy zaj\u0119\u0107 do indywidualnego ustalenia. Poznajemy Bibliotek\u0119 Pedagogiczn\u0105.<\/p>\n","category_list_v2":"","author_info_v2":{"name":"bWdyemVnb3Jjenlr","url":"https:\/\/bpsiedlce.pl\/en\/author\/bwdyemvnb3jjenlr\/"},"comments_num_v2":"0 comments","_links":{"self":[{"href":"https:\/\/bpsiedlce.pl\/en\/wp-json\/wp\/v2\/pages\/325564","targetHints":{"allow":["GET"]}}],"collection":[{"href":"https:\/\/bpsiedlce.pl\/en\/wp-json\/wp\/v2\/pages"}],"about":[{"href":"https:\/\/bpsiedlce.pl\/en\/wp-json\/wp\/v2\/types\/page"}],"author":[{"embeddable":true,"href":"https:\/\/bpsiedlce.pl\/en\/wp-json\/wp\/v2\/users\/10"}],"replies":[{"embeddable":true,"href":"https:\/\/bpsiedlce.pl\/en\/wp-json\/wp\/v2\/comments?post=325564"}],"version-history":[{"count":2,"href":"https:\/\/bpsiedlce.pl\/en\/wp-json\/wp\/v2\/pages\/325564\/revisions"}],"predecessor-version":[{"id":325576,"href":"https:\/\/bpsiedlce.pl\/en\/wp-json\/wp\/v2\/pages\/325564\/revisions\/325576"}],"wp:attachment":[{"href":"https:\/\/bpsiedlce.pl\/en\/wp-json\/wp\/v2\/media?parent=325564"}],"curies":[{"name":"wp","href":"https:\/\/api.w.org\/{rel}","templated":true}]}}