{"id":325531,"date":"2021-07-22T14:33:28","date_gmt":"2021-07-22T12:33:28","guid":{"rendered":"https:\/\/bpsiedlce.pl\/zajecia-edukacyjne-szkoly-podstawowe-4-8\/"},"modified":"2024-02-21T09:00:25","modified_gmt":"2024-02-21T08:00:25","slug":"zajecia-edukacyjne-szkoly-podstawowe-4-8","status":"publish","type":"page","link":"https:\/\/bpsiedlce.pl\/en\/zajecia-edukacyjne-szkoly-podstawowe-4-8\/","title":{"rendered":"Educational activities \u2013 elementary school grades IV \u2013 VIII"},"content":{"rendered":"\n<p>Zach\u0119camy nauczycieli do skorzystania z&nbsp;<strong>oferty zaj\u0119\u0107 czytelniczo-edukacyjnych&nbsp;<\/strong>prowadzonych przez naszych nauczycieli bibliotekarzy. Lekcje mo\u017cna zamawia\u0107 osobi\u015bcie w siedzibie biblioteki lub telefonicznie pod nr&nbsp;<strong>tel. 25 644 17 16 wew. 218<\/strong>&nbsp;lub&nbsp;<strong>25 644 61 67.<\/strong><\/p>\n\n\n\n<p>Terminy zaj\u0119\u0107 do indywidualnego ustalenia.<\/p>\n\n\n\n<ol class=\"wp-block-list\">\n<li><a href=\"https:\/\/bpsiedlce.pl\/zajecia-edukacyjne-przedszkola-i-nauczanie-poczatkowe\/dbajmy-o-nasza-planete\/\" target=\"_blank\" rel=\"noreferrer noopener\">Dbajmy o nasz\u0105 planet\u0119!<\/a> &#8211;\u00a0<em>dla uczni\u00f3w klas 4-6<\/em>\n<ul class=\"wp-block-list\">\n<li>Jak chroni\u0107 przyrod\u0119?<\/li>\n\n\n\n<li>\u015amie\u0107 mniej, \u017cyj lepiej &#8211; o segregowaniu odpad\u00f3w<\/li>\n<\/ul>\n<\/li>\n\n\n\n<li><a href=\"https:\/\/bpsiedlce.pl\/zajecia-edukacyjne-przedszkola-i-nauczanie-poczatkowe\/jesien-za-oknem\/\">Jajko wielkanocne &#8211; historia i tradycja<\/a>.<\/li>\n\n\n\n<li><a href=\"https:\/\/bpsiedlce.pl\/zajecia-edukacyjne-przedszkola-i-nauczanie-poczatkowe\/jesien-za-oknem\/\" target=\"_blank\" rel=\"noreferrer noopener\">Jesie\u0144 za oknem<\/a>.<\/li>\n\n\n\n<li><a href=\"https:\/\/bpsiedlce.pl\/zajecia-edukacyjne-szkoly-podstawowe-4-8\/listopad-miesiacem-pamieci\/\" target=\"_blank\" rel=\"noreferrer noopener\">Listopad miesi\u0105cem pami\u0119ci<\/a>.<\/li>\n\n\n\n<li>Od kreski do s\u0142owa &#8211; historia pisma &#8211; dla uczni\u00f3w klas IV-VI<\/li>\n\n\n\n<li><a href=\"https:\/\/bpsiedlce.pl\/zajecia-edukacyjne-przedszkola-i-nauczanie-poczatkowe\/ozdoby-swiateczne-na-boze-narodzenie\/\" target=\"_blank\" rel=\"noreferrer noopener\">Ozdoby \u015bwi\u0105teczne na Bo\u017ce Narodzenie.<\/a><\/li>\n\n\n\n<li><a href=\"https:\/\/bpsiedlce.pl\/zajecia-edukacyjne-szkoly-podstawowe-4-8\/poznajemy-biblioteke-pedagogiczna\/\" target=\"_blank\" rel=\"noreferrer noopener\">Poznajemy Bibliotek\u0119 Pedagogiczn\u0105<\/a>.<\/li>\n\n\n\n<li><a href=\"https:\/\/bpsiedlce.pl\/zajecia-edukacyjne-szkoly-podstawowe-4-8\/robimy-palme-wielkanocna\/\" target=\"_blank\" rel=\"noreferrer noopener\">Robimy palm\u0119 wielkanocn\u0105<em>.<\/em><\/a><\/li>\n\n\n\n<li><a href=\"https:\/\/bpsiedlce.pl\/zajecia-edukacyjne-przedszkola-i-nauczanie-poczatkowe\/spotkanie-z-ksiazka\/\" target=\"_blank\" rel=\"noreferrer noopener\">Spotkanie z ksi\u0105\u017ck\u0105<\/a>.<\/li>\n\n\n\n<li>Szuflady Szymborskiej &#8211; zaj\u0119cia zorganizowane z okazji Roku Szymborskiej dla uczni\u00f3w klas VII-VIII<\/li>\n\n\n\n<li><a href=\"https:\/\/bpsiedlce.pl\/zajecia-edukacyjne-szkoly-podstawowe-4-8\/tworzymy-teatrzyk-obrazkowy\/\" target=\"_blank\" rel=\"noreferrer noopener\">Tworzymy teatrzyk<\/a><a href=\"https:\/\/bpsiedlce.pl\/zajecia-edukacyjne-szkoly-podstawowe-4-8\/tworzymy-teatrzyk-obrazkowy\/\"> obrazkowy<\/a> &#8211;&nbsp;<em>kreatywne warsztaty dla uczni\u00f3w klas IV-VI<\/em><\/li>\n\n\n\n<li>Walizka czytelnika \u2013 zorganizuj sw\u00f3j czytelniczy niezb\u0119dnik &#8211;&nbsp;<em>dla uczni\u00f3w klas IV-VI<\/em><\/li>\n\n\n\n<li><a href=\"https:\/\/bpsiedlce.pl\/zajecia-edukacyjne-przedszkola-i-nauczanie-poczatkowe\/wiosna-wiosna-jestes-juz\/\" target=\"_blank\" rel=\"noreferrer noopener\">Wiosna, wiosna jeste\u015b ju\u017c?<\/a><\/li>\n\n\n\n<li><a href=\"https:\/\/bpsiedlce.pl\/zajecia-edukacyjne-szkoly-podstawowe-4-8\/wszystko-zaczyna-sie-od-kropki-ciekawe-publikacje-o-sztuce-w-zbiorach-biblioteki\/\" target=\"_blank\" rel=\"noreferrer noopener\">\u201eWszystko zaczyna si\u0119 od kropki&#8221; &#8211; ciekawe publikacje o sztuce w zbiorach biblioteki.<\/a><\/li>\n<\/ol>\n","protected":false},"excerpt":{"rendered":"<p>Zach\u0119camy nauczycieli do skorzystania z&nbsp;oferty zaj\u0119\u0107 czytelniczo-edukacyjnych&nbsp;prowadzonych przez naszych nauczycieli bibliotekarzy. Lekcje mo\u017cna zamawia\u0107 osobi\u015bcie w siedzibie biblioteki lub telefonicznie [&hellip;]<\/p>\n","protected":false},"author":10,"featured_media":0,"parent":0,"menu_order":0,"comment_status":"closed","ping_status":"closed","template":"","meta":{"_acf_changed":false,"_oasis_is_in_workflow":0,"_oasis_original":0,"inline_featured_image":false,"site-sidebar-layout":"default","site-content-layout":"default","ast-site-content-layout":"default","site-content-style":"default","site-sidebar-style":"default","ast-global-header-display":"","ast-banner-title-visibility":"","ast-main-header-display":"","ast-hfb-above-header-display":"","ast-hfb-below-header-display":"","ast-hfb-mobile-header-display":"","site-post-title":"","ast-breadcrumbs-content":"","ast-featured-img":"","footer-sml-layout":"","ast-disable-related-posts":"","theme-transparent-header-meta":"default","adv-header-id-meta":"","stick-header-meta":"","header-above-stick-meta":"","header-main-stick-meta":"","header-below-stick-meta":"","astra-migrate-meta-layouts":"set","ast-page-background-enabled":"default","ast-page-background-meta":{"desktop":{"background-color":"","background-image":"","background-repeat":"repeat","background-position":"center center","background-size":"auto","background-attachment":"scroll","background-type":"","background-media":"","overlay-type":"","overlay-color":"","overlay-opacity":"","overlay-gradient":""},"tablet":{"background-color":"","background-image":"","background-repeat":"repeat","background-position":"center center","background-size":"auto","background-attachment":"scroll","background-type":"","background-media":"","overlay-type":"","overlay-color":"","overlay-opacity":"","overlay-gradient":""},"mobile":{"background-color":"","background-image":"","background-repeat":"repeat","background-position":"center center","background-size":"auto","background-attachment":"scroll","background-type":"","background-media":"","overlay-type":"","overlay-color":"","overlay-opacity":"","overlay-gradient":""}},"ast-content-background-meta":{"desktop":{"background-color":"var(--ast-global-color-5)","background-image":"","background-repeat":"repeat","background-position":"center center","background-size":"auto","background-attachment":"scroll","background-type":"","background-media":"","overlay-type":"","overlay-color":"","overlay-opacity":"","overlay-gradient":""},"tablet":{"background-color":"var(--ast-global-color-5)","background-image":"","background-repeat":"repeat","background-position":"center center","background-size":"auto","background-attachment":"scroll","background-type":"","background-media":"","overlay-type":"","overlay-color":"","overlay-opacity":"","overlay-gradient":""},"mobile":{"background-color":"var(--ast-global-color-5)","background-image":"","background-repeat":"repeat","background-position":"center center","background-size":"auto","background-attachment":"scroll","background-type":"","background-media":"","overlay-type":"","overlay-color":"","overlay-opacity":"","overlay-gradient":""}},"_themeisle_gutenberg_block_has_review":false,"footnotes":""},"class_list":["post-325531","page","type-page","status-publish","hentry"],"acf":[],"featured_image_urls_v2":{"full":"","thumbnail":"","medium":"","medium_large":"","large":"","1536x1536":"","2048x2048":"","menu-24x24":"","menu-36x36":"","menu-48x48":"","mailpoet_newsletter_max":""},"post_excerpt_stackable_v2":"<p>Zach\u0119camy nauczycieli do skorzystania z&nbsp;oferty zaj\u0119\u0107 czytelniczo-edukacyjnych&nbsp;prowadzonych przez naszych nauczycieli bibliotekarzy. Lekcje mo\u017cna zamawia\u0107 osobi\u015bcie w siedzibie biblioteki lub telefonicznie pod nr&nbsp;tel. 25 644 17 16 wew. 218&nbsp;lub&nbsp;25 644 61 67. Terminy zaj\u0119\u0107 do indywidualnego ustalenia. Dbajmy o nasz\u0105 planet\u0119! &#8211;\u00a0dla uczni\u00f3w klas 4-6 Jak chroni\u0107 przyrod\u0119? \u015amie\u0107 mniej, \u017cyj lepiej &#8211; o segregowaniu odpad\u00f3w Jajko wielkanocne &#8211; historia i tradycja. Jesie\u0144 za oknem. Listopad miesi\u0105cem pami\u0119ci. Od kreski do s\u0142owa &#8211; historia pisma &#8211; dla uczni\u00f3w klas IV-VI Ozdoby \u015bwi\u0105teczne na Bo\u017ce Narodzenie. Poznajemy Bibliotek\u0119 Pedagogiczn\u0105. Robimy palm\u0119 wielkanocn\u0105. Spotkanie z ksi\u0105\u017ck\u0105. Szuflady Szymborskiej &#8211; zaj\u0119cia zorganizowane z okazji&hellip;<\/p>\n","category_list_v2":"","author_info_v2":{"name":"bWdyemVnb3Jjenlr","url":"https:\/\/bpsiedlce.pl\/en\/author\/bwdyemvnb3jjenlr\/"},"comments_num_v2":"0 comments","_links":{"self":[{"href":"https:\/\/bpsiedlce.pl\/en\/wp-json\/wp\/v2\/pages\/325531","targetHints":{"allow":["GET"]}}],"collection":[{"href":"https:\/\/bpsiedlce.pl\/en\/wp-json\/wp\/v2\/pages"}],"about":[{"href":"https:\/\/bpsiedlce.pl\/en\/wp-json\/wp\/v2\/types\/page"}],"author":[{"embeddable":true,"href":"https:\/\/bpsiedlce.pl\/en\/wp-json\/wp\/v2\/users\/10"}],"replies":[{"embeddable":true,"href":"https:\/\/bpsiedlce.pl\/en\/wp-json\/wp\/v2\/comments?post=325531"}],"version-history":[{"count":2,"href":"https:\/\/bpsiedlce.pl\/en\/wp-json\/wp\/v2\/pages\/325531\/revisions"}],"predecessor-version":[{"id":325549,"href":"https:\/\/bpsiedlce.pl\/en\/wp-json\/wp\/v2\/pages\/325531\/revisions\/325549"}],"wp:attachment":[{"href":"https:\/\/bpsiedlce.pl\/en\/wp-json\/wp\/v2\/media?parent=325531"}],"curies":[{"name":"wp","href":"https:\/\/api.w.org\/{rel}","templated":true}]}}