{"id":325504,"date":"2021-07-22T14:30:00","date_gmt":"2021-07-22T12:30:00","guid":{"rendered":"https:\/\/bpsiedlce.pl\/zajecia-edukacyjne-przedszkola-i-nauczanie-poczatkowe\/"},"modified":"2024-02-21T08:55:05","modified_gmt":"2024-02-21T07:55:05","slug":"zajecia-edukacyjne-przedszkola-i-nauczanie-poczatkowe","status":"publish","type":"page","link":"https:\/\/bpsiedlce.pl\/en\/zajecia-edukacyjne-przedszkola-i-nauczanie-poczatkowe\/","title":{"rendered":"Educational activities \u2013 kindergarten and early childhood education"},"content":{"rendered":"\n<p>Zach\u0119camy nauczycieli do skorzystania z&nbsp;<strong>oferty zaj\u0119\u0107 czytelniczo-edukacyjnych&nbsp;<\/strong>prowadzonych przez naszych nauczycieli bibliotekarzy. Lekcje mo\u017cna zamawia\u0107 osobi\u015bcie w siedzibie biblioteki lub telefonicznie pod nr&nbsp;<strong>tel. 25 644 17 16 wew. 218<\/strong>&nbsp;lub&nbsp;<strong>25 644 61 67.<\/strong><\/p>\n\n\n\n<p>Terminy zaj\u0119\u0107 do indywidualnego ustalenia.<\/p>\n\n\n\n<ol class=\"wp-block-list\">\n<li><a href=\"https:\/\/bpsiedlce.pl\/zajecia-edukacyjne-przedszkola-i-nauczanie-poczatkowe\/antarktyda-kraina-pingwinow\/\" target=\"_blank\" rel=\"noreferrer noopener\">Antarktyda &#8211; kraina pingwin\u00f3w.<\/a><\/li>\n\n\n\n<li><a href=\"https:\/\/bpsiedlce.pl\/zajecia-edukacyjne-przedszkola-i-nauczanie-poczatkowe\/dbajmy-o-nasza-planete\/\" target=\"_blank\" rel=\"noreferrer noopener\">Dbajmy o nasz\u0105 planet\u0119!<\/a> &#8211;\u00a0<em>dla dzieci od 5 lat<\/em>\n<ul class=\"wp-block-list\">\n<li>Jak chroni\u0107 przyrod\u0119?<\/li>\n\n\n\n<li>\u015amie\u0107 mniej, \u017cyj lepiej &#8211; o segregowaniu odpad\u00f3w<\/li>\n<\/ul>\n<\/li>\n\n\n\n<li><a href=\"https:\/\/bpsiedlce.pl\/zajecia-edukacyjne-przedszkola-i-nauczanie-poczatkowe\/dzien-kredki-w-bibliotece\/\" target=\"_blank\" rel=\"noreferrer noopener\">Dzie\u0144 kredki w bibliotece<\/a> &#8211;&nbsp;<em>zaj\u0119cia dla uczni\u00f3w klas I-III<\/em><\/li>\n\n\n\n<li><a href=\"https:\/\/bpsiedlce.pl\/zajecia-edukacyjne-przedszkola-i-nauczanie-poczatkowe\/jajko-wielkanocne-historia-i-tradycja\/\">J<\/a><a href=\"https:\/\/bpsiedlce.pl\/zajecia-edukacyjne-przedszkola-i-nauczanie-poczatkowe\/jajko-wielkanocne-historia-i-tradycja\/\" target=\"_blank\" rel=\"noreferrer noopener\">ajko Wielkanocne &#8211; historia i tradycj<\/a><a href=\"https:\/\/bpsiedlce.pl\/zajecia-edukacyjne-przedszkola-i-nauczanie-poczatkowe\/jajko-wielkanocne-historia-i-tradycja\/\">a<\/a>.<\/li>\n\n\n\n<li><a href=\"https:\/\/bpsiedlce.pl\/zajecia-edukacyjne-przedszkola-i-nauczanie-poczatkowe\/jesien-za-oknem\/\" target=\"_blank\" rel=\"noreferrer noopener\">Jesie\u0144 za oknem<\/a>.<\/li>\n\n\n\n<li><a href=\"https:\/\/bpsiedlce.pl\/malowane-pory-roku\/\" target=\"_blank\" rel=\"noreferrer noopener\">Malowane pory roku<em>.<\/em><\/a><\/li>\n\n\n\n<li>Od kreski do s\u0142owa &#8211; historia pisma &#8211; dla uczni\u00f3w klas III<\/li>\n\n\n\n<li><a href=\"https:\/\/bpsiedlce.pl\/zajecia-edukacyjne-przedszkola-i-nauczanie-poczatkowe\/odkrecmy-emocje-z-ksiazkami-oswajamy-uczucia-dla-dzieci-od-5-lat\/\" target=\"_blank\" rel=\"noreferrer noopener\">Odkr\u0119\u0107my emocje &#8211; z ksi\u0105\u017ckami oswajamy uczucia<\/a> &#8211;\u00a0<em>dla dzieci od 5 lat<\/em><\/li>\n\n\n\n<li><a href=\"https:\/\/bpsiedlce.pl\/zajecia-edukacyjne-przedszkola-i-nauczanie-poczatkowe\/ozdoby-swiateczne-na-boze-narodzenie\/\" target=\"_blank\" rel=\"noreferrer noopener\">Ozdoby \u015bwi\u0105teczne na Bo\u017ce Narodzenie<\/a> &#8211;\u00a0<em>dla dzieci od 5 lat<\/em><\/li>\n\n\n\n<li>Poszukiwanie bajek w bibliotece \/wycieczka z elementami gry terenowej\/&nbsp;<em>&#8211; dla dzieci od 5 do 7 lat<\/em><\/li>\n\n\n\n<li><a href=\"https:\/\/bpsiedlce.pl\/zajecia-edukacyjne-przedszkola-i-nauczanie-poczatkowe\/poznaj-serie-czytam-sobie-dla-dzieci-od-5-do-7-lat\/\" target=\"_blank\" rel=\"noreferrer noopener\">Poznaj seri\u0119 &#8220;Czytam sobie&#8221;<\/a> &#8211;\u00a0<em>dla dzieci od 5 do 7 lat<\/em><\/li>\n\n\n\n<li><a href=\"https:\/\/bpsiedlce.pl\/zajecia-edukacyjne-szkoly-podstawowe-4-8\/robimy-palme-wielkanocna\/\" target=\"_blank\" rel=\"noreferrer noopener\">Robimy palm\u0119 wielkanocn\u0105.<\/a><\/li>\n\n\n\n<li><a href=\"https:\/\/bpsiedlce.pl\/zajecia-edukacyjne-przedszkola-i-nauczanie-poczatkowe\/spotkanie-z-ksiazka\/\" target=\"_blank\" rel=\"noreferrer noopener\">Spotkanie z ksi\u0105\u017ck\u0105<\/a>.<\/li>\n\n\n\n<li><a href=\"https:\/\/bpsiedlce.pl\/spotkanie-z-magiczna-ksiazka\/\" target=\"_blank\" rel=\"noreferrer noopener\">Spotkanie z magiczn\u0105 ksi\u0105\u017ck\u0105.<\/a><\/li>\n\n\n\n<li><a href=\"https:\/\/bpsiedlce.pl\/zajecia-edukacyjne-przedszkola-i-nauczanie-poczatkowe\/malgorzata-percinska\/\" target=\"_blank\" data-type=\"link\" data-id=\"https:\/\/bpsiedlce.pl\/malgorzata-percinska\/\" rel=\"noreferrer noopener\">Teatrzyk Kamishibai<\/a>:\n<ul class=\"wp-block-list\">\n<li>Brzydkie kacz\u0105tko &#8211;&nbsp;<em>dla dzieci od 3 do 9 lat<\/em><\/li>\n\n\n\n<li>Kotka Psotka &#8211;&nbsp;<em>dla dzieci od 3 do 6 lat<\/em><\/li>\n\n\n\n<li>Kr\u00f3lewna \u015anie\u017cka &#8211;&nbsp;<em>dla dzieci od 3 do 9 lat<\/em><\/li>\n\n\n\n<li>Kr\u00f3lowa \u015aniegu &#8211;&nbsp;<em>dla dzieci od 5 lat<\/em><\/li>\n\n\n\n<li>Misiowe wiadomo\u015bci &#8211; nied\u017awied\u017a brunatny<em>&nbsp;&#8211; dla dzieci od 5 lat<\/em><\/li>\n\n\n\n<li>Motyl cytrynek latolistek &#8211;&nbsp;<em>dla dzieci od 7 do 11 lat<\/em><\/li>\n\n\n\n<li>O rybaku i z\u0142otej rybce<em>&nbsp;&#8211; dla dzieci od 3 do 9 lat<\/em><\/li>\n\n\n\n<li>Pani Zamie\u0107 &#8211;&nbsp;<em>dla dzieci od 5 do 9 lat<\/em><\/li>\n\n\n\n<li>Przygody myszki Pipi<em>&nbsp;<\/em>&#8211;&nbsp;<em>bajka zaadresowana do najm\u0142odszej grupy dzieci (od 2 do 4 lat), pomaga utrwali\u0107 nazwy kolor\u00f3w, dni tygodnia, przeliczanie do 3<\/em><\/li>\n\n\n\n<li>Rower Walentynki &#8211;&nbsp;<em>zar\u00f3wno mali jak i wi\u0119ksi s\u0142uchacze, licz\u0105c do dziewi\u0119ciu, dotr\u0105 wraz z bohaterk\u0105 opowie\u015bci do jej zaskakuj\u0105cego fina\u0142u<\/em><\/li>\n\n\n\n<li>S\u0142owik &#8211;&nbsp;<em>dla dzieci od 3 do 9 lat<\/em><\/li>\n\n\n\n<li>Szukaj\u0105c Marudka &#8211;&nbsp;<em>wzruszaj\u0105ca opowie\u015b\u0107 o przyja\u017ani<\/em><\/li>\n<\/ul>\n<\/li>\n\n\n\n<li><a href=\"https:\/\/bpsiedlce.pl\/zajecia-edukacyjne-przedszkola-i-nauczanie-poczatkowe\/warsztaty-z-magiem-abrakabra-na-podstawie-ksiazki-syrop-maga-abrakabry-wojciecha-widlaka-dla-dzieci-od-6-do-9-lat\/\" target=\"_blank\" rel=\"noreferrer noopener\">Warsztaty z magiem Abrakabr\u0105 &#8211; na podstawie ksi\u0105\u017cki &#8220;Syrop maga Abrakabry&#8221; Wojciecha Wid\u0142aka <\/a>&#8211;\u00a0<em>dla dzieci od 6 do 9 lat<\/em><\/li>\n\n\n\n<li><a href=\"https:\/\/bpsiedlce.pl\/zajecia-edukacyjne-przedszkola-i-nauczanie-poczatkowe\/wiosna-wiosna-jestes-juz\/\" target=\"_blank\" rel=\"noreferrer noopener\">Wiosna, wiosna jeste\u015b ju\u017c?<\/a><\/li>\n\n\n\n<li><a href=\"https:\/\/bpsiedlce.pl\/z-bohaterami-ksiazek-poznajemy-swiat-madagaskar\/\" target=\"_blank\" rel=\"noreferrer noopener\">Z bohaterami ksi\u0105\u017cek poznajemy \u015bwiat &#8211; Madagaskar<\/a><\/li>\n\n\n\n<li><a href=\"https:\/\/bpsiedlce.pl\/zabawy-andrzejkowe-w-bibliotece\/\" target=\"_blank\" rel=\"noreferrer noopener\">Zabawy Andrzejkowe w bibliotece.<\/a><\/li>\n\n\n\n<li><a href=\"https:\/\/bpsiedlce.pl\/zabawy-literackie-z-tworczoscia-wandy-chotomskiej-w-tle-dla-dzieci-od-5-do-9-lat\/\" target=\"_blank\" rel=\"noreferrer noopener\">Zabawy literackie z tw\u00f3rczo\u015bci\u0105 Wandy Chotomskiej w tle<\/a> &#8211;\u00a0<em>dla dzieci od 5 do 9 lat<\/em><\/li>\n\n\n\n<li><a href=\"https:\/\/bpsiedlce.pl\/zajecia-edukacyjne-przedszkola-i-nauczanie-poczatkowe\/zima-biala-sniegu-nam-nasypala\/\" target=\"_blank\" rel=\"noreferrer noopener\">Zima bia\u0142a \u015bniegu nam nasypa\u0142a<\/a>.<\/li>\n<\/ol>\n","protected":false},"excerpt":{"rendered":"<p>Zach\u0119camy nauczycieli do skorzystania z&nbsp;oferty zaj\u0119\u0107 czytelniczo-edukacyjnych&nbsp;prowadzonych przez naszych nauczycieli bibliotekarzy. Lekcje mo\u017cna zamawia\u0107 osobi\u015bcie w siedzibie biblioteki lub telefonicznie [&hellip;]<\/p>\n","protected":false},"author":10,"featured_media":0,"parent":0,"menu_order":0,"comment_status":"closed","ping_status":"closed","template":"","meta":{"_acf_changed":false,"_oasis_is_in_workflow":0,"_oasis_original":0,"inline_featured_image":false,"site-sidebar-layout":"default","site-content-layout":"default","ast-site-content-layout":"default","site-content-style":"default","site-sidebar-style":"default","ast-global-header-display":"","ast-banner-title-visibility":"","ast-main-header-display":"","ast-hfb-above-header-display":"","ast-hfb-below-header-display":"","ast-hfb-mobile-header-display":"","site-post-title":"","ast-breadcrumbs-content":"","ast-featured-img":"","footer-sml-layout":"","ast-disable-related-posts":"","theme-transparent-header-meta":"default","adv-header-id-meta":"","stick-header-meta":"","header-above-stick-meta":"","header-main-stick-meta":"","header-below-stick-meta":"","astra-migrate-meta-layouts":"set","ast-page-background-enabled":"default","ast-page-background-meta":{"desktop":{"background-color":"","background-image":"","background-repeat":"repeat","background-position":"center center","background-size":"auto","background-attachment":"scroll","background-type":"","background-media":"","overlay-type":"","overlay-color":"","overlay-opacity":"","overlay-gradient":""},"tablet":{"background-color":"","background-image":"","background-repeat":"repeat","background-position":"center center","background-size":"auto","background-attachment":"scroll","background-type":"","background-media":"","overlay-type":"","overlay-color":"","overlay-opacity":"","overlay-gradient":""},"mobile":{"background-color":"","background-image":"","background-repeat":"repeat","background-position":"center center","background-size":"auto","background-attachment":"scroll","background-type":"","background-media":"","overlay-type":"","overlay-color":"","overlay-opacity":"","overlay-gradient":""}},"ast-content-background-meta":{"desktop":{"background-color":"var(--ast-global-color-5)","background-image":"","background-repeat":"repeat","background-position":"center center","background-size":"auto","background-attachment":"scroll","background-type":"","background-media":"","overlay-type":"","overlay-color":"","overlay-opacity":"","overlay-gradient":""},"tablet":{"background-color":"var(--ast-global-color-5)","background-image":"","background-repeat":"repeat","background-position":"center center","background-size":"auto","background-attachment":"scroll","background-type":"","background-media":"","overlay-type":"","overlay-color":"","overlay-opacity":"","overlay-gradient":""},"mobile":{"background-color":"var(--ast-global-color-5)","background-image":"","background-repeat":"repeat","background-position":"center center","background-size":"auto","background-attachment":"scroll","background-type":"","background-media":"","overlay-type":"","overlay-color":"","overlay-opacity":"","overlay-gradient":""}},"_themeisle_gutenberg_block_has_review":false,"footnotes":""},"class_list":["post-325504","page","type-page","status-publish","hentry"],"acf":[],"featured_image_urls_v2":{"full":"","thumbnail":"","medium":"","medium_large":"","large":"","1536x1536":"","2048x2048":"","menu-24x24":"","menu-36x36":"","menu-48x48":"","mailpoet_newsletter_max":""},"post_excerpt_stackable_v2":"<p>Zach\u0119camy nauczycieli do skorzystania z&nbsp;oferty zaj\u0119\u0107 czytelniczo-edukacyjnych&nbsp;prowadzonych przez naszych nauczycieli bibliotekarzy. Lekcje mo\u017cna zamawia\u0107 osobi\u015bcie w siedzibie biblioteki lub telefonicznie pod nr&nbsp;tel. 25 644 17 16 wew. 218&nbsp;lub&nbsp;25 644 61 67. Terminy zaj\u0119\u0107 do indywidualnego ustalenia. Antarktyda &#8211; kraina pingwin\u00f3w. Dbajmy o nasz\u0105 planet\u0119! &#8211;\u00a0dla dzieci od 5 lat Jak chroni\u0107 przyrod\u0119? \u015amie\u0107 mniej, \u017cyj lepiej &#8211; o segregowaniu odpad\u00f3w Dzie\u0144 kredki w bibliotece &#8211;&nbsp;zaj\u0119cia dla uczni\u00f3w klas I-III Jajko Wielkanocne &#8211; historia i tradycja. Jesie\u0144 za oknem. Malowane pory roku. Od kreski do s\u0142owa &#8211; historia pisma &#8211; dla uczni\u00f3w klas III Odkr\u0119\u0107my emocje &#8211; z ksi\u0105\u017ckami oswajamy uczucia&hellip;<\/p>\n","category_list_v2":"","author_info_v2":{"name":"bWdyemVnb3Jjenlr","url":"https:\/\/bpsiedlce.pl\/en\/author\/bwdyemvnb3jjenlr\/"},"comments_num_v2":"0 comments","_links":{"self":[{"href":"https:\/\/bpsiedlce.pl\/en\/wp-json\/wp\/v2\/pages\/325504","targetHints":{"allow":["GET"]}}],"collection":[{"href":"https:\/\/bpsiedlce.pl\/en\/wp-json\/wp\/v2\/pages"}],"about":[{"href":"https:\/\/bpsiedlce.pl\/en\/wp-json\/wp\/v2\/types\/page"}],"author":[{"embeddable":true,"href":"https:\/\/bpsiedlce.pl\/en\/wp-json\/wp\/v2\/users\/10"}],"replies":[{"embeddable":true,"href":"https:\/\/bpsiedlce.pl\/en\/wp-json\/wp\/v2\/comments?post=325504"}],"version-history":[{"count":2,"href":"https:\/\/bpsiedlce.pl\/en\/wp-json\/wp\/v2\/pages\/325504\/revisions"}],"predecessor-version":[{"id":325519,"href":"https:\/\/bpsiedlce.pl\/en\/wp-json\/wp\/v2\/pages\/325504\/revisions\/325519"}],"wp:attachment":[{"href":"https:\/\/bpsiedlce.pl\/en\/wp-json\/wp\/v2\/media?parent=325504"}],"curies":[{"name":"wp","href":"https:\/\/api.w.org\/{rel}","templated":true}]}}