{"id":325465,"date":"2021-07-07T15:26:37","date_gmt":"2021-07-07T13:26:37","guid":{"rendered":"https:\/\/bpsiedlce.pl\/wypozyczalnia-miedzybiblioteczna\/"},"modified":"2024-02-21T08:45:08","modified_gmt":"2024-02-21T07:45:08","slug":"wypozyczalnia-miedzybiblioteczna","status":"publish","type":"page","link":"https:\/\/bpsiedlce.pl\/en\/wypozyczalnia-miedzybiblioteczna\/","title":{"rendered":"Inter \u2013 library loan."},"content":{"rendered":"\n<ol class=\"wp-block-list\">\n<li>Je\u017celi Czytelnik potrzebuje dokumentu, kt\u00f3rego nie ma w ksi\u0119gozbiorze naszej Biblioteki, mo\u017ce stara\u0107 si\u0119 o jego wypo\u017cyczenie z innej plac\u00f3wki sk\u0142adaj\u0105c zam\u00f3wienie w Wypo\u017cyczalni.<\/li>\n\n\n\n<li>Z wypo\u017cycze\u0144 mi\u0119dzybibliotecznych mog\u0105 korzysta\u0107 wszyscy czytelnicy Biblioteki.<\/li>\n\n\n\n<li>Z powodu zdarzaj\u0105cego si\u0119 do\u015b\u0107 d\u0142ugiego terminu oczekiwania na zam\u00f3wione materia\u0142y, Czytelnicy powinni zg\u0142asza\u0107 zapotrzebowanie na nie znacznie wcze\u015bniej.<\/li>\n\n\n\n<li>Jednorazowo Czytelnik mo\u017ce z\u0142o\u017cy\u0107 zam\u00f3wienie na 3 tytu\u0142y, uwzgl\u0119dniaj\u0105c nast\u0119puj\u0105ce dane:\n<ul class=\"wp-block-list\">\n<li>dla wydawnictw zwartych: nazwisko i imi\u0119 autora, tytu\u0142, miejsce i rok wydania,<\/li>\n\n\n\n<li>dla wydawnictw ci\u0105g\u0142ych: tytu\u0142, miejsce wydania, tom, rocznik, rok wydania, numer zeszytu, strony, nazwisko autora i tytu\u0142 artyku\u0142u.<\/li>\n<\/ul>\n<\/li>\n\n\n\n<li>Ksi\u0105\u017cki sprowadzone z innych bibliotek krajowych udost\u0119pniane s\u0105 wy\u0142\u0105cznie na miejscu, w Czytelni Biblioteki.<\/li>\n\n\n\n<li>Termin wypo\u017cyczenia ksi\u0105\u017cek ustala biblioteka macierzysta, z kt\u00f3rej ksi\u0105\u017cka pochodzi.<\/li>\n\n\n\n<li>Za zagubienie lub zniszczenie ksi\u0105\u017cki odpowiada materialnie Czytelnik.<\/li>\n\n\n\n<li>Koszty zwi\u0105zane ze sprowadzeniem i odes\u0142aniem materia\u0142\u00f3w bibliotecznych z innych bibliotek pokrywa czytelnik &#8211; min. 15 z\u0142.<\/li>\n\n\n\n<li>Nie wysy\u0142amy zbior\u00f3w audiowizualnych.<\/li>\n<\/ol>\n","protected":false},"excerpt":{"rendered":"","protected":false},"author":10,"featured_media":0,"parent":0,"menu_order":0,"comment_status":"closed","ping_status":"closed","template":"","meta":{"_acf_changed":false,"_oasis_is_in_workflow":0,"_oasis_original":0,"inline_featured_image":false,"site-sidebar-layout":"default","site-content-layout":"default","ast-site-content-layout":"default","site-content-style":"default","site-sidebar-style":"default","ast-global-header-display":"","ast-banner-title-visibility":"","ast-main-header-display":"","ast-hfb-above-header-display":"","ast-hfb-below-header-display":"","ast-hfb-mobile-header-display":"","site-post-title":"","ast-breadcrumbs-content":"","ast-featured-img":"","footer-sml-layout":"","ast-disable-related-posts":"","theme-transparent-header-meta":"default","adv-header-id-meta":"","stick-header-meta":"","header-above-stick-meta":"","header-main-stick-meta":"","header-below-stick-meta":"","astra-migrate-meta-layouts":"set","ast-page-background-enabled":"default","ast-page-background-meta":{"desktop":{"background-color":"","background-image":"","background-repeat":"repeat","background-position":"center center","background-size":"auto","background-attachment":"scroll","background-type":"","background-media":"","overlay-type":"","overlay-color":"","overlay-opacity":"","overlay-gradient":""},"tablet":{"background-color":"","background-image":"","background-repeat":"repeat","background-position":"center center","background-size":"auto","background-attachment":"scroll","background-type":"","background-media":"","overlay-type":"","overlay-color":"","overlay-opacity":"","overlay-gradient":""},"mobile":{"background-color":"","background-image":"","background-repeat":"repeat","background-position":"center center","background-size":"auto","background-attachment":"scroll","background-type":"","background-media":"","overlay-type":"","overlay-color":"","overlay-opacity":"","overlay-gradient":""}},"ast-content-background-meta":{"desktop":{"background-color":"var(--ast-global-color-5)","background-image":"","background-repeat":"repeat","background-position":"center center","background-size":"auto","background-attachment":"scroll","background-type":"","background-media":"","overlay-type":"","overlay-color":"","overlay-opacity":"","overlay-gradient":""},"tablet":{"background-color":"var(--ast-global-color-5)","background-image":"","background-repeat":"repeat","background-position":"center center","background-size":"auto","background-attachment":"scroll","background-type":"","background-media":"","overlay-type":"","overlay-color":"","overlay-opacity":"","overlay-gradient":""},"mobile":{"background-color":"var(--ast-global-color-5)","background-image":"","background-repeat":"repeat","background-position":"center center","background-size":"auto","background-attachment":"scroll","background-type":"","background-media":"","overlay-type":"","overlay-color":"","overlay-opacity":"","overlay-gradient":""}},"_themeisle_gutenberg_block_has_review":false,"footnotes":""},"class_list":["post-325465","page","type-page","status-publish","hentry"],"acf":[],"featured_image_urls_v2":{"full":"","thumbnail":"","medium":"","medium_large":"","large":"","1536x1536":"","2048x2048":"","menu-24x24":"","menu-36x36":"","menu-48x48":"","mailpoet_newsletter_max":""},"post_excerpt_stackable_v2":"<p>Je\u017celi Czytelnik potrzebuje dokumentu, kt\u00f3rego nie ma w ksi\u0119gozbiorze naszej Biblioteki, mo\u017ce stara\u0107 si\u0119 o jego wypo\u017cyczenie z innej plac\u00f3wki sk\u0142adaj\u0105c zam\u00f3wienie w Wypo\u017cyczalni. Z wypo\u017cycze\u0144 mi\u0119dzybibliotecznych mog\u0105 korzysta\u0107 wszyscy czytelnicy Biblioteki. Z powodu zdarzaj\u0105cego si\u0119 do\u015b\u0107 d\u0142ugiego terminu oczekiwania na zam\u00f3wione materia\u0142y, Czytelnicy powinni zg\u0142asza\u0107 zapotrzebowanie na nie znacznie wcze\u015bniej. Jednorazowo Czytelnik mo\u017ce z\u0142o\u017cy\u0107 zam\u00f3wienie na 3 tytu\u0142y, uwzgl\u0119dniaj\u0105c nast\u0119puj\u0105ce dane: dla wydawnictw zwartych: nazwisko i imi\u0119 autora, tytu\u0142, miejsce i rok wydania, dla wydawnictw ci\u0105g\u0142ych: tytu\u0142, miejsce wydania, tom, rocznik, rok wydania, numer zeszytu, strony, nazwisko autora i tytu\u0142 artyku\u0142u. Ksi\u0105\u017cki sprowadzone z innych bibliotek krajowych udost\u0119pniane s\u0105&hellip;<\/p>\n","category_list_v2":"","author_info_v2":{"name":"bWdyemVnb3Jjenlr","url":"https:\/\/bpsiedlce.pl\/en\/author\/bwdyemvnb3jjenlr\/"},"comments_num_v2":"0 comments","_links":{"self":[{"href":"https:\/\/bpsiedlce.pl\/en\/wp-json\/wp\/v2\/pages\/325465","targetHints":{"allow":["GET"]}}],"collection":[{"href":"https:\/\/bpsiedlce.pl\/en\/wp-json\/wp\/v2\/pages"}],"about":[{"href":"https:\/\/bpsiedlce.pl\/en\/wp-json\/wp\/v2\/types\/page"}],"author":[{"embeddable":true,"href":"https:\/\/bpsiedlce.pl\/en\/wp-json\/wp\/v2\/users\/10"}],"replies":[{"embeddable":true,"href":"https:\/\/bpsiedlce.pl\/en\/wp-json\/wp\/v2\/comments?post=325465"}],"version-history":[{"count":2,"href":"https:\/\/bpsiedlce.pl\/en\/wp-json\/wp\/v2\/pages\/325465\/revisions"}],"predecessor-version":[{"id":325477,"href":"https:\/\/bpsiedlce.pl\/en\/wp-json\/wp\/v2\/pages\/325465\/revisions\/325477"}],"wp:attachment":[{"href":"https:\/\/bpsiedlce.pl\/en\/wp-json\/wp\/v2\/media?parent=325465"}],"curies":[{"name":"wp","href":"https:\/\/api.w.org\/{rel}","templated":true}]}}