{"id":325384,"date":"2021-07-08T11:14:25","date_gmt":"2021-07-08T09:14:25","guid":{"rendered":"https:\/\/bpsiedlce.pl\/wychowanie-pedagogika\/"},"modified":"2024-02-21T08:35:23","modified_gmt":"2024-02-21T07:35:23","slug":"wychowanie-pedagogika","status":"publish","type":"page","link":"https:\/\/bpsiedlce.pl\/en\/wychowanie-pedagogika\/","title":{"rendered":"Education. Pedagogy"},"content":{"rendered":"\n<p><a href=\"\/bezpieczne-dziecko-zestawienie-bibliograficzne-w-wyborze-za-lata-2004-2020\/\"><strong>Bezpieczne dziecko&nbsp;<\/strong><\/a><strong>&#8211; AKTUALIZACJA 26.03.2021<\/strong>  &#8211; DYDAKTYKA?<\/p>\n\n\n\n<p><a href=\"\/cyfrowe-dzieci-zestawienie-bibliograficzne-w-wyborzez-za-lata-2010-2017\/\">Cyfrowe dzieci<\/a><\/p>\n\n\n\n<p><a href=\"\/diagnoza-pedagogiczna-zestawienie-bibliograficzne-w-wyborze-za-lata-1987-2011\/\">Diagnoza pedagogiczna<\/a> &#8211; DYDAKTYKA?<\/p>\n\n\n\n<p><a href=\"\/dyscyplina-szkolna-zestawienie-bibliograficzne-w-wyborze-za-lata-2008-2020\/\"><strong>Dyscyplina szkolna<\/strong><\/a><strong>&nbsp;&#8211; AKTUALIZACJA 17.03.2021<\/strong>  &#8212; DYDAKTYKA?<\/p>\n\n\n\n<p><a href=\"\/dziecko-z-cukrzyca-w-szkole-zestawienie-bibliograficzne-w-wyborze-za-lata-2010-2020\/\"><strong>Dziecko z cukrzyc\u0105 w szkole&nbsp;<\/strong><\/a><strong>&#8211; AKTUALIZACJA 19.03.2021<\/strong> &#8212; DYDAKTYKA?<\/p>\n\n\n\n<p><strong><a href=\"\/edukacja-dla-bezpieczenstwa-zestawienia-bibliograficzne-za-lata-2012-2021\/\">Edukacja dla bezpiecze\u0144stwa<\/a>&nbsp;&#8211; AKTUALIZACJA 26.04.2021<\/strong> &#8212; DYDAKTYKA?<\/p>\n\n\n\n<p><a href=\"\/edukacja-miedzykulturowa-zestawienie-bibliograficzne-w-wyborze-za-lata-2009-2015\/\">Edukacja mi\u0119dzykulturowa<\/a> &#8212; DYDAKTYKA?<\/p>\n\n\n\n<p><a href=\"\/edukacja-obywatelska-zestawienie-bibliograficzne-w-wyborze-za-lata-2001-2013\/\">Edukacja obywatelska<\/a> &#8212; DYDAKTYKA?<\/p>\n\n\n\n<p><a href=\"\/edukacja-regionalna-zestawienie-bibliogarficzne-w-wyborze-za-lata-2005-2015\/\">Edukacja regionalna<\/a> &#8212; DYDAKTYKA?<\/p>\n\n\n\n<p><a href=\"\/edukacja-wlaczajaca-uczniow-niepelnosprawnych-zestawienie-bibliograficzne-w-wyborze-za-lata-2006-2014\/\">Edukacja w\u0142\u0105czaj\u0105ca<\/a> &#8212; DYDAKTYKA?<\/p>\n\n\n\n<p><a href=\"http:\/\/www.bpsiedlce.pl\/strona\/81_zestawienia-bibliograficzne\/1016_wychowanie-dydaktyka\/1149_edukacja-wlaczajaca\/\"><strong>Edukacja w\u0142\u0105czaj\u0105ca &#8211; Cz. 2<\/strong><\/a>&nbsp;<strong>&#8211; AKTUALIZACJA 15.10.2020<\/strong><\/p>\n\n\n\n<p><a href=\"\/edukacja-zdrowotna-i-promocja-zdrowia-bibliografia-w-wyborze-za-lata-2000-2011\/\">Edukacja zdrowotna i promocja zdrowia<\/a> &#8212; DYDAKTYKA?<\/p>\n\n\n\n<p><a href=\"http:\/\/www.bpsiedlce.pl\/strona\/81_zestawienia-bibliograficzne\/1016_wychowanie-dydaktyka\/1091_eksperymenty-przyrodnicze-dla-dzieci\/\">Eksperymenty przyrodnicze dla dzieci<\/a><\/p>\n\n\n\n<p><a href=\"\/e-learning-nauczanie-na-odleglosc-zestawienie-bibliograficzne-w-wyborze-za-lata-2004-2010\/\">E-learning &#8211; nauczanie na odleg\u0142o\u015b\u0107<\/a> &#8212; DYDAKTYKA?<\/p>\n\n\n\n<p><a href=\"\/glusi-i-niedoslyszacy-zestawienie-bibliogarficzne-w-wyborze-za-lata-1997-2020\/\" data-type=\"URL\"><strong>G\u0142usi i niedos\u0142ysz\u0105cy<\/strong><\/a>&nbsp;<strong>&#8211; NOWO\u015a\u0106 26.01.2021<\/strong><\/p>\n\n\n\n<p><a href=\"http:\/\/www.bpsiedlce.pl\/1\/strona\/81_zestawienia-bibliograficzne\/286_pedagogika-wychowanie\/597_gry-komputerowe-w-procesie-dydaktycznym\/\"><strong>Gry komputerowe w procesie dydaktycznym&nbsp;<\/strong><\/a><strong>&#8211; AKTUALIZACJA 04.05.2021<\/strong>  &#8212; DYDAKTYKA?<\/p>\n\n\n\n<p><a href=\"\/integracja-percepcyjno-motoryczna-zestawienie-bibliograficzne-w-wyborze-za-lata-2004-2017\/\">Integracja percepcyjno-motoryczna<\/a> &#8212; DYDAKTYKA?<\/p>\n\n\n\n<p><a href=\"\/jak-pomoc-uczniowi-osiagnac-sukces-edukacyjny-zestawienie-bibliograficzne-w-wyborze-za-lata-2004-2013\/\">Jak pom\u00f3c uczniowi osi\u0105gn\u0105\u0107 sukces edukacyjny<\/a> &#8212; DYDAKTYKA?<\/p>\n\n\n\n<p><strong><a href=\"http:\/\/www.bpsiedlce.pl\/strona\/81_zestawienia-bibliograficzne\/1016_wychowanie-dydaktyka\/1095_kodowanie-i-programowanie\/\">Kodowanie i programowanie<\/a>&nbsp;&#8211; AKTUALIZACJA 31.03.2021<\/strong><\/p>\n\n\n\n<p><a href=\"\/komunikacja-w-szkole-zestawienie-bibliograficzne-w-wyborze-za-lata-2015-2021\/\"><strong>Komunikacja w szkole<\/strong><\/a><strong>&nbsp;&#8211; AKTUALIZACJA 23.04.2021<\/strong> &#8212; Dydaktyka?<\/p>\n\n\n\n<p><a href=\"\/konflikt-szkolny-zestawienie-bibliograficzne-w-wyborze-za-lata-2006-2016\/\">Konflikt szkolny<\/a> &#8212; Dydaktyka?<\/p>\n\n\n\n<p><a href=\"\/ksztalcenie-integracyjne-zestawienie-bibliograficzne-w-wyborze-za-lata-2009-2015\/\">Kszta\u0142cenie integracyjne<\/a> &#8212; Dydaktyka?<\/p>\n\n\n\n<p><a href=\"\/logopedia-zestawienie-bibliograficzne-w-wyborze-za-lata-1961-2014\/\">Logopedia<\/a> &#8212; Dydaktyka?<\/p>\n\n\n\n<p><a href=\"http:\/\/www.bpsiedlce.pl\/strona\/81_zestawienia-bibliograficzne\/1016_wychowanie-dydaktyka\/1150_mediacje\/\"><strong>Mediacje &#8211; metoda rozwi\u0105zywania konflikt\u00f3w<\/strong><\/a>&nbsp;<strong>&#8211; NOWO\u015a\u0106 15.09.2020<\/strong><\/p>\n\n\n\n<p><strong><a href=\"http:\/\/www.bpsiedlce.pl\/1\/strona\/81_zestawienia-bibliograficzne\/286_pedagogika-wychowanie\/423_projekt-jako-metoda-nauczania\/\">Metoda projekt\u00f3w w edukacji&nbsp;<\/a>&#8211; AKTUALIZACJA 11.03.2021<\/strong><\/p>\n\n\n\n<p><a href=\"\/motywacja-uczenia-sie-zestawienie-bibliograficzne-w-wyborze-za-lata-2015-2021\/\"><strong>Motywacja uczenia si\u0119&nbsp;<\/strong><\/a><strong>&#8211;&nbsp;AKTUALIZACJA 15.04.2021<\/strong>  &#8212; Dydaktyka?<\/p>\n\n\n\n<p><a href=\"http:\/\/www.bpsiedlce.pl\/1\/strona\/81_zestawienia-bibliograficzne\/286_pedagogika-wychowanie\/261_nagroda-i-kara-w-wychowaniu\/\"><strong>Nagroda i kara w wychowaniu<\/strong><\/a><strong>&nbsp;&#8211; AKTUALIZACJA 22.04.2021<\/strong> &#8212; Dydaktyka?<\/p>\n\n\n\n<p><a href=\"\/nauczyciel-wspoltworca-sukcesu-ucznia-zestawienia-bibliograficzne-za-lata-1985-2011\/\">Nauczyciel &#8211; wsp\u00f3\u0142tw\u00f3rca sukcesu ucznia<\/a>  &#8212; Dydaktyka?<\/p>\n\n\n\n<p><a href=\"\/neurodydaktyka-zestawienie-bibliograficzne-w-wyborze-za-lata-2002-2020\/\"><strong>Neurodydaktyka&nbsp;<\/strong><\/a><strong>&#8211; AKTUALIZACJA 31.03.2021<\/strong>  &#8211; Dydaktyka?<\/p>\n\n\n\n<p><a href=\"\/poradnictwo-psychologiczno-pedagogiczne-zestawienia-bibliograficzne-w-wyborze-za-lata-1971-2011\/\">Poradnictwo psychologiczno-pedagogiczne<\/a> &#8212; Dydaktyka?<\/p>\n\n\n\n<p><a href=\"\/poradnictwo-zawodowe-zestawienie-bibliograficzne-w-wyborze-za-lata-2009-2018\/\">Poradnictwo zawodowe<\/a><\/p>\n\n\n\n<p><a href=\"\/postawy-rodzicielskie-i-ich-wplyw-na-osobowosc-dziecka-zestawienie-bibliograficzne-w-wyborze-za-lata-1996-2020\/\"><strong>Postawy rodzicielskie i ich wp\u0142yw na osobowo\u015b\u0107 dziecka<\/strong><\/a>&nbsp;<strong>&#8211; NOWO\u015a\u0106 15.01.2021<\/strong><\/p>\n\n\n\n<p><a href=\"\/praca-domowa-ucznia-zestawienie-bibliograficzne-w-wyborze-za-lata-2003-2018\/\">Praca domowa ucznia<\/a>  &#8212; Dydaktyka?<\/p>\n\n\n\n<p><a href=\"\/prawa-dziecka-ucznia-uzupelnienie-do-prawa-dziecka-do-wychowania-w-pokoju-zestawienie-bibliograficzne-w-wyborze-za-lata-2000-2018\/\">Prawa dziecka \/ ucznia (uzupe\u0142nienie do: Prawa dziecka do wychowaniu w pokoju)<\/a> &#8212; Dydaktyka?<\/p>\n\n\n\n<p><a href=\"\/prawa-dziecka-do-wychowania-w-pokoju-zestawienie-bibliograficzne-w-wyborze-za-lata-1958-2010\/\">Prawa dziecka do wychowania w pokoju<\/a> &#8211; Dydaktyka?<\/p>\n\n\n\n<p><a href=\"\/przemoc-i-agresja-w-szkole-profilaktyka-zestawienie-bibliograficzne-w-wyborze-za-lata-2004-2014\/\">Przemoc i agresja w szkole &#8211; profilaktyka<\/a> &#8211; Dydaktyka?<\/p>\n\n\n\n<p><a href=\"http:\/\/www.bpsiedlce.pl\/1\/strona\/81_zestawienia-bibliograficzne\/1016_wychowanie-dydaktyka\/1020_relacje-miedzypokoleniowe\/\">Relacje mi\u0119dzypokoleniowe<\/a><\/p>\n\n\n\n<p><a href=\"\/relacje-rowiesnicze-zestawienie-bibliograficzne-w-wyborze-za-lata-2006-2016\/\/\">Relacje r\u00f3wie\u015bnicze<\/a>  &#8211; Dydaktyka?<\/p>\n\n\n\n<p><a href=\"\/rodzice-a-dziecko-niepelnosprawne-zestawienie-bibliograficzne-w-wyborze-za-lata-2002-2019\/\"><strong>Rodzice a dziecko niepe\u0142nosprawne&nbsp;<\/strong><\/a><strong>&#8211;&nbsp;AKTUALIZACJA 15.04.2021<\/strong>  &#8211; Dydaktyka?<\/p>\n\n\n\n<p><a href=\"\/rola-bajki-i-basni-w-wychowaniu-zestawienie-bibliograficzne-w-wyborze-za-lata-1978-2016\/\">Rola bajki i ba\u015bni w wychowaniu<\/a> &#8211; Dydaktyka?<\/p>\n\n\n\n<p><a href=\"\/specjalne-potrzeby-edukacyjne-zestawienie-bibliograficzne-w-wyborze-za-lata-2008-2014\/\">Specjalne potrzeby edukacyjne<\/a> &#8211; Dydaktyka?<\/p>\n\n\n\n<p><a href=\"\/szkolne-poradnictwo-edukacyjno-zawodowe-zestawienie-bibliograficzne-w-wyborze-za-lata-2005-2015\/\"><\/a><a href=\"\/szkolne-poradnictwo-edukacyjno-zawodowe-zestawienie-bibliograficzne-w-wyborze-za-lata-2005-2015\/\">Szkolne poradnictwo edukacyjno-zawodowe<\/a> &#8211; Dydaktyka?<\/p>\n\n\n\n<p><a href=\"\/techniki-uczenia-sie-i-metody-motywujace-do-nauki-zestawienie-bibliograficzne-w-wyborze-za-lata-2013-2021\/\"><strong>Techniki uczenia si\u0119 i metody motywuj\u0105ce do nauki<\/strong><\/a><strong>&nbsp;&#8211; AKTUALIZACJA 08.03.2021<\/strong> &#8211; Dydaktyka?<\/p>\n\n\n\n<p><strong><a href=\"\/terapia-pedagogiczna-zestawienie-bibliograficzne-w-wyborze-za-lata-2009-2020\/\">Terapia pedagogiczna&nbsp;<\/a>&#8211; AKTUALIZACJA 05.05.2021<\/strong> &#8211; Dydaktyka?<\/p>\n\n\n\n<p><a href=\"\/trudna-klasa-jak-przetrwac-wyjsc-z-twarza-i-nie-zwariowac-zestawienie-bibliograficzne-w-wyborze-za-lata-1997-2015\/\">Trudna klasa<\/a> &#8211; Dydaktyka?<\/p>\n\n\n\n<p><a href=\"\/tutoring-w-edukacji-zestawienie-bibliograficzne-w-wyborze-za-lata-2005-2020\/\">Tutoring w edukacji&nbsp;<\/a>&#8211;&nbsp;<strong>NOWO\u015a\u0106 02.11.2020<\/strong><\/p>\n\n\n\n<p><a href=\"http:\/\/www.bpsiedlce.pl\/1\/strona\/81_zestawienia-bibliograficzne\/286_pedagogika-wychowanie\/884_trudna-klasa\/\"><\/a><a href=\"\/uczen-cudzoziemiec-w-polskiej-szkole-zestawienie-bibliograficzne-w-wyborze-za-lata-2006-2019\/\/\">Ucze\u0144-cudzoziemiec w polskiej szkole<\/a><\/p>\n\n\n\n<p><a href=\"http:\/\/www.bpsiedlce.pl\/strona\/81_zestawienia-bibliograficzne\/1016_wychowanie-dydaktyka\/1181_uczen-zdolny\/\"><strong>Ucze\u0144<\/strong> <strong>zdolny<\/strong><\/a><strong>&nbsp;&#8211; AKTUALIZACJA 12.02.20201<\/strong><\/p>\n\n\n\n<p><a href=\"\/wolontariat-zestawienie-bibliograficzne-w-wyborze-za-lata-2009-2020\/\">Wolontariat<\/a>&nbsp; &#8211;&nbsp;<strong>AKTUALIZACJA 04.12.2020<\/strong><\/p>\n\n\n\n<p><a href=\"\/wychowanie-do-wartosci-autorytety-w-wychowaniu-odpowiedzialnosc-w-wychowaniu-zestawienie-bibliograficzne-w-wyborze-za-lata-2008-2016\/\">Wychowanie do warto\u015bci &#8211; Cz. 1<\/a> &#8211; Dydaktyka?<\/p>\n\n\n\n<p><strong><a href=\"\/wychowanie-do-wartosci-autorytet-w-wychowaniu-odpowiedzialnosc-w-wychowaniu-zestawienie-bibliograficzne-w-wyborze-za-lata-2016-2020\/\">Wychowanie do warto\u015bci &#8211; Cz. 2<\/a>&nbsp;&#8211; AKTUALIZACJA 02.02.2021<\/strong><\/p>\n\n\n\n<p><a href=\"\/wychowanie-estetyczne-zestawienie-bibliograficzne-w-wyborze-za-lata-1947-2014\/\">Wychowanie estetyczne<\/a> &#8211; Dydaktyka?<\/p>\n\n\n\n<p><a href=\"\/wychowanie-patriotyczne-wczoraj-i-dzis-bibliografia-w-wyborze-za-lata-1907-2013\/\/\">Wychowanie patriotyczne<\/a> &#8211; Dydaktyka?<\/p>\n\n\n\n<p><strong><a href=\"\/wychowawstwo-zestawienie-bibliograficzne-w-wyborze-za-lata-2010-2020\/\">Wychowawstwo<\/a>&nbsp;&#8211; AKTUALIZACJA 25.03.2021<\/strong>  &#8211; Dydaktyka?<\/p>\n\n\n\n<p><a href=\"\/zajecia-terenowe-w-edukacji-zestawienie-bibliograficzne-za-lata-2010-2020\/\"><strong>Zaj\u0119cia terenowe w edukacji<\/strong><\/a>&nbsp;<strong>&#8211; AKTUALIZACJA 19.03.2021<\/strong>  &#8211; Dydaktyka?<\/p>\n\n\n\n<p><a href=\"\/zastosowanie-technologii-informacyjnej-w-edukacji-zestawienie-bibliograficzne-w-wyborze-za-lata-2007-2013\/\">Zastosowanie technologii informacyjnej w edukacji &#8211; Cz. 1<\/a> &#8211; Dydaktyka?<\/p>\n\n\n\n<p><a href=\"\/zastosowanie-technologii-informacyjne-w-edukacji-zestawienie-bibliograficzne-w-wyborze-za-lata-2014-2019\/\">Zastosowanie technologii informacyjnej w edukacji &#8211; Cz. 2<\/a><\/p>\n\n\n\n<p><a href=\"\/zgrana-klasa-jak-skutecznie-budowac-zespol-klasowy-i-zarzadzac-nim-zestawienie-bibliograficzne-w-wyborze-za-lata-2005-2019\/\">Zgrana klasa<\/a><\/p>\n","protected":false},"excerpt":{"rendered":"<p>Bezpieczne dziecko&nbsp;&#8211; AKTUALIZACJA 26.03.2021 &#8211; DYDAKTYKA? Cyfrowe dzieci Diagnoza pedagogiczna &#8211; DYDAKTYKA? Dyscyplina szkolna&nbsp;&#8211; AKTUALIZACJA 17.03.2021 &#8212; DYDAKTYKA? Dziecko z [&hellip;]<\/p>\n","protected":false},"author":10,"featured_media":0,"parent":0,"menu_order":0,"comment_status":"closed","ping_status":"closed","template":"","meta":{"_acf_changed":false,"_oasis_is_in_workflow":0,"_oasis_original":0,"inline_featured_image":false,"site-sidebar-layout":"default","site-content-layout":"default","ast-site-content-layout":"default","site-content-style":"default","site-sidebar-style":"default","ast-global-header-display":"","ast-banner-title-visibility":"","ast-main-header-display":"","ast-hfb-above-header-display":"","ast-hfb-below-header-display":"","ast-hfb-mobile-header-display":"","site-post-title":"","ast-breadcrumbs-content":"","ast-featured-img":"","footer-sml-layout":"","ast-disable-related-posts":"","theme-transparent-header-meta":"default","adv-header-id-meta":"","stick-header-meta":"","header-above-stick-meta":"","header-main-stick-meta":"","header-below-stick-meta":"","astra-migrate-meta-layouts":"set","ast-page-background-enabled":"default","ast-page-background-meta":{"desktop":{"background-color":"","background-image":"","background-repeat":"repeat","background-position":"center center","background-size":"auto","background-attachment":"scroll","background-type":"","background-media":"","overlay-type":"","overlay-color":"","overlay-opacity":"","overlay-gradient":""},"tablet":{"background-color":"","background-image":"","background-repeat":"repeat","background-position":"center center","background-size":"auto","background-attachment":"scroll","background-type":"","background-media":"","overlay-type":"","overlay-color":"","overlay-opacity":"","overlay-gradient":""},"mobile":{"background-color":"","background-image":"","background-repeat":"repeat","background-position":"center center","background-size":"auto","background-attachment":"scroll","background-type":"","background-media":"","overlay-type":"","overlay-color":"","overlay-opacity":"","overlay-gradient":""}},"ast-content-background-meta":{"desktop":{"background-color":"var(--ast-global-color-5)","background-image":"","background-repeat":"repeat","background-position":"center center","background-size":"auto","background-attachment":"scroll","background-type":"","background-media":"","overlay-type":"","overlay-color":"","overlay-opacity":"","overlay-gradient":""},"tablet":{"background-color":"var(--ast-global-color-5)","background-image":"","background-repeat":"repeat","background-position":"center center","background-size":"auto","background-attachment":"scroll","background-type":"","background-media":"","overlay-type":"","overlay-color":"","overlay-opacity":"","overlay-gradient":""},"mobile":{"background-color":"var(--ast-global-color-5)","background-image":"","background-repeat":"repeat","background-position":"center center","background-size":"auto","background-attachment":"scroll","background-type":"","background-media":"","overlay-type":"","overlay-color":"","overlay-opacity":"","overlay-gradient":""}},"_themeisle_gutenberg_block_has_review":false,"footnotes":""},"class_list":["post-325384","page","type-page","status-publish","hentry"],"acf":[],"featured_image_urls_v2":{"full":"","thumbnail":"","medium":"","medium_large":"","large":"","1536x1536":"","2048x2048":"","menu-24x24":"","menu-36x36":"","menu-48x48":"","mailpoet_newsletter_max":""},"post_excerpt_stackable_v2":"<p>Bezpieczne dziecko&nbsp;&#8211; AKTUALIZACJA 26.03.2021 &#8211; DYDAKTYKA? Cyfrowe dzieci Diagnoza pedagogiczna &#8211; DYDAKTYKA? Dyscyplina szkolna&nbsp;&#8211; AKTUALIZACJA 17.03.2021 &#8212; DYDAKTYKA? Dziecko z cukrzyc\u0105 w szkole&nbsp;&#8211; AKTUALIZACJA 19.03.2021 &#8212; DYDAKTYKA? Edukacja dla bezpiecze\u0144stwa&nbsp;&#8211; AKTUALIZACJA 26.04.2021 &#8212; DYDAKTYKA? Edukacja mi\u0119dzykulturowa &#8212; DYDAKTYKA? Edukacja obywatelska &#8212; DYDAKTYKA? Edukacja regionalna &#8212; DYDAKTYKA? Edukacja w\u0142\u0105czaj\u0105ca &#8212; DYDAKTYKA? Edukacja w\u0142\u0105czaj\u0105ca &#8211; Cz. 2&nbsp;&#8211; AKTUALIZACJA 15.10.2020 Edukacja zdrowotna i promocja zdrowia &#8212; DYDAKTYKA? Eksperymenty przyrodnicze dla dzieci E-learning &#8211; nauczanie na odleg\u0142o\u015b\u0107 &#8212; DYDAKTYKA? G\u0142usi i niedos\u0142ysz\u0105cy&nbsp;&#8211; NOWO\u015a\u0106 26.01.2021 Gry komputerowe w procesie dydaktycznym&nbsp;&#8211; AKTUALIZACJA 04.05.2021 &#8212; DYDAKTYKA? Integracja percepcyjno-motoryczna &#8212; DYDAKTYKA? Jak pom\u00f3c uczniowi osi\u0105gn\u0105\u0107 sukces edukacyjny &#8212;&hellip;<\/p>\n","category_list_v2":"","author_info_v2":{"name":"bWdyemVnb3Jjenlr","url":"https:\/\/bpsiedlce.pl\/en\/author\/bwdyemvnb3jjenlr\/"},"comments_num_v2":"0 comments","_links":{"self":[{"href":"https:\/\/bpsiedlce.pl\/en\/wp-json\/wp\/v2\/pages\/325384","targetHints":{"allow":["GET"]}}],"collection":[{"href":"https:\/\/bpsiedlce.pl\/en\/wp-json\/wp\/v2\/pages"}],"about":[{"href":"https:\/\/bpsiedlce.pl\/en\/wp-json\/wp\/v2\/types\/page"}],"author":[{"embeddable":true,"href":"https:\/\/bpsiedlce.pl\/en\/wp-json\/wp\/v2\/users\/10"}],"replies":[{"embeddable":true,"href":"https:\/\/bpsiedlce.pl\/en\/wp-json\/wp\/v2\/comments?post=325384"}],"version-history":[{"count":3,"href":"https:\/\/bpsiedlce.pl\/en\/wp-json\/wp\/v2\/pages\/325384\/revisions"}],"predecessor-version":[{"id":325408,"href":"https:\/\/bpsiedlce.pl\/en\/wp-json\/wp\/v2\/pages\/325384\/revisions\/325408"}],"wp:attachment":[{"href":"https:\/\/bpsiedlce.pl\/en\/wp-json\/wp\/v2\/media?parent=325384"}],"curies":[{"name":"wp","href":"https:\/\/api.w.org\/{rel}","templated":true}]}}