{"id":325288,"date":"2021-07-14T14:29:28","date_gmt":"2021-07-14T12:29:28","guid":{"rendered":"https:\/\/bpsiedlce.pl\/?page_id=325288"},"modified":"2024-02-21T08:00:40","modified_gmt":"2024-02-21T07:00:40","slug":"zbiory-audiowizualne","status":"publish","type":"page","link":"https:\/\/bpsiedlce.pl\/en\/zbiory-audiowizualne\/","title":{"rendered":"Audiovisual collections"},"content":{"rendered":"\n<p><strong>AKTUALIZOWANE NA BIE\u017b\u0104CO<\/strong><a href=\"\/zbiory-audiowizualne\/bajki-dla-dzieci\/\"><br><br>Bajki dla dzieci<\/a><\/p>\n\n\n\n<p><a href=\"\/zbiory-audiowizualne\/biologia-przyroda\/\">Biologia<\/a><\/p>\n\n\n\n<p><a href=\"\/zbiory-audiowizualne\/ekranizacja-lektur\/\">Ekranizacja lektur<\/a><\/p>\n\n\n\n<p><a href=\"\/zbiory-audiowizualne\/filmy\/\">Filmy<\/a><\/p>\n\n\n\n<p><a href=\"\/fizyka\/\">Fiz<\/a><a href=\"\/fizyka\/\" data-type=\"URL\" data-id=\"\/fizyka\/\">y<\/a><a href=\"\/zbiory-audiowizualne\/fizyka\/\">ka<\/a><\/p>\n\n\n\n<p><a href=\"\/zbiory-audiowizualne\/geografia\/\">Geografia<\/a><\/p>\n\n\n\n<p><a href=\"\/zbiory-audiowizualne\/godziny-wychowawcze\/\">Godziny wychowawcze<\/a><\/p>\n\n\n\n<p><a href=\"\/zbiory-audiowizualne\/historia\/\">Historia<\/a><\/p>\n\n\n\n<p><a href=\"\/zbiory-audiowizualne\/jezyk-polski\/\">J\u0119zyk polski<\/a><\/p>\n\n\n\n<p><a href=\"https:\/\/bpsiedlce.pl\/en\/archiwum-2017\/ksiazki-mowione-dla-doroslych-3\/\">Ksi\u0105\u017cki m\u00f3wione dla doros\u0142ych<\/a><\/p>\n\n\n\n<p><a href=\"https:\/\/bpsiedlce.pl\/en\/archiwum-2017\/ksiazki-mowione-dla-dzieci-i-mlodziezy-3\/\">Ksi\u0105\u017cki m\u00f3wione dla dzieci i m\u0142odzie\u017cy<\/a><\/p>\n\n\n\n<p><a href=\"\/zbiory-audiowizualne\/nauczanie-poczatkowe\/\">Nauczanie pocz\u0105tkowe<\/a><\/p>\n\n\n\n<p><a href=\"\/zbiory-audiowizualne\/religia\/\">Religia<\/a><\/p>\n\n\n\n<p><a href=\"\/zbiory-audiowizualne\/szkolnictwo-zawodowe\/\">Szkolnictwo zawodowe<\/a><\/p>\n\n\n\n<p><a href=\"\/zbiory-audiowizualne\/teatr-telewizji\/\">Teatr telewizji<\/a><\/p>\n\n\n\n<p><a href=\"\/zbiory-audiowizualne\/wychowanie-do-zycia-w-rodzinie\/\">Wychowanie do \u017cycia w rodzinie<\/a><\/p>\n\n\n\n<p><a href=\"\/zbiory-audiowizualne\/wychowanie-przedszkolne\/\">Wychowanie przedszkolne<\/a><\/p>\n","protected":false},"excerpt":{"rendered":"<p>AKTUALIZOWANE NA BIE\u017b\u0104CO Bajki dla dzieci Biologia Ekranizacja lektur Filmy Fizyka Geografia Godziny wychowawcze Historia J\u0119zyk polski Ksi\u0105\u017cki m\u00f3wione dla [&hellip;]<\/p>\n","protected":false},"author":10,"featured_media":0,"parent":0,"menu_order":0,"comment_status":"closed","ping_status":"closed","template":"","meta":{"_acf_changed":false,"_oasis_is_in_workflow":0,"_oasis_original":0,"inline_featured_image":false,"site-sidebar-layout":"default","site-content-layout":"default","ast-site-content-layout":"default","site-content-style":"default","site-sidebar-style":"default","ast-global-header-display":"","ast-banner-title-visibility":"","ast-main-header-display":"","ast-hfb-above-header-display":"","ast-hfb-below-header-display":"","ast-hfb-mobile-header-display":"","site-post-title":"","ast-breadcrumbs-content":"","ast-featured-img":"","footer-sml-layout":"","ast-disable-related-posts":"","theme-transparent-header-meta":"default","adv-header-id-meta":"","stick-header-meta":"","header-above-stick-meta":"","header-main-stick-meta":"","header-below-stick-meta":"","astra-migrate-meta-layouts":"set","ast-page-background-enabled":"default","ast-page-background-meta":{"desktop":{"background-color":"","background-image":"","background-repeat":"repeat","background-position":"center center","background-size":"auto","background-attachment":"scroll","background-type":"","background-media":"","overlay-type":"","overlay-color":"","overlay-opacity":"","overlay-gradient":""},"tablet":{"background-color":"","background-image":"","background-repeat":"repeat","background-position":"center center","background-size":"auto","background-attachment":"scroll","background-type":"","background-media":"","overlay-type":"","overlay-color":"","overlay-opacity":"","overlay-gradient":""},"mobile":{"background-color":"","background-image":"","background-repeat":"repeat","background-position":"center center","background-size":"auto","background-attachment":"scroll","background-type":"","background-media":"","overlay-type":"","overlay-color":"","overlay-opacity":"","overlay-gradient":""}},"ast-content-background-meta":{"desktop":{"background-color":"var(--ast-global-color-5)","background-image":"","background-repeat":"repeat","background-position":"center center","background-size":"auto","background-attachment":"scroll","background-type":"","background-media":"","overlay-type":"","overlay-color":"","overlay-opacity":"","overlay-gradient":""},"tablet":{"background-color":"var(--ast-global-color-5)","background-image":"","background-repeat":"repeat","background-position":"center center","background-size":"auto","background-attachment":"scroll","background-type":"","background-media":"","overlay-type":"","overlay-color":"","overlay-opacity":"","overlay-gradient":""},"mobile":{"background-color":"var(--ast-global-color-5)","background-image":"","background-repeat":"repeat","background-position":"center center","background-size":"auto","background-attachment":"scroll","background-type":"","background-media":"","overlay-type":"","overlay-color":"","overlay-opacity":"","overlay-gradient":""}},"_themeisle_gutenberg_block_has_review":false,"footnotes":""},"class_list":["post-325288","page","type-page","status-publish","hentry"],"acf":[],"featured_image_urls_v2":{"full":"","thumbnail":"","medium":"","medium_large":"","large":"","1536x1536":"","2048x2048":"","menu-24x24":"","menu-36x36":"","menu-48x48":"","mailpoet_newsletter_max":""},"post_excerpt_stackable_v2":"<p>AKTUALIZOWANE NA BIE\u017b\u0104COBajki dla dzieci Biologia Ekranizacja lektur Filmy Fizyka Geografia Godziny wychowawcze Historia J\u0119zyk polski Ksi\u0105\u017cki m\u00f3wione dla doros\u0142ych Ksi\u0105\u017cki m\u00f3wione dla dzieci i m\u0142odzie\u017cy Nauczanie pocz\u0105tkowe Religia Szkolnictwo zawodowe Teatr telewizji Wychowanie do \u017cycia w rodzinie Wychowanie przedszkolne<\/p>\n","category_list_v2":"","author_info_v2":{"name":"bWdyemVnb3Jjenlr","url":"https:\/\/bpsiedlce.pl\/en\/author\/bwdyemvnb3jjenlr\/"},"comments_num_v2":"0 comments","_links":{"self":[{"href":"https:\/\/bpsiedlce.pl\/en\/wp-json\/wp\/v2\/pages\/325288","targetHints":{"allow":["GET"]}}],"collection":[{"href":"https:\/\/bpsiedlce.pl\/en\/wp-json\/wp\/v2\/pages"}],"about":[{"href":"https:\/\/bpsiedlce.pl\/en\/wp-json\/wp\/v2\/types\/page"}],"author":[{"embeddable":true,"href":"https:\/\/bpsiedlce.pl\/en\/wp-json\/wp\/v2\/users\/10"}],"replies":[{"embeddable":true,"href":"https:\/\/bpsiedlce.pl\/en\/wp-json\/wp\/v2\/comments?post=325288"}],"version-history":[{"count":2,"href":"https:\/\/bpsiedlce.pl\/en\/wp-json\/wp\/v2\/pages\/325288\/revisions"}],"predecessor-version":[{"id":325303,"href":"https:\/\/bpsiedlce.pl\/en\/wp-json\/wp\/v2\/pages\/325288\/revisions\/325303"}],"wp:attachment":[{"href":"https:\/\/bpsiedlce.pl\/en\/wp-json\/wp\/v2\/media?parent=325288"}],"curies":[{"name":"wp","href":"https:\/\/api.w.org\/{rel}","templated":true}]}}