{"id":325219,"date":"2021-07-07T09:28:00","date_gmt":"2021-07-07T07:28:00","guid":{"rendered":"https:\/\/bpsiedlce.pl\/?page_id=325219"},"modified":"2024-02-21T07:28:32","modified_gmt":"2024-02-21T06:28:32","slug":"zbiory-sprzed-1945-r","status":"publish","type":"page","link":"https:\/\/bpsiedlce.pl\/en\/zbiory-sprzed-1945-r\/","title":{"rendered":"Collecions before 1945."},"content":{"rendered":"\n<p>Szczeg\u00f3ln\u0105 warto\u015b\u0107 w ksi\u0119gozbiorze Biblioteki Pedagogicznej maj\u0105 ksi\u0105\u017cki wydane przed 1945 rokiem. S\u0105 one systematycznie uzupe\u0142niane w naszej bibliotece zakupami antykwarycznymi. Pierwszy egzemplarz zakupiony zosta\u0142 1952 r. Jest to Ustawodawstwo szkolne za czas\u00f3w Komisji Edukacji Narodowej: rozporz\u0105dzenia, ustawy pedagogiczne i organizacyjne (1773 &#8211; 1793) J\u00f3zefa Lewickiego. Ksi\u0105\u017cka zosta\u0142a wydana w 1925 roku w Krakowie przez wydawnictwo Arct M . Najstarsz\u0105 za\u015b pozycj\u0105 w tych zbiorach s\u0105 Kazania na niedziele y \u015bwi\u0119ta ca\u0142ego roku. T. 1, 2 \/W. X. Piotra Skargi. &#8211; Wyd. 6. &#8211; Wilno: Drukania J. K. Mci przy Akademij, 1793.<br>&nbsp;&nbsp; G\u0142\u00f3wnym celem gromadzenia zbior\u00f3w wydanych przed 1945 rokiem jest ochrona narodowego zasobu bibliotecznego oraz stworzenie \u017ar\u00f3d\u0142owego warsztatu do pracy badawczej i dydaktycznej. Tematyka zebranych pozycji dotyczy szczeg\u00f3lnie zagadnie\u0144 historii Polski i Europy, pedagogiki oraz bibliotekarstwa. Na stan fizyczny tych ksi\u0105\u017cek, poza up\u0142ywem czasu, oddzia\u0142ywa\u0142y wydarzenia historyczne. Dlatego te\u017c w pracowni introligatorskiej przywraca si\u0119 zniszczonym obiektom ich dawn\u0105 \u015bwietno\u015b\u0107.<br>&nbsp;&nbsp;&nbsp; Ze zbior\u00f3w tych mog\u0105 korzysta\u0107 wszyscy czytelnicy naszej plac\u00f3wki. Obecnie liczy on&nbsp;<strong>367 wolumin\u00f3w<\/strong>&nbsp;i jest przechowywany w Czytelni Biblioteki Pedagogicznej. Obejmuje wydania z lat 1793 &#8211; 1944 w\u0142\u0105cznie. Mimo wszystkich ogranicze\u0144 w okresie tym, wydawnictwa rozwija\u0142y stale swoj\u0105 dzia\u0142alno\u015b\u0107. Powsta\u0142y tak\u017ce wydawnictwa nowe. W\u015br\u00f3d spo\u0142ecznych instytucji edytorskich wa\u017cn\u0105 rol\u0119 odgrywa\u0142o Wydawnictwo Zak\u0142adu Narodowego im. Ossoli\u0144skich ze Lwowa oraz nowe, najwi\u0119ksze wydawnictwo literatury dla dzieci i m\u0142odzie\u017cy Nasza Ksi\u0119garnia, za\u0142o\u017cone w 1921 r. jako sp\u00f3\u0142ka akcyjna przez Zwi\u0105zek Nauczycielstwa Polskiego z Warszawy.<br>&nbsp;&nbsp;&nbsp; W Warszawie licz\u0105c\u0105 si\u0119 pozycj\u0119 zajmowa\u0142a stara firma Arct\u00f3w, ale i nowsze &#8211; jak Trzaska, Ewert i Michalski czy Jakub Mortkowicz. Ruchliwa firma Mariana Kistera i Melchiora Wa\u0144kowicza R\u00f3j wydawa\u0142a m.in. rzadkie w\u00f3wczas t\u0142umaczenia z literatury radzieckiej i innych ma\u0142o znanych kr\u0119g\u00f3w narodowo\u015bciowych. By\u0142y te\u017c w Warszawie lewicowe firmy wydawnicze, jak np. Wiedza czy Ksi\u0105\u017cka. W Poznaniu dzia\u0142a\u0142a katolicka Ksi\u0119garnia \u015aw. Wojciecha i Rudolf Wegnera. We Lwowie dzia\u0142a\u0142 Alfred Altenberg, specjalizuj\u0105cy si\u0119 szczeg\u00f3lnie w wydawnictwach artystycznych oraz Ksi\u0105\u017cnica &#8211; Atlas, znana z licznych i bardzo dobrych publikacji kartograficznych &#8211; podr\u0119cznikowych i dydaktycznych.<\/p>\n\n\n\n<p>Zbiory Biblioteki Pedagogicznej to niewielka cz\u0119\u015b\u0107 maj\u0105tku narodowego, mimo to pragniemy je Pa\u0144stwu zaprezentowa\u0107.<\/p>\n\n\n\n<div class=\"wp-block-file\"><a id=\"wp-block-file--media-bd53977b-dd42-45ee-a92e-21b1c45f47ff\" href=\"https:\/\/siedlce.t-mbp.pl\/wp-content\/uploads\/sites\/5\/2021\/07\/zbiory-sprzed-1945.pdf\" target=\"_blank\" rel=\"noopener\"><strong>Wykaz publikacji<\/strong><\/a><\/div>\n","protected":false},"excerpt":{"rendered":"<p>Szczeg\u00f3ln\u0105 warto\u015b\u0107 w ksi\u0119gozbiorze Biblioteki Pedagogicznej maj\u0105 ksi\u0105\u017cki wydane przed 1945 rokiem. S\u0105 one systematycznie uzupe\u0142niane w naszej bibliotece zakupami [&hellip;]<\/p>\n","protected":false},"author":89,"featured_media":0,"parent":0,"menu_order":0,"comment_status":"closed","ping_status":"closed","template":"","meta":{"_acf_changed":false,"_oasis_is_in_workflow":0,"_oasis_original":0,"inline_featured_image":false,"site-sidebar-layout":"default","site-content-layout":"","ast-site-content-layout":"default","site-content-style":"default","site-sidebar-style":"default","ast-global-header-display":"","ast-banner-title-visibility":"","ast-main-header-display":"","ast-hfb-above-header-display":"","ast-hfb-below-header-display":"","ast-hfb-mobile-header-display":"","site-post-title":"","ast-breadcrumbs-content":"","ast-featured-img":"","footer-sml-layout":"","ast-disable-related-posts":"","theme-transparent-header-meta":"","adv-header-id-meta":"","stick-header-meta":"","header-above-stick-meta":"","header-main-stick-meta":"","header-below-stick-meta":"","astra-migrate-meta-layouts":"set","ast-page-background-enabled":"default","ast-page-background-meta":{"desktop":{"background-color":"","background-image":"","background-repeat":"repeat","background-position":"center center","background-size":"auto","background-attachment":"scroll","background-type":"","background-media":"","overlay-type":"","overlay-color":"","overlay-opacity":"","overlay-gradient":""},"tablet":{"background-color":"","background-image":"","background-repeat":"repeat","background-position":"center center","background-size":"auto","background-attachment":"scroll","background-type":"","background-media":"","overlay-type":"","overlay-color":"","overlay-opacity":"","overlay-gradient":""},"mobile":{"background-color":"","background-image":"","background-repeat":"repeat","background-position":"center center","background-size":"auto","background-attachment":"scroll","background-type":"","background-media":"","overlay-type":"","overlay-color":"","overlay-opacity":"","overlay-gradient":""}},"ast-content-background-meta":{"desktop":{"background-color":"var(--ast-global-color-5)","background-image":"","background-repeat":"repeat","background-position":"center center","background-size":"auto","background-attachment":"scroll","background-type":"","background-media":"","overlay-type":"","overlay-color":"","overlay-opacity":"","overlay-gradient":""},"tablet":{"background-color":"var(--ast-global-color-5)","background-image":"","background-repeat":"repeat","background-position":"center center","background-size":"auto","background-attachment":"scroll","background-type":"","background-media":"","overlay-type":"","overlay-color":"","overlay-opacity":"","overlay-gradient":""},"mobile":{"background-color":"var(--ast-global-color-5)","background-image":"","background-repeat":"repeat","background-position":"center center","background-size":"auto","background-attachment":"scroll","background-type":"","background-media":"","overlay-type":"","overlay-color":"","overlay-opacity":"","overlay-gradient":""}},"_themeisle_gutenberg_block_has_review":false,"footnotes":""},"class_list":["post-325219","page","type-page","status-publish","hentry"],"acf":[],"featured_image_urls_v2":{"full":"","thumbnail":"","medium":"","medium_large":"","large":"","1536x1536":"","2048x2048":"","menu-24x24":"","menu-36x36":"","menu-48x48":"","mailpoet_newsletter_max":""},"post_excerpt_stackable_v2":"<p>Szczeg\u00f3ln\u0105 warto\u015b\u0107 w ksi\u0119gozbiorze Biblioteki Pedagogicznej maj\u0105 ksi\u0105\u017cki wydane przed 1945 rokiem. S\u0105 one systematycznie uzupe\u0142niane w naszej bibliotece zakupami antykwarycznymi. Pierwszy egzemplarz zakupiony zosta\u0142 1952 r. Jest to Ustawodawstwo szkolne za czas\u00f3w Komisji Edukacji Narodowej: rozporz\u0105dzenia, ustawy pedagogiczne i organizacyjne (1773 &#8211; 1793) J\u00f3zefa Lewickiego. Ksi\u0105\u017cka zosta\u0142a wydana w 1925 roku w Krakowie przez wydawnictwo Arct M . Najstarsz\u0105 za\u015b pozycj\u0105 w tych zbiorach s\u0105 Kazania na niedziele y \u015bwi\u0119ta ca\u0142ego roku. T. 1, 2 \/W. X. Piotra Skargi. &#8211; Wyd. 6. &#8211; Wilno: Drukania J. K. Mci przy Akademij, 1793.&nbsp;&nbsp; G\u0142\u00f3wnym celem gromadzenia zbior\u00f3w wydanych przed 1945 rokiem&hellip;<\/p>\n","category_list_v2":"","author_info_v2":{"name":"dstolarek","url":"https:\/\/bpsiedlce.pl\/en\/author\/dstolarek\/"},"comments_num_v2":"0 comments","_links":{"self":[{"href":"https:\/\/bpsiedlce.pl\/en\/wp-json\/wp\/v2\/pages\/325219","targetHints":{"allow":["GET"]}}],"collection":[{"href":"https:\/\/bpsiedlce.pl\/en\/wp-json\/wp\/v2\/pages"}],"about":[{"href":"https:\/\/bpsiedlce.pl\/en\/wp-json\/wp\/v2\/types\/page"}],"author":[{"embeddable":true,"href":"https:\/\/bpsiedlce.pl\/en\/wp-json\/wp\/v2\/users\/89"}],"replies":[{"embeddable":true,"href":"https:\/\/bpsiedlce.pl\/en\/wp-json\/wp\/v2\/comments?post=325219"}],"version-history":[{"count":4,"href":"https:\/\/bpsiedlce.pl\/en\/wp-json\/wp\/v2\/pages\/325219\/revisions"}],"predecessor-version":[{"id":325264,"href":"https:\/\/bpsiedlce.pl\/en\/wp-json\/wp\/v2\/pages\/325219\/revisions\/325264"}],"wp:attachment":[{"href":"https:\/\/bpsiedlce.pl\/en\/wp-json\/wp\/v2\/media?parent=325219"}],"curies":[{"name":"wp","href":"https:\/\/api.w.org\/{rel}","templated":true}]}}