{"id":325054,"date":"2024-02-21T06:42:58","date_gmt":"2024-02-21T05:42:58","guid":{"rendered":"https:\/\/bpsiedlce.pl\/zestawienia-bibliograficzne-opis-2\/"},"modified":"2024-02-21T06:44:03","modified_gmt":"2024-02-21T05:44:03","slug":"zestawienia-bibliograficzne-opis-2","status":"publish","type":"page","link":"https:\/\/bpsiedlce.pl\/en\/zestawienia-bibliograficzne-opis-2\/","title":{"rendered":"Bibliographic lists \u2013 description"},"content":{"rendered":"\n<p>Na \u017cyczenie czytelnik\u00f3w opracowujemy zestawienia bibliograficzne w oparciu o zbiory naszej biblioteki. Zestawienia mo\u017cna zamawia\u0107 w&nbsp;<strong>Wydziale Informacyjno-Bibliograficznym<\/strong>:<br>&#8211;&nbsp;osobi\u015bcie<br>&#8211;&nbsp;telefonicznie &#8211; 25644 17 16 wew. 224<br>&#8211;&nbsp;za po\u015brednictwem poczty elektronicznej&nbsp;<a href=\"mailto:czytelnia@pbsiedlce.pl\">czytelnia@pbsiedlce.pl<\/a> <br>&#8211; za po\u015brednictwem formularza zam\u00f3wie\u0144 <\/p>\n\n\n\n<p><\/p>\n\n\n\n<p>Osoba zamawiaj\u0105ca zestawienie powinna sprecyzowa\u0107:<br>&#8211;&nbsp;temat zestawienia (w miar\u0119 mo\u017cliwo\u015bci spos\u00f3b jego uj\u0119cia)<br>&#8211;&nbsp;zakres chronologiczny wydawnictw (np. wydawnictwa za lata 2010-2020)<br>&#8211; rodzaj wydawnictw (ksi\u0105\u017cki, czasopisma)<br>&#8211;&nbsp;termin wykonania (do uzgodnienia)<br>&#8211;&nbsp;dane zamawiaj\u0105cego (imi\u0119 i nazwisko, nr tel., e-mail)<\/p>\n\n\n\n<div class=\"wp-block-buttons is-layout-flex wp-block-buttons-is-layout-flex\">\n<div class=\"wp-block-button has-custom-width wp-block-button__width-100 is-style-outline is-style-outline--1\"><a class=\"wp-block-button__link has-ast-global-color-6-color has-vivid-red-background-color has-text-color has-background wp-element-button\" href=\"https:\/\/siedlce.t-mbp.pl\/mbpeuslugi\/zestawienia\" style=\"border-radius:54px\" target=\"_blank\" rel=\"noreferrer noopener\">zam\u00f3w on-line<\/a><\/div>\n<\/div>\n\n\n\n<p><\/p>\n","protected":false},"excerpt":{"rendered":"<p>Na \u017cyczenie czytelnik\u00f3w opracowujemy zestawienia bibliograficzne w oparciu o zbiory naszej biblioteki. Zestawienia mo\u017cna zamawia\u0107 w&nbsp;Wydziale Informacyjno-Bibliograficznym:&#8211;&nbsp;osobi\u015bcie&#8211;&nbsp;telefonicznie &#8211; 25644 17 [&hellip;]<\/p>\n","protected":false},"author":89,"featured_media":0,"parent":0,"menu_order":0,"comment_status":"closed","ping_status":"closed","template":"","meta":{"_acf_changed":false,"_oasis_is_in_workflow":0,"_oasis_original":0,"inline_featured_image":false,"site-sidebar-layout":"default","site-content-layout":"","ast-site-content-layout":"default","site-content-style":"default","site-sidebar-style":"default","ast-global-header-display":"","ast-banner-title-visibility":"","ast-main-header-display":"","ast-hfb-above-header-display":"","ast-hfb-below-header-display":"","ast-hfb-mobile-header-display":"","site-post-title":"","ast-breadcrumbs-content":"","ast-featured-img":"","footer-sml-layout":"","ast-disable-related-posts":"","theme-transparent-header-meta":"","adv-header-id-meta":"","stick-header-meta":"","header-above-stick-meta":"","header-main-stick-meta":"","header-below-stick-meta":"","astra-migrate-meta-layouts":"set","ast-page-background-enabled":"default","ast-page-background-meta":{"desktop":{"background-color":"","background-image":"","background-repeat":"repeat","background-position":"center center","background-size":"auto","background-attachment":"scroll","background-type":"","background-media":"","overlay-type":"","overlay-color":"","overlay-opacity":"","overlay-gradient":""},"tablet":{"background-color":"","background-image":"","background-repeat":"repeat","background-position":"center center","background-size":"auto","background-attachment":"scroll","background-type":"","background-media":"","overlay-type":"","overlay-color":"","overlay-opacity":"","overlay-gradient":""},"mobile":{"background-color":"","background-image":"","background-repeat":"repeat","background-position":"center center","background-size":"auto","background-attachment":"scroll","background-type":"","background-media":"","overlay-type":"","overlay-color":"","overlay-opacity":"","overlay-gradient":""}},"ast-content-background-meta":{"desktop":{"background-color":"var(--ast-global-color-5)","background-image":"","background-repeat":"repeat","background-position":"center center","background-size":"auto","background-attachment":"scroll","background-type":"","background-media":"","overlay-type":"","overlay-color":"","overlay-opacity":"","overlay-gradient":""},"tablet":{"background-color":"var(--ast-global-color-5)","background-image":"","background-repeat":"repeat","background-position":"center center","background-size":"auto","background-attachment":"scroll","background-type":"","background-media":"","overlay-type":"","overlay-color":"","overlay-opacity":"","overlay-gradient":""},"mobile":{"background-color":"var(--ast-global-color-5)","background-image":"","background-repeat":"repeat","background-position":"center center","background-size":"auto","background-attachment":"scroll","background-type":"","background-media":"","overlay-type":"","overlay-color":"","overlay-opacity":"","overlay-gradient":""}},"_themeisle_gutenberg_block_has_review":false,"footnotes":""},"class_list":["post-325054","page","type-page","status-publish","hentry"],"acf":[],"featured_image_urls_v2":{"full":"","thumbnail":"","medium":"","medium_large":"","large":"","1536x1536":"","2048x2048":"","menu-24x24":"","menu-36x36":"","menu-48x48":"","mailpoet_newsletter_max":""},"post_excerpt_stackable_v2":"<p>Na \u017cyczenie czytelnik\u00f3w opracowujemy zestawienia bibliograficzne w oparciu o zbiory naszej biblioteki. Zestawienia mo\u017cna zamawia\u0107 w&nbsp;Wydziale Informacyjno-Bibliograficznym:&#8211;&nbsp;osobi\u015bcie&#8211;&nbsp;telefonicznie &#8211; 25644 17 16 wew. 224&#8211;&nbsp;za po\u015brednictwem poczty elektronicznej&nbsp;czytelnia@pbsiedlce.pl &#8211; za po\u015brednictwem formularza zam\u00f3wie\u0144 Osoba zamawiaj\u0105ca zestawienie powinna sprecyzowa\u0107:&#8211;&nbsp;temat zestawienia (w miar\u0119 mo\u017cliwo\u015bci spos\u00f3b jego uj\u0119cia)&#8211;&nbsp;zakres chronologiczny wydawnictw (np. wydawnictwa za lata 2010-2020)&#8211; rodzaj wydawnictw (ksi\u0105\u017cki, czasopisma)&#8211;&nbsp;termin wykonania (do uzgodnienia)&#8211;&nbsp;dane zamawiaj\u0105cego (imi\u0119 i nazwisko, nr tel., e-mail) zam\u00f3w on-line<\/p>\n","category_list_v2":"","author_info_v2":{"name":"dstolarek","url":"https:\/\/bpsiedlce.pl\/en\/author\/dstolarek\/"},"comments_num_v2":"0 comments","_links":{"self":[{"href":"https:\/\/bpsiedlce.pl\/en\/wp-json\/wp\/v2\/pages\/325054","targetHints":{"allow":["GET"]}}],"collection":[{"href":"https:\/\/bpsiedlce.pl\/en\/wp-json\/wp\/v2\/pages"}],"about":[{"href":"https:\/\/bpsiedlce.pl\/en\/wp-json\/wp\/v2\/types\/page"}],"author":[{"embeddable":true,"href":"https:\/\/bpsiedlce.pl\/en\/wp-json\/wp\/v2\/users\/89"}],"replies":[{"embeddable":true,"href":"https:\/\/bpsiedlce.pl\/en\/wp-json\/wp\/v2\/comments?post=325054"}],"version-history":[{"count":2,"href":"https:\/\/bpsiedlce.pl\/en\/wp-json\/wp\/v2\/pages\/325054\/revisions"}],"predecessor-version":[{"id":325069,"href":"https:\/\/bpsiedlce.pl\/en\/wp-json\/wp\/v2\/pages\/325054\/revisions\/325069"}],"wp:attachment":[{"href":"https:\/\/bpsiedlce.pl\/en\/wp-json\/wp\/v2\/media?parent=325054"}],"curies":[{"name":"wp","href":"https:\/\/api.w.org\/{rel}","templated":true}]}}