{"id":324553,"date":"2021-07-21T15:45:46","date_gmt":"2021-07-21T13:45:46","guid":{"rendered":"https:\/\/bpsiedlce.pl\/czasopisma-dotyczace-bibliotek-i-bibliotekarstwa-dostepne-w-czytelni-2\/"},"modified":"2024-02-20T17:16:38","modified_gmt":"2024-02-20T16:16:38","slug":"czasopisma-dotyczace-bibliotek-i-bibliotekarstwa-dostepne-w-czytelni","status":"publish","type":"page","link":"https:\/\/bpsiedlce.pl\/en\/czasopisma-dotyczace-bibliotek-i-bibliotekarstwa-dostepne-w-czytelni\/","title":{"rendered":"Journals on libraries and librarianship available in the reading room"},"content":{"rendered":"\n<div class=\"wp-block-columns are-vertically-aligned-center is-layout-flex wp-container-core-columns-is-layout-28f84493 wp-block-columns-is-layout-flex\">\n<div class=\"wp-block-column is-vertically-aligned-center is-layout-flow wp-block-column-is-layout-flow\" style=\"flex-basis:25%\">\n<figure class=\"wp-block-image size-large\"><img decoding=\"async\" src=\"https:\/\/bpsiedlce.pl\/wp-content\/uploads\/sites\/5\/2021\/07\/Biblioteka-w-Szkole-6-2021.jpg\" alt=\"\" class=\"wp-image-2804\" \/><\/figure>\n<\/div>\n\n\n\n<div class=\"wp-block-column is-vertically-aligned-center is-layout-flow wp-block-column-is-layout-flow\" style=\"flex-basis:75%\">\n<p><strong><a href=\"http:\/\/opac.bpsiedlce.pl\/cgi-bin\/wspd_cgi.sh\/wo2_opbib.p?ID1=DKMIPJHMQMGNFDJL&amp;ID=9&amp;RODZAJ=2&amp;ln=pl\">Biblioteka w Szkole : czasopismo pracownik\u00f3w bibliotek o\u015bwiatowych \/ red. nacz. Juliusz Wasilewski. &#8211; Warszawa : Agencja &#8220;Sukurs&#8221;, 1991-<\/a><\/strong><\/p>\n\n\n\n<p><strong><strong>W ostatnim numerze 6\/2021<br><\/strong><\/strong>CZYTELNIK W BIBLIOTECE<br>&#8211; Paszport czytelniczy&nbsp;<br>&#8211; Mindfulness &#8211; nowa moda czy realne wsparcie? Nauczyciel i praktyka uwa\u017cno\u015bci<br>&#8211; Sprawdzone sposoby na pozyskanie ksi\u0105\u017cek do biblioteki szkolnej<br>&#8211; Antydepres-ARTY. Sztuka vs. depresja &#8211; projekt w bibliotece szkolnej<br>&#8211; Jak August\u00f3w remontowa\u0142 biblioteki szkolne? Historia ku pokrzepieniu serc<br>&#8211; Mapa bibliotecznych inicjatyw<br>WSZYSTKO O PODR\u0118CZNIKACH<br>&#8211; Zamawianie podr\u0119cznik\u00f3w<br>&#8211; Ewidencja podr\u0119cznik\u00f3w<br>&#8211; Udost\u0119pnianie i rozliczenia podr\u0119cznik\u00f3w<br>&#8211; Selekcja i ubytkowanie podr\u0119cznik\u00f3w<br>PRZEGL\u0104D KSI\u0104\u017bEK<br>&#8211; Jak budowa\u0107 relacje? 9 rekomendacji dla dzieci i m\u0142odzie\u017cy<br>DODATKI<br>&#8211; Plakat<br>&#8211; Paszport czytelniczy<\/p>\n<\/div>\n<\/div>\n\n\n\n<div class=\"wp-block-columns is-layout-flex wp-container-core-columns-is-layout-28f84493 wp-block-columns-is-layout-flex\">\n<div class=\"wp-block-column is-vertically-aligned-center is-layout-flow wp-block-column-is-layout-flow\" style=\"flex-basis:25%\">\n<figure class=\"wp-block-image size-large\"><img decoding=\"async\" src=\"https:\/\/bpsiedlce.pl\/wp-content\/uploads\/sites\/5\/2021\/07\/Bibliotekarz-6-2021.jpg\" alt=\"\" class=\"wp-image-2817\" \/><\/figure>\n<\/div>\n\n\n\n<div class=\"wp-block-column is-layout-flow wp-block-column-is-layout-flow\" style=\"flex-basis:75%\">\n<p><a rel=\"noreferrer noopener\" href=\"http:\/\/opac.bpsiedlce.pl\/cgi-bin\/wspd_cgi.sh\/wo_ropis.p?IDRek=0842000398075%20%\" target=\"_blank\"><strong>Biotekarz : czasopismo po\u015bwi\u0119cone sprawom bibliotek i czytelnictwa \/ Stowarzyszenie Bibliotekarzy Polskich. &#8211; Warszawa : SBP : Biblioteka Publiczna m. st. Warszawy, 1957-<\/strong><\/a><\/p>\n\n\n\n<p><strong>W ostatnim numerze 6\/2021<\/strong><br>ARTYKU\u0141Y<br>&#8211; Rozbudowa Biblioteki na Koszykowej<br>&#8211; Zosta\u0144 w domu. Kilka refleksji z czasu pandemii<br>&#8211; O poszukiwaniu skarb\u00f3w, czyli uzupe\u0142nienie zbior\u00f3w Biblioteki Narodowej<br>&#8211; Biblioteki (bez) przysz\u0142o\u015bci?<br>Z BIBLIOTEK<br>&#8211; Czytelnia &#8211; tylko korzysta\u0107!<br>WYWIADY<br>&#8211; Rozmowa z El\u017cbiet\u0105 Kamp\u0105, dyrektork\u0105 Miejskiej Biblioteki Publicznej im. Jana Paw\u0142a II w Opolu<br>PRZEGL\u0104D PI\u015aMIENNICTWA<br>&#8211; Mobilna biblioteka<br>PRAWO BIBLIOTECZNE<br>&#8211; Rozpowszechnianie wizerunku przez biblioteki (przegl\u0105d orzecznictw)<br>OCHRONA DANYCH OSOBOWYCH W PRACY BIBLIOTEKARZA. DO\u015aWIADCZENIA I PRAKTYKA<br>&#8211; B\u0142\u0119dy pope\u0142niane przy organizowaniu szkole\u0144 i zaj\u0119\u0107 online<br>Z \u017bA\u0141OBNEJ KARTY<br>&#8211; Izabela Pisula<br>Z \u017bYCIA SBP<br>&#8211; Posiedzenie ZG SBP<br>&#8211; Laureaci nagrody Naukowej SBP im. Adama \u0141ysakowskiego za rok 2020<br>&#8211; Bibliotekarz Roku 2020<br>&#8211; Prezentacja laureat\u00f3w konkursu Mistrz Promocji Czytelnictwa 2020 na BooTargu<br>&#8211; #1lib1ref<br>&#8211; IX Sympozjum &#8220;Ludzie ksi\u0105\u017cki Pomorza Zachodniego&#8221;<br>Z \u017bYCIA KOSZYKOWE<br>&#8211; \u015awiatozmieniaczki. Herstorie w literaturze dzieci\u0119cej, m\u0142odzie\u017cowej i popularnej<br>&#8211; Cykl spotka\u0144 &#8220;Spo\u0142ecze\u0144stwo w czasach zarazy&#8221;<br>POSTAKTUALIA<br>W KILKU S\u0141OWACH<\/p>\n<\/div>\n<\/div>\n\n\n\n<div class=\"wp-block-columns are-vertically-aligned-center is-layout-flex wp-container-core-columns-is-layout-28f84493 wp-block-columns-is-layout-flex\">\n<div class=\"wp-block-column is-vertically-aligned-center is-layout-flow wp-block-column-is-layout-flow\" style=\"flex-basis:25%\">\n<figure class=\"wp-block-image size-large\"><img decoding=\"async\" src=\"https:\/\/bpsiedlce.pl\/wp-content\/uploads\/sites\/5\/2021\/07\/biblioterapeuta-2-2020.jpg\" alt=\"\" class=\"wp-image-2822\" \/><\/figure>\n<\/div>\n\n\n\n<div class=\"wp-block-column is-vertically-aligned-center is-layout-flow wp-block-column-is-layout-flow\" style=\"flex-basis:75%\">\n<p><a rel=\"noreferrer noopener\" href=\"https:\/\/katalog.bpsiedlce.pl\/842000398301\/dokumenty-ciagle\/biblioterapeuta\" target=\"_blank\"><strong>Biblioterapeuta : biuletyn informacyjny Polskiego Towarzystwa Biblioterapeutycznego \/ [red. nacz. Krystyna Hrycyk]. &#8211; Wroc\u0142aw : PTB, 1999-<\/strong><\/a><\/p>\n\n\n\n<p><strong>W ostatnim numerze 2\/2020<\/strong><br>INSPIRACJE<br>&#8211; Depresja u dzieci &#8211; na czym polega i jak jej zapobiega\u0107<br>&#8211;&nbsp; ksi\u0105\u017cce obrazkowej s\u0142\u00f3w kilka tytu\u0142em wst\u0119pu<br>&#8211; Jak wykorzysta\u0107 zwi\u0105zek picturebooka z psychoanaliz\u0105. Pog\u0142\u0119biona rozmowa<br>&#8211; Hipertekstualny model biblioterapeutyczny oraz rola biblioterapeuty w tworzeniu ksi\u0119gozbioru przez biblioteki publiczne i specjalistyczne<br>&#8211; Ba\u015bnie i bajki we wczesnej edukacji mi\u0119dzykulturowej. Cz. 2<br>WARSZTATY BIBLIOTERAPEUTYCZNE<br>&#8211; Potrzeby i warto\u015bci wp\u0142ywaj\u0105 na zdrowie i wytyczaj\u0105 \u015bcie\u017cki \u017cyciowe. Warsztaty dla m\u0142odzie\u017cy i doros\u0142ych<br>PROGRAMY BIBLIOTERAEUTYCZNE<br>&#8211; Program zaj\u0119\u0107 z elementami biblioterapii po\u015bwi\u0119cony uzale\u017cnieniom<br>&#8211; Program zaj\u0119\u0107 biblioterapeutycznych &#8220;Zrozumie\u0107 \u015bwiat dziecka&#8221;. Cz. II<br>SCENARIUSZE ZAJ\u0118\u0106<br>&#8211; Scenariusz &#8220;Inny ni\u017c wszyscy (zesp\u00f3\u0142 Aspergera)<br>&#8211; Scenariusz zaj\u0119\u0107 z elementami biblioterapii dla dzieci oraz ich rodzic\u00f3w &#8220;powiedz mi, Wielkie Drzewo, co ci ludzie s\u0105 wini&#8221;<br>BIBLIOTERAPEUTA POLECA<br>&#8211; Z p\u00f3\u0142ki biblioterapeuty<br>MEANDRY BIBLIOTERAPII<br>&#8211; O szmince w kieszeni i poetyce, kt\u00f3ra wiedzia\u0142a, \u017ce tam j\u0105 nosz\u0119. Refleksje &#8220;Wariatki, kt\u00f3ra czyta&#8221;<br>&#8211; Bajkowe rozmowy<br>&#8211; Gestalt na p\u00f3\u0142ce<br>DZIE\u0143 BIBLIOTERAPEUTY<br>&#8211; Biblioterapia w procesie wspierania rozwoju, aktywizacji i integracji spo\u0142ecznej<br>KONFERENCJE<br>&#8211; IV Og\u00f3lnopolska Konferencja Biblioterapeutyczna &#8220;Biblioterapia w aktywizacji i integracji spo\u0142ecznej&#8221;<\/p>\n<\/div>\n<\/div>\n\n\n\n<div class=\"wp-block-columns are-vertically-aligned-center is-layout-flex wp-container-core-columns-is-layout-28f84493 wp-block-columns-is-layout-flex\">\n<div class=\"wp-block-column is-vertically-aligned-center is-layout-flow wp-block-column-is-layout-flow\" style=\"flex-basis:25%\">\n<figure class=\"wp-block-image size-large\"><img decoding=\"async\" src=\"https:\/\/bpsiedlce.pl\/wp-content\/uploads\/sites\/5\/2021\/07\/Guliwer-1-2021-1.jpg\" alt=\"\" class=\"wp-image-2831\" \/><\/figure>\n<\/div>\n\n\n\n<div class=\"wp-block-column is-vertically-aligned-center is-layout-flow wp-block-column-is-layout-flow\" style=\"flex-basis:75%\">\n<p><a rel=\"noreferrer noopener\" href=\"https:\/\/katalog.bpsiedlce.pl\/842000402899\/dokumenty-ciagle\/guliwer\" target=\"_blank\"><strong>Guliwer : czasopismo o ksi\u0105\u017cce dla dziecka : [dwumiesi\u0119cznik o ksi\u0105\u017cce dla dziecka] \/ red. nacz. Joanna Papuzi\u0144ska. &#8211; Warszawa : Fundacja &#8220;Ksi\u0105\u017cka dla Dziecka&#8221;, 1991-<\/strong><\/a><\/p>\n\n\n\n<p><strong>W ostatnim numerze 1\/2021<\/strong><br>&#8211;&nbsp;<em>Szlachetne zdrowie. Nikt si\u0119 nie dowie&#8230;<\/em><br>WPISANE W KULTUR\u0118<br>&#8211; Chory kotek i chora Urszulka. W kr\u0119gu problematyki chor\u00f3b i niepe\u0142nosprawno\u015bci w polskiej literaturze dla dzieci do 1939 roku<br>&#8211; Motyw choroby w literaturze dzieci\u0119cej i m\u0142odzie\u017cowej<br>&#8211; Bohaterowie Grimmowskich ba\u015bni i Covid-19, czyli&nbsp;<em>KoronaBajki<\/em>&nbsp;w dobie pandemii<br>&#8211; W poszukiwaniu przepisu na szcz\u0119\u015bcie, czyli o g\u0119sich potyczkach z depresj\u0105<br>&#8211; Ma\u0142e studium maladyczne. Wok\u00f3\u0142 ksi\u0105\u017cki&nbsp;<em>Wyspa mojej siostry<\/em>&nbsp;Katarzyny Ryrych<br>&#8211; O &#8220;chorobie zapominania&#8221; w ksi\u0105\u017ckach dla dzieci<br>RADO\u015a\u0106 CZYTANIA<br>&#8211; Gar\u015b\u0107 wspomnie\u0144 o czytaniu z moimi dzie\u0107mi<br>&#8211; Z chorob\u0105 mo\u017cna \u017cy\u0107<br>&#8211; Choroba w&nbsp;<em>Panu Kleksie<\/em>&nbsp;Jana Brzechwy<br>&#8211; Taki sam, a jednak Inny. O chorobie Alzheimera na przyk\u0142adzie ksi\u0105\u017cki&nbsp;<em>M\u00f3j Inny Dziadek<\/em><br>&nbsp;ROZMOWA<br>&#8211; Przyja\u017a\u0144 i zrozumienie lekeim na ca\u0142e z\u0142o?<br>BABEL<br>&#8211; Rozmowy Beaty Mytych-Forajter i Iwony Gralewicz-Wolny<br>Z LITERATURY FACHOWEJ<br>&#8211; Internet jak narkotyk<br>NA LADACH KSI\u0118GARSKICH<br>&#8211; Chore historie &#8211; przeczytaj na zdrowie! &#8211; Katarzyna Marcol<br>&#8211; Du\u017ca zmiana na lepsze &#8211; Edyta Antoniak-Kiedos<br>&#8211; Dlaczego rodzice tak Ci\u0119 wkurzaj\u0105? &#8211; Gabriela Mandrek<br>&#8211; 3 x Emil, czyli wszystkie posty w jednym miejscu &#8211; Monika Witczak<br>&#8211; O magii ja\u0107wieskich wierze\u0144 i legend &#8211; Ines Za\u0142\u0119ska-Olszewska<br>&#8211; Jedna z wielu &#8211; Natalia Miksiewicz<br>&#8211; Niebieska przygoda z pi\u0142k\u0105 &#8211; Adriana Rozwadowska<br>&#8211; \u017byciodajna si\u0142a opowie\u015bci &#8211; Paulina Kasi\u0144ska<br>&#8211; Odkryj swoj\u0105 warto\u015b\u0107 &#8211; Edyta Karczmarska<br>&#8211; Smoki mo\u017cna pokona\u0107 &#8211; Agnieszka Boksa<br>&#8211; S\u0142owia\u0144ska misja ratowania \u015bwiata &#8211; Adrianna Rozwadowska<br>&#8211; Zapomniani &#8211; Izabela Mikrut<br>&#8211; Naprawianie &#8211; Monika Rituk<br>&#8211; Przygoda w krainie emocji &#8211; Zofia Ni\u015bci\u00f3r<br>&#8211; Pisz\u0105ca gwiazda &#8211; Jadwiga Matuszczak<\/p>\n<\/div>\n<\/div>\n\n\n\n<div class=\"wp-block-columns are-vertically-aligned-center is-layout-flex wp-container-core-columns-is-layout-28f84493 wp-block-columns-is-layout-flex\">\n<div class=\"wp-block-column is-vertically-aligned-center is-layout-flow wp-block-column-is-layout-flow\" style=\"flex-basis:25%\">\n<figure class=\"wp-block-image size-large\"><img decoding=\"async\" src=\"https:\/\/bpsiedlce.pl\/wp-content\/uploads\/sites\/5\/2021\/07\/poradnik-bibliotekarza-6-2021.jpg\" alt=\"\" class=\"wp-image-2834\" \/><\/figure>\n<\/div>\n\n\n\n<div class=\"wp-block-column is-vertically-aligned-center is-layout-flow wp-block-column-is-layout-flow\" style=\"flex-basis:75%\">\n<p><a rel=\"noreferrer noopener\" href=\"https:\/\/katalog.bpsiedlce.pl\/842000408389\/dokumenty-ciagle\/poradnik-bibliotekarza\" target=\"_blank\"><strong>Poradnik Bibliotekarza \/ [red. nacz. Romana \u0141ukaszewska]. &#8211; Warszawa : Stowarzyszenie Bibliotekarzy Polskich, 1972-<\/strong><\/a><\/p>\n\n\n\n<p><strong>W ostatnim numerze 6\/2021<\/strong><br>PROBLEMY. DO\u015aWIADCZENIA. OPINIE<br>&#8211; Miejska Biblioteka Publiczna w Zabrzu i przejawy jej dzia\u0142alno\u015bci regionalnej<br>&#8211; Przygoda z dzielnicami Zabrza<br>KSI\u0104\u017bKA<br>-&gt; Wywiady poradnika<br>&#8211; W wielu rolach. Z Mari\u0105 Marja\u0144sk\u0105-Czernik o pracy redakcyjnej, literaturze i tw\u00f3rczo\u015bci rozmawia Hanna Diduzko<br>BIBLIOTEKA. \u015aRODOWISKO<br>&#8211; S\u0142\u00f3w kilka o zdalnej wsp\u00f3\u0142pracy biblioteki publicznej i szkolnej<br>&#8211; Ruszamy z nowym projektem! Przygotowali\u015bmy ksi\u0105\u017ck\u0119 interaktywn\u0105! (biblbem)<br>&#8211; Pomorski konkurs literacki dla nauczycieli w Pedagogicznej Bibliotece Wojew\u00f3dzkiej w S\u0142upsku<br>&#8211; Moda na ksi\u0105\u017ck\u0119<br>-&gt; Nowe obiekty biblioteczne<br>&#8211; Metamorfoza wiejskiej biblioteki w Mierzeszynie. Nietypowy proces tworzenia da\u0142 wyj\u0105tkowy efekt (opis z punktu widzenia projektanta)<br>&#8211; Historia Mierzeszyna na \u015bcianie biblioteki<br>-&gt; Felieton<br>&#8211; Challenge, TikToki i takie tam&#8230;<br>Z WARSZTATU METODYKA<br>&#8211; &#8220;Nie oceniaj ksi\u0105\u017cki po ok\u0142adce&#8221; &#8211; porozmawiajmy o tolerancji, czyli akceptacji, szacunku i wyrozumia\u0142o\u015bci<br>&#8211; Dzie\u0144 dziecka &#8211; 1 czerwca. Zestawienie bibliograficzne<\/p>\n<\/div>\n<\/div>\n","protected":false},"excerpt":{"rendered":"<p>Biblioteka w Szkole : czasopismo pracownik\u00f3w bibliotek o\u015bwiatowych \/ red. nacz. Juliusz Wasilewski. &#8211; Warszawa : Agencja &#8220;Sukurs&#8221;, 1991- W [&hellip;]<\/p>\n","protected":false},"author":10,"featured_media":0,"parent":0,"menu_order":0,"comment_status":"closed","ping_status":"closed","template":"","meta":{"_acf_changed":false,"_oasis_is_in_workflow":0,"_oasis_original":0,"inline_featured_image":false,"site-sidebar-layout":"default","site-content-layout":"default","ast-site-content-layout":"default","site-content-style":"default","site-sidebar-style":"default","ast-global-header-display":"","ast-banner-title-visibility":"","ast-main-header-display":"","ast-hfb-above-header-display":"","ast-hfb-below-header-display":"","ast-hfb-mobile-header-display":"","site-post-title":"","ast-breadcrumbs-content":"","ast-featured-img":"","footer-sml-layout":"","ast-disable-related-posts":"","theme-transparent-header-meta":"default","adv-header-id-meta":"","stick-header-meta":"","header-above-stick-meta":"","header-main-stick-meta":"","header-below-stick-meta":"","astra-migrate-meta-layouts":"set","ast-page-background-enabled":"default","ast-page-background-meta":{"desktop":{"background-color":"","background-image":"","background-repeat":"repeat","background-position":"center center","background-size":"auto","background-attachment":"scroll","background-type":"","background-media":"","overlay-type":"","overlay-color":"","overlay-opacity":"","overlay-gradient":""},"tablet":{"background-color":"","background-image":"","background-repeat":"repeat","background-position":"center center","background-size":"auto","background-attachment":"scroll","background-type":"","background-media":"","overlay-type":"","overlay-color":"","overlay-opacity":"","overlay-gradient":""},"mobile":{"background-color":"","background-image":"","background-repeat":"repeat","background-position":"center center","background-size":"auto","background-attachment":"scroll","background-type":"","background-media":"","overlay-type":"","overlay-color":"","overlay-opacity":"","overlay-gradient":""}},"ast-content-background-meta":{"desktop":{"background-color":"var(--ast-global-color-5)","background-image":"","background-repeat":"repeat","background-position":"center center","background-size":"auto","background-attachment":"scroll","background-type":"","background-media":"","overlay-type":"","overlay-color":"","overlay-opacity":"","overlay-gradient":""},"tablet":{"background-color":"var(--ast-global-color-5)","background-image":"","background-repeat":"repeat","background-position":"center center","background-size":"auto","background-attachment":"scroll","background-type":"","background-media":"","overlay-type":"","overlay-color":"","overlay-opacity":"","overlay-gradient":""},"mobile":{"background-color":"var(--ast-global-color-5)","background-image":"","background-repeat":"repeat","background-position":"center center","background-size":"auto","background-attachment":"scroll","background-type":"","background-media":"","overlay-type":"","overlay-color":"","overlay-opacity":"","overlay-gradient":""}},"_themeisle_gutenberg_block_has_review":false,"footnotes":""},"class_list":["post-324553","page","type-page","status-publish","hentry"],"acf":[],"featured_image_urls_v2":{"full":"","thumbnail":"","medium":"","medium_large":"","large":"","1536x1536":"","2048x2048":"","menu-24x24":"","menu-36x36":"","menu-48x48":"","mailpoet_newsletter_max":""},"post_excerpt_stackable_v2":"<p>Biblioteka w Szkole : czasopismo pracownik\u00f3w bibliotek o\u015bwiatowych \/ red. nacz. Juliusz Wasilewski. &#8211; Warszawa : Agencja &#8220;Sukurs&#8221;, 1991- W ostatnim numerze 6\/2021CZYTELNIK W BIBLIOTECE&#8211; Paszport czytelniczy&nbsp;&#8211; Mindfulness &#8211; nowa moda czy realne wsparcie? Nauczyciel i praktyka uwa\u017cno\u015bci&#8211; Sprawdzone sposoby na pozyskanie ksi\u0105\u017cek do biblioteki szkolnej&#8211; Antydepres-ARTY. Sztuka vs. depresja &#8211; projekt w bibliotece szkolnej&#8211; Jak August\u00f3w remontowa\u0142 biblioteki szkolne? Historia ku pokrzepieniu serc&#8211; Mapa bibliotecznych inicjatywWSZYSTKO O PODR\u0118CZNIKACH&#8211; Zamawianie podr\u0119cznik\u00f3w&#8211; Ewidencja podr\u0119cznik\u00f3w&#8211; Udost\u0119pnianie i rozliczenia podr\u0119cznik\u00f3w&#8211; Selekcja i ubytkowanie podr\u0119cznik\u00f3wPRZEGL\u0104D KSI\u0104\u017bEK&#8211; Jak budowa\u0107 relacje? 9 rekomendacji dla dzieci i m\u0142odzie\u017cyDODATKI&#8211; Plakat&#8211; Paszport czytelniczy Biotekarz : czasopismo po\u015bwi\u0119cone sprawom bibliotek&hellip;<\/p>\n","category_list_v2":"","author_info_v2":{"name":"bWdyemVnb3Jjenlr","url":"https:\/\/bpsiedlce.pl\/en\/author\/bwdyemvnb3jjenlr\/"},"comments_num_v2":"0 comments","_links":{"self":[{"href":"https:\/\/bpsiedlce.pl\/en\/wp-json\/wp\/v2\/pages\/324553","targetHints":{"allow":["GET"]}}],"collection":[{"href":"https:\/\/bpsiedlce.pl\/en\/wp-json\/wp\/v2\/pages"}],"about":[{"href":"https:\/\/bpsiedlce.pl\/en\/wp-json\/wp\/v2\/types\/page"}],"author":[{"embeddable":true,"href":"https:\/\/bpsiedlce.pl\/en\/wp-json\/wp\/v2\/users\/10"}],"replies":[{"embeddable":true,"href":"https:\/\/bpsiedlce.pl\/en\/wp-json\/wp\/v2\/comments?post=324553"}],"version-history":[{"count":1,"href":"https:\/\/bpsiedlce.pl\/en\/wp-json\/wp\/v2\/pages\/324553\/revisions"}],"predecessor-version":[{"id":324562,"href":"https:\/\/bpsiedlce.pl\/en\/wp-json\/wp\/v2\/pages\/324553\/revisions\/324562"}],"wp:attachment":[{"href":"https:\/\/bpsiedlce.pl\/en\/wp-json\/wp\/v2\/media?parent=324553"}],"curies":[{"name":"wp","href":"https:\/\/api.w.org\/{rel}","templated":true}]}}